{"id":7066,"date":"2017-01-30T19:16:32","date_gmt":"2017-01-30T18:16:32","guid":{"rendered":"https:\/\/dekasvitamins.com\/product\/dekas-plus-croque-comprimes-cystique-fibrose-vitamines\/"},"modified":"2025-03-27T20:15:08","modified_gmt":"2025-03-27T19:15:08","slug":"dekas-plus-croquer-comprimes-mucoviscidose-vitamines","status":"publish","type":"product","link":"https:\/\/dekasvitamins.com\/fr\/produit\/dekas-plus-croquer-comprimes-mucoviscidose-vitamines\/","title":{"rendered":"DEKAs Plus \u00e0 croquer (Muco)"},"content":{"rendered":"<ul>\n<li>Denr\u00e9e alimentaire destin\u00e9e \u00e0 des fins m\u00e9dicales sp\u00e9ciales pour les patients atteints de fibrose kystique \u00e0 partir de l&rsquo;\u00e2ge de 4 ans.<\/li>\n<li>DEKAs Plus comprim\u00e9s \u00e0 croquer ne contiennent pas de colorants artificiels. Ils sont sans gluten, sans cas\u00e9ine, et OGM.<\/li>\n<li>DEKAs Plus comprim\u00e9s \u00e0 croquer sont riches en antioxydants.<\/li>\n<li>La formulation du prototype DEKAs Plus comprim\u00e9s \u00e0 croquer a fait l\u2019objet d\u2019une <a href=\"https:\/\/dekasvitamins.com\/wp-content\/uploads\/2018\/01\/Hyperlink-5-CF-Papas-1.pdf\">\u00e9tude clinique<\/a>.<\/li>\n<li>DEKAs est conforme aux derni\u00e8res directives de <a href=\"https:\/\/dekasvitamins.com\/wp-content\/uploads\/2018\/01\/Hyperlink-1-CF-ECFS-Guidelines.pdf\">l\u2019ECFS<\/a> et sur la <a href=\"https:\/\/dekasvitamins.com\/wp-content\/uploads\/2018\/01\/Hyperlink-4-Bone-Min-Guidleines.pdf\">min\u00e9ralisation osseuse<\/a>.<\/li>\n<\/ul>\n<p>\nPour plus de d\u00e9tails, t\u00e9l\u00e9chargez la brochure du produit et\/ ou la notice produit ci-dessous. Voir <a href=\"https:\/\/dekasvitamins.com\/fr\/vitamines\/dekas-mucoviscidose\/\">Fibrose Kystique<\/a>.<\/p>\n<p>Dur\u00e9e de conservation \u00e0 la livraison: d&rsquo;au moins 12 mois<\/p>\n<p>&nbsp;<\/p>\n<p><a href=\"https:\/\/dekasvitamins.com\/wp-content\/uploads\/2025\/03\/DEKAs_brochure_CF_V6_Nov2023_turnpage_light.pdf\" target=\"_blank\" rel=\"noopener noreferrer\">DEKAS Plus \u00e0 croquer Brochure et Notice<\/a><\/p>\n","protected":false},"excerpt":{"rendered":"<div class=\"entry-summary\">\n<div class=\"entry-summary\">\n<p>60 comprim\u00e9s \u00e0 croquer aromatis\u00e9s \u00e0 la p\u00eache et \u00e0 l&rsquo;orange par bouteille. Pour la mucoviscidose (fibrose kystique). Contient toutes les vitamines A, B, C, D, E, K, zinc, s\u00e9l\u00e9nium et coenzyme Q10. Test\u00e9e cliniquement. Avec une technologie d&rsquo;administration qui am\u00e9liore l&rsquo;absorption des vitamines.<\/p>\n<p><em>Commandez au moins trois packs de vitamines Muco \u00e0 la fois. Toutes combinaisons autoris\u00e9es.<\/em><\/p>\n<p><strong>Prix hors frais d&rsquo;exp\u00e9dition, TVA locale et droits.<\/strong><\/p>\n<\/div>\n<\/div>\n","protected":false},"featured_media":16776,"comment_status":"closed","ping_status":"closed","template":"","meta":[],"product_brand":[],"product_cat":[813],"product_tag":[],"class_list":{"0":"post-7066","1":"product","2":"type-product","3":"status-publish","4":"has-post-thumbnail","6":"product_cat-fibrose-kystique","7":"product_shipping_class-cf-fr","9":"first","10":"instock","11":"featured","12":"taxable","13":"shipping-taxable","14":"purchasable","15":"product-type-simple","16":"entry"},"group_of_quantity":0,"min_quantity":0,"max_quantity":"","exclude_order_quantity_value_rules":"no","exclude_category_quantity_rules":"no","combine_variations":"no","_links":{"self":[{"href":"https:\/\/dekasvitamins.com\/fr\/wp-json\/wp\/v2\/product\/7066","targetHints":{"allow":["GET"]}}],"collection":[{"href":"https:\/\/dekasvitamins.com\/fr\/wp-json\/wp\/v2\/product"}],"about":[{"href":"https:\/\/dekasvitamins.com\/fr\/wp-json\/wp\/v2\/types\/product"}],"replies":[{"embeddable":true,"href":"https:\/\/dekasvitamins.com\/fr\/wp-json\/wp\/v2\/comments?post=7066"}],"wp:featuredmedia":[{"embeddable":true,"href":"https:\/\/dekasvitamins.com\/fr\/wp-json\/wp\/v2\/media\/16776"}],"wp:attachment":[{"href":"https:\/\/dekasvitamins.com\/fr\/wp-json\/wp\/v2\/media?parent=7066"}],"wp:term":[{"taxonomy":"product_brand","embeddable":true,"href":"https:\/\/dekasvitamins.com\/fr\/wp-json\/wp\/v2\/product_brand?post=7066"},{"taxonomy":"product_cat","embeddable":true,"href":"https:\/\/dekasvitamins.com\/fr\/wp-json\/wp\/v2\/product_cat?post=7066"},{"taxonomy":"product_tag","embeddable":true,"href":"https:\/\/dekasvitamins.com\/fr\/wp-json\/wp\/v2\/product_tag?post=7066"}],"curies":[{"name":"wp","href":"https:\/\/api.w.org\/{rel}","templated":true}]}}