{"id":7064,"date":"2018-01-02T14:37:44","date_gmt":"2018-01-02T13:37:44","guid":{"rendered":"https:\/\/dekasvitamins.com\/product\/dekas-aqua-e-liquide-maladie-cholestatique-foie\/"},"modified":"2026-04-16T13:18:51","modified_gmt":"2026-04-16T11:18:51","slug":"dekas-aqua-e-liquide-maladie-cholestatique-foie","status":"publish","type":"product","link":"https:\/\/dekasvitamins.com\/fr\/produit\/dekas-aqua-e-liquide-maladie-cholestatique-foie\/","title":{"rendered":"DEKAs Aqua-E liquide (Cholestase)"},"content":{"rendered":"<ul>\n<li>Denr\u00e9e alimentaire destin\u00e9e \u00e0 des fins m\u00e9dicales sp\u00e9ciales pour les maladies cholestatiques du foie. Pour les patients de tous \u00e2ges.<\/li>\n<li>DEKAs Aqua-E Liquide est formul\u00e9 pour des dosages \u00e9chelonn\u00e9s en fonction des besoins des patients.<\/li>\n<li>Des <a href=\"https:\/\/dekasvitamins.com\/wp-content\/uploads\/2018\/01\/Hyperlink-3-ESPEN-CLD-Guidelines.pdf\">essais cliniques<\/a> ont montr\u00e9 que DEKAs Aqua-E augmente l&rsquo;absorption de la vitamine E chez les patients souffrant de malabsorption, comme les patients atteints d&rsquo;une maladie cholestatique du foie.<\/li>\n<li>Liquide blanc non gras au go\u00fbt neutre qui se m\u00e9lange facilement avec la plupart des boissons, le lait et l&rsquo;eau.<\/li>\n<li>Ne contient pas d&rsquo;\u00e9dulcorants. Aucune saveur ou couleur n&rsquo;a \u00e9t\u00e9 ajout\u00e9e. Sans gluten et convient aux v\u00e9g\u00e9tariens.<\/li>\n<\/ul>\n<p>Pour plus de d\u00e9tails, t\u00e9l\u00e9chargez la pr\u00e9sentation du produit DEKAs en maladie cholestatique du foie et\/ou la notice produit ci-dessous. Voir <a href=\"https:\/\/dekasvitamins.com\/fr\/vitamines\/dekas-maladie-cholestatique-foie\/\">DEKAs cholestatique<\/a>.<\/p>\n<p>Dur\u00e9e de conservation \u00e0 la livraison: d&rsquo;au moins 12 mois<\/p>\n<p>\n<a href=\"https:\/\/dekasvitamins.com\/wp-content\/uploads\/2025\/03\/DEKAs_brochure_CLD_v5_Nov2023_turnpage_light-gecomprimeerd.pdf\" target=\"_blank\" rel=\"noopener noreferrer\">DEKAs Aqua-E liquide Brochure et Notice<\/a><\/p>\n","protected":false},"excerpt":{"rendered":"<div class=\"entry-summary\">\n<div class=\"entry-summary\">\n<p>60 ml de liquide non gras au go\u00fbt neutre par bouteille. Pour les maladies cholestatiques du foie. 75 UI (50 mg) de vitamine E hydrosoluble hautement absorbable (TPGS, tocofersolan) par ml.<\/p>\n<p><em>Commandez au moins trois packs de vitamines Cholestase \u00e0 la fois. Toutes combinaisons autoris\u00e9es.<\/em><\/p>\n<p><strong>Prix hors frais d&rsquo;exp\u00e9dition, TVA locale et droits.<\/strong><\/p>\n<p><b>Pour commandes en France veuillez contacter:<\/b><br \/>\n<a href=\"mailto:commandes-DEKAs@portail-pharma.com\">commandes-DEKAs@portail-pharma.com<\/a><br \/>\nTel: 0806 110 434 \/ Fax: 09 72 40 89 11<\/p>\n<\/div>\n<\/div>\n","protected":false},"featured_media":18025,"comment_status":"closed","ping_status":"closed","template":"","meta":[],"product_brand":[],"product_cat":[891],"product_tag":[],"class_list":{"0":"post-7064","1":"product","2":"type-product","3":"status-publish","4":"has-post-thumbnail","6":"product_cat-maladie-cholestatique-du-foie-fr","7":"product_shipping_class-cholestatic-fr-8","9":"first","10":"instock","11":"taxable","12":"shipping-taxable","13":"purchasable","14":"product-type-simple","15":"entry"},"group_of_quantity":0,"min_quantity":3,"max_quantity":"","exclude_order_quantity_value_rules":"no","exclude_category_quantity_rules":"no","combine_variations":"no","_links":{"self":[{"href":"https:\/\/dekasvitamins.com\/fr\/wp-json\/wp\/v2\/product\/7064","targetHints":{"allow":["GET"]}}],"collection":[{"href":"https:\/\/dekasvitamins.com\/fr\/wp-json\/wp\/v2\/product"}],"about":[{"href":"https:\/\/dekasvitamins.com\/fr\/wp-json\/wp\/v2\/types\/product"}],"replies":[{"embeddable":true,"href":"https:\/\/dekasvitamins.com\/fr\/wp-json\/wp\/v2\/comments?post=7064"}],"wp:featuredmedia":[{"embeddable":true,"href":"https:\/\/dekasvitamins.com\/fr\/wp-json\/wp\/v2\/media\/18025"}],"wp:attachment":[{"href":"https:\/\/dekasvitamins.com\/fr\/wp-json\/wp\/v2\/media?parent=7064"}],"wp:term":[{"taxonomy":"product_brand","embeddable":true,"href":"https:\/\/dekasvitamins.com\/fr\/wp-json\/wp\/v2\/product_brand?post=7064"},{"taxonomy":"product_cat","embeddable":true,"href":"https:\/\/dekasvitamins.com\/fr\/wp-json\/wp\/v2\/product_cat?post=7064"},{"taxonomy":"product_tag","embeddable":true,"href":"https:\/\/dekasvitamins.com\/fr\/wp-json\/wp\/v2\/product_tag?post=7064"}],"curies":[{"name":"wp","href":"https:\/\/api.w.org\/{rel}","templated":true}]}}