{"id":7063,"date":"2018-01-10T14:03:56","date_gmt":"2018-01-10T13:03:56","guid":{"rendered":"https:\/\/dekasvitamins.com\/product\/dekas-essential-liquide-cholestase\/"},"modified":"2025-03-27T20:15:47","modified_gmt":"2025-03-27T19:15:47","slug":"dekas-essential-liquide-cholestase","status":"publish","type":"product","link":"https:\/\/dekasvitamins.com\/fr\/produit\/dekas-essential-liquide-cholestase\/","title":{"rendered":"DEKAs Essential liquide (Cholestase)"},"content":{"rendered":"<ul>\n<li>Denr\u00e9e alimentaire destin\u00e9e \u00e0 des fins m\u00e9dicales sp\u00e9ciales pour les maladies cholestatiques du foie.<\/li>\n<li><strong>Conseils d\u2019utilisation : 0,5 &#8211; 1 ml par jour ou selon recommandation m\u00e9dicale.<\/strong><\/li>\n<li>Formul\u00e9 pour un dosage \u00e9chelonn\u00e9 afin d&rsquo;obtenir un apport plus \u00e9lev\u00e9 en vitamines D, E, K et A en fonction des besoins du patient.<\/li>\n<li>DEKAs Essential Liquide utilise une technologie d&rsquo;administration <a href=\"https:\/\/dekasvitamins.com\/wp-content\/uploads\/2018\/01\/Hyperlink-3-ESPEN-CLD-Guidelines.pdf\">test\u00e9e cliniquement<\/a> pour am\u00e9liorer l&rsquo;absorption des vitamines liposolubles.<\/li>\n<li>Le liquide aromatis\u00e9 aux baies est agr\u00e9able \u00e0 prendre.<\/li>\n<li>Le produit se m\u00e9lange facilement avec la plupart des boissons, du lait et de l&rsquo;eau.<\/li>\n<li>DEKAs Essential Liquide est sans gluten, sans cas\u00e9ine, sans OGM et ne contient aucun colorant artificiel. Convient aux v\u00e9g\u00e9tariens.<\/li>\n<\/ul>\n<p>Pour plus de d\u00e9tails, t\u00e9l\u00e9chargez la pr\u00e9sentation du produit DEKAs en maladie cholestatique du foie et\/ou la notice produit ci-dessous. Voir <a style=\"background-color: #ffffff;\" href=\"https:\/\/dekasvitamins.com\/fr\/vitamines\/dekas-maladie-cholestatique-foie\/\">DEKAs Cholestatique<\/a><\/p>\n<p>Dur\u00e9e de conservation \u00e0 la livraison: d&rsquo;au moins 12 mois<\/p>\n<p><a href=\"https:\/\/dekasvitamins.com\/wp-content\/uploads\/2025\/03\/DEKAs_brochure_CLD_v5_Nov2023_turnpage_light-gecomprimeerd.pdf\" target=\"_blank\" rel=\"noopener noreferrer\">DEKAs Essential liquide Brochure et Notice<\/a><\/p>\n","protected":false},"excerpt":{"rendered":"<div class=\"entry-summary\">\n<div class=\"entry-summary\">\n<p>60 ml de liquide aromatis\u00e9 aux baies par bouteille. Vitamines sp\u00e9ciales pour cholestase en cas de\u00a0maladie cholestatique du foie. Combinaison tout-en-un tr\u00e8s concentr\u00e9e de vitamines D, E (comme tocofersolan), K et A. Tr\u00e8s absorbable.<\/p>\n<p>La <u>quantit\u00e9 maximale par commande<\/u> pour ce produit est de 3 packs car \u00e0 l&rsquo;achat, vous devez g\u00e9n\u00e9ralement l&rsquo;utiliser dans les 6 mois.<\/p>\n<p><em>Commandez au moins trois packs de vitamines Cholestase \u00e0 la fois. Toutes combinaisons autoris\u00e9es.<\/em><\/p>\n<p><b>Prix hors frais d&rsquo;exp\u00e9dition, TVA locale et droits.<\/b><\/p>\n<p>\n<b>Pour commandes en France veuillez contacter:<\/b><br \/>\n<a href=\"mailto:commandes-DEKAs@portail-pharma.com\">commandes-DEKAs@portail-pharma.com<\/a> Tel: 0 806 110 434 \/ Fax: 09 72 40 89 11<\/p>\n<\/div>\n<\/div>\n","protected":false},"featured_media":16704,"comment_status":"closed","ping_status":"closed","template":"","meta":[],"product_brand":[],"product_cat":[891],"product_tag":[],"class_list":{"0":"post-7063","1":"product","2":"type-product","3":"status-publish","4":"has-post-thumbnail","6":"product_cat-maladie-cholestatique-du-foie-fr","7":"product_shipping_class-cholestatic-fr-8","9":"first","10":"instock","11":"taxable","12":"shipping-taxable","13":"purchasable","14":"product-type-simple","15":"entry"},"group_of_quantity":0,"min_quantity":0,"max_quantity":"","exclude_order_quantity_value_rules":"no","exclude_category_quantity_rules":"no","combine_variations":"no","_links":{"self":[{"href":"https:\/\/dekasvitamins.com\/fr\/wp-json\/wp\/v2\/product\/7063","targetHints":{"allow":["GET"]}}],"collection":[{"href":"https:\/\/dekasvitamins.com\/fr\/wp-json\/wp\/v2\/product"}],"about":[{"href":"https:\/\/dekasvitamins.com\/fr\/wp-json\/wp\/v2\/types\/product"}],"replies":[{"embeddable":true,"href":"https:\/\/dekasvitamins.com\/fr\/wp-json\/wp\/v2\/comments?post=7063"}],"wp:featuredmedia":[{"embeddable":true,"href":"https:\/\/dekasvitamins.com\/fr\/wp-json\/wp\/v2\/media\/16704"}],"wp:attachment":[{"href":"https:\/\/dekasvitamins.com\/fr\/wp-json\/wp\/v2\/media?parent=7063"}],"wp:term":[{"taxonomy":"product_brand","embeddable":true,"href":"https:\/\/dekasvitamins.com\/fr\/wp-json\/wp\/v2\/product_brand?post=7063"},{"taxonomy":"product_cat","embeddable":true,"href":"https:\/\/dekasvitamins.com\/fr\/wp-json\/wp\/v2\/product_cat?post=7063"},{"taxonomy":"product_tag","embeddable":true,"href":"https:\/\/dekasvitamins.com\/fr\/wp-json\/wp\/v2\/product_tag?post=7063"}],"curies":[{"name":"wp","href":"https:\/\/api.w.org\/{rel}","templated":true}]}}