{"id":7103,"date":"2018-03-23T16:35:58","date_gmt":"2018-03-23T15:35:58","guid":{"rendered":"https:\/\/dekasvitamins.com\/questions-frequemment-posees\/termes-et-conditions\/"},"modified":"2026-04-16T15:29:25","modified_gmt":"2026-04-16T13:29:25","slug":"termes-et-conditions","status":"publish","type":"page","link":"https:\/\/dekasvitamins.com\/fr\/questions-frequemment\/termes-et-conditions\/","title":{"rendered":"Termes et conditions"},"content":{"rendered":"<h2>COMPANIES<\/h2>\n<table style=\"width: 700px;\">\n<tbody>\n<tr>\n<td style=\"width: 350px;\">DEKAsvitamins.com<br \/>\nAlveolus Biomedical BV<br \/>\nEntrepotdok 177<br \/>\n1018 AD AMSTERDAM<br \/>\nPays Bas<\/td>\n<td style=\"width: 350px;\"><\/td>\n<\/tr>\n<\/tbody>\n<\/table>\n<h2>CONDITIONS G\u00c9N\u00c9RALES DE VENTE DEKASVITAMINS.COM<\/h2>\n<p>1. TERMES AND CONDITIONS<br \/>\nCe sont les Conditions G\u00e9n\u00e9rales de Vente (\u201cCGV\u201d) d\u2019Alveolus Biomedical BV (\u201cAlveolus Biomedical\u201d), \u00e9galement connu sous son nom commercial DEKAsvitamins.com, une soci\u00e9t\u00e9 \u00e0 responsabilit\u00e9 limit\u00e9e \u00e9tablie en vertu des lois des Pays-Bas. Alveolus Biomedical BV se trouve \u00e0 Entrepotdok 1071, 1018 AD Amsterdam, Pays-Bas. E-mail: <a href=\"mailto:info@alveolus.nl\">info@alveolus.nl<\/a>. T\u00e9l\u00e9phone: +31 621 255 794. Enregistr\u00e9e aupr\u00e8s de la Chambre de Commerce sous le num\u00e9ro 62529560. Num\u00e9ro de TVA (BTW) : NL 854854083B01. Les pr\u00e9sentes CGV s\u2019appliquent \u00e0 tous les contrats d\u2019achat et de vente conclus par Alveolus Biomedical et ses clients par l\u2019interm\u00e9diaire du site Web r\u00e9gulier d\u2019Alveolus Biomedical <a href=\"https:\/\/www.dekasvitamins.com\">www.dekasvitamins.com<\/a> (\u201d le site Web \u201c). En cochant la case \u2018J\u2019ai lu et j\u2019accepte les termes et conditions\u2019, vous acceptez leur contenu et leur applicabilit\u00e9 \u00e0 l\u2019accord que vous concluez avec Alveolus Biomedical. Aucun achat ou compte ne peut \u00eatre effectu\u00e9 sans approuver ces termes et conditions.<\/p>\n<p>2. ACHATS<\/p>\n<p style=\"padding-left: 30px;\"><strong>2.1 Le processus d\u2019achat<\/strong><br \/>\nVous pouvez passer une commande sur le site Web en cliquant sur tous les articles d\u00e9sir\u00e9s sur le site Web, pour qu\u2019ils rejoignent votre panier d\u2019achat. Vous pouvez ensuite v\u00e9rifier votre panier d\u2019achat et y apporter les modifications n\u00e9cessaires. Un seul code de r\u00e9duction ou bon d\u2019achat par commande est autoris\u00e9. Une fois que vous \u00eates satisfait du contenu du panier d\u2019achat, vous pouvez cliquer sur le bouton \u201d Passer \u00e0 la caisse \u201c, qui g\u00e9n\u00e9rera un formulaire de caisse \u00e9lectronique \u00e9num\u00e9rant les articles \u00e0 acheter. Une fois ce formulaire de paiement rempli, vous pouvez cliquer sur le bouton \u2018Passer commande\u2019, apr\u00e8s quoi vous serez transf\u00e9r\u00e9 dans un environnement s\u00e9curis\u00e9 pour payer votre commande. Vous commande sera donc termin\u00e9e.<\/p>\n<p style=\"padding-left: 30px;\"><strong>2.2 Le contrat de vente et d\u2019achatt<\/strong><br \/>\nLors du paiement de votre commande, le site Web vous enverra un courriel confirmant votre achat. Le contrat de vente et d\u2019achat est consid\u00e9r\u00e9 termin\u00e9 \u00e0 partir du moment o\u00f9 ledit e-mail a \u00e9t\u00e9 envoy\u00e9. Alveolus Biomedical \u00e9tant bas\u00e9 aux Pays-Bas, ce contrat de vente et d\u2019achat est consid\u00e9r\u00e9 comme ayant \u00e9t\u00e9 conclu aux Pays-Bas.<\/p>\n<p style=\"padding-left: 30px;\"><strong>2.3 Refuser une transaction<\/strong><br \/>\nLe site Web se r\u00e9serve le droit de refuser de traiter une transaction pour quelque raison que ce soit et\/ou de refuser le service \u00e0 quiconque, \u00e0 tout moment, et \u00e0 sa seule discr\u00e9tion.<\/p>\n<p style=\"padding-left: 30px;\"><strong>2.4 <\/strong><strong>Livraison<\/strong><br \/>\nLe site Web dresse la liste de tous les pays dans lesquels il livre. Pour toute question concernant les livraisons dans des pays ne figurant pas sur le siteWeb, veuillez nous contacter via le formulaire de contact.<\/p>\n<p>3. PRIX ET INFORMATIONS SUR LE SITE WEB<\/p>\n<p style=\"padding-left: 30px;\"><strong>3.1 Prix list\u00e9s<\/strong><br \/>\nLes prix indiqu\u00e9s sur le site Web excluent la TVA et n\u2019incluent pas les frais d\u2019exp\u00e9dition. Le prix total indiqu\u00e9 sur la liste de commande et sur le bon de commande \u00e9lectronique comprend la TVA (si applicable) et les frais d\u2019exp\u00e9dition. Les prix sont sujets \u00e0 changement \u00e0 tout moment. Les produits sont vendus sur la base d\u2019une livraison sur place (Incoterms 2010). Il se peut que vous ayez \u00e0 payer des droits d\u2019importation, le TVA ou des droits de douane officiels d\u2019entr\u00e9e avant et\/ou lors de la livraison en dehors de l\u2019Union europ\u00e9enne. Des taxes, frais ou pr\u00e9l\u00e8vements suppl\u00e9mentaires peuvent \u00e9galement \u00eatre appliqu\u00e9s conform\u00e9ment \u00e0 la l\u00e9gislation locale et vous \u00eates tenu de v\u00e9rifier ces d\u00e9tails avant de passer une commande pour une livraison en dehors de l\u2019Union europ\u00e9enne. Les frais d\u2019exp\u00e9dition d\u00e9pendent du pays de r\u00e9sidence. Les frais d\u2019exp\u00e9dition sont disponibles \u00e0 la caisse dans la boutique en ligne.<\/p>\n<p style=\"padding-left: 30px;\"><strong>3.2 Changements de prix apr\u00e8s la conclusion du contrat de vente et d\u2019achat<\/strong><br \/>\nLes changements de prix n\u2019affectent pas la somme payable dans un contrat de vente et d\u2019achat tel que confirm\u00e9 par Alveolus Biomedical par e-mail.<\/p>\n<p style=\"padding-left: 30px;\"><strong>3.3 Informations concernant les prix, les sp\u00e9cifications, etc.<\/strong><br \/>\nBien que toutes les informations concernant les prix, les sp\u00e9cifications, etc. sont fournies sur le site web avec le plus grand soin, Alveolus Biomedical ne garantit pas leur exactitude.<\/p>\n<p style=\"padding-left: 30px;\"><strong>3.4 No obligation to deliver in case of incorrect information<\/strong><br \/>\nAlveolus Biomedical n\u2019est pas tenu de livrer les commandes qui ont \u00e9t\u00e9 pass\u00e9es sur la base d\u2019informations incorrectes sur le site web.<\/p>\n<p style=\"padding-left: 30px;\"><strong>3.5 Informations sur les sites Web externes <\/strong><br \/>\nCertains liens sur le site Web peuvent donner acc\u00e8s \u00e0 des sites et \u00e0 des sources d\u2019information qui sont exploit\u00e9s et maintenus par des tiers. Alveolus Biomedical ne contr\u00f4le pas ces sites et n\u2019accepte aucune responsabilit\u00e9 quant \u00e0 leur contenu.<\/p>\n<p>4. PAIEMENT<br \/>\nLe paiement peut \u00eatre effectu\u00e9 au moyen de cartes de cr\u00e9dit ou d\u2019autres m\u00e9thodes de paiement indiqu\u00e9es sur le bon de commande \u00e9lectronique. En utilisant une carte de cr\u00e9dit, vous confirmez que la carte de cr\u00e9dit utilis\u00e9e est bien la v\u00f4tre. Le montant \u00e0 payer sera d\u00e9bit\u00e9 de votre compte lorsque votre commande sera accept\u00e9e par Alveolus Biomedical. Tous les titulaires de carte de cr\u00e9dit sont soumis \u00e0 des contr\u00f4les de validation et \u00e0 l\u2019autorisation de l\u2019\u00e9metteur de la carte. Si l\u2019\u00e9metteur de votre carte de paiement refuse d\u2019autoriser le paiement \u00e0 Alveolus Biomedical, nous reporterons la livraison et nous prendrons contact avec vous. Dans ce cas, Alveolus Biomedical ne pourra \u00eatre tenu responsable de tout retard ou non-livraison. Les d\u00e9tails de la carte de cr\u00e9dit seront trait\u00e9s au moyen d\u2019une connexion SSL (Secure Socket Layer). Alveolus Biomedical n\u2019est pas responsable de l\u2019utilisation abusive de ces donn\u00e9es par des tiers.<\/p>\n<p>5. LIVRAISON<\/p>\n<p style=\"padding-left: 30px;\"><strong>5.1 D\u00e9lai de livraison<\/strong><br \/>\nAlveolus Biomedical fera tout son possible pour livrer tous les achats au sein de l\u2019Union europ\u00e9enne dans un d\u00e9lai de 1 \u00e0 4 jours ouvrables, selon le pays<br \/>\nvers lequel les marchandises doivent \u00eatre exp\u00e9di\u00e9es. En dehors de l\u2019Union europ\u00e9enne, la livraison peut prendre jusqu\u2019\u00e0 6 jours ouvrables, en fonction du d\u00e9douanement. Alveolus Biomedical d\u00e9pend toutefois des fournisseurs \u00e0 cet \u00e9gard. En cons\u00e9quence, tous les d\u00e9lais de livraison sont donn\u00e9s \u00e0 titre indicatif. Alveolus Biomedical n\u2019est en aucun cas responsable si la livraison prend plus de temps. Le d\u00e9passement du d\u00e9lai de livraison et\/ou du d\u00e9lai de Livraison de votre commande trente jours apr\u00e8s la passation de la commande, ne mettra pas automatiquement Alveolus Biomedical en d\u00e9faut.<\/p>\n<p style=\"padding-left: 30px;\"><strong>5.2 Livraison de votre commande<\/strong><br \/>\nAlveolus Biomedical exp\u00e9die les colis avec UPS. Ceci garantit deux tentatives de livraison, Track &amp; Trace en ligne et, pour les magasins, entreprises ou institutions, une signature \u00e0 la livraison. Si vous manquez la premi\u00e8re tentative de livraison, vous trouverez une carte avec d\u2019autres instructions dans votre bo\u00eete aux lettres. Le messager fera une deuxi\u00e8me tentative de livraison le jour ouvrable suivant, \u00e0 moins de vous rendre sur le site de UPS pour choisir une autre option de livraison avec le code fourni sur la carte et votre code postal. Si la deuxi\u00e8me tentative de livraison \u00e9choue \u00e9galement, vous recevrez une nouvelle carte dans votre bo\u00eete aux lettres avec la demande de retirer votre envoi \u00e0 un point de collecte UPS. Vous avez 7-14 jours pour aller chercher votre colis. Dans le cas o\u00f9 le colis n\u2019a pas \u00e9t\u00e9 collect\u00e9, il sera renvoy\u00e9 \u00e0 Alveolus Biomedical. Si vous refusez l\u2019envoi en refusant de signer lors de la livraison, DHL retournera l\u2019envoi \u00e0 Alveolus Biomedical.<\/p>\n<p style=\"padding-left: 30px;\"><strong>5.3 Assurance de votre envoi<br \/>\n<\/strong>Tous les envois sont sous effectu\u00e9s sous la responsabilit\u00e9 d\u2019Alveolus Biomedical jusqu\u2019\u00e0 ce qu\u2019ils vous soient livr\u00e9s \u00e0 votre adresse ou \u00e0 un point de collecte UPS. Toute r\u00e9clamation concernant l\u2019\u00e9tat de la marchandise doit \u00eatre adress\u00e9e \u00e0 Alveolus Biomedical au plus tard deux jours ouvrables apr\u00e8s r\u00e9ception de la marchandise, par t\u00e9l\u00e9phone ou par e-mail \u00e0 l\u2019adresse\/num\u00e9ro figurant au paragraphe 1. Si votre envoi n\u2019est pas livr\u00e9 dans les 14 jours, Alveolus Biomedical ou son partenaire commercial demandera au service de messagerie de mener une enqu\u00eate sur l\u2019\u00e9tat de votre envoi. Seulement apr\u00e8s le r\u00e9sultat de cette enqu\u00eate, Alveolus Biomedical peut vous rembourser la valeur de votre commande. Un tel remboursement sera effectu\u00e9 si Alveolus Biomedical ou le transporteur est \u00e0 bl\u00e2mer pour ne pas avoir livr\u00e9 votre commande.<\/p>\n<p>6. RETOURS<\/p>\n<p style=\"padding-left: 30px;\"><strong>6.1 Annulations, retours et \u00e9changes<\/strong><br \/>\nToute commande peut \u00eatre annul\u00e9e tant qu\u2019elle n\u2019a pas \u00e9t\u00e9 pay\u00e9e. L\u2019annulation d\u2019une commande pay\u00e9e sans frais suppl\u00e9mentaires n\u2019est possible qu\u2019avant que la commande n\u2019ait quitt\u00e9 notre entrep\u00f4t. Veuillez contacter Alveolus Biomedical par e-mail ou par t\u00e9l\u00e9phone \u00e0 l\u2019adresse\/num\u00e9ro figurant au paragraphe 1 pour demander l\u2019annulation. Dans ce cas, Alveolus vous remboursera le montant total de votre achat. Dans tous les autres cas, les retours sont possibles dans les conditions suivantes:<\/p>\n<ol style=\"list-style-type: lower-alpha;\">\n<li>Les retours doivent \u00eatre re\u00e7us dans les 14 jours calendaires suivant la r\u00e9ception du colis pas le client.<\/li>\n<li>Le produit ne doit pas \u00eatre ouvert (sceau intact) et ne doit pas \u00eatre endommag\u00e9.<\/li>\n<\/ol>\n<p style=\"padding-left: 30px;\">Les frais de retour sont \u00e0 la charge du client, sauf si Alveolus Biomedical a commis une erreur dans l\u2019ex\u00e9cution de votre commande ou si le produit est d\u00e9fectueux. Dans tous les cas, veuillez contacter Alveolus Biomedical par e-mail ou par t\u00e9l\u00e9phone \u00e0 l\u2019adresse\/num\u00e9ro figurant au paragraphe 1 pour demander l\u2019autorisation de retour. En fonction de la situation, nous autoriserons un retour et\/ou un remboursement.<\/p>\n<p style=\"padding-left: 30px;\"><strong>6.2 P\u00e9riode de remboursement<\/strong><br \/>\nApr\u00e8s r\u00e9ception de la marchandise par Alveolus Biomedical, ou apr\u00e8s autorisation du remboursement, selon le cas, l\u2019argent sera transf\u00e9r\u00e9 \u00e0 votre banque, carte de cr\u00e9dit ou compte PayPal dans un d\u00e9lai maximum de cinq jours ouvrables. Les banques, les soci\u00e9t\u00e9s \u00e9mettrices de cartes de cr\u00e9dit et PayPal g\u00e8rent les paiements selon leurs propres conditions. C\u2019est pourquoi cela peut prendre plus de temps avant que l\u2019argent soit effectivement rembours\u00e9 sur votre compte. Alveolus Biomedical ne peut en \u00eatre tenu responsable.<\/p>\n<p style=\"padding-left: 30px;\"><strong>6.3 Responsabilit\u00e9 de l\u2019exp\u00e9dition de retour<br \/>\n<\/strong>Alveolus Biomedical n\u2019est pas responsable de l\u2019exp\u00e9dition de retour. En tant qu\u2019exp\u00e9diteur de l\u2019envoi de retour, vous \u00eates responsable de la livraison effective \u00e0 notre adresse de retour. Vous devez livrer le colis de retour de mani\u00e8re correcte au point de service du transporteur. S\u2019il ne peut \u00eatre \u00e9tabli qu\u2019un retour manquant a \u00e9t\u00e9 transf\u00e9r\u00e9 correctement au point de service du transporteur, Alveolus Biomedical n\u2019a pas l\u2019obligation de rembourser la marchandise.<\/p>\n<p>7. VIE PRIV\u00c9E<br \/>\nAlveolus Biomedical respecte votre vie priv\u00e9e. Les informations que vous fournissez par l\u2019interm\u00e9diaire du site Web ne seront utilis\u00e9es que pour traitervotre commande et pour vous informer sur Alveolus Biomedical et ses produits. Vous pouvez adresser vos demandes concernant nos politiques et vosdonn\u00e9es \u00e0 <a href=\"mailto:privacy@alveolus.nl\">privacy@alveolus.nl<\/a>.<\/p>\n<p>8. RESPONSABILIT\u00c9<br \/>\nLa responsabilit\u00e9 d\u2019Alveolus Biomedical envers l\u2019acheteur est limit\u00e9e au montant du prix d\u2019achat. Alveolus Biomedical ne sera jamais responsable de toute perte de profits ou de fonds de commerce ou de tout autre dommage cons\u00e9cutif.<\/p>\n<p>9. LANGUE, DROIT APPLICABLE ET FORE<br \/>\nLa correspondance destin\u00e9e \u00e0 Alveolus Biomedical peut se faire en anglais, fran\u00e7ais, allemand, espagnol ou n\u00e9erlandais. Alveolus Biomedical est libre de r\u00e9pondre en anglais \u00e0 toute correspondance de ce type. Le droit n\u00e9erlandais s\u2019applique \u00e0 toutes les transactions. Tout litige relatif \u00e0 un contrat d\u2019achat-vente auquel les pr\u00e9sentes CGV s\u2019appliquent sera port\u00e9 exclusivement devant le tribunal d\u2019Utrecht, sauf si Alveolus Biomedical choisit de porter ce litige devant le tribunal comp\u00e9tent du domicile de l\u2019acheteur.<\/p>\n<h2>CONDITIONS D\u2019UTILISATION DU SITE WEB ALVEOLUS<\/h2>\n<p>Les conditions d\u2019utilisation suivantes sont applicables au site web (www.dekasvitamins.com) appartenant \u00e0 Alveolus Biomedical B.V. (<strong>Alveolus<\/strong>), y compris toutes les informations, mat\u00e9riaux, chiffres et recommandations (<strong>l\u2019information<\/strong>).<\/p>\n<p><strong>Limitation de responsabilit\u00e9<\/strong><\/p>\n<p>Le site Web susmentionn\u00e9 est maintenu au niveau le plus \u00e9lev\u00e9 possible. Cependant, Alveolus ne peut garantir \u00e0 tout moment la v\u00e9racit\u00e9 du site web et de son contenu. Alveolus ne peut garantir que les informations pr\u00e9sent\u00e9es ne portent pas atteinte \u00e0 la propri\u00e9t\u00e9 intellectuelle de tiers ni qu\u2019elles ne sont pas illicites \u00e0 leur \u00e9gard d\u2019une autre mani\u00e8re. Les informations ne doivent \u00eatre utilis\u00e9es qu\u2019\u00e0 titre de connaissances g\u00e9n\u00e9rales et ne constituent en aucun cas des conseils. Alveolus d\u00e9cline toute responsabilit\u00e9 pour les d\u00e9cisions prises par les utilisateurs sur la base de ces informations.<\/p>\n<p>Alveolus n\u2019est pas responsable des dommages r\u00e9sultant ou concernant l\u2019utilisation ou l\u2019acc\u00e8s au site Web ou \u00e0 l\u2019information (y compris l\u2019incapacit\u00e9 d\u2019utiliser le site Web ou l\u2019information), \u00e0 moins que les dommages ne soient le r\u00e9sultat d\u2019une intention d\u00e9lib\u00e9r\u00e9e ou d\u2019une insouciance d\u00e9lib\u00e9r\u00e9e d\u2019Alveolus.<\/p>\n<p><strong>Virus <\/strong><\/p>\n<p>Alveolus ne peut garantir que le site Web, les informations ou les hyperliens accessibles par l\u2019interm\u00e9diaire du site Web ne sont pas infect\u00e9s par des virus ou autres logiciels malveillants similaires.<\/p>\n<p><strong>Informations fournies par des tiers<\/strong><\/p>\n<p>Les liens hypertextes sur le site Web qui m\u00e8nent \u00e0 des sites Web externes tenus par des tiers ne sont montr\u00e9s que pour fournir des informations suppl\u00e9mentaires. Alveolus n\u2019est pas responsable du contenu ou de la performance de ces sites Web et de la qualit\u00e9 des biens ou services qui y sont offerts. Les informations affich\u00e9es sur les sites Web de tiers n\u2019expriment que les opinions priv\u00e9es de ces tiers et Alveolus n\u2019est pas responsable de la v\u00e9racit\u00e9 de ces informations.<\/p>\n<p><strong>Droits de propri\u00e9t\u00e9 intellectuelle<\/strong><\/p>\n<p>Toute la propri\u00e9t\u00e9 intellectuelle concernant le site web et les informations appartient \u00e0 Alveolus. Il est permis de consulter le site web et les informations et de faire des copies pour un usage personnel, par exemple en imprimant ou en sauvegardant des pages. Toute autre utilisation du site Web ou de l\u2019information est strictement interdite sans l\u2019autorisation \u00e9crite pr\u00e9alable d\u2019Alveolus.<\/p>\n<p><strong>Contenu g\u00e9n\u00e9r\u00e9 par l\u2019utilisateur sur le site Web<\/strong><\/p>\n<p>Alveolus se r\u00e9serve le droit d\u2019utiliser ou de copier toutes les informations publi\u00e9es par les utilisateurs sur le site Web (y compris, mais sans s\u2019y limiter, les textes, images, sons et logiciels) sans aucune compensation financi\u00e8re. Alveolus n\u2019est pas tenu de prot\u00e9ger ces informations ou mat\u00e9riaux. L\u2019utilisateur s\u2019engage \u00e0 indemniser Alveolus contre toute r\u00e9clamation \u00e9ventuelle de tiers concernant l\u2019utilisation ou l\u2019exploitation de leur propri\u00e9t\u00e9 intellectuelle par ces informations.<\/p>\n<p><strong>Droit applicable et juridiction comp\u00e9tente<\/strong><\/p>\n<p>Les conditions d\u2019utilisation d\u00e9crites ci-dessus sont strictement r\u00e9gies par le droit n\u00e9erlandais. Le tribunal d\u2019Utrecht est seul comp\u00e9tent pour statuer en cas de litiges concernant les pr\u00e9sentes conditions.<\/p>\n<p><strong>Modification des conditions d\u2019utilisation<\/strong><\/p>\n<p>Alveolus se r\u00e9serve le droit de modifier les conditions d\u2019utilisation. Les modifications entrent en vigueur une fois que les conditions d\u2019utilisation mises \u00e0 jour ont \u00e9t\u00e9 publi\u00e9es sur ce site Web.<\/p>\n<p><strong>Coordonn\u00e9es de contact<\/strong><\/p>\n<p>Pour toute demande de renseignements, veuillez contacter Alveolus \u00e0 l\u2019adresse suivante <a href=\"mailto:info@alveolus.nl\">info@alveolus.nl<\/a><\/p>\n","protected":false},"excerpt":{"rendered":"<div class=\"entry-summary\">\n<div class=\"entry-summary\">\nCOMPANIES DEKAsvitamins.com Alveolus Biomedical BV Entrepotdok 177 1018 AD AMSTERDAM Pays Bas CONDITIONS G\u00c9N\u00c9RALES DE VENTE DEKASVITAMINS.COM 1. TERMES AND CONDITIONS Ce sont les Conditions G\u00e9n\u00e9rales de Vente (\u201cCGV\u201d) d\u2019Alveolus Biomedical BV (\u201cAlveolus Biomedical\u201d), \u00e9galement connu sous son nom commercial&hellip;\n<\/div>\n<div class=\"link-more\"><a href=\"https:\/\/dekasvitamins.com\/fr\/questions-frequemment\/termes-et-conditions\/\" class=\"more-link\">Continue reading<span class=\"screen-reader-text\"> &ldquo;Termes et conditions&rdquo;<\/span>&hellip;<\/a><\/div>\n<\/div>\n<div class=\"link-more\"><a href=\"https:\/\/dekasvitamins.com\/fr\/questions-frequemment\/termes-et-conditions\/\" class=\"more-link\">Continue reading<span class=\"screen-reader-text\"> &ldquo;Termes et conditions&rdquo;<\/span>&hellip;<\/a><\/div>\n","protected":false},"author":2,"featured_media":0,"parent":7101,"menu_order":1,"comment_status":"closed","ping_status":"closed","template":"templates\/no-intro.php","meta":{"footnotes":""},"class_list":["post-7103","page","type-page","status-publish","hentry","entry"],"_links":{"self":[{"href":"https:\/\/dekasvitamins.com\/fr\/wp-json\/wp\/v2\/pages\/7103","targetHints":{"allow":["GET"]}}],"collection":[{"href":"https:\/\/dekasvitamins.com\/fr\/wp-json\/wp\/v2\/pages"}],"about":[{"href":"https:\/\/dekasvitamins.com\/fr\/wp-json\/wp\/v2\/types\/page"}],"author":[{"embeddable":true,"href":"https:\/\/dekasvitamins.com\/fr\/wp-json\/wp\/v2\/users\/2"}],"replies":[{"embeddable":true,"href":"https:\/\/dekasvitamins.com\/fr\/wp-json\/wp\/v2\/comments?post=7103"}],"version-history":[{"count":23,"href":"https:\/\/dekasvitamins.com\/fr\/wp-json\/wp\/v2\/pages\/7103\/revisions"}],"predecessor-version":[{"id":18443,"href":"https:\/\/dekasvitamins.com\/fr\/wp-json\/wp\/v2\/pages\/7103\/revisions\/18443"}],"up":[{"embeddable":true,"href":"https:\/\/dekasvitamins.com\/fr\/wp-json\/wp\/v2\/pages\/7101"}],"wp:attachment":[{"href":"https:\/\/dekasvitamins.com\/fr\/wp-json\/wp\/v2\/media?parent=7103"}],"curies":[{"name":"wp","href":"https:\/\/api.w.org\/{rel}","templated":true}]}}