{"id":7101,"date":"2018-03-23T16:33:01","date_gmt":"2018-03-23T15:33:01","guid":{"rendered":"https:\/\/dekasvitamins.com\/questions-frequemment-posees\/"},"modified":"2025-05-27T17:25:41","modified_gmt":"2025-05-27T15:25:41","slug":"questions-frequemment","status":"publish","type":"page","link":"https:\/\/dekasvitamins.com\/fr\/questions-frequemment\/","title":{"rendered":"Questions"},"content":{"rendered":"<p><a href=\"#where\">Comment et o\u00f9 puis-je me procurer les vitamines DEKAs?<\/a><br \/>\n<a href=\"#upc\">Quels sont les codes CUP des vitamines DEKAs vitamins?<\/a><br \/>\n<a href=\"#shipping\">Quels sont les frais d\u2019exp\u00e9dition des vitamines DEKAs?<\/a><br \/>\n<a href=\"#discount\">Quelles sont les remises sur volume offertes par DEKAsvitamines?<\/a><br \/>\n<a href=\"#VAT\">Quel sont les taux de TVA et t\u00e2ches locales appliqu\u00e9 par DEKAsvitamins.com?<\/a><br \/>\n<a href=\"#returns\">DEKAs accepte-t-elle les retours?<\/a><br \/>\n<a href=\"#insurance\">Les vitamines DEKAs sont-elles couvertes par l\u2019assurance m\u00e9dicale?<\/a><br \/>\n<a href=\"#otherconditions\">Puis-je prendre des vitamines DEKAs si je ne souffre pas de fibrose kystique, de maladie h\u00e9pathique cholestatique ou sans avoir subi de chirurgie bariatrique?<\/a><br \/>\n<a href=\"#supervision\">Puis-je prendre des vitamines DEKAs sans surveillance m\u00e9dicale?<\/a><br \/>\n<a href=\"#prescription\">Puis-je commander des vitamines DEKAs sans ordonnance?<\/a><\/p>\n<h2><a id=\"where\"><\/a>Comment et o\u00f9 puis-je me procurer les vitamines DEKAs?<\/h2>\n<p>Veuillez trouver ci-dessous, par continent, la liste alphab\u00e9tique des pays actuellement desservis par ce site Web. Aux \u00c9tats-Unis et Canada, veuillez visiter le site <a href=\"http:\/\/www.callionpharma.com\" target=\"_blank\" rel=\"noopener\">www.callionpharma.com<\/a>.<\/p>\n<p>Les produits DEKAs sont largement distribu\u00e9s. M\u00e9decins, pharmacies, institutions priv\u00e9es ou publiques, distributeurs potentiels et autres: veuillez nous envoyer un courriel \u00e0 <a href=\"mailto:info@dekasvitamins.com\" target=\"_blank\" rel=\"noopener noreferrer\">info@dekasvitamins.com<\/a> pour des questions concernant la distribution dans un pays sp\u00e9cifique.<\/p>\n<p>Pays o\u00f9 dekasvitamins.com exp\u00e9die actuellement:<\/p>\n<table style=\"width: 104.444%;\" width=\"580\">\n<tbody>\n<tr>\n<td style=\"width: 24.7222%;\" width=\"145\"><strong>L&rsquo;Europe<\/strong><\/td>\n<td style=\"width: 25.6649%;\">Hongrie<\/td>\n<td style=\"width: 24.734%;\">Slovaquie<\/td>\n<td style=\"width: 24.867%;\">Liban<\/td>\n<\/tr>\n<tr>\n<td style=\"width: 24.7222%;\">Albanie<\/td>\n<td style=\"width: 25.6649%;\">Islande<\/td>\n<td style=\"width: 24.734%;\" width=\"145\">Slov\u00e9nie<\/td>\n<td style=\"width: 24.867%;\">Malaisie<\/td>\n<\/tr>\n<tr>\n<td style=\"width: 24.7222%;\">Andorra<\/td>\n<td style=\"width: 25.6649%;\">Irlande<\/td>\n<td style=\"width: 24.734%;\">Espagne<\/td>\n<td style=\"width: 24.867%;\">Oman<\/td>\n<\/tr>\n<tr>\n<td style=\"width: 24.7222%;\">Arm\u00e9nie<\/td>\n<td style=\"width: 25.6649%;\">Italie<\/td>\n<td style=\"width: 24.734%;\">Su\u00e8de<\/td>\n<td style=\"width: 24.867%;\">Philippines<\/td>\n<\/tr>\n<tr>\n<td style=\"width: 24.7222%;\">L&rsquo;Autriche<\/td>\n<td style=\"width: 25.6649%;\">Kosovo<\/td>\n<td style=\"width: 24.734%;\">Suisse<\/td>\n<td style=\"width: 24.867%;\">Qatar<\/td>\n<\/tr>\n<tr>\n<td style=\"width: 24.7222%;\">Azerba\u00efdjan<\/td>\n<td style=\"width: 25.6649%;\">Lettonie<\/td>\n<td style=\"width: 24.734%;\">Royaume-Uni (UK)<\/td>\n<td style=\"width: 24.867%;\">Arabie Saoudite<\/td>\n<\/tr>\n<tr>\n<td style=\"width: 24.7222%;\">Belgique<\/td>\n<td style=\"width: 25.6649%;\" width=\"145\">Liechtenstein<\/td>\n<td style=\"width: 24.734%;\"><\/td>\n<td style=\"width: 24.867%;\">Singapour<\/td>\n<\/tr>\n<tr>\n<td style=\"width: 24.7222%;\">Bosnie-Herz\u00e9govine<\/td>\n<td style=\"width: 25.6649%;\">Lituanie<\/td>\n<td style=\"width: 24.734%;\"><strong>Afrique<\/strong><\/td>\n<td style=\"width: 24.867%;\">Sri Lanka<\/td>\n<\/tr>\n<tr>\n<td style=\"width: 24.7222%;\" width=\"145\">Bulgarie<\/td>\n<td style=\"width: 25.6649%;\">Luxembourg<\/td>\n<td style=\"width: 24.734%;\">Alg\u00e9rie<\/td>\n<td style=\"width: 24.867%;\">Cor\u00e9e du Sud<\/td>\n<\/tr>\n<tr>\n<td style=\"width: 24.7222%;\">Croatie<\/td>\n<td style=\"width: 25.6649%;\" width=\"145\">Malte<\/td>\n<td style=\"width: 24.734%;\">l&rsquo;Egypte<\/td>\n<td style=\"width: 24.867%;\">Ta\u00efwan<\/td>\n<\/tr>\n<tr>\n<td style=\"width: 24.7222%;\">Chypre<\/td>\n<td style=\"width: 25.6649%;\">Moldavie<\/td>\n<td style=\"width: 24.734%;\"><\/td>\n<td style=\"width: 24.867%;\">Tha\u00eflande<\/td>\n<\/tr>\n<tr>\n<td style=\"width: 24.7222%;\">R\u00e9publique Tch\u00e8que<\/td>\n<td style=\"width: 25.6649%;\">Monaco<\/td>\n<td style=\"width: 24.734%;\" width=\"145\"><strong>Asie<\/strong><\/td>\n<td style=\"width: 24.867%;\">Emirats Arabes Unis<\/td>\n<\/tr>\n<tr>\n<td style=\"width: 24.7222%;\">Danemark<\/td>\n<td style=\"width: 25.6649%;\">Mont\u00e9n\u00e9gro<\/td>\n<td style=\"width: 24.734%;\">Bahre\u00efn<\/td>\n<td style=\"width: 24.867%;\">Ouzb\u00e9kistan<\/td>\n<\/tr>\n<tr>\n<td style=\"width: 24.7222%;\" width=\"145\">Estonie<\/td>\n<td style=\"width: 25.6649%;\" width=\"145\">Pays-Bas<\/td>\n<td style=\"width: 24.734%;\" width=\"145\">Chine<\/td>\n<td style=\"width: 24.867%;\"><\/td>\n<\/tr>\n<tr>\n<td style=\"width: 24.7222%;\">Finlande<\/td>\n<td style=\"width: 25.6649%;\">Mac\u00e9doine du Nord<\/td>\n<td style=\"width: 24.734%;\">Indon\u00e9sie<\/td>\n<td style=\"width: 24.867%;\"><strong>Oc\u00e9anie<\/strong><\/td>\n<\/tr>\n<tr>\n<td style=\"width: 24.7222%;\">France<\/td>\n<td style=\"width: 25.6649%;\">Pologne<\/td>\n<td style=\"width: 24.734%;\" width=\"145\">Jordan<\/td>\n<td style=\"width: 24.867%;\">Australie<\/td>\n<\/tr>\n<tr>\n<td style=\"width: 24.7222%;\">G\u00e9orgie<\/td>\n<td style=\"width: 25.6649%;\" width=\"145\">le Portugal<\/td>\n<td style=\"width: 24.734%;\">Kazakhstan<\/td>\n<td style=\"width: 24.867%;\">Nouvelle-Z\u00e9lande<\/td>\n<\/tr>\n<tr>\n<td style=\"width: 24.7222%;\">Allemagne<\/td>\n<td style=\"width: 25.6649%;\">Saint Marin<\/td>\n<td style=\"width: 24.734%;\">Koweit<\/td>\n<td style=\"width: 24.867%;\"><\/td>\n<\/tr>\n<tr>\n<td style=\"width: 24.7222%;\" width=\"145\">Gibraltar<\/td>\n<td style=\"width: 25.6649%;\">Serbie<\/td>\n<td style=\"width: 24.734%;\">Kirghizistan<\/td>\n<td style=\"width: 24.867%;\"><\/td>\n<\/tr>\n<\/tbody>\n<\/table>\n<h2><a id=\"upc\"><\/a>Quels sont les codes CUP des vitamines DEKAs vitamins?<\/h2>\n<p>Le code universel des produits (CUP) est un chiffre avec 13 ou 12 caract\u00e8res (sans le chiffre 0) utilis\u00e9 pour attribuer un code \u00e0 barres unique \u00e0 des produits individuels destin\u00e9s \u00e0 la vente au d\u00e9tail.<\/p>\n<table style=\"width: 103.922%;\" width=\"704\">\n<tbody>\n<tr>\n<td style=\"width: 50.1634%;\" width=\"361\">DEKAs Plus g\u00e9lules<\/td>\n<td style=\"width: 53.5948%;\" width=\"343\">UPC: 0868176000114<\/td>\n<\/tr>\n<tr>\n<td style=\"width: 50.1634%;\" width=\"361\">DEKAs Plus comprim\u00e9s \u00e0 croquer<\/td>\n<td style=\"width: 53.5948%;\" width=\"343\">UPC: 0868176000152<\/td>\n<\/tr>\n<tr>\n<td style=\"width: 50.1634%;\" width=\"361\">DEKAs Plus Liquide<\/td>\n<td style=\"width: 53.5948%;\" width=\"343\">UPC: 0868176000107<\/td>\n<\/tr>\n<tr>\n<td style=\"width: 50.1634%;\" width=\"361\">DEKAs Essential Capsules<\/td>\n<td style=\"width: 53.5948%;\" width=\"343\">UPC: 0868176000121<\/td>\n<\/tr>\n<tr>\n<td style=\"width: 50.1634%;\" width=\"361\">DEKAs Bariatric orange et p\u00eache<\/td>\n<td style=\"width: 53.5948%;\" width=\"343\">UPC: 0868176000169<\/td>\n<\/tr>\n<tr>\n<td style=\"width: 50.1634%;\" width=\"361\">DEKAs Essential liquide<\/td>\n<td style=\"width: 53.5948%;\" width=\"343\">UPC: 0868176000138<\/td>\n<\/tr>\n<tr>\n<td style=\"width: 50.1634%;\" width=\"361\">DEKAs Aqua-E liquide<\/td>\n<td style=\"width: 53.5948%;\" width=\"343\">UPC: 0868176000176<\/td>\n<\/tr>\n<\/tbody>\n<\/table>\n<h2><a id=\"shipping\"><\/a>Quels sont les frais d\u2019exp\u00e9dition des vitamines DEKAs?<\/h2>\n<p>Pour l&rsquo;exp\u00e9dition, nous utilisons UPS, qui propose des tarifs d&rsquo;exp\u00e9dition fixes. Le tarif d&rsquo;exp\u00e9dition ne varie PAS avec le nombre de produits que vous commandez. Les tarifs d&rsquo;exp\u00e9dition sont les suivants :<\/p>\n<table style=\"width: 100%; height: 712px;\">\n<tbody>\n<tr style=\"height: 142px;\">\n<td style=\"width: 82.3611%; height: 142px;\" width=\"519\">Autriche, Belgique, R\u00e9publique tch\u00e8que, Danemark, Finlande, France, Allemagne, Irlande, Italie, Luxembourg, Monaco, Pays-Bas, Pologne, Portugal, Espagne et Su\u00e8de<\/td>\n<td style=\"width: 17.5%; height: 142px;\" width=\"66\">\u20ac 10,50<\/td>\n<\/tr>\n<tr style=\"height: 110px;\">\n<td style=\"width: 82.3611%; height: 110px;\" width=\"519\">Bulgarie, Croatie, Estonie, Gr\u00e8ce, Hongrie, Lettonie, Lituanie, Roumanie, Slovaquie, Slov\u00e9nie et Royaume-Uni<\/td>\n<td style=\"width: 17.5%; height: 110px;\" width=\"66\">\u20ac 12,50<\/td>\n<\/tr>\n<tr style=\"height: 80px;\">\n<td style=\"width: 82.3611%; height: 80px;\" width=\"519\">Suisse, Andorre, Saint-Marin et Liechtenstein<\/td>\n<td style=\"width: 17.5%; height: 80px;\" width=\"66\">\u20ac 15<\/td>\n<\/tr>\n<tr style=\"height: 80px;\">\n<td style=\"width: 82.3611%; height: 80px;\" width=\"519\">Chypre et Malte<\/td>\n<td style=\"width: 17.5%; height: 80px;\" width=\"66\">\u20ac 20<\/td>\n<\/tr>\n<tr style=\"height: 110px;\">\n<td style=\"width: 82.3611%; height: 110px;\" width=\"519\">Albanie, Bosnie-Herz\u00e9govine, Gibraltar, Islande, Kosovo, Mont\u00e9n\u00e9gro, N-Mac\u00e9doine, Serbie, Ukraine, Moldavie, Australie, Bahre\u00efn, \u00c9gypte, Jordanie, Kowe\u00eft, Nouvelle-Z\u00e9lande, Oman, Philippines, Qatar, Malaisie, Singapour, Cor\u00e9e du Sud, Ta\u00efwan et \u00c9mirats arabes unis<\/td>\n<td style=\"width: 17.5%; height: 110px;\" width=\"66\">\u20ac 25<\/td>\n<\/tr>\n<tr style=\"height: 110px;\">\n<td style=\"width: 82.3611%; height: 110px;\" width=\"519\">Arm\u00e9nie, Azerba\u00efdjan, G\u00e9orgie, Kazakhstan, Kirghizistan, Arabie saoudite et Ouzb\u00e9kistan<\/td>\n<td style=\"width: 17.5%; height: 110px;\" width=\"66\">\u20ac 35<\/td>\n<\/tr>\n<tr style=\"height: 80px;\">\n<td style=\"width: 82.3611%; height: 80px;\" width=\"519\">Alg\u00e9rie, Liban et Maroc<\/td>\n<td style=\"width: 17.5%; height: 80px;\" width=\"66\">\u20ac 45<\/td>\n<\/tr>\n<\/tbody>\n<\/table>\n<p>Les frais de port sont calcul\u00e9s dans le panier de la boutique en ligne. Pour les calculer correctement, cliquez sur le bouton \u00ab\u00a0CALCULER LES FRAIS DE PORT\u00a0\u00bb ou \u00ab\u00a0CHANGER D&rsquo;ADRESSE\u00a0\u00bb dans le panier. Indiquez ensuite votre pays comme destination et cliquez sur \u00ab METTRE \u00c0 JOUR \u00bb. La boutique calculera alors les frais de port applicables.<\/p>\n<h2><a id=\"discount\"><\/a>Quelles sont les remises sur volume offertes par DEKAsvitamines?<\/h2>\n<p>Nous appliquons des remises lors de la commande de plusieurs forfaits en m\u00eame temps. La remise est appliqu\u00e9e sur le montant total du panier (avant TVA et frais de port). Comme suit:<\/p>\n<table style=\"width: 100%; height: 315px;\">\n<tbody>\n<tr style=\"height: 58px;\">\n<td style=\"height: 58px;\" width=\"315\"><strong>Packs ou bouteilles<\/strong><\/td>\n<td style=\"height: 58px;\" width=\"44\"><strong>3<\/strong><\/td>\n<td style=\"height: 58px;\" width=\"50\"><strong>4<\/strong><\/td>\n<td style=\"height: 58px;\" width=\"46\"><strong>5 ou plus<\/strong><\/td>\n<\/tr>\n<tr style=\"height: 48px;\">\n<td style=\"height: 48px;\" width=\"315\">DEKAs Bariatric<\/td>\n<td style=\"height: 48px;\" width=\"44\"><\/td>\n<td style=\"height: 48px;\" width=\"50\">2,5%<\/td>\n<td style=\"height: 48px;\" width=\"46\">5%<\/td>\n<\/tr>\n<tr style=\"height: 116px;\">\n<td style=\"height: 116px;\" width=\"315\">DEKAs Plus liquide, DEKAs Plus capsules molles, DEKAs Plus \u00e0 croquer, DEKAs Essential capsules<br \/>\n<em>ou des combinaisons de ceux-ci<\/em><\/td>\n<td style=\"height: 116px;\" width=\"44\"><\/td>\n<td style=\"height: 116px;\" width=\"50\">5%<\/td>\n<td style=\"height: 116px;\" width=\"46\">10%<\/td>\n<\/tr>\n<tr style=\"height: 93px;\">\n<td style=\"height: 93px;\" width=\"315\">DEKAs Essential liquide, DEKAs Aqua-E liquide<br \/>\n<em>ou des combinaisons de ceux-ci<\/em><\/td>\n<td style=\"height: 93px;\" width=\"44\">20%<\/td>\n<td style=\"height: 93px;\" width=\"50\">22,5%<\/td>\n<td style=\"height: 93px;\" width=\"46\">25%<\/td>\n<\/tr>\n<\/tbody>\n<\/table>\n<h2><a id=\"VAT\"><\/a>Quel sont les taux de TVA et t\u00e2ches locales appliqu\u00e9 par DEKAsvitamins.com?<\/h2>\n<p>Pour les livraisons \u00e0 l&rsquo;int\u00e9rieur de l&rsquo;UE, DEKAsvitamins ajoute le taux de TVA applicable \u00e0 son prix comme suit\u00a0:<\/p>\n<table width=\"725\">\n<tbody>\n<tr>\n<td width=\"145\">Allemagne<\/td>\n<td width=\"145\">19%<\/td>\n<td width=\"145\"><\/td>\n<td width=\"145\">L\u2019Autriche<\/td>\n<td width=\"145\">10%<\/td>\n<\/tr>\n<tr>\n<td>Belgique<\/td>\n<td>6%<\/td>\n<td><\/td>\n<td>Le Portugal<\/td>\n<td>6%<\/td>\n<\/tr>\n<tr>\n<td>Bulgarie<\/td>\n<td>20%<\/td>\n<td><\/td>\n<td>Lettonie<\/td>\n<td>12%<\/td>\n<\/tr>\n<tr>\n<td>Chypre<\/td>\n<td>5%<\/td>\n<td><\/td>\n<td>Lituanie<\/td>\n<td>5%<\/td>\n<\/tr>\n<tr>\n<td>Croatie<\/td>\n<td>5%<\/td>\n<td><\/td>\n<td>Luxembourg<\/td>\n<td>3%<\/td>\n<\/tr>\n<tr>\n<td>Danemark<\/td>\n<td>25%<\/td>\n<td><\/td>\n<td>Malta<\/td>\n<td>0%<\/td>\n<\/tr>\n<tr>\n<td>Espagne<\/td>\n<td>4%<\/td>\n<td><\/td>\n<td>Pays Bas<\/td>\n<td>9%<\/td>\n<\/tr>\n<tr>\n<td>Estonie<\/td>\n<td>9%<\/td>\n<td><\/td>\n<td>Pologne<\/td>\n<td>8%<\/td>\n<\/tr>\n<tr>\n<td>Finlande<\/td>\n<td>10%<\/td>\n<td><\/td>\n<td>R\u00e9publique Tch\u00e8que<\/td>\n<td>12%<\/td>\n<\/tr>\n<tr>\n<td>France<\/td>\n<td>5,50%<\/td>\n<td><\/td>\n<td>Roumanie<\/td>\n<td>9%<\/td>\n<\/tr>\n<tr>\n<td>Gr\u00e8ce<\/td>\n<td>6%<\/td>\n<td><\/td>\n<td>Slovaquie<\/td>\n<td>5%<\/td>\n<\/tr>\n<tr>\n<td>Hongrie<\/td>\n<td>5%<\/td>\n<td><\/td>\n<td>Slov\u00e9nie<\/td>\n<td>10%<\/td>\n<\/tr>\n<tr>\n<td>Irlande<\/td>\n<td>0%<\/td>\n<td><\/td>\n<td>Su\u00e8de<\/td>\n<td>0%<\/td>\n<\/tr>\n<tr>\n<td>Italie<\/td>\n<td>10%<\/td>\n<td><\/td>\n<td><\/td>\n<td><\/td>\n<\/tr>\n<\/tbody>\n<\/table>\n<p>Les institutions ou entreprises disposant d\u2019un num\u00e9ro de TVA valide peuvent r\u00e9cup\u00e9rer la TVA qu\u2019elles nous ont pay\u00e9e sur leurs d\u00e9clarations de TVA locales.<\/p>\n<p>Les acheteurs britanniques paieront 20% de TVA plus des frais de traitement de 6,60 \u20ac \u00e0 UPS lors de l&rsquo;importation. Pour les commandes depuis le Royaume-Uni, une valeur minimale de commande de 135 \u00a3 \/ 150 \u20ac s&rsquo;applique.<\/p>\n<p>Pour les commandes en dehors de l&rsquo;UE, aucune TVA n&rsquo;est factur\u00e9e. Pour les livraisons en dehors de l&rsquo;UE, la TVA et les droits d&rsquo;importation peuvent \u00eatre ajout\u00e9s \u00e0 la livraison par notre partenaire d&rsquo;exp\u00e9dition UPS. UPS, ou son repr\u00e9sentant, contactera le client. D&rsquo;apr\u00e8s notre exp\u00e9rience, les droits varient entre 3% et 25%, mais parfois plus, selon les pays. Souvent, des frais de traitement fixes sont factur\u00e9s en plus des droits d&rsquo;importation. <strong>Ces frais de traitement fixes rendent la commande de plusieurs bouteilles attrayante, car ce co\u00fbt fixe peut ensuite \u00eatre r\u00e9parti sur les diff\u00e9rentes bouteilles.<\/strong><\/p>\n<h2><a id=\"returns\"><\/a>DEKAsvitamins.com accepte-t-elle les retours?<\/h2>\n<p>Oui, sous certaines conditions:<\/p>\n<ul>\n<li>Les retours doivent \u00eatre re\u00e7us dans les 14 jours calendaires suivant la r\u00e9ception du client.<\/li>\n<li>Le produit ne doit pas \u00eatre ouvert (sceau intact) et ne doit pas \u00eatre endommag\u00e9.<\/li>\n<\/ul>\n<p>Les frais de retour sont \u00e0 la charge du client, sauf si DEKAsvitamins.com a fait une erreur dans votre commande ou si le produit est d\u00e9fectueux. Veuillez-nous contacter \u00e0 <a href=\"mailto:info@dekasvitamins.com\" target=\"_blank\" rel=\"noopener noreferrer\">info@dekasvitamins.com<\/a> ou par t\u00e9l\u00e9phone et nous autoriserons un retour ou un remboursement en fonction de la situation.<\/p>\n<h2><a id=\"insurance\"><\/a>Les vitamines DEKAs sont-elles couvertes par l\u2019assurance m\u00e9dicale?<\/h2>\n<p>L\u2019assurance peut couvrir le co\u00fbt des vitamines DEKAs. Veuillez demander \u00e0 votre m\u00e9decin ou di\u00e9t\u00e9ticien. Si DEKAs n\u2019est pas couvert, il peut \u00eatre utile que votre m\u00e9decin ou tout autre professionnel de la sant\u00e9 soumette une lettre de n\u00e9cessit\u00e9 m\u00e9dicale \u00e0 votre compagnie d\u2019assurance. Cette lettre doit expliquer l\u2019\u00e9tat du patient (qui entra\u00eene une malabsorption) et la n\u00e9cessit\u00e9 de la technologie de lib\u00e9ration utilis\u00e9e dans les multivitamines DEKAs pour surmonter la malabsorption des micronutriments. Veuillez contacter-nous \u00e0 <a href=\"mailto:info@dekasvitamins.com\">info@dekasvitamins.com<\/a> pour toute autre question.<\/p>\n<h2><a id=\"otherconditions\"><\/a>Puis-je prendre les vitamines DEKAs pour d\u2019autres conditions?<\/h2>\n<p>Un professionnel de la sant\u00e9 peut d\u00e9cider que les vitamines DEKA sont indiqu\u00e9es pour d\u2019autres affections que la fibrose kystique, la maladie h\u00e9patique cholestatique ou la chirurgie bariatrique. Veuillez consulter votre m\u00e9decin car les vitamines DEKAs doivent \u00eatre prises sous surveillance m\u00e9dicale.<\/p>\n<h2><a id=\"supervision\"><\/a>Puis-je prendre les vitamines DEKAs sans contr\u00f4le m\u00e9dicale?<\/h2>\n<p>Non. Lorsque vous achetez des vitamines DEKAs, nous vous demandons de d\u00e9clarer que vous prendrez des DEKA uniquement sous contr\u00f4le m\u00e9dicale.<\/p>\n<h2><a id=\"prescription\"><\/a>Puis-je commander des vitamines DEKAs sans ordonnance m\u00e9dicale?<\/h2>\n<p>Oui. Dans la boutique en ligne, vous pouvez commander sans ordonnance, mais les vitamines DEKAs doivent \u00eatre prises sous surveillance m\u00e9dicale, vous devez donc en faire part \u00e0 votre m\u00e9decin et\/ou di\u00e9t\u00e9ticien.<\/p>\n","protected":false},"excerpt":{"rendered":"<div class=\"entry-summary\">\n<div class=\"entry-summary\">\nComment et o\u00f9 puis-je me procurer les vitamines DEKAs? Quels sont les codes CUP des vitamines DEKAs vitamins? Quels sont les frais d\u2019exp\u00e9dition des vitamines DEKAs? Quelles sont les remises sur volume offertes par DEKAsvitamines? Quel sont les taux de&hellip;\n<\/div>\n<div class=\"link-more\"><a href=\"https:\/\/dekasvitamins.com\/fr\/questions-frequemment\/\" class=\"more-link\">Continue reading<span class=\"screen-reader-text\"> &ldquo;Questions&rdquo;<\/span>&hellip;<\/a><\/div>\n<\/div>\n<div class=\"link-more\"><a href=\"https:\/\/dekasvitamins.com\/fr\/questions-frequemment\/\" class=\"more-link\">Continue reading<span class=\"screen-reader-text\"> &ldquo;Questions&rdquo;<\/span>&hellip;<\/a><\/div>\n","protected":false},"author":2,"featured_media":0,"parent":0,"menu_order":3,"comment_status":"closed","ping_status":"closed","template":"templates\/no-intro.php","meta":{"footnotes":""},"class_list":["post-7101","page","type-page","status-publish","hentry","entry"],"_links":{"self":[{"href":"https:\/\/dekasvitamins.com\/fr\/wp-json\/wp\/v2\/pages\/7101","targetHints":{"allow":["GET"]}}],"collection":[{"href":"https:\/\/dekasvitamins.com\/fr\/wp-json\/wp\/v2\/pages"}],"about":[{"href":"https:\/\/dekasvitamins.com\/fr\/wp-json\/wp\/v2\/types\/page"}],"author":[{"embeddable":true,"href":"https:\/\/dekasvitamins.com\/fr\/wp-json\/wp\/v2\/users\/2"}],"replies":[{"embeddable":true,"href":"https:\/\/dekasvitamins.com\/fr\/wp-json\/wp\/v2\/comments?post=7101"}],"version-history":[{"count":38,"href":"https:\/\/dekasvitamins.com\/fr\/wp-json\/wp\/v2\/pages\/7101\/revisions"}],"predecessor-version":[{"id":17866,"href":"https:\/\/dekasvitamins.com\/fr\/wp-json\/wp\/v2\/pages\/7101\/revisions\/17866"}],"wp:attachment":[{"href":"https:\/\/dekasvitamins.com\/fr\/wp-json\/wp\/v2\/media?parent=7101"}],"curies":[{"name":"wp","href":"https:\/\/api.w.org\/{rel}","templated":true}]}}