{"id":7095,"date":"2018-03-23T16:22:13","date_gmt":"2018-03-23T15:22:13","guid":{"rendered":"https:\/\/dekasvitamins.com\/sur\/"},"modified":"2022-12-05T11:24:58","modified_gmt":"2022-12-05T10:24:58","slug":"sur","status":"publish","type":"page","link":"https:\/\/dekasvitamins.com\/fr\/sur\/","title":{"rendered":"Qui sommes-nous"},"content":{"rendered":"<blockquote><p>Nous voulons que les vitamines m\u00e9dicales soient largement disponibles pour ceux qui en ont vraiment besoin. Nous voulons \u00e9galement faciliter la prise quotidienne de vitamines par les patients.<\/p><\/blockquote>\n<p><strong>DEKAsvitamins.com <\/strong>d\u00e9veloppe les vitamines DEKAs tout-en-un. Les vitamines DEKAs tout-en-un \u00a0sont bas\u00e9es sur une technologie d&rsquo;administration test\u00e9e cliniquement qui am\u00e9liore l&rsquo;absorption des vitamines liposolubles.\u00a0 Les vitamines DEKAs liposolubles tout-en-un\u00a0 ont \u00e9t\u00e9 sp\u00e9cialement d\u00e9velopp\u00e9es pour les patients qui ont des difficult\u00e9s \u00e0 absorber les vitamines liposolubles, comme les patients atteints de fibrose kystique, de maladie de foie cholestatique ou apr\u00e8s une chirurgie bariatrique. DEKAs est fabriqu\u00e9 aux Etats-Unis par <strong>Callion Pharma<\/strong>. Les vitamines DEKA sont largement disponibles en Am\u00e9rique et en Europe.<br \/>\nEn Europe DEKAs est un <em>denr\u00e9e alimentaire destin\u00e9e \u00e0 des fins m\u00e9dicales sp\u00e9ciales<\/em> et doit \u00a0\u00eatre utilis\u00e9 uniquement sous contr\u00f4le m\u00e9dical.<\/p>\n<h2>L\u2019\u00e9quipe de DEKAsvitamins.com<\/h2>\n<p>Comme beaucoup de bonnes choses, les vitamines DEKAs sont n\u00e9es du travail r\u00e9alis\u00e9 par une \u00e9quipe. L&rsquo;\u00e9quipe de <strong>DEKAvitamins.com<\/strong> comprend des professionnels exp\u00e9riment\u00e9s au service de la communaut\u00e9 de la muco depuis de nombreuses ann\u00e9es.<\/p>\n<h2><img loading=\"lazy\" decoding=\"async\" class=\"alignleft size-medium wp-image-4767\" src=\"http:\/\/dekasvitamins.com\/wp-content\/uploads\/2018\/01\/14bewerkt-200x300.jpg\" alt=\"\" width=\"200\" height=\"300\" \/><\/h2>\n<p class=\"h3\">Roberto Jongejan, M\u00e9decin, Doctorat<\/p>\n<p>Roberto Jongejan a \u00e9tudi\u00e9 la m\u00e9decine \u00e0 Amsterdam (Pays-Bas) et a obtenu son doctorat en pharmacologie pulmonaire des d\u00e9partements de pneumologie p\u00e9diatrique et de pharmacologie \u00e0 Rotterdam (Pays-Bas). Il a consacr\u00e9 sa carri\u00e8re \u00e0 des approches novatrices dans le domaine des soins de sant\u00e9 et \u00e0 la r\u00e9invention des m\u00e9dicaments. Il a travaill\u00e9 en m\u00e9decine de la fibrose kystique au cours des 13 derni\u00e8res ann\u00e9es et a \u00e9t\u00e9 surpris qu&rsquo;AquADEKs ne soit plus disponible en Europe.<\/p>\n<p><em>\u201cUne bonne nutrition est importante chez les patients pr\u00e9sentant une malabsorption des vitamines. Les lignes directrices en mati\u00e8re de traitement sont claires \u00e0 cet \u00e9gard. De plus, le traitement de la muco ou de la maladie cholestatique du foie est fastidieux. Et l&rsquo;observance chez les patients apr\u00e8s une chirurgie bariatrique est un d\u00e9fi de tous les jours. Il est donc tr\u00e8s important de faciliter la prise quotidienne de vitamines pour les patients.\u201d<\/em><\/p>\n<h2><img loading=\"lazy\" decoding=\"async\" src=\"http:\/\/dekasvitamins.com\/wp-content\/uploads\/2020\/03\/Simon-Deck-uitsnede.jpg\" alt=\"\" width=\"200\" height=\"292\" \/><\/h2>\n<p class=\"h3\">Simon Deck<\/p>\n<p>Simon Deck a \u00e9tudi\u00e9 \u00e0 \u00c9dimbourg, puis a d\u00e9but\u00e9 sa carri\u00e8re dans l&rsquo;industrie alimentaire et les industries agricoles. Il a travaill\u00e9 dans le secteur pharmaceutique, pendant plus de 30 ans, dans des postes de vente, de marketing et de gestion. Depuis 2001, il est actif dans les domaines de la pneumologie et de la mucoviscidose. R\u00e9cemment impliqu\u00e9 dans le secteur des aliments \u00e0 des fins m\u00e9dicales sp\u00e9ciales, il remet en question la disponibilit\u00e9 limit\u00e9e de vitamines cliniquement r\u00e9f\u00e9renc\u00e9es et la pratique accept\u00e9e de prendre plusieurs vitamines et pr\u00e9parations min\u00e9rales individuelles. Il existe clairement un besoin de r\u00e9duire et de simplifier les apports quotidiens pour am\u00e9liorer l&rsquo;observance du traitement, ce qui am\u00e9liorera l&rsquo;\u00e9tat de sant\u00e9.<\/p>\n<p><em>\u00ab\u00a0Je trouve fascinante la nature complexe de la gestion di\u00e9t\u00e9tique de la fibrose kystique, des soins post-bariatriques et de la maladie cholestatique du foie. L&rsquo;importance de l&rsquo;observance et d&rsquo;un r\u00e9gime appropri\u00e9 en vitamines et min\u00e9raux ne peut pas \u00eatre surestim\u00e9e. Les multivitamines tout-en-un conformes aux lignes directrices et cliniquement prouv\u00e9es de DEKAs sont d&rsquo;une importance capitale pour obtenir de meilleurs r\u00e9sultats nutritionnels conduisant \u00e0 un meilleur \u00e9tat de sant\u00e9.\u00a0\u00bb<\/em><\/p>\n<h2><img loading=\"lazy\" decoding=\"async\" class=\"alignleft size-medium wp-image-4784\" src=\"http:\/\/dekasvitamins.com\/wp-content\/uploads\/2018\/01\/MD-9587-200x300.jpg\" alt=\"\" width=\"200\" height=\"300\" \/><\/h2>\n<p class=\"h3\">Dirk Krause, M\u00e9decin, Pharmacie<\/p>\n<p>Dirk Krause a \u00e9tudi\u00e9 la m\u00e9decine \u00e0 Berlin et la pharmacie \u00e0 Mayence (Allemagne). Il a travaill\u00e9 en oncologie clinique et a une volont\u00e9 inh\u00e9rente de fournir un soutien aux patients dans le besoin. Au cours de ses presque 10 ann\u00e9es de travail dans la communaut\u00e9 de la fibrose kystique (FK) en Allemagne et en Autriche, il a \u00e9t\u00e9 surpris par\u00a0 le travail qu&rsquo;il reste \u00e0 faire pour informer les payeurs de l&rsquo;importance de l&rsquo;approvisionnement en vitamines pour les patients atteints de la muco, alors que c&rsquo;est un fait public dans la communaut\u00e9 m\u00e9dicale.<\/p>\n<p><em>\u201cAvec sa technologie des micelles sp\u00e9cialement con\u00e7ue, les <strong>vitamines<\/strong> <strong>DEKAs <\/strong>offre un avantage significatif en assurant les avantages d&rsquo;un statut vitaminique conforme aux directives pour les patients souffrant de malabsorption des vitamines. Quelque chose \u00e0 soutenir de tout c\u0153ur!\u201d<\/em><\/p>\n<script>\nvar gform;gform||(document.addEventListener(\"gform_main_scripts_loaded\",function(){gform.scriptsLoaded=!0}),document.addEventListener(\"gform\/theme\/scripts_loaded\",function(){gform.themeScriptsLoaded=!0}),window.addEventListener(\"DOMContentLoaded\",function(){gform.domLoaded=!0}),gform={domLoaded:!1,scriptsLoaded:!1,themeScriptsLoaded:!1,isFormEditor:()=>\"function\"==typeof InitializeEditor,callIfLoaded:function(o){return!(!gform.domLoaded||!gform.scriptsLoaded||!gform.themeScriptsLoaded&&!gform.isFormEditor()||(gform.isFormEditor()&&console.warn(\"The use of gform.initializeOnLoaded() is deprecated in the form editor context and will be removed in Gravity Forms 3.1.\"),o(),0))},initializeOnLoaded:function(o){gform.callIfLoaded(o)||(document.addEventListener(\"gform_main_scripts_loaded\",()=>{gform.scriptsLoaded=!0,gform.callIfLoaded(o)}),document.addEventListener(\"gform\/theme\/scripts_loaded\",()=>{gform.themeScriptsLoaded=!0,gform.callIfLoaded(o)}),window.addEventListener(\"DOMContentLoaded\",()=>{gform.domLoaded=!0,gform.callIfLoaded(o)}))},hooks:{action:{},filter:{}},addAction:function(o,r,e,t){gform.addHook(\"action\",o,r,e,t)},addFilter:function(o,r,e,t){gform.addHook(\"filter\",o,r,e,t)},doAction:function(o){gform.doHook(\"action\",o,arguments)},applyFilters:function(o){return gform.doHook(\"filter\",o,arguments)},removeAction:function(o,r){gform.removeHook(\"action\",o,r)},removeFilter:function(o,r,e){gform.removeHook(\"filter\",o,r,e)},addHook:function(o,r,e,t,n){null==gform.hooks[o][r]&&(gform.hooks[o][r]=[]);var d=gform.hooks[o][r];null==n&&(n=r+\"_\"+d.length),gform.hooks[o][r].push({tag:n,callable:e,priority:t=null==t?10:t})},doHook:function(r,o,e){var t;if(e=Array.prototype.slice.call(e,1),null!=gform.hooks[r][o]&&((o=gform.hooks[r][o]).sort(function(o,r){return o.priority-r.priority}),o.forEach(function(o){\"function\"!=typeof(t=o.callable)&&(t=window[t]),\"action\"==r?t.apply(null,e):e[0]=t.apply(null,e)})),\"filter\"==r)return e[0]},removeHook:function(o,r,t,n){var e;null!=gform.hooks[o][r]&&(e=(e=gform.hooks[o][r]).filter(function(o,r,e){return!!(null!=n&&n!=o.tag||null!=t&&t!=o.priority)}),gform.hooks[o][r]=e)}});\n<\/script>\n\n                <div class='gf_browser_gecko gform_wrapper gform_legacy_markup_wrapper gform-theme--no-framework' data-form-theme='legacy' data-form-index='0' id='gform_wrapper_1' >\n                        <div class='gform_heading'>\n                            <h3 class=\"gform_title\">Contact Us<\/h3>\n                            <p class='gform_description'><\/p>\n                        <\/div><form method='post' enctype='multipart\/form-data'  id='gform_1'  action='\/fr\/wp-json\/wp\/v2\/pages\/7095' data-formid='1' novalidate>\n                        <div class='gform-body gform_body'><ul id='gform_fields_1' class='gform_fields top_label form_sublabel_below description_below validation_below'><li id=\"field_1_6\" class=\"gfield gfield--type-honeypot gform_validation_container field_sublabel_below gfield--has-description field_description_below field_validation_below gfield_visibility_visible\"  ><label class='gfield_label gform-field-label' for='input_1_6'>Facebook<\/label><div class='ginput_container'><input name='input_6' id='input_1_6' type='text' value='' autocomplete='new-password'\/><\/div><div class='gfield_description' id='gfield_description_1_6'>Ce champ n\u2019est utilis\u00e9 qu\u2019\u00e0 des fins de validation et devrait rester inchang\u00e9.<\/div><\/li><li id=\"field_1_5\" class=\"gfield gfield--type-name gfield_contains_required field_sublabel_below gfield--no-description field_description_below field_validation_below gfield_visibility_visible\"  ><label class='gfield_label gform-field-label gfield_label_before_complex' >Name<span class=\"gfield_required\"><span class=\"gfield_required gfield_required_asterisk\">*<\/span><\/span><\/label><div class='ginput_complex ginput_container ginput_container--name no_prefix has_first_name no_middle_name has_last_name no_suffix gf_name_has_2 ginput_container_name gform-grid-row' id='input_1_5'>\n                            \n                            <span id='input_1_5_3_container' class='name_first gform-grid-col gform-grid-col--size-auto' >\n                                                    <input type='text' name='input_5.3' id='input_1_5_3' value=''   aria-required='true'     \/>\n                                                    <label for='input_1_5_3' class='gform-field-label gform-field-label--type-sub '>Pr\u00e9nom<\/label>\n                                                <\/span>\n                            \n                            <span id='input_1_5_6_container' class='name_last gform-grid-col gform-grid-col--size-auto' >\n                                                    <input type='text' name='input_5.6' id='input_1_5_6' value=''   aria-required='true'     \/>\n                                                    <label for='input_1_5_6' class='gform-field-label gform-field-label--type-sub '>Nom<\/label>\n                                                <\/span>\n                            \n                        <\/div><\/li><li id=\"field_1_4\" class=\"gfield gfield--type-email gfield_contains_required field_sublabel_below gfield--no-description field_description_below field_validation_below gfield_visibility_visible\"  ><label class='gfield_label gform-field-label' for='input_1_4'>Email<span class=\"gfield_required\"><span class=\"gfield_required gfield_required_asterisk\">*<\/span><\/span><\/label><div class='ginput_container ginput_container_email'>\n                            <input name='input_4' id='input_1_4' type='email' value='' class='medium'    aria-required=\"true\" aria-invalid=\"false\"  \/>\n                        <\/div><\/li><li id=\"field_1_3\" class=\"gfield gfield--type-textarea gfield_contains_required field_sublabel_below gfield--no-description field_description_below field_validation_below gfield_visibility_visible\"  ><label class='gfield_label gform-field-label' for='input_1_3'>Message<span class=\"gfield_required\"><span class=\"gfield_required gfield_required_asterisk\">*<\/span><\/span><\/label><div class='ginput_container ginput_container_textarea'><textarea name='input_3' id='input_1_3' class='textarea medium'     aria-required=\"true\" aria-invalid=\"false\"   rows='10' cols='50'><\/textarea><\/div><\/li><\/ul><\/div>\n        <div class='gform-footer gform_footer top_label'> <input type='submit' id='gform_submit_button_1' class='gform_button button' onclick='gform.submission.handleButtonClick(this);' data-submission-type='submit' value='Soumettre'  \/> \n            <input type='hidden' class='gform_hidden' name='gform_submission_method' data-js='gform_submission_method_1' value='postback' \/>\n            <input type='hidden' class='gform_hidden' name='gform_theme' data-js='gform_theme_1' id='gform_theme_1' value='legacy' \/>\n            <input type='hidden' class='gform_hidden' name='gform_style_settings' data-js='gform_style_settings_1' id='gform_style_settings_1' value='[]' \/>\n            <input type='hidden' class='gform_hidden' name='is_submit_1' value='1' \/>\n            <input type='hidden' class='gform_hidden' name='gform_submit' value='1' \/>\n            \n            <input type='hidden' class='gform_hidden' name='gform_currency' data-currency='EUR' value='ecEWSLDHwK0wXZxpNCarSeIUA\/TuOvIWqSwDdx675zKRR2YhKViUH4qWgA6m5LkQkSKYw7jKHwbhT10bVeskzogvykjhb6Kfr5rdiGMq++VdMy4=' \/>\n            <input type='hidden' class='gform_hidden' name='gform_unique_id' value='' \/>\n            <input type='hidden' class='gform_hidden' name='state_1' value='WyJbXSIsIjkwNTVkMGE1OWNmN2Q5YWE0OGVlNmViZmFjYjg0ZWYxIl0=' \/>\n            <input type='hidden' autocomplete='off' class='gform_hidden' name='gform_target_page_number_1' id='gform_target_page_number_1' value='0' \/>\n            <input type='hidden' autocomplete='off' class='gform_hidden' name='gform_source_page_number_1' id='gform_source_page_number_1' value='1' \/>\n            <input type='hidden' name='gform_field_values' value='' \/>\n            \n        <\/div>\n                        <p style=\"display: none !important;\" class=\"akismet-fields-container\" data-prefix=\"ak_\"><label>&#916;<textarea name=\"ak_hp_textarea\" cols=\"45\" rows=\"8\" maxlength=\"100\"><\/textarea><\/label><input type=\"hidden\" id=\"ak_js_1\" name=\"ak_js\" value=\"195\"\/><script>document.getElementById( \"ak_js_1\" ).setAttribute( \"value\", ( new Date() ).getTime() );<\/script><\/p><\/form>\n                        <\/div><script>\ngform.initializeOnLoaded( function() {gformInitSpinner( 1, 'https:\/\/dekasvitamins.com\/wp-content\/plugins\/gravityforms\/images\/spinner.svg', true );jQuery('#gform_ajax_frame_1').on('load',function(){var contents = jQuery(this).contents().find('*').html();var is_postback = contents.indexOf('GF_AJAX_POSTBACK') >= 0;if(!is_postback){return;}var form_content = jQuery(this).contents().find('#gform_wrapper_1');var is_confirmation = jQuery(this).contents().find('#gform_confirmation_wrapper_1').length > 0;var is_redirect = contents.indexOf('gformRedirect(){') >= 0;var is_form = form_content.length > 0 && ! is_redirect && ! is_confirmation;var mt = parseInt(jQuery('html').css('margin-top'), 10) + parseInt(jQuery('body').css('margin-top'), 10) + 100;if(is_form){jQuery('#gform_wrapper_1').html(form_content.html());if(form_content.hasClass('gform_validation_error')){jQuery('#gform_wrapper_1').addClass('gform_validation_error');} else {jQuery('#gform_wrapper_1').removeClass('gform_validation_error');}setTimeout( function() { \/* delay the scroll by 50 milliseconds to fix a bug in chrome *\/  }, 50 );if(window['gformInitDatepicker']) {gformInitDatepicker();}if(window['gformInitPriceFields']) {gformInitPriceFields();}var current_page = jQuery('#gform_source_page_number_1').val();gformInitSpinner( 1, 'https:\/\/dekasvitamins.com\/wp-content\/plugins\/gravityforms\/images\/spinner.svg', true );jQuery(document).trigger('gform_page_loaded', [1, current_page]);window['gf_submitting_1'] = false;}else if(!is_redirect){var confirmation_content = jQuery(this).contents().find('.GF_AJAX_POSTBACK').html();if(!confirmation_content){confirmation_content = contents;}jQuery('#gform_wrapper_1').replaceWith(confirmation_content);jQuery(document).trigger('gform_confirmation_loaded', [1]);window['gf_submitting_1'] = false;wp.a11y.speak(jQuery('#gform_confirmation_message_1').text());}else{jQuery('#gform_1').append(contents);if(window['gformRedirect']) {gformRedirect();}}jQuery(document).trigger(\"gform_pre_post_render\", [{ formId: \"1\", currentPage: \"current_page\", abort: function() { this.preventDefault(); } }]);        if (event && event.defaultPrevented) {                return;        }        const gformWrapperDiv = document.getElementById( \"gform_wrapper_1\" );        if ( gformWrapperDiv ) {            const visibilitySpan = document.createElement( \"span\" );            visibilitySpan.id = \"gform_visibility_test_1\";            gformWrapperDiv.insertAdjacentElement( \"afterend\", visibilitySpan );        }        const visibilityTestDiv = document.getElementById( \"gform_visibility_test_1\" );        let postRenderFired = false;        function triggerPostRender() {            if ( postRenderFired ) {                return;            }            postRenderFired = true;            gform.core.triggerPostRenderEvents( 1, current_page );            if ( visibilityTestDiv ) {                visibilityTestDiv.parentNode.removeChild( visibilityTestDiv );            }        }        function debounce( func, wait, immediate ) {            var timeout;            return function() {                var context = this, args = arguments;                var later = function() {                    timeout = null;                    if ( !immediate ) func.apply( context, args );                };                var callNow = immediate && !timeout;                clearTimeout( timeout );                timeout = setTimeout( later, wait );                if ( callNow ) func.apply( context, args );            };        }        const debouncedTriggerPostRender = debounce( function() {            triggerPostRender();        }, 200 );        if ( visibilityTestDiv && visibilityTestDiv.offsetParent === null ) {            const observer = new MutationObserver( ( mutations ) => {                mutations.forEach( ( mutation ) => {                    if ( mutation.type === 'attributes' && visibilityTestDiv.offsetParent !== null ) {                        debouncedTriggerPostRender();                        observer.disconnect();                    }                });            });            observer.observe( document.body, {                attributes: true,                childList: false,                subtree: true,                attributeFilter: [ 'style', 'class' ],            });        } else {            triggerPostRender();        }    } );} );\n<\/script>\n\n<h2>Notre partenaire Callion Pharma<\/h2>\n<p>L\u2019\u00e9quipe de <strong>Callion Pharma<\/strong> poss\u00e8de une grande exp\u00e9rience dans la formulation de pr\u00e9parations vitaminiques pour les maladies de malabsorption telles que la fibrose kystique, la maladie cholestatique du foie et la chirurgie bariatrique. Il inclut les principes de Yasoo Health qui a d\u00e9velopp\u00e9 <strong>AquADEKs<\/strong>.<\/p>\n<h2><img loading=\"lazy\" decoding=\"async\" class=\"alignleft size-full wp-image-6600\" src=\"http:\/\/dekasvitamins.com\/wp-content\/uploads\/2018\/02\/Gus-Papas.jpg\" alt=\"\" width=\"199\" height=\"199\" \/><\/h2>\n<h3>Konstantinos (Gus) Papas, M\u00e9decin, MPH<\/h3>\n<p>Dr. Papas est le pr\u00e9sident de <strong>Callion Pharma<\/strong>. Il est un m\u00e9decin de m\u00e9decine interne certifi\u00e9 par le conseil d&rsquo;administration et s&rsquo;int\u00e9resse \u00e0 la malabsorption des vitamines liposolubles. Il a obtenu son dipl\u00f4me de m\u00e9decine \u00e0 l&rsquo;Universit\u00e9 de Caroline du Nord \u00e0 Chapel Hill (USA) et a effectu\u00e9 sa r\u00e9sidence en m\u00e9decine interne \u00e0 Stanford. En tant que vice-pr\u00e9sident des affaires m\u00e9dicales chez Yasoo Health, il a d\u00e9velopp\u00e9 des produits nutritionnels pour pallier les carences en vitamines. Il a con\u00e7u, ex\u00e9cut\u00e9 et supervis\u00e9 des \u00e9tudes cliniques qui ont valid\u00e9 l&rsquo;efficacit\u00e9 clinique de ces produits, ce qui a donn\u00e9 lieu \u00e0 des publications. Il a pr\u00e9sent\u00e9 ses conclusions \u00e0 la North American Society for Pediatric Gastroenterology, Hepatology and Nutrition, \u00e0 la North American Cystic Fibrosis Conference, \u00e0 l&rsquo;American Society for Metabolic &amp; Bariatric Surgery et \u00e0 de multiples cliniques de fibrose kystique.<\/p>\n<p><img loading=\"lazy\" decoding=\"async\" class=\"alignleft size-medium wp-image-7096\" src=\"http:\/\/dekasvitamins.com\/wp-content\/uploads\/2016\/04\/callion-pharma-300x92.png\" alt=\"\" width=\"300\" height=\"92\" srcset=\"https:\/\/dekasvitamins.com\/wp-content\/uploads\/2016\/04\/callion-pharma-300x92.png 300w, https:\/\/dekasvitamins.com\/wp-content\/uploads\/2016\/04\/callion-pharma-510x156.png 510w, https:\/\/dekasvitamins.com\/wp-content\/uploads\/2016\/04\/callion-pharma.png 562w\" sizes=\"auto, (max-width: 300px) 100vw, 300px\" \/>La qualit\u00e9 et les efforts r\u00e9glementaires font partie int\u00e9grante du partenariat entre <strong>Callion Pharma<\/strong> et\u00a0<strong>DEKAsvitamins<\/strong>. Tous les produits sont fabriqu\u00e9s dans des installations de fabrication hautement r\u00e9put\u00e9es aux \u00c9tats-Unis, conform\u00e9ment aux normes de bonnes pratiques de fabrication (BPF). Le lancement final des produits DEKAs, y compris l&rsquo;examen de la fabrication et les essais de lib\u00e9ration, sont effectu\u00e9s par <strong>Callion Pharma<\/strong>. <strong>Callion Pharma<\/strong> et\u00a0<strong>DEKAsvitamins\u00a0<\/strong>s\u2019occupent \u00e9galement d&rsquo;obtenir les autorisations n\u00e9cessaires pour commercialiser les produits DEKA dans de nombreux pays. Cela exige un engagement et des investissements importants, mais ces produits importants seront mis \u00e0 la disposition d&rsquo;un plus grand nombre de patients dans le monde entier. Et c&rsquo;est exactement ce que nous voulons !<\/p>\n","protected":false},"excerpt":{"rendered":"<div class=\"entry-summary\">\n<div class=\"entry-summary\">\nNous voulons que les vitamines m\u00e9dicales soient largement disponibles pour ceux qui en ont vraiment besoin. Nous voulons \u00e9galement faciliter la prise quotidienne de vitamines par les patients. DEKAsvitamins.com d\u00e9veloppe les vitamines DEKAs tout-en-un. Les vitamines DEKAs tout-en-un \u00a0sont bas\u00e9es&hellip;\n<\/div>\n<div class=\"link-more\"><a href=\"https:\/\/dekasvitamins.com\/fr\/sur\/\" class=\"more-link\">Continue reading<span class=\"screen-reader-text\"> &ldquo;Qui sommes-nous&rdquo;<\/span>&hellip;<\/a><\/div>\n<\/div>\n<div class=\"link-more\"><a href=\"https:\/\/dekasvitamins.com\/fr\/sur\/\" class=\"more-link\">Continue reading<span class=\"screen-reader-text\"> &ldquo;Qui sommes-nous&rdquo;<\/span>&hellip;<\/a><\/div>\n","protected":false},"author":2,"featured_media":0,"parent":0,"menu_order":1,"comment_status":"closed","ping_status":"closed","template":"templates\/no-intro.php","meta":{"footnotes":""},"class_list":["post-7095","page","type-page","status-publish","hentry","entry"],"_links":{"self":[{"href":"https:\/\/dekasvitamins.com\/fr\/wp-json\/wp\/v2\/pages\/7095","targetHints":{"allow":["GET"]}}],"collection":[{"href":"https:\/\/dekasvitamins.com\/fr\/wp-json\/wp\/v2\/pages"}],"about":[{"href":"https:\/\/dekasvitamins.com\/fr\/wp-json\/wp\/v2\/types\/page"}],"author":[{"embeddable":true,"href":"https:\/\/dekasvitamins.com\/fr\/wp-json\/wp\/v2\/users\/2"}],"replies":[{"embeddable":true,"href":"https:\/\/dekasvitamins.com\/fr\/wp-json\/wp\/v2\/comments?post=7095"}],"version-history":[{"count":7,"href":"https:\/\/dekasvitamins.com\/fr\/wp-json\/wp\/v2\/pages\/7095\/revisions"}],"predecessor-version":[{"id":15882,"href":"https:\/\/dekasvitamins.com\/fr\/wp-json\/wp\/v2\/pages\/7095\/revisions\/15882"}],"wp:attachment":[{"href":"https:\/\/dekasvitamins.com\/fr\/wp-json\/wp\/v2\/media?parent=7095"}],"curies":[{"name":"wp","href":"https:\/\/api.w.org\/{rel}","templated":true}]}}