{"id":7081,"date":"2018-03-23T16:00:02","date_gmt":"2018-03-23T15:00:02","guid":{"rendered":"https:\/\/dekasvitamins.com\/vitamines\/"},"modified":"2026-04-16T16:07:56","modified_gmt":"2026-04-16T14:07:56","slug":"vitamines","status":"publish","type":"page","link":"https:\/\/dekasvitamins.com\/fr\/vitamines\/","title":{"rendered":"La Technologie DEKAs"},"content":{"rendered":"<h2 class=\"block-editor-rich-text__editable editor-rich-text__editable\" role=\"textbox\" contenteditable=\"true\" aria-multiline=\"true\" data-is-placeholder-visible=\"false\" aria-label=\"Write heading\u2026\" aria-autocomplete=\"list\">Suppl\u00e9ments multivitamin\u00e9s et min\u00e9raux tout-en-un<\/h2>\n<figure><strong>Les Vitamines DEKAs offrent une s\u00e9rie de pr\u00e9parations multivitamin\u00e9es et min\u00e9rales sp\u00e9cialement con\u00e7ues pour am\u00e9liorer l&rsquo;absorption des vitamines chez les patients atteints de fibrose kystique, les patients ayant subi une chirurgie bariatrique et les patients atteints d&rsquo;une maladie cholestatique du foie.<\/strong><\/figure>\n<figure><strong>La technologie d&rsquo;absorption utilis\u00e9e est bas\u00e9e sur l&#8217;emballage des vitamines liposolubles dans des emballages hydrosolubles (micelles). Notre technologie est conforme aux lignes directrices et a fait l&rsquo;objet de tests cliniques.<\/strong><iframe loading=\"lazy\" src=\"\/\/www.youtube.com\/embed\/7Tbi1bzV8hY\" width=\"560\" height=\"315\" frameborder=\"0\" allowfullscreen=\"allowfullscreen\"><\/iframe><\/figure>\n<h2>Technologie d&rsquo;administration de vitamines liposolubles DEKAs<\/h2>\n<p><a href=\"http:\/\/dekasvitamins.com\/wp-content\/uploads\/2017\/10\/absorption-micelle-1.jpg\"><img loading=\"lazy\" decoding=\"async\" class=\"wp-image-3546 size-medium alignright\" src=\"http:\/\/dekasvitamins.com\/wp-content\/uploads\/2017\/10\/absorption-micelle-1-300x241.jpg\" alt=\"\" width=\"300\" height=\"241\" srcset=\"https:\/\/dekasvitamins.com\/wp-content\/uploads\/2017\/10\/absorption-micelle-1-300x241.jpg 300w, https:\/\/dekasvitamins.com\/wp-content\/uploads\/2017\/10\/absorption-micelle-1.jpg 378w\" sizes=\"auto, (max-width: 300px) 100vw, 300px\" \/><\/a><\/p>\n<p>Certains nutriments, tels que les vitamines D, E, K et A sont des huiles telles qu&rsquo;on les trouve dans la nature. On les appelle souvent les nutriments solubles dans l&rsquo;huile ou les nutriments solubles dans la graisse. Les nutriments liposolubles ne peuvent pas \u00eatre directement absorb\u00e9s et utilis\u00e9s par votre corps. Il faut d&rsquo;abord les faire m\u00e9langer (\u00e9mulsifier) dans de l&rsquo;eau dans votre syst\u00e8me digestif. Normalement, votre syst\u00e8me digestif accomplit cette \u00e9mulsification avec les enzymes de votre pancr\u00e9as et les sels biliaires de votre foie. Parfois, il y a un probl\u00e8me avec le syst\u00e8me digestif de sorte qu&rsquo;il y a un manque d&rsquo;enzymes et\/ou de sels biliaires n\u00e9cessaires pour \u00e9mulsifier ces nutriments. Cette condition est appel\u00e9e malabsorption.<\/p>\n<p><img loading=\"lazy\" decoding=\"async\" class=\"alignright wp-image-3480 size-medium\" src=\"http:\/\/dekasvitamins.com\/wp-content\/uploads\/2017\/10\/absorption-micelle-2-300x282.jpg\" alt=\"\" width=\"300\" height=\"282\" srcset=\"https:\/\/dekasvitamins.com\/wp-content\/uploads\/2017\/10\/absorption-micelle-2-300x282.jpg 300w, https:\/\/dekasvitamins.com\/wp-content\/uploads\/2017\/10\/absorption-micelle-2.jpg 357w\" sizes=\"auto, (max-width: 300px) 100vw, 300px\" \/><\/p>\n<p>La malabsorption entra\u00eene une r\u00e9duction de l&rsquo;absorption des vitamines D, E, K et A. Cela conduit souvent \u00e0 une carence de ces nutriments. En fin de compte, cela peut entra\u00eener des effets n\u00e9fastes, parfois graves, sur la sant\u00e9. Les produits DEKAs sont livr\u00e9s avec une technologie d&rsquo;administration qui aide \u00e0 surmonter le manque de sels biliaires et d&rsquo;enzymes pancr\u00e9atiques. Cette technologie \u00e9prouv\u00e9e en clinique aide \u00e0 \u00e9mulsifier les nutriments liposolubles dans l&rsquo;intestin afin qu&rsquo;ils puissent \u00eatre absorb\u00e9s malgr\u00e9 un manque de sels biliaires et\/ou d&rsquo;enzymes pancr\u00e9atiques.<\/p>\n<h2>R\u00e9f\u00e9rences en technologie d\u2019administration de DEKAs<\/h2>\n<ol>\n<li>Papas K, Kalbfleisch J, Mohon R. <a href=\"http:\/\/www.ncbi.nlm.nih.gov\/pubmed\/17216337\" target=\"_blank\" rel=\"noopener noreferrer\">Bioavailability of a novel, water-soluble vitamin E formulation in malabsorbing patients<\/a>. Dig Dis Sci. 2007 Feb;52(2):347-52.<\/li>\n<li>Papas KA, Sontag MK, Pardee C, Sokol RJ, <em>et al.<\/em> <a href=\"http:\/\/www.ncbi.nlm.nih.gov\/pubmed\/17569601\" target=\"_blank\" rel=\"noopener noreferrer\">A pilot study on the safety and efficacy of a novel antioxidant rich formulation in patients with cystic fibrosis<\/a>. J Cyst Fibros. 2007 Jun 12.<\/li>\n<li>Sagel, SD, Sontag MK, Anthony MM, Emmett P, Papas KA. <a href=\"http:\/\/www.ncbi.nlm.nih.gov\/pubmed\/20961818\" target=\"_blank\" rel=\"noopener noreferrer\">Effect of an antioxidant-rich multivitamin supplement in cystic fibrosis<\/a>. J Cyst Fibros. 2011;10:31-36.<\/li>\n<li>Perin J, Prokopowicz G, Furtado M, <em>et al.<\/em> <a href=\"https:\/\/doi.org\/10.1007\/s11695-018-3177-0\" target=\"_blank\" rel=\"noopener noreferrer\">A Randomized Trial of a Novel Chewable Multivitamin and Mineral Supplement Following Roux en-Y Gastric Bypass.<\/a> <em>Obesity Surgery <\/em>2018<\/li>\n<\/ol>\n","protected":false},"excerpt":{"rendered":"<div class=\"entry-summary\">\n<div class=\"entry-summary\">\nSuppl\u00e9ments multivitamin\u00e9s et min\u00e9raux tout-en-un Les Vitamines DEKAs offrent une s\u00e9rie de pr\u00e9parations multivitamin\u00e9es et min\u00e9rales sp\u00e9cialement con\u00e7ues pour am\u00e9liorer l&rsquo;absorption des vitamines chez les patients atteints de fibrose kystique, les patients ayant subi une chirurgie bariatrique et les patients&hellip;\n<\/div>\n<div class=\"link-more\"><a href=\"https:\/\/dekasvitamins.com\/fr\/vitamines\/\" class=\"more-link\">Continue reading<span class=\"screen-reader-text\"> &ldquo;La Technologie DEKAs&rdquo;<\/span>&hellip;<\/a><\/div>\n<\/div>\n<div class=\"link-more\"><a href=\"https:\/\/dekasvitamins.com\/fr\/vitamines\/\" class=\"more-link\">Continue reading<span class=\"screen-reader-text\"> &ldquo;La Technologie DEKAs&rdquo;<\/span>&hellip;<\/a><\/div>\n","protected":false},"author":1545,"featured_media":0,"parent":0,"menu_order":0,"comment_status":"closed","ping_status":"closed","template":"templates\/no-intro.php","meta":{"footnotes":""},"class_list":["post-7081","page","type-page","status-publish","hentry","entry"],"_links":{"self":[{"href":"https:\/\/dekasvitamins.com\/fr\/wp-json\/wp\/v2\/pages\/7081","targetHints":{"allow":["GET"]}}],"collection":[{"href":"https:\/\/dekasvitamins.com\/fr\/wp-json\/wp\/v2\/pages"}],"about":[{"href":"https:\/\/dekasvitamins.com\/fr\/wp-json\/wp\/v2\/types\/page"}],"author":[{"embeddable":true,"href":"https:\/\/dekasvitamins.com\/fr\/wp-json\/wp\/v2\/users\/1545"}],"replies":[{"embeddable":true,"href":"https:\/\/dekasvitamins.com\/fr\/wp-json\/wp\/v2\/comments?post=7081"}],"version-history":[{"count":11,"href":"https:\/\/dekasvitamins.com\/fr\/wp-json\/wp\/v2\/pages\/7081\/revisions"}],"predecessor-version":[{"id":18454,"href":"https:\/\/dekasvitamins.com\/fr\/wp-json\/wp\/v2\/pages\/7081\/revisions\/18454"}],"wp:attachment":[{"href":"https:\/\/dekasvitamins.com\/fr\/wp-json\/wp\/v2\/media?parent=7081"}],"curies":[{"name":"wp","href":"https:\/\/api.w.org\/{rel}","templated":true}]}}