{"id":7070,"date":"2018-03-23T15:40:27","date_gmt":"2018-03-23T14:40:27","guid":{"rendered":"https:\/\/dekasvitamins.com\/dekas-vitamines\/"},"modified":"2023-06-23T10:06:54","modified_gmt":"2023-06-23T08:06:54","slug":"dekas-vitamines","status":"publish","type":"page","link":"https:\/\/dekasvitamins.com\/fr\/","title":{"rendered":"Vitamines DEKAs"},"content":{"rendered":"\n\n\t<strong>Vitamines m\u00e9dicales tout-en-un DEKAs. Aide les patients \u00e0 am\u00e9liorer leur absorption de vitamines.<br \/>\n<\/strong>\n\t<p><a href=\"https:\/\/dekasvitamins.com\/fr\/vitamines\/dekas-mucoviscidose\/\" target=\"_blank\" rel=\"noopener\">Mucoviscidose \u00bb<\/a><\/p>\n\t<h5><a href=\"https:\/\/dekasvitamins.com\/fr\/technologie-dekas\/dekas-maladie-cholestatique-foie\/\" target=\"_blank\" rel=\"noopener\">MALADIE CHOLESTATIQUE DU FOIE\u00bb<\/a><\/h5>\n\t<h5><a href=\"https:\/\/dekasvitamins.com\/fr\/boutique\/\" target=\"_blank\" rel=\"noopener\">\u00e0 la boutique\u00a0\u00bb<\/a><\/h5>\n\t<p><strong>Les vitamines DEKAs <\/strong>sont riches en vitamines et min\u00e9raux. Elles sont enregistr\u00e9es comme denr\u00e9es alimentaires destin\u00e9es \u00e0 des fins m\u00e9dicales sp\u00e9ciales avec une technologie d&rsquo;administration test\u00e9e cliniquement qui am\u00e9liore l&rsquo;absorption des vitamines.<\/p>\n<p>Cette technologie a \u00e9t\u00e9 sp\u00e9cialement con\u00e7ue pour les patients atteints d&rsquo;affections m\u00e9dicales entra\u00eenant une malabsorption des vitamines D, E, K et A liposolubles. La technologie d&rsquo;administration de DEKA enveloppe les vitamines liposolubles et les micronutriments dans de petits emballages hydrosolubles (micelles).<\/p>\n<p>La technologie d&rsquo;administration de DEKA a \u00e9t\u00e9 test\u00e9e cliniquement dans les cas <strong>de Mucoviscidose<\/strong>, <strong>de Chirurgie Bariatrique <\/strong>et <strong>de maladie cholestatique du foie<\/strong>.<\/p>\n\t<iframe loading=\"lazy\" width=\"560\" height=\"315\" src=\"https:\/\/www.youtube.com\/embed\/7Tbi1bzV8hY\" frameborder=\"0\" allow=\"accelerometer; autoplay; clipboard-write; encrypted-media; gyroscope; picture-in-picture\" allowfullscreen><\/iframe>\n\t\t\t\t<img loading=\"lazy\" decoding=\"async\" src=\"https:\/\/dekasvitamins.com\/wp-content\/uploads\/2020\/09\/clinically-tested-FR.png\" alt=\"clinically tested FR\" itemprop=\"image\" height=\"452\" width=\"1006\" title=\"clinically tested FR\" onerror=\"this.style.display='none'\"  \/>\n\t<h2><img loading=\"lazy\" decoding=\"async\" src=\"https:\/\/dekasvitamins.com\/wp-content\/uploads\/2020\/03\/DEKAsCF-all-e1586428027840.png\" alt=\"\" width=\"300\" height=\"200\" \/>Nouveau! <strong>Remises<\/strong> pour les utilisateurs r\u00e9guliers<\/h2>\n<p>10% de r\u00e9duction globale sur les commandes de 5 unit\u00e9s ou plus. Toutes les combinaisons sont permises.<\/p>\n\t<h5><a href=\"https:\/\/dekasvitamins.com\/fr\/boutique\/\" target=\"_blank\" rel=\"noopener\">\u00e0 la boutique\u00a0\u00bb<\/a><\/h5>\n\t<h3>Pourquoi choisir les multivitamines tout-en-un de DEKAs?<\/h3>\n\t<ul>\n<li><strong>Technologie d&rsquo;administration test\u00e9e cliniquement<\/strong>&#8211; conduit \u00e0 une meilleure absorption des vitamines liposolubles, comme l&rsquo;ont d\u00e9montr\u00e9 les <a href=\"https:\/\/dekasvitamins.com\/fr\/vitamines\/\" target=\"_blank\" rel=\"noopener\">essais cliniques<\/a><\/li>\n<li><strong>Conforme aux lignes directrices<\/strong> &#8211; Adapt\u00e9 aux derni\u00e8res directives de gestion di\u00e9t\u00e9tique<\/li>\n<li><strong>Tout<\/strong>&#8211;<strong>en -un<\/strong> &#8211; combine des vitamines habituellement prises s\u00e9par\u00e9ment. Cela facilite l&rsquo;observance du traitement.<\/li>\n<li><strong>Simple<\/strong> &#8211; une fois par jour, le dosage facilite \u00e9galement l&rsquo;observance du traitement<\/li>\n<li><strong>Agr\u00e9able<\/strong> &#8211; composition soign\u00e9e pour obtenir un go\u00fbt optimal<\/li>\n<li><strong>Qualit\u00e9 sup\u00e9rieure<\/strong> &#8211; fabriqu\u00e9s aux \u00c9tats-Unis selon les &lsquo;bonnes pratiques de fabrication'(GMP).<\/li>\n<li><strong>Pure<\/strong> &#8211; sans porc, gluten, cas\u00e9ine, colorants artificiels ou organismes g\u00e9n\u00e9tiquement modifi\u00e9s.<\/li>\n<li><strong>Abordable<\/strong> &#8211; un flacon peut durer jusqu&rsquo;\u00e0 60 jours<\/li>\n<\/ul>\n\t\t\t\t<img decoding=\"async\" src=\"https:\/\/dekasvitamins.com\/wp-content\/uploads\/2019\/11\/DEKAS-maison.png\" alt=\"Dekas vitamines conforment aux lignes directrices\" itemprop=\"image\" title=\"DEKAS-maison\" onerror=\"this.style.display='none'\"  \/>\n\t<p><a href=\"https:\/\/dekasvitamins.com\/fr\/vitamines\/dekas-mucoviscidose\/\" target=\"_blank\" rel=\"noopener\">Mucoviscidose \u00bb<\/a><\/p>\n\t<h5><a href=\"https:\/\/dekasvitamins.com\/fr\/vitamines\/dekas-maladie-cholestatique-foie\/\" target=\"_blank\" rel=\"noopener\">MALADIE H\u00c9PATIQUE CHOLESTATIQUE \u00bb<\/a><\/h5>\n\t\t\t\t<img loading=\"lazy\" decoding=\"async\" src=\"https:\/\/dekasvitamins.com\/wp-content\/uploads\/2018\/01\/MD-9587-200x300.jpg\" alt=\"dekas vitamins Dirk Krause\" itemprop=\"image\" height=\"300\" width=\"200\" title=\"dekas vitamins Dirk Krause\" onerror=\"this.style.display='none'\"  \/>\n\t\t\t\t<img decoding=\"async\" src=\"https:\/\/dekasvitamins.com\/wp-content\/uploads\/2020\/03\/Simon-Deck-uitsnede-1-200x300.jpg\" alt=\"\" itemprop=\"image\" onerror=\"this.style.display='none'\"  \/>\n\t\t\t\t<img loading=\"lazy\" decoding=\"async\" src=\"https:\/\/dekasvitamins.com\/wp-content\/uploads\/2018\/01\/14bewerkt-200x300.jpg\" alt=\"dekas vitamins Roberto Jongejan\" itemprop=\"image\" height=\"300\" width=\"200\" title=\"dekas vitamins Roberto Jongejan\" onerror=\"this.style.display='none'\"  \/>\n\n","protected":false},"excerpt":{"rendered":"<div class=\"entry-summary\">\n<div class=\"entry-summary\">\nDEKAs Vitamins propose une s\u00e9rie de pr\u00e9parations multivitamin\u00e9es et min\u00e9rales sp\u00e9cialement con\u00e7ues pour une meilleure absorption des patients atteints de mucoviscidose, des patients ayant subi une chirurgie bariatrique et des patients atteints d&rsquo;une maladie h\u00e9patique cholestatique.\n<\/div>\n<div class=\"link-more\"><a href=\"https:\/\/dekasvitamins.com\/fr\/\" class=\"more-link\">Continue reading<span class=\"screen-reader-text\"> &ldquo;Vitamines DEKAs&rdquo;<\/span>&hellip;<\/a><\/div>\n<\/div>\n<div class=\"link-more\"><a href=\"https:\/\/dekasvitamins.com\/fr\/\" class=\"more-link\">Continue reading<span class=\"screen-reader-text\"> &ldquo;Vitamines DEKAs&rdquo;<\/span>&hellip;<\/a><\/div>\n","protected":false},"author":1545,"featured_media":0,"parent":0,"menu_order":0,"comment_status":"closed","ping_status":"closed","template":"templates\/no-intro.php","meta":{"footnotes":""},"class_list":["post-7070","page","type-page","status-publish","hentry","entry"],"_links":{"self":[{"href":"https:\/\/dekasvitamins.com\/fr\/wp-json\/wp\/v2\/pages\/7070","targetHints":{"allow":["GET"]}}],"collection":[{"href":"https:\/\/dekasvitamins.com\/fr\/wp-json\/wp\/v2\/pages"}],"about":[{"href":"https:\/\/dekasvitamins.com\/fr\/wp-json\/wp\/v2\/types\/page"}],"author":[{"embeddable":true,"href":"https:\/\/dekasvitamins.com\/fr\/wp-json\/wp\/v2\/users\/1545"}],"replies":[{"embeddable":true,"href":"https:\/\/dekasvitamins.com\/fr\/wp-json\/wp\/v2\/comments?post=7070"}],"version-history":[{"count":47,"href":"https:\/\/dekasvitamins.com\/fr\/wp-json\/wp\/v2\/pages\/7070\/revisions"}],"predecessor-version":[{"id":16589,"href":"https:\/\/dekasvitamins.com\/fr\/wp-json\/wp\/v2\/pages\/7070\/revisions\/16589"}],"wp:attachment":[{"href":"https:\/\/dekasvitamins.com\/fr\/wp-json\/wp\/v2\/media?parent=7070"}],"curies":[{"name":"wp","href":"https:\/\/api.w.org\/{rel}","templated":true}]}}