{"id":18149,"date":"2025-10-31T19:49:09","date_gmt":"2025-10-31T18:49:09","guid":{"rendered":"https:\/\/dekasvitamins.com\/downloads\/"},"modified":"2025-11-10T09:29:32","modified_gmt":"2025-11-10T08:29:32","slug":"downloads","status":"publish","type":"page","link":"https:\/\/dekasvitamins.com\/fr\/downloads\/","title":{"rendered":"T\u00e9l\u00e9chargements"},"content":{"rendered":"\n<h2>\n\t\t\tT\u00e9l\u00e9chargements\t<\/h2>\n\t<p><strong>La brochure de DEKAs, y compris l&rsquo;\u00e9tiquetage et les donn\u00e9es technico-r\u00e9glementaires.<\/strong><\/p>\n\t\t\t\t<a href=\"https:\/\/dekasvitamins.com\/wp-content\/uploads\/2025\/11\/2025-DEKAs-vitamins-All_in_One-FRA.pdf\"  target=\"_blank\" rel=\"noopener\"  itemprop=\"url\">\n\t\t\t\t<img decoding=\"async\" src=\"https:\/\/dekasvitamins.com\/wp-content\/uploads\/2025\/11\/DEKAs-brochure-Fra2025.png\" alt=\"DEKAs brochure Fra2025\" itemprop=\"image\" height=\"909\" width=\"641\" title=\"DEKAs brochure Fra2025\" onerror=\"this.style.display='none'\" loading=\"lazy\" \/>\n\t\t\t\t<\/a>\n\n","protected":false},"excerpt":{"rendered":"<div class=\"entry-summary\">\n<div class=\"entry-summary\">\nT\u00e9l\u00e9chargements La brochure de DEKAs, y compris l&rsquo;\u00e9tiquetage et les donn\u00e9es technico-r\u00e9glementaires.\n<\/div>\n<div class=\"link-more\"><a href=\"https:\/\/dekasvitamins.com\/fr\/downloads\/\" class=\"more-link\">Continue reading<span class=\"screen-reader-text\"> &ldquo;T\u00e9l\u00e9chargements&rdquo;<\/span>&hellip;<\/a><\/div>\n<\/div>\n<div class=\"link-more\"><a href=\"https:\/\/dekasvitamins.com\/fr\/downloads\/\" class=\"more-link\">Continue reading<span class=\"screen-reader-text\"> &ldquo;T\u00e9l\u00e9chargements&rdquo;<\/span>&hellip;<\/a><\/div>\n","protected":false},"author":1545,"featured_media":0,"parent":0,"menu_order":0,"comment_status":"closed","ping_status":"closed","template":"templates\/no-intro.php","meta":{"footnotes":""},"class_list":["post-18149","page","type-page","status-publish","hentry","entry"],"_links":{"self":[{"href":"https:\/\/dekasvitamins.com\/fr\/wp-json\/wp\/v2\/pages\/18149","targetHints":{"allow":["GET"]}}],"collection":[{"href":"https:\/\/dekasvitamins.com\/fr\/wp-json\/wp\/v2\/pages"}],"about":[{"href":"https:\/\/dekasvitamins.com\/fr\/wp-json\/wp\/v2\/types\/page"}],"author":[{"embeddable":true,"href":"https:\/\/dekasvitamins.com\/fr\/wp-json\/wp\/v2\/users\/1545"}],"replies":[{"embeddable":true,"href":"https:\/\/dekasvitamins.com\/fr\/wp-json\/wp\/v2\/comments?post=18149"}],"version-history":[{"count":3,"href":"https:\/\/dekasvitamins.com\/fr\/wp-json\/wp\/v2\/pages\/18149\/revisions"}],"predecessor-version":[{"id":18199,"href":"https:\/\/dekasvitamins.com\/fr\/wp-json\/wp\/v2\/pages\/18149\/revisions\/18199"}],"wp:attachment":[{"href":"https:\/\/dekasvitamins.com\/fr\/wp-json\/wp\/v2\/media?parent=18149"}],"curies":[{"name":"wp","href":"https:\/\/api.w.org\/{rel}","templated":true}]}}