{"id":13879,"date":"2021-10-02T17:50:31","date_gmt":"2021-10-02T15:50:31","guid":{"rendered":"https:\/\/dekasvitamins.com\/vitamines\/cf-new-fr\/"},"modified":"2025-05-15T17:00:42","modified_gmt":"2025-05-15T15:00:42","slug":"dekas-mucoviscidose","status":"publish","type":"page","link":"https:\/\/dekasvitamins.com\/fr\/vitamines\/dekas-mucoviscidose\/","title":{"rendered":"DEKAs en cas de mucoviscidose"},"content":{"rendered":"\n\n\t<h2>DEKAs pour les patients atteints de <strong>mucoviscidose<\/strong>. Une gamme de <strong>vitamines m\u00e9dicales tout-en-un<\/strong> pour les diff\u00e9rents groupes d&rsquo;\u00e2ge.<\/h2>\n<p>&nbsp;<\/p>\n\t\t\t<a href=\"#offer\" target=\"_self\">\n\t\t\t\t\t\t\tChoisissez votre <b>meilleure offre<\/b>\n\t\t\t\t\t<\/a>\n\t\t\t\t<img loading=\"lazy\" decoding=\"async\" src=\"https:\/\/dekasvitamins.com\/wp-content\/uploads\/2021\/09\/DEKAs-CFallandersom-1.png\" alt=\"DEKAs CFallandersom\" itemprop=\"image\" height=\"1875\" width=\"1875\" title=\"DEKAs CFallandersom\" onerror=\"this.style.display='none'\"  \/>\n\t<h3>Cliniquement prouv\u00e9<\/h3>\n<p>DEKAs et AquADEKs sont tous deux bas\u00e9s sur la technologie d&rsquo;absorption cliniquement prouv\u00e9e pour augmenter l&rsquo;absorption de vitamines D, E, K et A.<\/p>\n<p>DEKAs a \u00e9t\u00e9 optimis\u00e9 pour les <a href=\"https:\/\/dekasvitamins.com\/wp-content\/uploads\/2018\/01\/Hyperlink-1-CF-ECFS-Guidelines.pdf\" target=\"_blank\" rel=\"noopener\">Lignes directrices de l&rsquo;UE sur la mucoviscidose<\/a>, il contient donc plus de vitamines D et K.<\/p>\n<ul>\n<li>Enregistrement de l&rsquo;UE en tant qu&rsquo;\u00ab aliments destin\u00e9s \u00e0 des fins m\u00e9dicales sp\u00e9ciales \u00bb<\/li>\n<\/ul>\n\t<iframe loading=\"lazy\" width=\"560\" height=\"315\" src=\"https:\/\/www.youtube.com\/embed\/7Tbi1bzV8hY\" frameborder=\"0\" allow=\"accelerometer; autoplay; clipboard-write; encrypted-media; gyroscope; picture-in-picture\" allowfullscreen><\/iframe>\n\t\t\t\t<img loading=\"lazy\" decoding=\"async\" src=\"https:\/\/dekasvitamins.com\/wp-content\/uploads\/2020\/09\/clinically-tested-FR.png\" alt=\"clinically tested FR\" itemprop=\"image\" height=\"452\" width=\"1006\" title=\"clinically tested FR\" onerror=\"this.style.display='none'\"  \/>\n\t<h2>Choisissez votre <b>meilleure offre<\/><\/b><\/h2>\n\t<h3>R\u00e9ductions pour nos clients r\u00e9guliers<\/h3>\n<em><strong>Minimum trois forfaits par commande.<\/strong> Toutes les combinaisons sont permis.<br \/>\n<\/em>\n<p>Nous offrons des rabais lors de la commande de plusieurs forfaits en m\u00eame temps :<\/p>\n<ul>\n<li>5% de r\u00e9duction globale pour 4 forfaits<\/li>\n<li>10% pour 5 forfaits ou plus<\/li>\n<\/ul>\n<em>Prix \u200b\u200br\u00e9guliers hors TVA, frais de port et droits.<br \/>\n<\/em>\n\t\t\t\t<a href=\"https:\/\/dekasvitamins.com\/fr\/produit\/dekas-essential-capsules-vitamines\/\"  target=\"_self\" itemprop=\"url\">\n\t\t\t\t<img loading=\"lazy\" decoding=\"async\" src=\"https:\/\/dekasvitamins.com\/wp-content\/uploads\/2023\/08\/DEKAsPlusLiquid_Bottle-155x300.png\" alt=\"DEKAsPlusLiquid_Bottle\" itemprop=\"image\" height=\"300\" width=\"155\" title=\"DEKAsPlusLiquid_Bottle\" onerror=\"this.style.display='none'\"  \/>\n\t\t\t\t<\/a>\n\t<h4><strong>DEKAs Plus Liquide<\/strong><\/h4>\n<p>Le liquide aromatis\u00e9 orange-p\u00eache-mangue non gras est agr\u00e9able \u00e0 prendre pour les b\u00e9b\u00e9s et les enfants de 0 \u00e0 3 ans et pour tous ceux qui n&rsquo;aiment pas prendre des comprim\u00e9s ou des g\u00e9lules. Contient \u00e9galement des min\u00e9raux, des antioxydants et des vitamines B &amp; C.<\/p>\n\t\t\t\t<a href=\"https:\/\/dekasvitamins.com\/fr\/produit\/dekas-plus-liquide-vitamines-mucoviscidose\/\"  target=\"_self\" itemprop=\"url\">\n\t\t\t\t<img loading=\"lazy\" decoding=\"async\" src=\"https:\/\/dekasvitamins.com\/wp-content\/uploads\/2023\/08\/DEKAsPlusSoftgels_Bottle-236x300.png\" alt=\"DEKAsPlusSoftgels_Bottle\" itemprop=\"image\" height=\"300\" width=\"236\" title=\"DEKAsPlusSoftgels_Bottle\" onerror=\"this.style.display='none'\"  \/>\n\t\t\t\t<\/a>\n\t<h4><strong>DEKAs capsules molles<\/strong><\/h4>\n<p>Capsules molles de couleur chocolat adapt\u00e9es aux patients \u00e0 partir de 10 ans. Riche en vitamine D<sub>3<\/sub>. Contient \u00e9galement des min\u00e9raux, des antioxydants et des vitamines B &amp; C.<\/p>\n\t\t\t\t<a href=\"https:\/\/dekasvitamins.com\/fr\/produit\/dekas-essential-capsules-vitamines\/\"  target=\"_self\" itemprop=\"url\">\n\t\t\t\t<img loading=\"lazy\" decoding=\"async\" src=\"https:\/\/dekasvitamins.com\/wp-content\/uploads\/2023\/08\/DEKAsEssentialCapsules_Bottle-236x300.png\" alt=\"DEKAsEssentialCapsules_Bottle\" itemprop=\"image\" height=\"300\" width=\"236\" title=\"DEKAsEssentialCapsules_Bottle\" onerror=\"this.style.display='none'\"  \/>\n\t\t\t\t<\/a>\n\t<h4><strong>DEKAs Essential Capsules<\/strong><\/h4>\n<p>Petites capsules contenant uniquement les vitamines liposolubles A, D, E &amp; K. Ne contient pas de min\u00e9raux, d&rsquo;antioxydants ou de vitamines B &amp; C.<\/p>\n\t\t\t\t<a href=\"https:\/\/dekasvitamins.com\/fr\/produit\/dekas-plus-croquer-comprimes-mucoviscidose-vitamines\/\"  target=\"_self\" itemprop=\"url\">\n\t\t\t\t<img loading=\"lazy\" decoding=\"async\" src=\"https:\/\/dekasvitamins.com\/wp-content\/uploads\/2023\/08\/DEKAsPlusChewable_Bottle-236x300.png\" alt=\"DEKAsPlusChewable_Bottle\" itemprop=\"image\" height=\"300\" width=\"236\" title=\"DEKAsPlusChewable_Bottle\" onerror=\"this.style.display='none'\"  \/>\n\t\t\t\t<\/a>\n\t<h4><strong>DEKAs Plus \u00e0 croquer<\/strong><\/h4>\n<p>60 comprim\u00e9s \u00e0 croquer aromatis\u00e9s \u00e0 la p\u00eache et \u00e0 l&rsquo;orange par bouteille. Pour la mucoviscidose (fibrose kystique). Contient toutes les vitamines A, B, C, D, E, K, zinc, s\u00e9l\u00e9nium et coenzyme Q10.<\/p>\n\t<p>DEKAs a \u00e9t\u00e9 con\u00e7u par <a href=\"https:\/\/dekasvitamins.com\/fr\/sur\/\" target=\"_blank\" rel=\"noreferrer noopener\">l&rsquo;\u00e9quipe d&rsquo;experts de DEKAsvitamins.com<\/a> et est bas\u00e9 sur un <a href=\"https:\/\/dekasvitamins.com\/wp-content\/uploads\/2018\/01\/Hyperlink-5-CF-Papas-1.pdf\" target=\"_blank\" rel=\"noreferrer noopener\"> technologie d&rsquo;absorption test\u00e9e cliniquement<\/a>.<\/p>\n<p><strong>Les vitamines tout-en-un DEKA<\/strong> pour les patients atteints de mucoviscidose facilitent la prise de toutes les vitamines et min\u00e9raux dont vous avez besoin. Les vitamines DEKAs CF se pr\u00e9sentent sous 4 formes diff\u00e9rentes adapt\u00e9es \u00e0 votre \u00e2ge, vos pr\u00e9f\u00e9rences et les derni\u00e8res <a href=\"https:\/\/dekasvitamins.com\/wp-content\/uploads\/2018\/01\/Hyperlink-1-CF-ECFS-Guidelines.pdf\" target=\"_blank\" rel=\"noreferrer noopener\">Directives alimentaires europ\u00e9ennes pour la mucoviscidose<\/a>.<\/p>\n\t\t\t\t<a href=\"https:\/\/dekasvitamins.com\/wp-content\/uploads\/2025\/03\/DEKAs_brochure_CF_V6_Nov2023_turnpage_light.pdf\"  target=\"_blank\" rel=\"noopener\"  itemprop=\"url\">\n\t\t\t\t<img loading=\"lazy\" decoding=\"async\" src=\"https:\/\/dekasvitamins.com\/wp-content\/uploads\/2025\/03\/CF-brochure-2023.png\" alt=\"CF brochure 2023\" itemprop=\"image\" height=\"908\" width=\"641\" title=\"CF brochure 2023\" onerror=\"this.style.display='none'\"  \/>\n\t\t\t\t<\/a>\n\n","protected":false},"excerpt":{"rendered":"<div class=\"entry-summary\">\n<div class=\"entry-summary\">\nDEKAs pour les patients atteints de mucoviscidose. Une gamme de vitamines m\u00e9dicales tout-en-un pour les diff\u00e9rents groupes d&rsquo;\u00e2ge. &nbsp; Choisissez votre meilleure offre Cliniquement prouv\u00e9 DEKAs et AquADEKs sont tous deux bas\u00e9s sur la technologie d&rsquo;absorption cliniquement prouv\u00e9e pour augmenter&hellip;\n<\/div>\n<div class=\"link-more\"><a href=\"https:\/\/dekasvitamins.com\/fr\/vitamines\/dekas-mucoviscidose\/\" class=\"more-link\">Continue reading<span class=\"screen-reader-text\"> &ldquo;DEKAs en cas de mucoviscidose&rdquo;<\/span>&hellip;<\/a><\/div>\n<\/div>\n<div class=\"link-more\"><a href=\"https:\/\/dekasvitamins.com\/fr\/vitamines\/dekas-mucoviscidose\/\" class=\"more-link\">Continue reading<span class=\"screen-reader-text\"> &ldquo;DEKAs en cas de mucoviscidose&rdquo;<\/span>&hellip;<\/a><\/div>\n","protected":false},"author":1545,"featured_media":0,"parent":7081,"menu_order":0,"comment_status":"closed","ping_status":"closed","template":"templates\/no-intro.php","meta":{"footnotes":""},"class_list":["post-13879","page","type-page","status-publish","hentry","entry"],"_links":{"self":[{"href":"https:\/\/dekasvitamins.com\/fr\/wp-json\/wp\/v2\/pages\/13879","targetHints":{"allow":["GET"]}}],"collection":[{"href":"https:\/\/dekasvitamins.com\/fr\/wp-json\/wp\/v2\/pages"}],"about":[{"href":"https:\/\/dekasvitamins.com\/fr\/wp-json\/wp\/v2\/types\/page"}],"author":[{"embeddable":true,"href":"https:\/\/dekasvitamins.com\/fr\/wp-json\/wp\/v2\/users\/1545"}],"replies":[{"embeddable":true,"href":"https:\/\/dekasvitamins.com\/fr\/wp-json\/wp\/v2\/comments?post=13879"}],"version-history":[{"count":30,"href":"https:\/\/dekasvitamins.com\/fr\/wp-json\/wp\/v2\/pages\/13879\/revisions"}],"predecessor-version":[{"id":17847,"href":"https:\/\/dekasvitamins.com\/fr\/wp-json\/wp\/v2\/pages\/13879\/revisions\/17847"}],"up":[{"embeddable":true,"href":"https:\/\/dekasvitamins.com\/fr\/wp-json\/wp\/v2\/pages\/7081"}],"wp:attachment":[{"href":"https:\/\/dekasvitamins.com\/fr\/wp-json\/wp\/v2\/media?parent=13879"}],"curies":[{"name":"wp","href":"https:\/\/api.w.org\/{rel}","templated":true}]}}