{"id":13857,"date":"2021-10-02T15:20:40","date_gmt":"2021-10-02T13:20:40","guid":{"rendered":"https:\/\/dekasvitamins.com\/vitamines\/cld-new-fr\/"},"modified":"2025-03-27T19:45:43","modified_gmt":"2025-03-27T18:45:43","slug":"dekas-maladie-cholestatique-foie","status":"publish","type":"page","link":"https:\/\/dekasvitamins.com\/fr\/vitamines\/dekas-maladie-cholestatique-foie\/","title":{"rendered":"DEKAs en cas de maladie cholestatique du foie"},"content":{"rendered":"\n\n\t<h2>Couverture orale compl\u00e8te des 4 vitamines liposolubles dans la <strong>maladie cholestatique du foie <\/strong>gr\u00e2ce \u00e0 une absorption am\u00e9lior\u00e9e avec le TPGS (tocofersolan).<\/h2>\n<p>&nbsp;<\/p>\n\t\t\t<a href=\"#offer\" target=\"_blank\" rel=\"noopener\">\n\t\t\t\t\t\tChoisissez votre <b>meilleure offre<\/b>\n\t\t\t\t\t<\/a>\n\t\t\t\t<img loading=\"lazy\" decoding=\"async\" src=\"https:\/\/dekasvitamins.com\/wp-content\/uploads\/2020\/12\/DEKAsCholestatic-Ess-E.png\" alt=\"DEKAsCholestatic Ess E\" itemprop=\"image\" height=\"600\" width=\"600\" title=\"DEKAsCholestatic Ess E\" onerror=\"this.style.display='none'\"  \/>\n\t<h3>Cliniquement prouv\u00e9<\/h3>\n<p>DEKAs Essential Liquid et DEKAs Aqua E sont tous deux formul\u00e9s avec du TPGS (tocofersolan) pour une meilleure absorption m\u00eame dans la dans la cholestase (une (presque) absence de bile). Vous pouvez combiner <strong>DEKAs Essential Liquid<\/strong> et <strong>DEKAs Aqua-E<\/strong> selon vos besoins sp\u00e9cifiques.<\/p>\n<em>Les vitamines DEKAs sont consid\u00e9rablement moins ch\u00e8res que les autres vitamines pour la maladie cholestatique du foie.<br \/>\n<\/em>\n<ul>\n<li>Enregistrement de l&rsquo;UE en tant qu&rsquo;\u00ab aliments destin\u00e9s \u00e0 des fins m\u00e9dicales sp\u00e9ciales \u00bb<\/li>\n<\/ul>\n\t<iframe loading=\"lazy\" width=\"560\" height=\"315\" src=\"https:\/\/www.youtube.com\/embed\/7Tbi1bzV8hY\" frameborder=\"0\" allow=\"accelerometer; autoplay; clipboard-write; encrypted-media; gyroscope; picture-in-picture\" allowfullscreen><\/iframe>\n\t\t\t\t<img loading=\"lazy\" decoding=\"async\" src=\"https:\/\/dekasvitamins.com\/wp-content\/uploads\/2020\/09\/clinically-tested-FR.png\" alt=\"clinically tested FR\" itemprop=\"image\" height=\"452\" width=\"1006\" title=\"clinically tested FR\" onerror=\"this.style.display='none'\"  \/>\n\t<h2>Choisissez votre <b>meilleure offre<\/b><\/h2>\n\t<h3>R\u00e9ductions pour nos clients r\u00e9guliers<\/h3>\n<p><em><strong>Minimum trois forfaits par commande.<\/strong> Toutes combinaisons autoris\u00e9es.<\/em><\/p>\n<p>Nous offrons des rabais lors de la commande de plusieurs forfaits en m\u00eame temps :<\/p>\n<ul>\n<li>20% de r\u00e9duction globale pour 3 forfaits<\/li>\n<li>22,5% pour 4 forfaits<\/li>\n<li>25% pour 5 forfaits ou plus<\/li>\n<\/ul>\n<p>Pour DEKAs Essential Liquid, la quantit\u00e9 maximale par commande est de 3 forfaits car \u00e0 l&rsquo;achat, vous devez g\u00e9n\u00e9ralement utiliser ce produit dans les 6 mois.<\/p>\n<em>Prix \u200b\u200br\u00e9guliers hors TVA, frais de port et droits.<br \/>\n<\/em>\n\t\t\t\t<a href=\"https:\/\/dekasvitamins.com\/fr\/produit\/dekas-aqua-e-liquide-maladie-cholestatique-foie\/\"  target=\"_self\" itemprop=\"url\">\n\t\t\t\t<img loading=\"lazy\" decoding=\"async\" src=\"https:\/\/dekasvitamins.com\/wp-content\/uploads\/2023\/08\/DEKAsAqua-E_Bottle-155x300.png\" alt=\"DEKAsAqua-E_Bottle\" itemprop=\"image\" height=\"300\" width=\"155\" title=\"DEKAsAqua-E_Bottle\" onerror=\"this.style.display='none'\"  \/>\n\t\t\t\t<\/a>\n\t<h4>DEKAs Aqua-E liquide<\/h4>\n<p>60 ml de liquide non gras au go\u00fbt neutre par bouteille. Pour les maladies cholestatiques du foie. 75 UI (50 mg) de vitamine E hydrosoluble hautement absorbable (TPGS, tocofersolan) par ml. <\/p>\n\t\t\t<a href=\"https:\/\/dekasvitamins.com\/fr\/?add-to-cart=7064&#038;quantity=3\" target=\"_blank\" rel=\"noopener\">\n\t\t\t\t\t\t<b>Trois<\/b> pour <del>220,95\u20ac<\/del> <b>176,76\u20ac<\/b>\n\t\t\t\t\t<\/a>\n\t\t\t<a href=\"https:\/\/dekasvitamins.com\/fr\/?add-to-cart=7064&#038;quantity=4\" target=\"_blank\" rel=\"noopener\">\n\t\t\t\t\t\t<b>Quatre<\/b> pour <del>294,60\u20ac<\/del> <b>228,32\u20ac<\/b>\n\t\t\t\t\t<\/a>\n\t\t\t<a href=\"https:\/\/dekasvitamins.com\/fr\/?add-to-cart=7064&#038;quantity=5\" target=\"_blank\" rel=\"noopener\">\n\t\t\t\t\t\t<b>Cinq<\/b> pour <del>368,25\u20ac<\/del> <b>276,20\u20ac<\/b>\n\t\t\t\t\t<\/a>\n\t\t\t\t<a href=\"https:\/\/dekasvitamins.com\/fr\/produit\/dekas-essential-liquide-cholestase\/\"  target=\"_self\" itemprop=\"url\">\n\t\t\t\t<img loading=\"lazy\" decoding=\"async\" src=\"https:\/\/dekasvitamins.com\/wp-content\/uploads\/2023\/08\/DEKAsEssentialLiquid_Bottle-155x300.png\" alt=\"DEKAsEssentialLiquid_Bottle\" itemprop=\"image\" height=\"300\" width=\"155\" title=\"DEKAsEssentialLiquid_Bottle\" onerror=\"this.style.display='none'\"  \/>\n\t\t\t\t<\/a>\n\t<h4>DEKAs Essential liquide<\/h4>\n<p>60 ml de liquide aromatis\u00e9 aux baies par bouteille. Vitamines sp\u00e9ciales pour la cholestase en cas de maladie cholestatique du foie. Combinaison tout-en-un tr\u00e8s concentr\u00e9e de vitamines D, E (comme tocofersolan), K et A. Tr\u00e8s absorbable.<\/p>\n\t\t\t<a href=\"https:\/\/dekasvitamins.com\/fr\/?add-to-cart=7063&#038;quantity=3\" target=\"_blank\" rel=\"noopener\">\n\t\t\t\t\t\t<b>Trois<\/b> pour <del>239,850\u20ac<\/del> <b>191,88\u20ac<\/b>\n\t\t\t\t\t<\/a>\n\t<p><strong>DEKAs Essential liquid <\/strong>et <strong>DEKAs Aqua-E<\/strong> sont des vitamines sp\u00e9cialement compos\u00e9es pour les patients atteints d&rsquo;une maladie h\u00e9patique cholestatique. Ils contiennent du tocofersolan, la forme hydrosoluble sp\u00e9ciale de vitamine E* recommand\u00e9e par les <a href=\"https:\/\/dekasvitamins.com\/wp-content\/uploads\/2018\/01\/Hyperlink-3-ESPEN-CLD-Guidelines.pdf \" target=\"_blank\" rel=\"noreferrer noopener\">Directives nutritionnelles europ\u00e9ennes<\/a>.<\/p>\n<p><em>*) le tocofersolan est \u00e9galement connu sous le nom de vitamine E-TPGS ou TPGS<\/em><\/p>\n\t\t\t\t<a href=\"https:\/\/dekasvitamins.com\/wp-content\/uploads\/2025\/03\/DEKAs_brochure_CLD_v5_Nov2023_turnpage_light-gecomprimeerd.pdf\"  target=\"_blank\" rel=\"noopener\"  itemprop=\"url\">\n\t\t\t\t<img loading=\"lazy\" decoding=\"async\" src=\"https:\/\/dekasvitamins.com\/wp-content\/uploads\/2025\/03\/CLD-brochure-2023-722x1024.png\" alt=\"CLD brochure 2023\" itemprop=\"image\" height=\"1024\" width=\"722\" title=\"CLD brochure 2023\" onerror=\"this.style.display='none'\"  \/>\n\t\t\t\t<\/a>\n\n","protected":false},"excerpt":{"rendered":"<div class=\"entry-summary\">\n<div class=\"entry-summary\">\nCouverture orale compl\u00e8te des 4 vitamines liposolubles dans la maladie cholestatique du foie gr\u00e2ce \u00e0 une absorption am\u00e9lior\u00e9e avec le TPGS (tocofersolan). &nbsp; Choisissez votre meilleure offre Cliniquement prouv\u00e9 DEKAs Essential Liquid et DEKAs Aqua E sont tous deux formul\u00e9s&hellip;\n<\/div>\n<div class=\"link-more\"><a href=\"https:\/\/dekasvitamins.com\/fr\/vitamines\/dekas-maladie-cholestatique-foie\/\" class=\"more-link\">Continue reading<span class=\"screen-reader-text\"> &ldquo;DEKAs en cas de maladie cholestatique du foie&rdquo;<\/span>&hellip;<\/a><\/div>\n<\/div>\n<div class=\"link-more\"><a href=\"https:\/\/dekasvitamins.com\/fr\/vitamines\/dekas-maladie-cholestatique-foie\/\" class=\"more-link\">Continue reading<span class=\"screen-reader-text\"> &ldquo;DEKAs en cas de maladie cholestatique du foie&rdquo;<\/span>&hellip;<\/a><\/div>\n","protected":false},"author":1545,"featured_media":0,"parent":7081,"menu_order":0,"comment_status":"closed","ping_status":"closed","template":"templates\/no-intro.php","meta":{"footnotes":""},"class_list":["post-13857","page","type-page","status-publish","hentry","entry"],"_links":{"self":[{"href":"https:\/\/dekasvitamins.com\/fr\/wp-json\/wp\/v2\/pages\/13857","targetHints":{"allow":["GET"]}}],"collection":[{"href":"https:\/\/dekasvitamins.com\/fr\/wp-json\/wp\/v2\/pages"}],"about":[{"href":"https:\/\/dekasvitamins.com\/fr\/wp-json\/wp\/v2\/types\/page"}],"author":[{"embeddable":true,"href":"https:\/\/dekasvitamins.com\/fr\/wp-json\/wp\/v2\/users\/1545"}],"replies":[{"embeddable":true,"href":"https:\/\/dekasvitamins.com\/fr\/wp-json\/wp\/v2\/comments?post=13857"}],"version-history":[{"count":30,"href":"https:\/\/dekasvitamins.com\/fr\/wp-json\/wp\/v2\/pages\/13857\/revisions"}],"predecessor-version":[{"id":17759,"href":"https:\/\/dekasvitamins.com\/fr\/wp-json\/wp\/v2\/pages\/13857\/revisions\/17759"}],"up":[{"embeddable":true,"href":"https:\/\/dekasvitamins.com\/fr\/wp-json\/wp\/v2\/pages\/7081"}],"wp:attachment":[{"href":"https:\/\/dekasvitamins.com\/fr\/wp-json\/wp\/v2\/media?parent=13857"}],"curies":[{"name":"wp","href":"https:\/\/api.w.org\/{rel}","templated":true}]}}