{"id":13358,"date":"2021-07-16T11:15:40","date_gmt":"2021-07-16T09:15:40","guid":{"rendered":"https:\/\/dekasvitamins.com\/dekas-vitamines\/aquadeks\/"},"modified":"2021-09-08T13:27:56","modified_gmt":"2021-09-08T11:27:56","slug":"aquadeks","status":"publish","type":"page","link":"https:\/\/dekasvitamins.com\/fr\/dekas-vitamines\/aquadeks\/","title":{"rendered":"AquaDEKs"},"content":{"rendered":"\n\n\t\t\t\t<a href=\"http:\/\/dekasvitamins.vandalencommunicatie.com\/fr\/\" target=\"_self\" rel=\"nofollow noopener\" itemprop=\"url\">\n\t\t\t\t<img loading=\"lazy\" decoding=\"async\" src=\"http:\/\/dekasvitamins.vandalencommunicatie.com\/wp-content\/uploads\/2019\/01\/Untitled-1-e1573575212903.png\" alt=\"dekas vitamins full logo\" itemprop=\"image\" height=\"171\" width=\"1000\" title=\"dekas vitamins full logo\" onerror=\"this.style.display='none'\"  \/>\n\t\t\t\t<\/a>\n\t<h2><strong>Vitamines m\u00e9dicales tout-en-un DEKAs<\/strong><\/h2>\n\t<h2><strong>AquADEKs<\/strong> n&rsquo;est plus disponible en Europe. Les concepteurs d&rsquo;AquADEK ont cr\u00e9\u00e9 l&rsquo;alternative : <strong>DEKAs<\/strong>.<\/h2>\n\t\t\t\t<img loading=\"lazy\" decoding=\"async\" src=\"http:\/\/dekasvitamins.vandalencommunicatie.com\/wp-content\/uploads\/2020\/03\/DEKAsCF-all-e1586428027840.png\" alt=\"DEKAsCF-all\" itemprop=\"image\" height=\"400\" width=\"600\" title=\"DEKAsCF-all\" onerror=\"this.style.display='none'\"  \/>\n\t<h3>Prouv\u00e9 cliniquement<\/h3>\n<p><a href=\"http:\/\/dekasvitamins.vandalencommunicatie.com\/fr\/vitamines\/\"><img loading=\"lazy\" decoding=\"async\" src=\"http:\/\/dekasvitamins.vandalencommunicatie.com\/wp-content\/uploads\/2020\/09\/clinically-tested-FR.png\" alt=\"\" width=\"177\" height=\"100\" \/><\/a>DEKAs et AquADEKs sont bas\u00e9s sur la m\u00eame technologie d&rsquo;absorption test\u00e9e cliniquement pour augmenter l&rsquo;absorption des vitamines D, E, K et A.<\/p>\n<p>DEKAs a \u00e9t\u00e9 optimis\u00e9 pour les derni\u00e8res <a href=\"http:\/\/dekasvitamins.vandalencommunicatie.com\/wp-content\/uploads\/2018\/01\/Hyperlink-1-CF-ECFS-Guidelines.pdf\" target=\"_blank\" rel=\"noopener\">directives di\u00e9t\u00e9tiques europ\u00e9ennes<\/a>en mati\u00e8re de la Muco, il contient donc plus de vitamines D et K.<\/p>\n<ul>\n<li>Enregistr\u00e9 dans l&rsquo;UE en tant que \u00abDenr\u00e9e alimentaire destin\u00e9e \u00e0 des fins m\u00e9dicales sp\u00e9ciales\u00bb<\/li>\n<\/ul>\n\t<meta itemprop=\"url\" content=\"http:\/\/dekasvitamins.vandalencommunicatie.com\/wp-content\/uploads\/2019\/07\/DEKAsAbsorptionTechnologyFrenchsubtitles.mp4\" \/><div style=\"width: 640px;\" class=\"wp-video\"><video class=\"wp-video-shortcode\" id=\"video-13358-1\" width=\"640\" height=\"360\" preload=\"metadata\" controls=\"controls\"><source type=\"video\/mp4\" src=\"http:\/\/dekasvitamins.vandalencommunicatie.com\/wp-content\/uploads\/2019\/07\/DEKAsAbsorptionTechnologyFrenchsubtitles.mp4?_=1\" \/><a href=\"http:\/\/dekasvitamins.vandalencommunicatie.com\/wp-content\/uploads\/2019\/07\/DEKAsAbsorptionTechnologyFrenchsubtitles.mp4\">http:\/\/dekasvitamins.vandalencommunicatie.com\/wp-content\/uploads\/2019\/07\/DEKAsAbsorptionTechnologyFrenchsubtitles.mp4<\/a><\/video><\/div>\n\t<h2>Choisissez votre <strong>meilleure offre<\/strong><\/h2>\n\t\t\t\t<a href=\"http:\/\/dekasvitamins.vandalencommunicatie.com\/?add-to-cart=7069\" target=\"_self\" itemprop=\"url\" rel=\"noopener\">\n\t\t\t\t<img loading=\"lazy\" decoding=\"async\" src=\"http:\/\/dekasvitamins.vandalencommunicatie.com\/wp-content\/uploads\/2016\/03\/DEKAsPlus-softgels-e1586428088795.png\" alt=\"DEKAsPlus softgels\" itemprop=\"image\" height=\"600\" width=\"600\" title=\"DEKAsPlus softgels\" onerror=\"this.style.display='none'\"  \/>\n\t\t\t\t<\/a>\n\t<h4>Capsules molles<\/h4>\n<p>G\u00e9lules de couleur chocolat pour les patients \u00e0 partir de 4 ans. Riche en vitamine D3.<\/p>\n<h4><a href=\"http:\/\/dekasvitamins.vandalencommunicatie.com\/?add-to-cart=7069\">Ajouter au panier<br \/>\n\u20ac 54,95<\/a><\/h4>\n\t\t\t\t<a href=\"http:\/\/dekasvitamins.vandalencommunicatie.com\/?add-to-cart=163\" target=\"_self\" itemprop=\"url\" rel=\"noopener\">\n\t\t\t\t<img loading=\"lazy\" decoding=\"async\" src=\"http:\/\/dekasvitamins.vandalencommunicatie.com\/wp-content\/uploads\/2016\/03\/DEKAsPlus-liquid-e1586428108899.png\" alt=\"DEKAsPlus liquid\" itemprop=\"image\" height=\"600\" width=\"600\" title=\"DEKAsPlus liquid\" onerror=\"this.style.display='none'\"  \/>\n\t\t\t\t<\/a>\n\t<h4>Liquide<\/h4>\n<p>Le liquide non gras au go\u00fbt p\u00eache-mangue est agr\u00e9able \u00e0 prendre pour les b\u00e9b\u00e9s et les enfants de 0 \u00e0 3 ans.<\/p>\n<h4><a href=\"http:\/\/dekasvitamins.vandalencommunicatie.com\/?add-to-cart=163\">Ajouter au panier<br \/>\n\u20ac 44,95<\/a><\/h4>\n\t\t\t\t<a href=\"http:\/\/dekasvitamins.vandalencommunicatie.com\/?add-to-cart=2766\" target=\"_self\" itemprop=\"url\" rel=\"noopener\">\n\t\t\t\t<img loading=\"lazy\" decoding=\"async\" src=\"http:\/\/dekasvitamins.vandalencommunicatie.com\/wp-content\/uploads\/2017\/01\/DEKAsPlus-tablets-1-e1586427981294.png\" alt=\"DEKAsPlus tablets\" itemprop=\"image\" height=\"600\" width=\"600\" title=\"DEKAsPlus tablets\" onerror=\"this.style.display='none'\"  \/>\n\t\t\t\t<\/a>\n\t<h4>\u00c0 croquer<\/h4>\n<p>Comprim\u00e9s \u00e0 croquer saveur p\u00eache pour les patients \u00e0 partir de 4 ans.<\/p>\n\n\n<h4><a href=\"http:\/\/dekasvitamins.vandalencommunicatie.com\/?add-to-cart=2766\">Ajouter au panier<br \/>\n\u20ac 54,95<\/a><\/h4>\n\t\t\t\t<img loading=\"lazy\" decoding=\"async\" src=\"http:\/\/dekasvitamins.vandalencommunicatie.com\/wp-content\/uploads\/2019\/01\/Untitled-1-e1573575212903.png\" alt=\"dekas vitamins full logo\" itemprop=\"image\" height=\"171\" width=\"1000\" title=\"dekas vitamins full logo\" onerror=\"this.style.display='none'\"  \/>\n\n","protected":false},"excerpt":{"rendered":"<div class=\"entry-summary\">\n<div class=\"entry-summary\">\nVitamines m\u00e9dicales tout-en-un DEKAs AquADEKs n&rsquo;est plus disponible en Europe. Les concepteurs d&rsquo;AquADEK ont cr\u00e9\u00e9 l&rsquo;alternative : DEKAs. Prouv\u00e9 cliniquement DEKAs et AquADEKs sont bas\u00e9s sur la m\u00eame technologie d&rsquo;absorption test\u00e9e cliniquement pour augmenter l&rsquo;absorption des vitamines D, E, K&hellip;\n<\/div>\n<div class=\"link-more\"><a href=\"https:\/\/dekasvitamins.com\/fr\/dekas-vitamines\/aquadeks\/\" class=\"more-link\">Continue reading<span class=\"screen-reader-text\"> &ldquo;AquaDEKs&rdquo;<\/span>&hellip;<\/a><\/div>\n<\/div>\n<div class=\"link-more\"><a href=\"https:\/\/dekasvitamins.com\/fr\/dekas-vitamines\/aquadeks\/\" class=\"more-link\">Continue reading<span class=\"screen-reader-text\"> &ldquo;AquaDEKs&rdquo;<\/span>&hellip;<\/a><\/div>\n","protected":false},"author":1545,"featured_media":0,"parent":7070,"menu_order":0,"comment_status":"closed","ping_status":"closed","template":"templates\/blank.php","meta":{"footnotes":""},"class_list":["post-13358","page","type-page","status-publish","hentry","entry"],"_links":{"self":[{"href":"https:\/\/dekasvitamins.com\/fr\/wp-json\/wp\/v2\/pages\/13358","targetHints":{"allow":["GET"]}}],"collection":[{"href":"https:\/\/dekasvitamins.com\/fr\/wp-json\/wp\/v2\/pages"}],"about":[{"href":"https:\/\/dekasvitamins.com\/fr\/wp-json\/wp\/v2\/types\/page"}],"author":[{"embeddable":true,"href":"https:\/\/dekasvitamins.com\/fr\/wp-json\/wp\/v2\/users\/1545"}],"replies":[{"embeddable":true,"href":"https:\/\/dekasvitamins.com\/fr\/wp-json\/wp\/v2\/comments?post=13358"}],"version-history":[{"count":9,"href":"https:\/\/dekasvitamins.com\/fr\/wp-json\/wp\/v2\/pages\/13358\/revisions"}],"predecessor-version":[{"id":13559,"href":"https:\/\/dekasvitamins.com\/fr\/wp-json\/wp\/v2\/pages\/13358\/revisions\/13559"}],"up":[{"embeddable":true,"href":"https:\/\/dekasvitamins.com\/fr\/wp-json\/wp\/v2\/pages\/7070"}],"wp:attachment":[{"href":"https:\/\/dekasvitamins.com\/fr\/wp-json\/wp\/v2\/media?parent=13358"}],"curies":[{"name":"wp","href":"https:\/\/api.w.org\/{rel}","templated":true}]}}