{"id":7686,"date":"2016-03-05T01:25:59","date_gmt":"2016-03-05T00:25:59","guid":{"rendered":"https:\/\/dekasvitamins.com\/product\/dekas-plus-liquido-fq\/"},"modified":"2025-03-27T19:51:52","modified_gmt":"2025-03-27T18:51:52","slug":"dekas-plus-liquido-fq","status":"publish","type":"product","link":"https:\/\/dekasvitamins.com\/es\/producto\/dekas-plus-liquido-fq\/","title":{"rendered":"DEKAs Plus l\u00edquido (FQ)"},"content":{"rendered":"<ul>\n<li>Alimento para usos m\u00e9dicos especiales para pacientes con fibrosis qu\u00edstica.<\/li>\n<li><strong>Consejos de utilizaci\u00f3n: 1 ml al dia o seg\u00fan recomendaci\u00f3n m\u00e9dica.<\/strong><\/li>\n<li>El l\u00edquido ligero y con sabor a naranja-mango-melocot\u00f3n resulta agradable.<\/li>\n<li>DEKAs Plus L\u00edquido no contiene colorantes, gluten, case\u00edna, organismos modificados gen\u00e9ticamente.<\/li>\n<li>DEKAs Plus L\u00edquido es rico en antioxidantes.<\/li>\n<li>El prototipo de f\u00f3rmula de DEKAs Plus L\u00edquido ha sido <a href=\"https:\/\/dekasvitamins.com\/wp-content\/uploads\/2018\/01\/Hyperlink-5-CF-Papas-1.pdf\">cl\u00ednicamente estudiado<\/a>.<\/li>\n<li>DEKAs cumple con los est\u00e1ndares <a href=\"https:\/\/dekasvitamins.com\/wp-content\/uploads\/2018\/01\/Hyperlink-1-CF-ECFS-Guidelines.pdf\">ECFS<\/a> y de <a href=\"https:\/\/dekasvitamins.com\/wp-content\/uploads\/2018\/01\/Hyperlink-4-Bone-Min-Guidleines.pdf\">mineralizaci\u00f3n \u00f3sea<\/a> m\u00e1s recientes.<\/li>\n<\/ul>\n<p>Para m\u00e1s detalles, descargue folleto del producto y\/o el prospecto del producto adjunto al envase, que encontrar\u00e1 a continuaci\u00f3n. V\u00e9ase <a href=\"https:\/\/dekasvitamins.com\/es\/vitamina-tecnologia\/dekas-en-fibrosis-quistica\/\" target=\"_blank\" rel=\"noopener noreferrer\">Fibrosis qu\u00edstica<\/a><\/p>\n<p>Vida \u00fatil en el momento de la entrega de al menos 12 meses<\/p>\n<p><u><br \/>\n<\/u><a href=\"https:\/\/dekasvitamins.com\/wp-content\/uploads\/2025\/03\/DEKAs_brochure_CF_V6_Nov2023_turnpage_light.pdf\">DEKAs Plus L\u00edquido Prospecto y Folleto<\/a><u><br \/>\n<\/u><\/p>\n","protected":false},"excerpt":{"rendered":"<div class=\"entry-summary\">\n<div class=\"entry-summary\">\n<p>Botellas de 60 ml con sabor a melocot\u00f3n, aptas para pacientes de fibrosis qu\u00edstica. Contiene \u00a0vitaminas A, B, C, D, E, K, \u00e1cido f\u00f3lico, vitamina B<sub>12<\/sub>, zinc, selenio y coenzima Q10. Est\u00e1n cl\u00ednicamente probadas y cuentan con nuestra tecnolog\u00eda de liberaci\u00f3n, que mejora la absorci\u00f3n de vitaminas.<\/p>\n<p><em>Pida al menos tres paquetes de vitaminas para la fibrosis qu\u00edstica a la vez. Todas las combinaciones permitidas.<\/em><\/p>\n<p><b>Precio excluye costos de env\u00edo, IVA local y aranceles.<\/b><\/p>\n<\/div>\n<\/div>\n","protected":false},"featured_media":16784,"comment_status":"closed","ping_status":"closed","template":"","meta":[],"product_brand":[],"product_cat":[836],"product_tag":[],"class_list":{"0":"post-7686","1":"product","2":"type-product","3":"status-publish","4":"has-post-thumbnail","6":"product_cat-fibrosis-quistica","7":"product_shipping_class-cystic-fibrosis-es","9":"first","10":"instock","11":"featured","12":"taxable","13":"shipping-taxable","14":"purchasable","15":"product-type-simple","16":"entry"},"group_of_quantity":0,"min_quantity":0,"max_quantity":"","exclude_order_quantity_value_rules":"no","exclude_category_quantity_rules":"no","combine_variations":"no","_links":{"self":[{"href":"https:\/\/dekasvitamins.com\/es\/wp-json\/wp\/v2\/product\/7686","targetHints":{"allow":["GET"]}}],"collection":[{"href":"https:\/\/dekasvitamins.com\/es\/wp-json\/wp\/v2\/product"}],"about":[{"href":"https:\/\/dekasvitamins.com\/es\/wp-json\/wp\/v2\/types\/product"}],"replies":[{"embeddable":true,"href":"https:\/\/dekasvitamins.com\/es\/wp-json\/wp\/v2\/comments?post=7686"}],"wp:featuredmedia":[{"embeddable":true,"href":"https:\/\/dekasvitamins.com\/es\/wp-json\/wp\/v2\/media\/16784"}],"wp:attachment":[{"href":"https:\/\/dekasvitamins.com\/es\/wp-json\/wp\/v2\/media?parent=7686"}],"wp:term":[{"taxonomy":"product_brand","embeddable":true,"href":"https:\/\/dekasvitamins.com\/es\/wp-json\/wp\/v2\/product_brand?post=7686"},{"taxonomy":"product_cat","embeddable":true,"href":"https:\/\/dekasvitamins.com\/es\/wp-json\/wp\/v2\/product_cat?post=7686"},{"taxonomy":"product_tag","embeddable":true,"href":"https:\/\/dekasvitamins.com\/es\/wp-json\/wp\/v2\/product_tag?post=7686"}],"curies":[{"name":"wp","href":"https:\/\/api.w.org\/{rel}","templated":true}]}}