{"id":7685,"date":"2016-03-05T01:41:58","date_gmt":"2016-03-05T00:41:58","guid":{"rendered":"https:\/\/dekasvitamins.com\/product\/dekas-essential-capsulas-fq\/"},"modified":"2025-03-27T20:11:36","modified_gmt":"2025-03-27T19:11:36","slug":"dekas-essential-capsulas-fq","status":"publish","type":"product","link":"https:\/\/dekasvitamins.com\/es\/producto\/dekas-essential-capsulas-fq\/","title":{"rendered":"DEKAs Essential c\u00e1psulas (FQ)"},"content":{"rendered":"<ul>\n<li>Alimento para usos m\u00e9dicos especiales para pacientes con fibrosis qu\u00edstica a partir de 4 a\u00f1os.<\/li>\n<li>Las c\u00e1psulas DEKAs Essential pueden adminsitrarse solas o combinadas con DEKAs Plus c\u00e1psulas blandas para mejorar la dosis de vitaminas liposolubles.<\/li>\n<li>Las c\u00e1psulas DEKAs Essential son peque\u00f1as c\u00e1psulas de color rojo-naranja sin olor, sin sabor, sin gluten, sin case\u00edna, sin organismos modificados gen\u00e9ticamente y sin colorantes, conservantes.<\/li>\n<li>Al\u00e9rgenos: contiene <strong>gelatina de pescado<\/strong> (tilapia).<\/li>\n<li>DEKAs cumple con los est\u00e1ndares <a href=\"https:\/\/dekasvitamins.com\/wp-content\/uploads\/2018\/01\/Hyperlink-1-CF-ECFS-Guidelines.pdf\">ECFS<\/a> y de <a href=\"https:\/\/dekasvitamins.com\/wp-content\/uploads\/2018\/01\/Hyperlink-4-Bone-Min-Guidleines.pdf\">mineralizaci\u00f3n \u00f3sea<\/a> m\u00e1s recientes.<\/li>\n<\/ul>\n<p>Para m\u00e1s detalles, descargue folleto del producto y\/o el prospecto del producto adjunto al envase, que encontrar\u00e1 a continuaci\u00f3n. V\u00e9ase <a href=\"https:\/\/dekasvitamins.com\/es\/vitamina-tecnologia\/dekas-en-fibrosis-quistica\/\" target=\"_blank\" rel=\"noopener noreferrer\">Fibrosis qu\u00edstica<\/a><\/p>\n<p>Vida \u00fatil en el momento de la entrega de al menos 12 meses<\/p>\n<p>&nbsp;<\/p>\n<p><u><a href=\"https:\/\/dekasvitamins.com\/wp-content\/uploads\/2025\/03\/DEKAs_brochure_CF_V6_Nov2023_turnpage_light.pdf\" target=\"_blank\" rel=\"noopener noreferrer\">DEKAs Essential c\u00e1spulas Prospecto y Folleto<\/a><\/u><\/p>\n","protected":false},"excerpt":{"rendered":"<div class=\"entry-summary\">\n<div class=\"entry-summary\">\n<p>Botellas de 60 c\u00e1psulas aptas para fibrosis qu\u00edstica. Contiene vitaminas liposolubles D, E, K y A. Dosis ajustable seg\u00fan las necesidades de cada paciente. Con tecnolog\u00eda de absorci\u00f3n probada que mejora la absorci\u00f3n de vitaminas.<\/p>\n<p><em>Pida al menos tres paquetes de vitaminas para la fibrosis qu\u00edstica a la vez. Todas las combinaciones permitidas.<\/em><\/p>\n<p><b>Precio excluye costos de env\u00edo, IVA local y aranceles.<\/b><\/p>\n<\/div>\n<\/div>\n","protected":false},"featured_media":16816,"comment_status":"closed","ping_status":"closed","template":"","meta":[],"product_brand":[],"product_cat":[836],"product_tag":[],"class_list":{"0":"post-7685","1":"product","2":"type-product","3":"status-publish","4":"has-post-thumbnail","6":"product_cat-fibrosis-quistica","7":"product_shipping_class-cystic-fibrosis-es","9":"first","10":"instock","11":"featured","12":"taxable","13":"shipping-taxable","14":"purchasable","15":"product-type-simple","16":"entry"},"group_of_quantity":0,"min_quantity":0,"max_quantity":"","exclude_order_quantity_value_rules":"no","exclude_category_quantity_rules":"no","combine_variations":"no","_links":{"self":[{"href":"https:\/\/dekasvitamins.com\/es\/wp-json\/wp\/v2\/product\/7685","targetHints":{"allow":["GET"]}}],"collection":[{"href":"https:\/\/dekasvitamins.com\/es\/wp-json\/wp\/v2\/product"}],"about":[{"href":"https:\/\/dekasvitamins.com\/es\/wp-json\/wp\/v2\/types\/product"}],"replies":[{"embeddable":true,"href":"https:\/\/dekasvitamins.com\/es\/wp-json\/wp\/v2\/comments?post=7685"}],"wp:featuredmedia":[{"embeddable":true,"href":"https:\/\/dekasvitamins.com\/es\/wp-json\/wp\/v2\/media\/16816"}],"wp:attachment":[{"href":"https:\/\/dekasvitamins.com\/es\/wp-json\/wp\/v2\/media?parent=7685"}],"wp:term":[{"taxonomy":"product_brand","embeddable":true,"href":"https:\/\/dekasvitamins.com\/es\/wp-json\/wp\/v2\/product_brand?post=7685"},{"taxonomy":"product_cat","embeddable":true,"href":"https:\/\/dekasvitamins.com\/es\/wp-json\/wp\/v2\/product_cat?post=7685"},{"taxonomy":"product_tag","embeddable":true,"href":"https:\/\/dekasvitamins.com\/es\/wp-json\/wp\/v2\/product_tag?post=7685"}],"curies":[{"name":"wp","href":"https:\/\/api.w.org\/{rel}","templated":true}]}}