{"id":7684,"date":"2017-01-30T19:16:32","date_gmt":"2017-01-30T18:16:32","guid":{"rendered":"https:\/\/dekasvitamins.com\/product\/dekas-plus-masticables-fq\/"},"modified":"2025-03-27T20:13:37","modified_gmt":"2025-03-27T19:13:37","slug":"dekas-plus-masticables-fq","status":"publish","type":"product","link":"https:\/\/dekasvitamins.com\/es\/producto\/dekas-plus-masticables-fq\/","title":{"rendered":"DEKAs Plus masticables (FQ)"},"content":{"rendered":"<ul>\n<li>Alimento para usos m\u00e9dicos especiales para pacientes con fibrosis qu\u00edstica a partir de 4 a\u00f1os.<\/li>\n<li>Las tabletas masticables DEKAs Plus no contienen colorantes. No contienen gluten, case\u00edna y organismos modificados gen\u00e9ticamente.<\/li>\n<li>Las tabletas masticables DEKAs Plus son ricas en antioxidantes.<\/li>\n<li>El prototipo de f\u00f3rmula de tabletas masticables DEKAs Plus ha sido <a href=\"https:\/\/dekasvitamins.com\/wp-content\/uploads\/2018\/01\/Hyperlink-5-CF-Papas-1.pdf\">cl\u00ednicamente analizado<\/a>.<\/li>\n<li>DEKAs cumple con los est\u00e1ndares <a href=\"https:\/\/dekasvitamins.com\/wp-content\/uploads\/2018\/01\/Hyperlink-1-CF-ECFS-Guidelines.pdf\">ECFS<\/a> y de <a href=\"https:\/\/dekasvitamins.com\/wp-content\/uploads\/2018\/01\/Hyperlink-4-Bone-Min-Guidleines.pdf\">mineralizaci\u00f3n \u00f3sea<\/a> m\u00e1s recientes.<\/li>\n<\/ul>\n<p>Para m\u00e1s detalles, descargue folleto del producto y\/o el prospecto del producto adjunto al envase, que encontrar\u00e1 a continuaci\u00f3n. V\u00e9ase <a href=\"https:\/\/dekasvitamins.com\/es\/vitamina-tecnologia\/dekas-en-fibrosis-quistica\/\" target=\"_blank\" rel=\"noopener noreferrer\">Fibrosis qu\u00edstica<\/a><\/p>\n<p>Vida \u00fatil en el momento de la entrega de al menos 12 meses.<\/p>\n<p>&nbsp;<\/p>\n<p><a href=\"https:\/\/dekasvitamins.com\/wp-content\/uploads\/2025\/03\/DEKAs_brochure_CF_V6_Nov2023_turnpage_light.pdf\" target=\"_blank\" rel=\"noopener noreferrer\">DEKAs Plus masticables Prospecto y Folleto<\/a><u><\/u><\/p>\n","protected":false},"excerpt":{"rendered":"<div class=\"entry-summary\">\n<div class=\"entry-summary\">\n<p>60 tabletas masticables por bote con sabor melocot\u00f3n-naranja. Para fibrosis qu\u00edstica. Contiene las vitaminas A, B, C, D, E, K, zinc, selenio y coenzima Q10. Est\u00e1n cl\u00ednicamente probadas y cuentan con nuestra tecnolog\u00eda de absorci\u00f3n, que mejora la absorci\u00f3n de vitaminas.<\/p>\n<p><em>Pida al menos tres paquetes de vitaminas para la fibrosis qu\u00edstica a la vez. Todas las combinaciones permitidas.<\/em><\/p>\n<p><strong>Precio excluye costos de env\u00edo, IVA local y aranceles.<\/strong><\/p>\n<\/div>\n<\/div>\n","protected":false},"featured_media":16780,"comment_status":"closed","ping_status":"closed","template":"","meta":[],"product_brand":[],"product_cat":[836],"product_tag":[],"class_list":{"0":"post-7684","1":"product","2":"type-product","3":"status-publish","4":"has-post-thumbnail","6":"product_cat-fibrosis-quistica","7":"product_shipping_class-cystic-fibrosis-es","9":"first","10":"instock","11":"featured","12":"taxable","13":"shipping-taxable","14":"purchasable","15":"product-type-simple","16":"entry"},"group_of_quantity":0,"min_quantity":0,"max_quantity":"","exclude_order_quantity_value_rules":"no","exclude_category_quantity_rules":"no","combine_variations":"no","_links":{"self":[{"href":"https:\/\/dekasvitamins.com\/es\/wp-json\/wp\/v2\/product\/7684","targetHints":{"allow":["GET"]}}],"collection":[{"href":"https:\/\/dekasvitamins.com\/es\/wp-json\/wp\/v2\/product"}],"about":[{"href":"https:\/\/dekasvitamins.com\/es\/wp-json\/wp\/v2\/types\/product"}],"replies":[{"embeddable":true,"href":"https:\/\/dekasvitamins.com\/es\/wp-json\/wp\/v2\/comments?post=7684"}],"wp:featuredmedia":[{"embeddable":true,"href":"https:\/\/dekasvitamins.com\/es\/wp-json\/wp\/v2\/media\/16780"}],"wp:attachment":[{"href":"https:\/\/dekasvitamins.com\/es\/wp-json\/wp\/v2\/media?parent=7684"}],"wp:term":[{"taxonomy":"product_brand","embeddable":true,"href":"https:\/\/dekasvitamins.com\/es\/wp-json\/wp\/v2\/product_brand?post=7684"},{"taxonomy":"product_cat","embeddable":true,"href":"https:\/\/dekasvitamins.com\/es\/wp-json\/wp\/v2\/product_cat?post=7684"},{"taxonomy":"product_tag","embeddable":true,"href":"https:\/\/dekasvitamins.com\/es\/wp-json\/wp\/v2\/product_tag?post=7684"}],"curies":[{"name":"wp","href":"https:\/\/api.w.org\/{rel}","templated":true}]}}