{"id":7683,"date":"2018-01-02T14:37:44","date_gmt":"2018-01-02T13:37:44","guid":{"rendered":"https:\/\/dekasvitamins.com\/product\/dekas-aqua-e-liquido-colestasis\/"},"modified":"2026-04-16T13:19:16","modified_gmt":"2026-04-16T11:19:16","slug":"dekas-aqua-e-liquido-colestasis","status":"publish","type":"product","link":"https:\/\/dekasvitamins.com\/es\/producto\/dekas-aqua-e-liquido-colestasis\/","title":{"rendered":"DEKAs Aqua-E l\u00edquido (Colestasis)"},"content":{"rendered":"<ul>\n<li>Alimento para usos m\u00e9dicos especiales para enfermedad hep\u00e1tica colest\u00e1sica. Para pacientes de todas las edades<\/li>\n<li>DEKAs Aqua-E L\u00edquido est\u00e1 dise\u00f1ado para ajustar la dosis seg\u00fan las necesidades del paciente.<\/li>\n<li>El <a href=\"https:\/\/dekasvitamins.com\/wp-content\/uploads\/2018\/01\/Hyperlink-3-ESPEN-CLD-Guidelines.pdf\">ensayo cl\u00ednico<\/a> ha demostrado que DEKAs Aqua-E aumenta la absorci\u00f3n de vitamina E en pacientes con malabsorci\u00f3n, como los pacientes con enfermedad hep\u00e1tica colest\u00e1sica.<\/li>\n<li>L\u00edquido blanco ligero de sabor neutro que se mezcla f\u00e1cilmente con la mayor\u00eda de bebidas, leche y agua.<\/li>\n<li>No contiene sabores a\u00f1adidos, edulcorantes, colorantes ni gluten. Es apto para vegetarianos.<\/li>\n<\/ul>\n<p>Para m\u00e1s detalles, descargue la descripci\u00f3n del producto DEKAs Colestasis y\/o el prospecto del producto, que encontrar\u00e1 a continuaci\u00f3n. V\u00e9ase <a href=\"https:\/\/dekasvitamins.com\/es\/vitamina-tecnologia\/dekas-colestasis\/\" target=\"_blank\" rel=\"noopener noreferrer\">DEKAs colest\u00e1sico<\/a><\/p>\n<p>Vida \u00fatil en el momento de la entrega de al menos 12 meses<\/p>\n<p><a href=\"https:\/\/dekasvitamins.com\/wp-content\/uploads\/2025\/03\/DEKAs_brochure_CLD_v5_Nov2023_turnpage_light-gecomprimeerd.pdf\" target=\"_blank\" rel=\"noopener noreferrer\">DEKAs Aqua-E l\u00edquido Prospecto y Folleto<\/a><u><br \/>\n<\/u><\/p>\n","protected":false},"excerpt":{"rendered":"<div class=\"entry-summary\">\n<div class=\"entry-summary\">\n<p>Botellas de 60 ml de l\u00edquido ligero y de sabor neutro, apto para pacientes con enfermedad hep\u00e1tica colest\u00e1sica. 75 IU (50 mg) de vitamina E disoluble de alta absorci\u00f3n (como tocofersol\u00e1n o TPGS) por ml.\u00a0Cuenta con nuestra tecnolog\u00eda de liberaci\u00f3n probada que mejora la absorci\u00f3n de vitaminas.<\/p>\n<p><em>Todas las combinaciones permitidas.<\/em><\/p>\n<p><b>Precio excluye costos de env\u00edo, IVA local y aranceles.<\/b><\/p>\n<\/div>\n<\/div>\n","protected":false},"featured_media":18031,"comment_status":"closed","ping_status":"closed","template":"","meta":[],"product_brand":[],"product_cat":[835],"product_tag":[],"class_list":{"0":"post-7683","1":"product","2":"type-product","3":"status-publish","4":"has-post-thumbnail","6":"product_cat-enfermedad-hepatica-colestasica","7":"product_shipping_class-cholestatic-es","9":"first","10":"instock","11":"taxable","12":"shipping-taxable","13":"purchasable","14":"product-type-simple","15":"entry"},"group_of_quantity":0,"min_quantity":3,"max_quantity":"","exclude_order_quantity_value_rules":"no","exclude_category_quantity_rules":"no","combine_variations":"no","_links":{"self":[{"href":"https:\/\/dekasvitamins.com\/es\/wp-json\/wp\/v2\/product\/7683","targetHints":{"allow":["GET"]}}],"collection":[{"href":"https:\/\/dekasvitamins.com\/es\/wp-json\/wp\/v2\/product"}],"about":[{"href":"https:\/\/dekasvitamins.com\/es\/wp-json\/wp\/v2\/types\/product"}],"replies":[{"embeddable":true,"href":"https:\/\/dekasvitamins.com\/es\/wp-json\/wp\/v2\/comments?post=7683"}],"wp:featuredmedia":[{"embeddable":true,"href":"https:\/\/dekasvitamins.com\/es\/wp-json\/wp\/v2\/media\/18031"}],"wp:attachment":[{"href":"https:\/\/dekasvitamins.com\/es\/wp-json\/wp\/v2\/media?parent=7683"}],"wp:term":[{"taxonomy":"product_brand","embeddable":true,"href":"https:\/\/dekasvitamins.com\/es\/wp-json\/wp\/v2\/product_brand?post=7683"},{"taxonomy":"product_cat","embeddable":true,"href":"https:\/\/dekasvitamins.com\/es\/wp-json\/wp\/v2\/product_cat?post=7683"},{"taxonomy":"product_tag","embeddable":true,"href":"https:\/\/dekasvitamins.com\/es\/wp-json\/wp\/v2\/product_tag?post=7683"}],"curies":[{"name":"wp","href":"https:\/\/api.w.org\/{rel}","templated":true}]}}