{"id":7676,"date":"2018-01-10T14:03:56","date_gmt":"2018-01-10T13:03:56","guid":{"rendered":"https:\/\/dekasvitamins.com\/product\/dekas-essential-liquido-colestasis\/"},"modified":"2025-03-27T20:17:04","modified_gmt":"2025-03-27T19:17:04","slug":"dekas-essential-liquido-colestasis","status":"publish","type":"product","link":"https:\/\/dekasvitamins.com\/es\/producto\/dekas-essential-liquido-colestasis\/","title":{"rendered":"DEKAs Essential l\u00edquido (Colestasis)"},"content":{"rendered":"<ul>\n<li>Alimento para usos m\u00e9dicos especiales para enfermedad hep\u00e1tica colest\u00e1sica.<\/li>\n<li><strong>Consejos de utilizaci\u00f3n: 0,5 &#8211; 1 ml al dia o seg\u00fan recomendaci\u00f3n m\u00e9dica.<\/strong><\/li>\n<li>Dise\u00f1ado para adaptar la dosis y obtener una ingesta mayor de vitaminas D, E, K y A en funci\u00f3n de las necesidades del paciente.<\/li>\n<li>DEKAs Essential l\u00edquido utiliza una tecnolog\u00eda de absorci\u00f3n <a href=\"https:\/\/dekasvitamins.com\/wp-content\/uploads\/2018\/01\/Hyperlink-3-ESPEN-CLD-Guidelines.pdf\">cl\u00ednicamente probada<\/a> para mejorar la absorci\u00f3n de vitaminas liposolubles.<\/li>\n<li>El l\u00edquido con sabor a frutas del bosque resulta agradable.<\/li>\n<li>Se mezcla f\u00e1cilmente con la mayor\u00eda de las bebidas, leche y agua.<\/li>\n<li>DEKAs Essential l\u00edquido no contiene gluten, case\u00edna, organismos modificados gen\u00e9ticamente, colorantes, conservantes. Es apto para vegetarianos.<\/li>\n<\/ul>\n<p>Para m\u00e1s detalles, descargue la descripci\u00f3n del producto DEKAs Colestasis \u00a0y\/o el prospecto del producto, que encontrar\u00e1 a continuaci\u00f3n. V\u00e9ase <a href=\"https:\/\/dekasvitamins.com\/es\/vitamina-tecnologia\/dekas-colestasis\/\">DEKAs colest\u00e1sico<\/a><\/p>\n<p>Vida \u00fatil en el momento de la entrega de al menos 12 meses<\/p>\n<p><a href=\"https:\/\/dekasvitamins.com\/wp-content\/uploads\/2025\/03\/DEKAs_brochure_CLD_v5_Nov2023_turnpage_light-gecomprimeerd.pdf\" target=\"_blank\" rel=\"noopener noreferrer\">DEKAs Essential l\u00edquido Prospecto y Folleto<\/a><u><br \/>\n<\/u><\/p>\n","protected":false},"excerpt":{"rendered":"<div class=\"entry-summary\">\n<div class=\"entry-summary\">\n<p>Botellas de 60 ml con sabor a frutas del bosque. Vitaminas para colestasis en enfermedad hep\u00e1tica colest\u00e1sica. Combinaci\u00f3n de vitaminas D, E (como tocofersol\u00e1n o TPGS), K y A altamente concentradas. Con tecnolog\u00eda de absorci\u00f3n cl\u00ednicamente probada para mejorar la absorci\u00f3n vitam\u00ednica.<\/p>\n<p>La <u>cantidad m\u00e1xima por pedido<\/u> para este producto es de 3 paquetes porque en el momento de la compra generalmente debe usarlo dentro de los 6 meses.<\/p>\n<p><em>Ordene al menos tres paquetes de vitaminas para la enfermedad hep\u00e1tica colest\u00e1sica a la vez. Todas las combinaciones permitidas.<\/em><\/p>\n<p><b>Precio excluye costos de env\u00edo, IVA local y aranceles.<\/b><\/p>\n<\/div>\n<\/div>\n","protected":false},"featured_media":16712,"comment_status":"closed","ping_status":"closed","template":"","meta":[],"product_brand":[],"product_cat":[835],"product_tag":[],"class_list":{"0":"post-7676","1":"product","2":"type-product","3":"status-publish","4":"has-post-thumbnail","6":"product_cat-enfermedad-hepatica-colestasica","7":"product_shipping_class-cholestatic-es","9":"first","10":"instock","11":"taxable","12":"shipping-taxable","13":"purchasable","14":"product-type-simple","15":"entry"},"group_of_quantity":0,"min_quantity":0,"max_quantity":"","exclude_order_quantity_value_rules":"no","exclude_category_quantity_rules":"no","combine_variations":"no","_links":{"self":[{"href":"https:\/\/dekasvitamins.com\/es\/wp-json\/wp\/v2\/product\/7676","targetHints":{"allow":["GET"]}}],"collection":[{"href":"https:\/\/dekasvitamins.com\/es\/wp-json\/wp\/v2\/product"}],"about":[{"href":"https:\/\/dekasvitamins.com\/es\/wp-json\/wp\/v2\/types\/product"}],"replies":[{"embeddable":true,"href":"https:\/\/dekasvitamins.com\/es\/wp-json\/wp\/v2\/comments?post=7676"}],"wp:featuredmedia":[{"embeddable":true,"href":"https:\/\/dekasvitamins.com\/es\/wp-json\/wp\/v2\/media\/16712"}],"wp:attachment":[{"href":"https:\/\/dekasvitamins.com\/es\/wp-json\/wp\/v2\/media?parent=7676"}],"wp:term":[{"taxonomy":"product_brand","embeddable":true,"href":"https:\/\/dekasvitamins.com\/es\/wp-json\/wp\/v2\/product_brand?post=7676"},{"taxonomy":"product_cat","embeddable":true,"href":"https:\/\/dekasvitamins.com\/es\/wp-json\/wp\/v2\/product_cat?post=7676"},{"taxonomy":"product_tag","embeddable":true,"href":"https:\/\/dekasvitamins.com\/es\/wp-json\/wp\/v2\/product_tag?post=7676"}],"curies":[{"name":"wp","href":"https:\/\/api.w.org\/{rel}","templated":true}]}}