{"id":7715,"date":"2018-06-16T17:53:57","date_gmt":"2018-06-16T15:53:57","guid":{"rendered":"https:\/\/dekasvitamins.com\/dekas-vitamins\/"},"modified":"2023-06-23T10:08:06","modified_gmt":"2023-06-23T08:08:06","slug":"dekas-vitamins","status":"publish","type":"page","link":"https:\/\/dekasvitamins.com\/es\/","title":{"rendered":"DEKAs vitamins"},"content":{"rendered":"\n\n\t<strong>DEKAs vitam\u00ednas m\u00e9dicas todo-en-uno. Ayudando a los pacientes a mejorar su absorci\u00f3n de vitaminas.<br \/>\n<\/strong>\n\t<p><a href=\"https:\/\/dekasvitamins.com\/es\/vitamina-tecnologia\/dekas-en-fibrosis-quistica\/\" target=\"_blank\" rel=\"noopener\">fibrosis qu\u00edstica \u00bb<\/a><\/p>\n\t<h5><a href=\"https:\/\/dekasvitamins.com\/es\/vitamina-tecnologia\/dekas-colestasis\/\" target=\"_blank\" rel=\"noopener\">ENFERMEDAD HEP\u00c1TICA COLEST\u00c1SICA \u00bb<\/a><\/h5>\n\t<h5><a href=\"https:\/\/dekasvitamins.com\/es\/tienda\/\" target=\"_blank\" rel=\"noopener\">Ir a tienda online \u00bb<\/a><\/h5>\n\t<p>Las vitaminas <strong>DEKAs Vitamins<\/strong> son ricas en vitaminas y minerales. Est\u00e1n registrados como alimento para usos m\u00e9dicos especiales, con una tecnolog\u00eda de absorci\u00f3n probada cl\u00ednicamente que mejora la absorci\u00f3n de vitaminas.<\/p>\n<p>Esta tecnolog\u00eda se dise\u00f1\u00f3 especificamente para pacientes con condiciones m\u00e9dicas que conducen a una malabsorci\u00f3n de las vitaminas liposolubles D, E, K y A. La tecnolog\u00eda DEKAs envuelve vitaminas liposolubles y micronutrientes en peque\u00f1os conjuntos solubles en agua (micelas).<\/p>\n<p>La tecnolog\u00eda de absorci\u00f3n DEKAs se ha probado cl\u00ednicamente en <strong>Fibrosis Qu\u00edstica<\/strong>, <strong>Cirug\u00eda Bari\u00e1trica<\/strong> y <strong>Enfermedad Hep\u00e1tica Colest\u00e1sica<\/strong>.<\/p>\n\t<iframe loading=\"lazy\" width=\"560\" height=\"315\" src=\"https:\/\/www.youtube.com\/embed\/tE3aajUcaF8\" frameborder=\"0\" allow=\"accelerometer; autoplay; clipboard-write; encrypted-media; gyroscope; picture-in-picture\" allowfullscreen><\/iframe>\n\t\t\t\t<img loading=\"lazy\" decoding=\"async\" src=\"https:\/\/dekasvitamins.com\/wp-content\/uploads\/2020\/09\/clinically-tested-SP.png\" alt=\"clinically tested SP\" itemprop=\"image\" height=\"452\" width=\"1006\" title=\"clinically tested SP\" onerror=\"this.style.display='none'\"  \/>\n\t<h2><img loading=\"lazy\" decoding=\"async\" src=\"https:\/\/dekasvitamins.com\/wp-content\/uploads\/2020\/03\/DEKAsCF-all-e1586429110656.png\" alt=\"\" width=\"300\" height=\"200\" \/>\u00a1Nuevo! <strong>Descuentos<\/strong> para clientes habituales<\/h2>\n<p>10% de descuento en pedidos de 5 o m\u00e1s unidades. Comb\u00edna los productos DEKAs como tu prefieras.<\/p>\n\t<h5><a href=\"https:\/\/dekasvitamins.com\/es\/tienda\/\" target=\"_blank\" rel=\"noopener\">Ir a tienda online \u00bb<\/a><\/h5>\n\t<h3>\u00bfPor qu\u00e9 elegir DEKAs vitaminas m\u00e9dicas todo-en-uno?<\/h3>\n\t<ul>\n<li><strong>Tecnolog\u00eda de absorci\u00f3n cl\u00ednicamente probada<\/strong> &#8211; mejora la absorci\u00f3n de las vitaminas liposolubles, tal y como lo demuestran diversos <a href=\"https:\/\/dekasvitamins.com\/es\/vitamina-tecnologia\/\" target=\"_blank\" rel=\"noopener\">ensayos cl\u00ednicos.<\/a><\/li>\n<li><strong>Cumple con las pautas<\/strong> &#8211; ajustado a pautas nutricionales m\u00e1s recientes.<\/li>\n<li><strong>Todo-en-uno &#8211; <\/strong>suplementaci\u00f3n completa en una sola toma facilitando el cumplimiento del tratamiento.<\/li>\n<li><strong>Simple<\/strong> &#8211; una sola toma al d\u00eda.<\/li>\n<li><strong>Agradable &#8211; <\/strong>cuidadosamente formulado para un sabor agradable.<\/li>\n<li><strong>Alta calidad<\/strong> &#8211; Fabricadas en los EE. UU. siguiendo las \u00abBuenas Pr\u00e1cticas de Fabricaci\u00f3n\u00bb.<\/li>\n<li><strong>Puro<\/strong> &#8211; no contienen cerdo, gluten, case\u00edna, colores artificiales u organismos gen\u00e9ticamente modificados.<\/li>\n<li><strong>Asequibles<\/strong> &#8211; un bote contiene vitaminas hasta 60 d\u00edas<\/li>\n<\/ul>\n\t\t\t\t<img loading=\"lazy\" decoding=\"async\" src=\"https:\/\/dekasvitamins.com\/wp-content\/uploads\/2018\/06\/DEKAS-casa-1-1011x1024.png\" alt=\"DEKAS casa\" itemprop=\"image\" height=\"1024\" width=\"1011\" title=\"DEKAS-casa\" onerror=\"this.style.display='none'\"  \/>\n\t<p><a href=\"https:\/\/dekasvitamins.com\/es\/vitamina-tecnologia\/dekas-en-fibrosis-quistica\/\" target=\"_blank\" rel=\"noopener\">fibrosis qu\u00edstica \u00bb<\/a><\/p>\n\t<h5><a href=\"https:\/\/dekasvitamins.com\/es\/vitamina-tecnologia\/dekas-colestasis\/\" target=\"_blank\" rel=\"noopener\">ENFERMEDAD HEP\u00c1TICA COLEST\u00c1SICA \u00bb<\/a><\/h5>\n\t\t\t\t<img loading=\"lazy\" decoding=\"async\" src=\"https:\/\/dekasvitamins.com\/wp-content\/uploads\/2018\/01\/MD-9587-200x300.jpg\" alt=\"dekas vitamins Dirk Krause\" itemprop=\"image\" height=\"300\" width=\"200\" title=\"dekas vitamins Dirk Krause\" onerror=\"this.style.display='none'\"  \/>\n\t\t\t\t<img loading=\"lazy\" decoding=\"async\" src=\"https:\/\/dekasvitamins.com\/wp-content\/uploads\/2020\/03\/Simon-Deck-uitsnede-1-200x300.jpg\" alt=\"Simon Deck uitsnede\" itemprop=\"image\" height=\"300\" width=\"200\" title=\"Simon Deck uitsnede\" onerror=\"this.style.display='none'\"  \/>\n\t\t\t\t<img loading=\"lazy\" decoding=\"async\" src=\"https:\/\/dekasvitamins.com\/wp-content\/uploads\/2018\/01\/14bewerkt-200x300.jpg\" alt=\"dekas vitamins Roberto Jongejan\" itemprop=\"image\" height=\"300\" width=\"200\" title=\"dekas vitamins Roberto Jongejan\" onerror=\"this.style.display='none'\"  \/>\n\n","protected":false},"excerpt":{"rendered":"<div class=\"entry-summary\">\n<div class=\"entry-summary\">\nDEKAs &#8211; vitaminas m\u00e9dicas todo-en-uno. Ayudando a los pacientes a mejorar su absorci\u00f3n de vitaminas.\n<\/div>\n<div class=\"link-more\"><a href=\"https:\/\/dekasvitamins.com\/es\/\" class=\"more-link\">Continuar leyendo<span class=\"screen-reader-text\"> &ldquo;DEKAs vitamins&rdquo;<\/span>&hellip;<\/a><\/div>\n<\/div>\n<div class=\"link-more\"><a href=\"https:\/\/dekasvitamins.com\/es\/\" class=\"more-link\">Continuar leyendo<span class=\"screen-reader-text\"> &ldquo;DEKAs vitamins&rdquo;<\/span>&hellip;<\/a><\/div>\n","protected":false},"author":1545,"featured_media":0,"parent":0,"menu_order":0,"comment_status":"closed","ping_status":"closed","template":"templates\/no-intro.php","meta":{"footnotes":""},"class_list":["post-7715","page","type-page","status-publish","hentry","entry"],"_links":{"self":[{"href":"https:\/\/dekasvitamins.com\/es\/wp-json\/wp\/v2\/pages\/7715","targetHints":{"allow":["GET"]}}],"collection":[{"href":"https:\/\/dekasvitamins.com\/es\/wp-json\/wp\/v2\/pages"}],"about":[{"href":"https:\/\/dekasvitamins.com\/es\/wp-json\/wp\/v2\/types\/page"}],"author":[{"embeddable":true,"href":"https:\/\/dekasvitamins.com\/es\/wp-json\/wp\/v2\/users\/1545"}],"replies":[{"embeddable":true,"href":"https:\/\/dekasvitamins.com\/es\/wp-json\/wp\/v2\/comments?post=7715"}],"version-history":[{"count":46,"href":"https:\/\/dekasvitamins.com\/es\/wp-json\/wp\/v2\/pages\/7715\/revisions"}],"predecessor-version":[{"id":16590,"href":"https:\/\/dekasvitamins.com\/es\/wp-json\/wp\/v2\/pages\/7715\/revisions\/16590"}],"wp:attachment":[{"href":"https:\/\/dekasvitamins.com\/es\/wp-json\/wp\/v2\/media?parent=7715"}],"curies":[{"name":"wp","href":"https:\/\/api.w.org\/{rel}","templated":true}]}}