{"id":7688,"date":"2018-06-16T14:11:15","date_gmt":"2018-06-16T12:11:15","guid":{"rendered":"https:\/\/dekasvitamins.com\/vitamina-tecnologia\/"},"modified":"2022-12-05T11:48:10","modified_gmt":"2022-12-05T10:48:10","slug":"vitamina-tecnologia","status":"publish","type":"page","link":"https:\/\/dekasvitamins.com\/es\/vitamina-tecnologia\/","title":{"rendered":"La Tecnolog\u00eda DEKAs"},"content":{"rendered":"\n<h2 class=\"wp-block-heading\"><strong>Suplementos minerales y multivitam\u00ednicos Todo- en- Uno<\/strong><\/h2>\n\n\n\n<p><strong>DEKAs Vitamins ofrece una serie de complejos multivitam\u00ednicos y minerales dise\u00f1ados espec\u00edficamente para mejorar la absorci\u00f3n de vitaminas en personas con fibriosis qu\u00edstica, enfermedad hep\u00e1tica colest\u00e1sica y pacientes que se han sometido a cirug\u00eda bari\u00e1trica.<\/strong><\/p>\n\n\n\n<p><strong>Su tecnolog\u00eda de absorci\u00f3n agrupa las vitaminas liposolubles en conjuntos hidrosolubles (micelas). Nuestra tecnolog\u00eda cumple con los est\u00e1ndares y ha sido cl\u00ednicamente probada.<\/strong><\/p>\n\n\n\n<figure class=\"wp-block-embed is-type-video is-provider-youtube wp-block-embed-youtube wp-embed-aspect-16-9 wp-has-aspect-ratio\"><div class=\"wp-block-embed__wrapper\">\n<iframe loading=\"lazy\" title=\"DEKAs Tecnologia de Absorcion\" width=\"1200\" height=\"675\" src=\"https:\/\/www.youtube.com\/embed\/tE3aajUcaF8?feature=oembed\" frameborder=\"0\" allow=\"accelerometer; autoplay; clipboard-write; encrypted-media; gyroscope; picture-in-picture; web-share\" allowfullscreen><\/iframe>\n<\/div><\/figure>\n\n\n\n<h2 class=\"wp-block-heading\"><strong>Tecnolog\u00eda de liberaci\u00f3n de las vitaminas liposolubles DEKAs<\/strong><\/h2>\n\n\n\n<div class=\"et_pb_text et_pb_module et_pb_bg_layout_light et_pb_text_align_left  et_pb_text_10\">\n<div class=\"et_pb_text_inner\"><img loading=\"lazy\" decoding=\"async\" class=\"size-medium wp-image-4495 alignright\" src=\"https:\/\/dekasvitamins.com\/wp-content\/uploads\/2017\/10\/absorption-micelle-1-300x241.jpg\" alt=\"dekas vitamins absorption-micelle-1\" width=\"300\" height=\"241\" srcset=\"https:\/\/dekasvitamins.com\/wp-content\/uploads\/2017\/10\/absorption-micelle-1-300x241.jpg 300w, https:\/\/dekasvitamins.com\/wp-content\/uploads\/2017\/10\/absorption-micelle-1.jpg 378w\" sizes=\"auto, (max-width: 300px) 100vw, 300px\" \/>\n<p>Algunos nutrientes, como las vitaminas D, E, K y A son l\u00edpidos que se encuentran en la naturaleza. Muchas veces nos referimos a ellas como nutrientes liposolubles o solubles en grasa. Nuestro cuerpo no puede absorberlas y metabolizarlas directamente, sino que primero deben prepararse para poder mezclarse (emulsionar) con agua en el sistema digestivo. Normalmente, el sistema digestivo consigue llevar a cabo esta emulsificaci\u00f3n a partir de enzimas del p\u00e1ncreas y sales biliares del h\u00edgado. A veces el sistema digestivo no funciona de manera correcta y hay escasez de enzimas y\/o sales biliares necesarias para la emulsi\u00f3n de dichos nutrientes.\u00a0 A esta afecci\u00f3n se la conoce como malabsorci\u00f3n.<\/p>\n<p><img loading=\"lazy\" decoding=\"async\" class=\"size-medium wp-image-4252 alignright\" src=\"https:\/\/dekasvitamins.com\/wp-content\/uploads\/2017\/10\/absorption-micelle-2-300x282.jpg\" alt=\"dekas vitamins absorption-micelle-2\" width=\"300\" height=\"282\" srcset=\"https:\/\/dekasvitamins.com\/wp-content\/uploads\/2017\/10\/absorption-micelle-2-300x282.jpg 300w, https:\/\/dekasvitamins.com\/wp-content\/uploads\/2017\/10\/absorption-micelle-2.jpg 357w\" sizes=\"auto, (max-width: 300px) 100vw, 300px\" \/>La malabsorci\u00f3n de las vitaminas D, E, K y A deriva en una deficiencia de dichos nutrientes, lo cual puede causar problemas de salud, a menudo graves. Los productos DEKAs cuentan con una tecnolog\u00eda de liberaci\u00f3n que ayuda a combatir la falta de sales biliares y enzimas pancre\u00e1ticas. Esta tecnolog\u00eda cl\u00ednicamente probada ayuda a emulsionar los nutrientes liposolubles en el intestino para que se puedan absorber f\u00e1cilmente a pesar de la escasez de sales biliares y\/o enzimas pancre\u00e1ticas.<\/p>\n<p>\u00a0<\/p>\n<\/div>\n<\/div>\n\n\n\n<h2 class=\"wp-block-heading\">Referencias en relaci\u00f3n con la Tecnolog\u00eda Cl\u00ednica<\/h2>\n\n\n\n<div class=\"et_pb_text et_pb_module et_pb_bg_layout_light et_pb_text_align_left  et_pb_text_12\">\n<div class=\"et_pb_text_inner\">\n<ol>\n<li>Papas K, Kalbfleisch J, Mohon R. <a href=\"http:\/\/www.ncbi.nlm.nih.gov\/pubmed\/17216337\" target=\"_blank\" rel=\"noopener noreferrer\">Bioavailability of a novel, water-soluble vitamin E formulation in malabsorbing patients<\/a>. Dig Dis Sci. 2007 Feb;52(2):347-52.<\/li>\n<li>Papas KA, Sontag MK, Pardee C, Sokol RJ, <em>et al.<\/em> <a href=\"http:\/\/www.ncbi.nlm.nih.gov\/pubmed\/17569601\" target=\"_blank\" rel=\"noopener noreferrer\">A pilot study on the safety and efficacy of a novel antioxidant rich formulation in patients with cystic fibrosis<\/a>. J Cyst Fibros. 2007 Jun 12.<\/li>\n<li>Sagel, SD, Sontag MK, Anthony MM, Emmett P, Papas KA. <a href=\"http:\/\/www.ncbi.nlm.nih.gov\/pubmed\/20961818\" target=\"_blank\" rel=\"noopener noreferrer\">Effect of an antioxidant-rich multivitamin supplement in cystic fibrosis<\/a>. J Cyst Fibros. 2011;10:31-36.<\/li>\n<li>\n<p>Perin J, Prokopowicz G, Furtado M, <em>et al.<\/em> <a href=\"https:\/\/doi.org\/10.1007\/s11695-018-3177-0\" target=\"_blank\" rel=\"noopener noreferrer\">A Randomized Trial of a Novel Chewable Multivitamin and Mineral Supplement Following Roux en-Y Gastric Bypass.<\/a> <em>Obesity Surgery <\/em>2018<\/p>\n<\/li>\n<\/ol>\n<\/div>\n<\/div>\n","protected":false},"excerpt":{"rendered":"<div class=\"entry-summary\">\n<div class=\"entry-summary\">\nSuplementos minerales y multivitam\u00ednicos Todo- en- Uno DEKAs Vitamins ofrece una serie de complejos multivitam\u00ednicos y minerales dise\u00f1ados espec\u00edficamente para mejorar la absorci\u00f3n de vitaminas en personas con fibriosis qu\u00edstica, enfermedad hep\u00e1tica colest\u00e1sica y pacientes que se han sometido a&hellip;\n<\/div>\n<div class=\"link-more\"><a href=\"https:\/\/dekasvitamins.com\/es\/vitamina-tecnologia\/\" class=\"more-link\">Continuar leyendo<span class=\"screen-reader-text\"> &ldquo;La Tecnolog\u00eda DEKAs&rdquo;<\/span>&hellip;<\/a><\/div>\n<\/div>\n<div class=\"link-more\"><a href=\"https:\/\/dekasvitamins.com\/es\/vitamina-tecnologia\/\" class=\"more-link\">Continuar leyendo<span class=\"screen-reader-text\"> &ldquo;La Tecnolog\u00eda DEKAs&rdquo;<\/span>&hellip;<\/a><\/div>\n","protected":false},"author":1545,"featured_media":0,"parent":0,"menu_order":0,"comment_status":"closed","ping_status":"closed","template":"templates\/no-intro.php","meta":{"footnotes":""},"class_list":["post-7688","page","type-page","status-publish","hentry","entry"],"_links":{"self":[{"href":"https:\/\/dekasvitamins.com\/es\/wp-json\/wp\/v2\/pages\/7688","targetHints":{"allow":["GET"]}}],"collection":[{"href":"https:\/\/dekasvitamins.com\/es\/wp-json\/wp\/v2\/pages"}],"about":[{"href":"https:\/\/dekasvitamins.com\/es\/wp-json\/wp\/v2\/types\/page"}],"author":[{"embeddable":true,"href":"https:\/\/dekasvitamins.com\/es\/wp-json\/wp\/v2\/users\/1545"}],"replies":[{"embeddable":true,"href":"https:\/\/dekasvitamins.com\/es\/wp-json\/wp\/v2\/comments?post=7688"}],"version-history":[{"count":10,"href":"https:\/\/dekasvitamins.com\/es\/wp-json\/wp\/v2\/pages\/7688\/revisions"}],"predecessor-version":[{"id":15890,"href":"https:\/\/dekasvitamins.com\/es\/wp-json\/wp\/v2\/pages\/7688\/revisions\/15890"}],"wp:attachment":[{"href":"https:\/\/dekasvitamins.com\/es\/wp-json\/wp\/v2\/media?parent=7688"}],"curies":[{"name":"wp","href":"https:\/\/api.w.org\/{rel}","templated":true}]}}