{"id":7652,"date":"2018-06-13T11:45:07","date_gmt":"2018-06-13T09:45:07","guid":{"rendered":"https:\/\/dekasvitamins.com\/preguntas-frequentes\/"},"modified":"2025-05-27T17:26:54","modified_gmt":"2025-05-27T15:26:54","slug":"preguntas-frequentes","status":"publish","type":"page","link":"https:\/\/dekasvitamins.com\/es\/preguntas-frequentes\/","title":{"rendered":"Preguntas frequentes"},"content":{"rendered":"<p><a href=\"#where\">\u00bfComo y d\u00f3nde puedo conseguir DEKAs Vitamins?<\/a><br \/>\n<a href=\"#upc\">\u00bfQu\u00e9 son los c\u00f3digos UPC de DEKAs Vitamins?<\/a><br \/>\n<a href=\"#shipping\">\u00bfCu\u00e1les son los gastos de env\u00edo?<\/a><br \/>\n<a href=\"#discount\">\u00bfQu\u00e9 descuentos por volumen ofrece DEKAsvitamins?<\/a><br \/>\n<a href=\"#VAT\">\u00bfQu\u00e9 IVA y deberes locales se aplica a los productos en DEKAsvitamins.com??<\/a><br \/>\n<a href=\"#returns\">\u00bfSe aceptan devoluciones?<\/a><br \/>\n<a href=\"#insurance\">\u00bfEl seguro m\u00e9dico cubre las vitaminas DEKAs?<\/a><br \/>\n<a href=\"#otherconditions\">\u00bfPuedo tomar vitaminas DEKAs si no sufro fibrosis qu\u00edstica, enfermedad hep\u00e1tica colest\u00e1sica o si no me he sometido a cirug\u00eda bari\u00e1trica?<\/a><br \/>\n<a href=\"#supervision\">\u00bfPuedo utilizar productos DEKAs sin supervisi\u00f3n m\u00e9dica?<\/a><br \/>\n<a href=\"#prescription\">\u00bfPuedo pedir productos DEKAs sin receta?<\/a><\/p>\n<h2><a id=\"where\"><\/a>\u00bfComo y donde puedo conseguir DEKAs Vitamins?<\/h2>\n<p>Consulte a continuaci\u00f3n la lista alfab\u00e9tica por continente, de pa\u00edses donde distribuimos nuestros productos actualmente. Si se encuentra en Estados Unidos o en Canad\u00e1, visite <a href=\"http:\/\/www.callionpharma.com\" target=\"_blank\" rel=\"noopener\">www.callionpharma.com<\/a>.<\/p>\n<p>Los productos DEKAs se distribuyen en una gran variedad de pa\u00edses. Si es usted m\u00e9dico, farmac\u00e9utico, forma parte de alguna instituci\u00f3n privada o p\u00fablica, o es un posible distribuidor, env\u00edenos un correo electr\u00f3nico a <a href=\"mailto:info@dekasvitamins.com\" target=\"_blank\" rel=\"noopener noreferrer\">info@dekasvitamins.com<\/a> y cons\u00faltenos sobre la distribuci\u00f3n en un pa\u00eds concreto.<\/p>\n<p>Pa\u00edses donde se distribuyen los productos de DEKAsvitamins.com:<\/p>\n<table style=\"width: 104.583%;\" width=\"580\">\n<tbody>\n<tr>\n<td style=\"width: 24.7222%;\" width=\"145\"><strong>Europa<\/strong><\/td>\n<td style=\"width: 25.6308%;\">Hungr\u00eda<\/td>\n<td style=\"width: 24.7012%;\">Eslovaquia<\/td>\n<td style=\"width: 24.834%;\" width=\"145\">L\u00edbano<\/td>\n<\/tr>\n<tr>\n<td style=\"width: 24.7222%;\">Albania<\/td>\n<td style=\"width: 25.6308%;\" width=\"145\">Islandia<\/td>\n<td style=\"width: 24.7012%;\" width=\"145\">Eslovenia<\/td>\n<td style=\"width: 24.834%;\">Malasia<\/td>\n<\/tr>\n<tr>\n<td style=\"width: 24.7222%;\">Andorra<\/td>\n<td style=\"width: 25.6308%;\" width=\"145\">Irlanda<\/td>\n<td style=\"width: 24.7012%;\">Espa\u00f1a<\/td>\n<td style=\"width: 24.834%;\">Om\u00e1n<\/td>\n<\/tr>\n<tr>\n<td style=\"width: 24.7222%;\">Armenia<\/td>\n<td style=\"width: 25.6308%;\" width=\"145\">Italia<\/td>\n<td style=\"width: 24.7012%;\">Suecia<\/td>\n<td style=\"width: 24.834%;\">Filipinas<\/td>\n<\/tr>\n<tr>\n<td style=\"width: 24.7222%;\">Austria<\/td>\n<td style=\"width: 25.6308%;\" width=\"145\">Kosovo<\/td>\n<td style=\"width: 24.7012%;\" width=\"145\">Suiza<\/td>\n<td style=\"width: 24.834%;\">Katar<\/td>\n<\/tr>\n<tr>\n<td style=\"width: 24.7222%;\">Azerbaiy\u00e1n<\/td>\n<td style=\"width: 25.6308%;\">Letonia<\/td>\n<td style=\"width: 24.7012%;\" width=\"145\">Reino Unido (Reino Unido)<\/td>\n<td style=\"width: 24.834%;\">Arabia Saudita<\/td>\n<\/tr>\n<tr>\n<td style=\"width: 24.7222%;\">B\u00e9lgica<\/td>\n<td style=\"width: 25.6308%;\">Liechtenstein<\/td>\n<td style=\"width: 24.7012%;\"><\/td>\n<td style=\"width: 24.834%;\">Singapur<\/td>\n<\/tr>\n<tr>\n<td style=\"width: 24.7222%;\">Bosnia y Herzegovina<\/td>\n<td style=\"width: 25.6308%;\">Lituania<\/td>\n<td style=\"width: 24.7012%;\" width=\"145\"><strong>\u00c1frica<\/strong><\/td>\n<td style=\"width: 24.834%;\">Sri Lanka<\/td>\n<\/tr>\n<tr>\n<td style=\"width: 24.7222%;\">Bulgaria<\/td>\n<td style=\"width: 25.6308%;\">Luxemburgo<\/td>\n<td style=\"width: 24.7012%;\" width=\"145\">Argelia<\/td>\n<td style=\"width: 24.834%;\">Corea del Sur<\/td>\n<\/tr>\n<tr>\n<td style=\"width: 24.7222%;\">Croacia<\/td>\n<td style=\"width: 25.6308%;\">Malta<\/td>\n<td style=\"width: 24.7012%;\" width=\"145\">Egipto<\/td>\n<td style=\"width: 24.834%;\">Taiw\u00e1n<\/td>\n<\/tr>\n<tr>\n<td style=\"width: 24.7222%;\">Chipre<\/td>\n<td style=\"width: 25.6308%;\">Moldavia<\/td>\n<td style=\"width: 24.7012%;\" width=\"145\"><\/td>\n<td style=\"width: 24.834%;\">Tailandia<\/td>\n<\/tr>\n<tr>\n<td style=\"width: 24.7222%;\" width=\"145\">Republica checa<\/td>\n<td style=\"width: 25.6308%;\">M\u00f3naco<\/td>\n<td style=\"width: 24.7012%;\"><strong>Asia<\/strong><\/td>\n<td style=\"width: 24.834%;\">Emiratos \u00c1rabes Unidos<\/td>\n<\/tr>\n<tr>\n<td style=\"width: 24.7222%;\">Dinamarca<\/td>\n<td style=\"width: 25.6308%;\">Montenegro<\/td>\n<td style=\"width: 24.7012%;\">Bahr\u00e9in<\/td>\n<td style=\"width: 24.834%;\">Uzbekist\u00e1n<\/td>\n<\/tr>\n<tr>\n<td style=\"width: 24.7222%;\">Estonia<\/td>\n<td style=\"width: 25.6308%;\">Pa\u00edses Bajos<\/td>\n<td style=\"width: 24.7012%;\" width=\"145\">China<\/td>\n<td style=\"width: 24.834%;\"><\/td>\n<\/tr>\n<tr>\n<td style=\"width: 24.7222%;\">Finlandia<\/td>\n<td style=\"width: 25.6308%;\" width=\"145\">Macedonia del Norte<\/td>\n<td style=\"width: 24.7012%;\">Indonesia<\/td>\n<td style=\"width: 24.834%;\"><strong>Ocean\u00eda<\/strong><\/td>\n<\/tr>\n<tr>\n<td style=\"width: 24.7222%;\">Francia<\/td>\n<td style=\"width: 25.6308%;\">Polonia<\/td>\n<td style=\"width: 24.7012%;\">Jord\u00e1n<\/td>\n<td style=\"width: 24.834%;\" width=\"145\">Australia<\/td>\n<\/tr>\n<tr>\n<td style=\"width: 24.7222%;\" width=\"145\">Georgia<\/td>\n<td style=\"width: 25.6308%;\" width=\"145\">Portugal<\/td>\n<td style=\"width: 24.7012%;\" width=\"145\">Kazajst\u00e1n<\/td>\n<td style=\"width: 24.834%;\">Nueva Zelanda<\/td>\n<\/tr>\n<tr>\n<td style=\"width: 24.7222%;\">Alemania<\/td>\n<td style=\"width: 25.6308%;\">San Marino<\/td>\n<td style=\"width: 24.7012%;\" width=\"145\">Kuwait<\/td>\n<td style=\"width: 24.834%;\"><\/td>\n<\/tr>\n<tr>\n<td style=\"width: 24.7222%;\">Gibraltar<\/td>\n<td style=\"width: 25.6308%;\">Serbia<\/td>\n<td style=\"width: 24.7012%;\" width=\"145\">Kirguist\u00e1n<\/td>\n<td style=\"width: 24.834%;\"><\/td>\n<\/tr>\n<\/tbody>\n<\/table>\n<h2><a id=\"upc\"><\/a>\u00bfQu\u00e9 son los c\u00f3digos UPC de DEKAs Vitamins?<\/h2>\n<p>El C\u00f3digo Universal de Producto (UPC, por sus siglas en ingl\u00e9s) es un n\u00famero de 13 d\u00edgitos o 12 (con un 0 delante) que se utiliza para asignar un c\u00f3digo de barras \u00fanico a productos aptos para la venta.<\/p>\n<table style=\"width: 103.922%;\" width=\"704\">\n<tbody>\n<tr>\n<td style=\"width: 50.1634%;\" width=\"361\">DEKAs Plus c\u00e1psulas blandas<\/td>\n<td style=\"width: 53.5948%;\" width=\"343\">UPC: 0868176000114<\/td>\n<\/tr>\n<tr>\n<td style=\"width: 50.1634%;\" width=\"361\">DEKAs Plus masticables<\/td>\n<td style=\"width: 53.5948%;\" width=\"343\">UPC: 0868176000152<\/td>\n<\/tr>\n<tr>\n<td style=\"width: 50.1634%;\" width=\"361\">DEKAs Plus Liquido<\/td>\n<td style=\"width: 53.5948%;\" width=\"343\">UPC: 0868176000107<\/td>\n<\/tr>\n<tr>\n<td style=\"width: 50.1634%;\" width=\"361\">DEKAs Essential c\u00e1psulas<\/td>\n<td style=\"width: 53.5948%;\" width=\"343\">UPC: 0868176000121<\/td>\n<\/tr>\n<tr>\n<td style=\"width: 50.1634%;\" width=\"361\">DEKAs Bariatric naranja y melocot\u00f3<\/td>\n<td style=\"width: 53.5948%;\" width=\"343\">UPC: 0868176000169<\/td>\n<\/tr>\n<tr>\n<td style=\"width: 50.1634%;\" width=\"361\">DEKAs Essential liquido<\/td>\n<td style=\"width: 53.5948%;\" width=\"343\">UPC: 0868176000138<\/td>\n<\/tr>\n<tr>\n<td style=\"width: 50.1634%;\" width=\"361\">DEKAs Aqua-E liquido<\/td>\n<td style=\"width: 53.5948%;\" width=\"343\">UPC: 0868176000176<\/td>\n<\/tr>\n<\/tbody>\n<\/table>\n<h2><a id=\"shipping\"><\/a>\u00bfCu\u00e1les son los gastos de env\u00edo?<\/h2>\n<p>Para el env\u00edo utilizamos UPS, que ofrece tarifas planas de env\u00edo. La tarifa de env\u00edo NO var\u00eda con la cantidad de productos que ordene. Las tarifas de env\u00edo son las siguientes:<\/p>\n<table style=\"width: 100%;\">\n<tbody>\n<tr>\n<td style=\"width: 80.8333%;\" width=\"519\">Austria, B\u00e9lgica, Rep\u00fablica Checa, Dinamarca, Finlandia, Francia, Alemania, Irlanda, Italia, Luxemburgo, M\u00f3naco, Pa\u00edses Bajos, Polonia, Portugal, Espa\u00f1a y Suecia<\/td>\n<td style=\"width: 19.0278%;\" width=\"66\">\u20ac 10,50<\/td>\n<\/tr>\n<tr>\n<td style=\"width: 80.8333%;\" width=\"519\">Bulgaria, Croacia, Estonia, Grecia, Hungr\u00eda, Letonia, Lituania, Rumania, Eslovaquia, Eslovenia y Reino Unido<\/td>\n<td style=\"width: 19.0278%;\" width=\"66\">\u20ac 12,50<\/td>\n<\/tr>\n<tr>\n<td style=\"width: 80.8333%;\" width=\"519\">Suiza, Andorra, San Marino y Liechtenstein<\/td>\n<td style=\"width: 19.0278%;\" width=\"66\">\u20ac 15<\/td>\n<\/tr>\n<tr>\n<td style=\"width: 80.8333%;\" width=\"519\">Chipre y Malta<\/td>\n<td style=\"width: 19.0278%;\" width=\"66\">\u20ac 20<\/td>\n<\/tr>\n<tr>\n<td style=\"width: 80.8333%;\" width=\"519\">Albania, Bosnia y Herzegovina, Gibraltar, Islandia, Kosovo, Montenegro, N-Macedonia, Serbia, Ucrania, Moldavia, Australia, Bar\u00e9in, Egipto, Jordania, Kuwait, Nueva Zelanda, Om\u00e1n, Filipinas, Qatar, Malasia, Singapur, Corea del Sur, Taiw\u00e1n y Emiratos \u00c1rabes Unidos<\/td>\n<td style=\"width: 19.0278%;\" width=\"66\">\u20ac 25<\/td>\n<\/tr>\n<tr>\n<td style=\"width: 80.8333%;\" width=\"519\">Armenia, Azerbaiy\u00e1n, Georgia, Kazajst\u00e1n, Kirguist\u00e1n, Arabia Saudita y Uzbekist\u00e1n<\/td>\n<td style=\"width: 19.0278%;\" width=\"66\">\u20ac 35<\/td>\n<\/tr>\n<tr>\n<td style=\"width: 80.8333%;\" width=\"519\">Argelia, L\u00edbano y Marruecos<\/td>\n<td style=\"width: 19.0278%;\" width=\"66\">\u20ac 45<\/td>\n<\/tr>\n<\/tbody>\n<\/table>\n<p>Los gastos de env\u00edo se calculan en el carrito de la compra de la tienda web. Para calcularlos correctamente haz clic en el bot\u00f3n &#8216;CALCULAR ENV\u00cdO&#8217; o &#8216;CAMBIAR DIRECCI\u00d3N&#8217; del carrito. Luego indique su pa\u00eds como destino y haga clic en &#8216;ACTUALIZAR&#8217;. La tienda calcular\u00e1 entonces los gastos de env\u00edo aplicables.<\/p>\n<h2><a id=\"discount\"><\/a>\u00bfQu\u00e9 descuentos por volumen ofrece DEKAsvitamins?<\/h2>\n<p>Aplicamos descuentos al pedir varios paquetes al mismo tiempo. El descuento se aplica sobre el importe total del carrito (antes de IVA y gastos de env\u00edo). Como sigue:<\/p>\n<table>\n<tbody>\n<tr>\n<td width=\"315\"><strong>Paquetes o botellas<\/strong><\/td>\n<td width=\"44\"><strong>3<\/strong><\/td>\n<td width=\"50\"><strong>4<\/strong><\/td>\n<td width=\"46\"><strong>5 o m\u00e1s<\/strong><\/td>\n<\/tr>\n<tr>\n<td width=\"315\">DEKAs Bariatric masticables<\/td>\n<td width=\"44\"><\/td>\n<td width=\"50\">2,5%<\/td>\n<td width=\"46\">5%<\/td>\n<\/tr>\n<tr>\n<td width=\"315\">DEKAs Plus l\u00edquido, DEKAs Plus c\u00e1psulas blandas, DEKAs Plus masticables, DEKAs Essential c\u00e1psulas<br \/>\n<em>o combinaciones de estas<\/em><\/td>\n<td width=\"44\"><\/td>\n<td width=\"50\">5%<\/td>\n<td width=\"46\">10%<\/td>\n<\/tr>\n<tr>\n<td width=\"315\">DEKAs Essential l\u00edquido, DEKAs Aqua-E l\u00edquido<br \/>\n<em>o combinaciones de estas<\/em><\/td>\n<td width=\"44\">20%<\/td>\n<td width=\"50\">22,5%<\/td>\n<td width=\"46\">25%<\/td>\n<\/tr>\n<\/tbody>\n<\/table>\n<h2><a id=\"VAT\"><\/a>\u00bfQu\u00e9 IVA se aplica a los productos en DEKAsvitamins.com?<\/h2>\n<p>Para entregas dentro de la UE, DEKAsvitamins agrega la tasa de IVA aplicable a su precio de la siguiente manera:<\/p>\n<table style=\"width: 100%;\" width=\"644\">\n<tbody>\n<tr>\n<td style=\"width: 30.8823%;\" width=\"145\">Alemania<\/td>\n<td style=\"width: 14.0523%;\" width=\"145\">19%<\/td>\n<td style=\"width: 4.90196%;\" width=\"145\"><\/td>\n<td style=\"width: 36.1111%;\" width=\"145\">Hungr\u00eda<\/td>\n<td style=\"width: 13.7255%;\" width=\"64\">5%<\/td>\n<\/tr>\n<tr>\n<td style=\"width: 30.8823%;\">Austria<\/td>\n<td style=\"width: 14.0523%;\">10%<\/td>\n<td style=\"width: 4.90196%;\"><\/td>\n<td style=\"width: 36.1111%;\">Irlanda<\/td>\n<td style=\"width: 13.7255%;\">0%<\/td>\n<\/tr>\n<tr>\n<td style=\"width: 30.8823%;\">B\u00e9lgica<\/td>\n<td style=\"width: 14.0523%;\">6%<\/td>\n<td style=\"width: 4.90196%;\"><\/td>\n<td style=\"width: 36.1111%;\">Italia<\/td>\n<td style=\"width: 13.7255%;\">10%<\/td>\n<\/tr>\n<tr>\n<td style=\"width: 30.8823%;\">Bulgaria<\/td>\n<td style=\"width: 14.0523%;\">20%<\/td>\n<td style=\"width: 4.90196%;\"><\/td>\n<td style=\"width: 36.1111%;\">Letonia<\/td>\n<td style=\"width: 13.7255%;\">12%<\/td>\n<\/tr>\n<tr>\n<td style=\"width: 30.8823%;\">Chipre<\/td>\n<td style=\"width: 14.0523%;\">5%<\/td>\n<td style=\"width: 4.90196%;\"><\/td>\n<td style=\"width: 36.1111%;\">Lituania<\/td>\n<td style=\"width: 13.7255%;\">5%<\/td>\n<\/tr>\n<tr>\n<td style=\"width: 30.8823%;\">Croacia<\/td>\n<td style=\"width: 14.0523%;\">5%<\/td>\n<td style=\"width: 4.90196%;\"><\/td>\n<td style=\"width: 36.1111%;\">Luxemburgo<\/td>\n<td style=\"width: 13.7255%;\">3%<\/td>\n<\/tr>\n<tr>\n<td style=\"width: 30.8823%;\">Dinamarca<\/td>\n<td style=\"width: 14.0523%;\">25%<\/td>\n<td style=\"width: 4.90196%;\"><\/td>\n<td style=\"width: 36.1111%;\">Malta<\/td>\n<td style=\"width: 13.7255%;\">0%<\/td>\n<\/tr>\n<tr>\n<td style=\"width: 30.8823%;\">Eslovaquia<\/td>\n<td style=\"width: 14.0523%;\">5%<\/td>\n<td style=\"width: 4.90196%;\"><\/td>\n<td style=\"width: 36.1111%;\">Pa\u00edses Bajos<\/td>\n<td style=\"width: 13.7255%;\">9%<\/td>\n<\/tr>\n<tr>\n<td style=\"width: 30.8823%;\">Eslovenia<\/td>\n<td style=\"width: 14.0523%;\">10%<\/td>\n<td style=\"width: 4.90196%;\"><\/td>\n<td style=\"width: 36.1111%;\">Polonia<\/td>\n<td style=\"width: 13.7255%;\">8%<\/td>\n<\/tr>\n<tr>\n<td style=\"width: 30.8823%;\">Espa\u00f1a<\/td>\n<td style=\"width: 14.0523%;\">4%<\/td>\n<td style=\"width: 4.90196%;\"><\/td>\n<td style=\"width: 36.1111%;\">Portugal<\/td>\n<td style=\"width: 13.7255%;\">6%<\/td>\n<\/tr>\n<tr>\n<td style=\"width: 30.8823%;\">Estonia<\/td>\n<td style=\"width: 14.0523%;\">9%<\/td>\n<td style=\"width: 4.90196%;\"><\/td>\n<td style=\"width: 36.1111%;\">Republica Checa<\/td>\n<td style=\"width: 13.7255%;\">12%<\/td>\n<\/tr>\n<tr>\n<td style=\"width: 30.8823%;\">Finlandia<\/td>\n<td style=\"width: 14.0523%;\">10%<\/td>\n<td style=\"width: 4.90196%;\"><\/td>\n<td style=\"width: 36.1111%;\">Rumania<\/td>\n<td style=\"width: 13.7255%;\">9%<\/td>\n<\/tr>\n<tr>\n<td style=\"width: 30.8823%;\">Francia<\/td>\n<td style=\"width: 14.0523%;\">5,50%<\/td>\n<td style=\"width: 4.90196%;\"><\/td>\n<td style=\"width: 36.1111%;\">Suecia<\/td>\n<td style=\"width: 13.7255%;\">0%<\/td>\n<\/tr>\n<tr>\n<td style=\"width: 30.8823%;\">Grecia<\/td>\n<td style=\"width: 14.0523%;\">6%<\/td>\n<td style=\"width: 4.90196%;\"><\/td>\n<td style=\"width: 36.1111%;\"><\/td>\n<td style=\"width: 13.7255%;\"><\/td>\n<\/tr>\n<\/tbody>\n<\/table>\n<p>Las instituciones o empresas con un n\u00famero de IVA v\u00e1lido pueden reclamar el IVA que nos han pagado en sus declaraciones de IVA locales.<\/p>\n<p>Los compradores del Reino Unido pagar\u00e1n el 20 % de IVA m\u00e1s una tasa de tramitaci\u00f3n de 6,60 \u20ac a UPS en el momento de la importaci\u00f3n. Para pedidos desde el Reino Unido se aplica un valor de pedido m\u00ednimo de \u00a3 135 \/ \u20ac 150.<\/p>\n<p>En pedidos desde fuera de la UE no se cobra IVA. Para entregas fuera de la UE, nuestro socio de env\u00edo UPS puede agregar el IVA y los derechos de importaci\u00f3n a la entrega. UPS, o su representante, se pondr\u00e1 en contacto con el cliente. Seg\u00fan nuestra experiencia, los aranceles var\u00edan entre el 3% y el 25%, pero a veces m\u00e1s, seg\u00fan el pa\u00eds. A menudo, se cobra una tarifa de manejo fija adem\u00e1s de los aranceles de importaci\u00f3n. <strong>Esta tarifa de manipulaci\u00f3n fija hace que pedir varias botellas sea atractivo, ya que este costo fijo se puede dividir entre las distintas botellas.<\/strong><\/p>\n<h2><a id=\"returns\"><\/a>\u00bfSe aceptan devoluciones?<\/h2>\n<p>S\u00ed, con las siguientes condiciones:<\/p>\n<ul>\n<li>Las devoluciones deben realizarse dentro de un plazo de 14 d\u00edas naturales a partir de la recepci\u00f3n del pedido.<\/li>\n<li>Solo se aceptar\u00e1n productos que no hayan sido abiertos (con el sello de seguridad intacto) y que no presenten da\u00f1os.<\/li>\n<\/ul>\n<p>Los clientes asumir\u00e1n los costes de env\u00edo a menos que la devoluci\u00f3n se deba a un defecto en el producto o a un error en el pedido por parte de DEKAsvitamins.com. Contacte con nosotros en <a href=\"mailto:info@dekasvitamins.com\">info@dekasvitamins.com<\/a> o por tel\u00e9fono y autorizaremos la devoluci\u00f3n o, en su caso, el reembolso.<\/p>\n<h2><a id=\"insurance\"><\/a>\u00bfEl seguro m\u00e9dico cubre las vitaminas DEKAs?<\/h2>\n<p>Es posible que su seguro cubra el coste de las vitaminas DEKAs. Consulte con su m\u00e9dico o nutricionista. Si su seguro no las cubre, quiz\u00e1s le pueda ayudar que su m\u00e9dico o profesional sanitario escriba una carta de necesidad m\u00e9dica a la compa\u00f1\u00eda de seguro. Dicha carta debe explicar los detalles de la enfermedad o trastorno del paciente que provoca la mala absorci\u00f3n de vitaminas y la necesidad de valerse de la tecnolog\u00eda de liberaci\u00f3n de las multivitaminas DEKAs para combatir la mala absorci\u00f3n de nutrientes.<\/p>\n<p>Puede contactar con nosotros en <a href=\"mailto:info@dekasvitamins.com\">info@dekasvitamins.com<\/a> para m\u00e1s informaci\u00f3n.<\/p>\n<h2><a id=\"otherconditions\"><\/a>\u00bfPuedo utilizar los productos DEKAs para otras enfermedades?<\/h2>\n<p>Un profesional m\u00e9dico puede determinar si las vitaminas DEKAs son indicadas para otras enfermedades aparte de la fibrosis qu\u00edstica, la enfermedad hep\u00e1tica colest\u00e1sica o la cirug\u00eda bari\u00e1trica. Consulte siempre con su m\u00e9dico, puesto que las vitaminas DEKAs deben tomarse bajo supervisi\u00f3n m\u00e9dica.<\/p>\n<h2><a id=\"supervision\"><\/a>\u00bfPuedo utilizar productos DEKAs sin supervisi\u00f3n m\u00e9dica?<\/h2>\n<p>No. Al comprar productos DEKAs le pedimos que declare que est\u00e1 tomando DEKAs exclusivamente bajo supervisi\u00f3n m\u00e9dica.<\/p>\n<h2><a id=\"prescription\"><\/a>\u00bfPuedo pedir productos DEKAs sin receta?<\/h2>\n<p>S\u00ed. Desde la tienda online puede hacer su pedido sin receta, pero las vitaminas DEKAs deben tomarse solo bajo supervisi\u00f3n m\u00e9dica, por lo que deber\u00eda informar siempre a su m\u00e9dico y\/o nutricionista.<\/p>\n","protected":false},"excerpt":{"rendered":"<div class=\"entry-summary\">\n<div class=\"entry-summary\">\n\u00bfComo y d\u00f3nde puedo conseguir DEKAs Vitamins? \u00bfQu\u00e9 son los c\u00f3digos UPC de DEKAs Vitamins? \u00bfCu\u00e1les son los gastos de env\u00edo? \u00bfQu\u00e9 descuentos por volumen ofrece DEKAsvitamins? \u00bfQu\u00e9 IVA y deberes locales se aplica a los productos en DEKAsvitamins.com?? \u00bfSe&hellip;\n<\/div>\n<div class=\"link-more\"><a href=\"https:\/\/dekasvitamins.com\/es\/preguntas-frequentes\/\" class=\"more-link\">Continuar leyendo<span class=\"screen-reader-text\"> &ldquo;Preguntas frequentes&rdquo;<\/span>&hellip;<\/a><\/div>\n<\/div>\n<div class=\"link-more\"><a href=\"https:\/\/dekasvitamins.com\/es\/preguntas-frequentes\/\" class=\"more-link\">Continuar leyendo<span class=\"screen-reader-text\"> &ldquo;Preguntas frequentes&rdquo;<\/span>&hellip;<\/a><\/div>\n","protected":false},"author":2,"featured_media":0,"parent":0,"menu_order":3,"comment_status":"closed","ping_status":"closed","template":"templates\/no-intro.php","meta":{"footnotes":""},"class_list":["post-7652","page","type-page","status-publish","hentry","entry"],"_links":{"self":[{"href":"https:\/\/dekasvitamins.com\/es\/wp-json\/wp\/v2\/pages\/7652","targetHints":{"allow":["GET"]}}],"collection":[{"href":"https:\/\/dekasvitamins.com\/es\/wp-json\/wp\/v2\/pages"}],"about":[{"href":"https:\/\/dekasvitamins.com\/es\/wp-json\/wp\/v2\/types\/page"}],"author":[{"embeddable":true,"href":"https:\/\/dekasvitamins.com\/es\/wp-json\/wp\/v2\/users\/2"}],"replies":[{"embeddable":true,"href":"https:\/\/dekasvitamins.com\/es\/wp-json\/wp\/v2\/comments?post=7652"}],"version-history":[{"count":34,"href":"https:\/\/dekasvitamins.com\/es\/wp-json\/wp\/v2\/pages\/7652\/revisions"}],"predecessor-version":[{"id":17867,"href":"https:\/\/dekasvitamins.com\/es\/wp-json\/wp\/v2\/pages\/7652\/revisions\/17867"}],"wp:attachment":[{"href":"https:\/\/dekasvitamins.com\/es\/wp-json\/wp\/v2\/media?parent=7652"}],"curies":[{"name":"wp","href":"https:\/\/api.w.org\/{rel}","templated":true}]}}