{"id":7645,"date":"2018-06-13T10:49:14","date_gmt":"2018-06-13T08:49:14","guid":{"rendered":"https:\/\/dekasvitamins.com\/sobre-nosostros\/"},"modified":"2022-12-05T11:28:23","modified_gmt":"2022-12-05T10:28:23","slug":"sobre-nosostros","status":"publish","type":"page","link":"https:\/\/dekasvitamins.com\/es\/sobre-nosostros\/","title":{"rendered":"Quienes somos"},"content":{"rendered":"<blockquote><p>Queremos que las vitaminas m\u00e9dicas est\u00e9n ampliamente disponibles para quien realmente las necesite. Tambi\u00e9n queremos que sea mas f\u00e1cil para los pacientes tomar sus vitaminas cada d\u00eda.<\/p><\/blockquote>\n<p><strong>DEKAsvitamins.com<\/strong> fabrica las vitam\u00ednas m\u00e9dicas DEKAs todo-en-uno basadas en una tecnolog\u00eda de absorci\u00f3n cl\u00ednicamente probada, que mejora la absorci\u00f3n de vitaminas liposolubles. Las vitaminas liposolubles DEKAs todo-en-uno han sido elaboradas espec\u00edficamente para pacientes con dificultad para absorber vitaminas liposolubles, como personas con fibrosis qu\u00edstica, enfermedad hep\u00e1tica colest\u00e1sica o pacientes de cirug\u00eda bari\u00e1trica. Las vitaminas DEKAs se fabrican en los laboratorios de <strong>Callion Farma<\/strong>, en EE.UU. Se comercializan en gran parte de de los EE.UU. y Europa, donde est\u00e1n consideradas como <em>alimento para usos m\u00e9dicos especiales<\/em> y deben tomarse bajo supervisi\u00f3n m\u00e9dica.<\/p>\n<h2>El equipo de DEKAsvitamins.com<\/h2>\n<p>Como muchas otras cosas buenas, <strong>DEKAsvitamins.com<\/strong> es el resultado de un esfuerzo conjunto. El equipo de <strong>DEKAsvitamins.com<\/strong> incluye profesionales expertos que han trabajado durante muchos a\u00f1os con la comunidad de pacientes de fibrosis qu\u00edstica.<\/p>\n<h2><img loading=\"lazy\" decoding=\"async\" class=\"alignleft size-medium wp-image-4776\" src=\"http:\/\/dekasvitamins.com\/wp-content\/uploads\/2018\/01\/14bewerkt-200x300.jpg\" alt=\"\" width=\"200\" height=\"300\" \/><\/h2>\n<h3>Dr. Roberto Jongejan, M\u00e9dico<\/h3>\n<p>Roberto Jongejan estudi\u00f3 Medicina en \u00c1msterdam (Pa\u00edses Bajos) y realiz\u00f3 su doctorado en Farmacolog\u00eda Pulmonar en los Departamentos de Neumolog\u00eda Pedi\u00e1trica y Farmacolog\u00eda en R\u00f3tterdam (Pa\u00edses Bajos). Ha dedicado su carrera profesional a la innovaci\u00f3n en el tratamiento farmac\u00e9utico y la reinvenci\u00f3n de f\u00e1rmacos. Ha trabajado con la fibrosis qu\u00edstica durante los \u00faltimos 13 a\u00f1os y quedo sorprendido por el hecho de que AquADEKs ya no est\u00e9 disponible en Europa.<\/p>\n<p><em>\u00abUna buena nutrici\u00f3n es esencial para pacientes con una absorci\u00f3n de vitaminas deficiente y las pautas de tratamiento son claras al respecto. El tratamiento para la fibrosis qu\u00edstica o para la enfermedad hep\u00e1tica colest\u00e1sica es bastante intenso y el seguimiento constante de pacientes que se han sometido a cirug\u00eda bari\u00e1trica constituye un reto diario. Por ello, facilitar a los pacientes la ingesta diaria de vitaminas es una ayuda muy significativa.\u00bb<\/em><\/p>\n<h2><img loading=\"lazy\" decoding=\"async\" class=\"alignleft\" src=\"http:\/\/dekasvitamins.com\/wp-content\/uploads\/2020\/03\/Simon-Deck-uitsnede.jpg\" alt=\"\" width=\"200\" height=\"292\" \/><\/h2>\n<h3>Simon Deck<\/h3>\n<p>Simon Deck estudi\u00f3 en Edimburgo, seguido de una carrera temprana en la fabricaci\u00f3n de alimentos y las industrias agr\u00edcolas. Ha trabajado en el sector farmac\u00e9utico, durante m\u00e1s de 30 a\u00f1os, en puestos de ventas, marketing y gesti\u00f3n. Desde 2001 ha estado activo en las \u00e1reas de neumolog\u00eda y Fibrosis Qu\u00edstica. \u00daltimamente involucrado en el sector de Alimentos para Usos M\u00e9dicos Especiales, cuestiona la disponibilidad limitada de vitaminas cl\u00ednicamente referenciadas y la pr\u00e1ctica aceptada de tomar m\u00faltiples vitaminas y preparaciones minerales individuales. Existe una clara necesidad de reducir y simplificar las ingestas diarias para mejorar la adherencia al tratamiento, lo que mejorar\u00e1 el estado de salud.<\/p>\n<p><em>\u201cEncuentro fascinante la complexidad del tratamiento diet\u00e9tico de la fibrosis qu\u00edstica, el cuidado post-bari\u00e1trico y la enfermedad hep\u00e1tica colest\u00e1sica. No se puede exagerar la importancia del cumplimiento con un r\u00e9gimen apropiado de vitaminas y minerales. Los multivitam\u00ednicos todo en uno de DEKAs, que cumplen con las pautas, y adem\u00e1s son cl\u00ednicamente probados, son de alta relevancia para lograr mejores resultados nutricionales que conduzcan a un mejor estado de salud.\u00bb<\/em><\/p>\n<h2><img loading=\"lazy\" decoding=\"async\" class=\"alignleft size-medium wp-image-4108\" src=\"http:\/\/dekasvitamins.com\/wp-content\/uploads\/2018\/01\/MD-9587-200x300.jpg\" alt=\"\" width=\"200\" height=\"300\" \/><\/h2>\n<h3>Dirk Krause, Doctor en Farmacolog\u00eda<\/h3>\n<p>Dirk Krause estudi\u00f3 Medicina en Berl\u00edn y Farmacia en Mainz (Alemania). Ha trabajado en oncolog\u00eda y siempre ha mostrado su deseo de ayudar a los pacientes que necesitan asistencia. En sus casi 10 a\u00f1os de trabajo con la comunidad de pacientes de fibrosis qu\u00edstica (FQ) en Alemania y Austria, se ha visto sorprendido por la cantidad de trabajo que a\u00fan queda por hacer en lo que respecta a informar a los contribuyentes de la importancia de los suplementos vitam\u00ednicos para los pacientes de FQ, aun cuando en la comunidad m\u00e9dica es un conocimiento bien extendido.<\/p>\n<p><em>\u00abCon su tecnolog\u00eda de micelas especialmente dise\u00f1ada,vitaminas DEKAs \u00a0ofrecen una gran ventaja cuando se trata de garantizar los beneficios de una vitamina ajustada a los est\u00e1ndares para pacientes con dificultad de absorci\u00f3n de vitaminas. Definitivamente es algo en lo que vale la pena trabajar.\u00bb<\/em><\/p>\n<h2>Cont\u00e1ctenos<\/h2>\n<script>\nvar gform;gform||(document.addEventListener(\"gform_main_scripts_loaded\",function(){gform.scriptsLoaded=!0}),document.addEventListener(\"gform\/theme\/scripts_loaded\",function(){gform.themeScriptsLoaded=!0}),window.addEventListener(\"DOMContentLoaded\",function(){gform.domLoaded=!0}),gform={domLoaded:!1,scriptsLoaded:!1,themeScriptsLoaded:!1,isFormEditor:()=>\"function\"==typeof InitializeEditor,callIfLoaded:function(o){return!(!gform.domLoaded||!gform.scriptsLoaded||!gform.themeScriptsLoaded&&!gform.isFormEditor()||(gform.isFormEditor()&&console.warn(\"The use of gform.initializeOnLoaded() is deprecated in the form editor context and will be removed in Gravity Forms 3.1.\"),o(),0))},initializeOnLoaded:function(o){gform.callIfLoaded(o)||(document.addEventListener(\"gform_main_scripts_loaded\",()=>{gform.scriptsLoaded=!0,gform.callIfLoaded(o)}),document.addEventListener(\"gform\/theme\/scripts_loaded\",()=>{gform.themeScriptsLoaded=!0,gform.callIfLoaded(o)}),window.addEventListener(\"DOMContentLoaded\",()=>{gform.domLoaded=!0,gform.callIfLoaded(o)}))},hooks:{action:{},filter:{}},addAction:function(o,r,e,t){gform.addHook(\"action\",o,r,e,t)},addFilter:function(o,r,e,t){gform.addHook(\"filter\",o,r,e,t)},doAction:function(o){gform.doHook(\"action\",o,arguments)},applyFilters:function(o){return gform.doHook(\"filter\",o,arguments)},removeAction:function(o,r){gform.removeHook(\"action\",o,r)},removeFilter:function(o,r,e){gform.removeHook(\"filter\",o,r,e)},addHook:function(o,r,e,t,n){null==gform.hooks[o][r]&&(gform.hooks[o][r]=[]);var d=gform.hooks[o][r];null==n&&(n=r+\"_\"+d.length),gform.hooks[o][r].push({tag:n,callable:e,priority:t=null==t?10:t})},doHook:function(r,o,e){var t;if(e=Array.prototype.slice.call(e,1),null!=gform.hooks[r][o]&&((o=gform.hooks[r][o]).sort(function(o,r){return o.priority-r.priority}),o.forEach(function(o){\"function\"!=typeof(t=o.callable)&&(t=window[t]),\"action\"==r?t.apply(null,e):e[0]=t.apply(null,e)})),\"filter\"==r)return e[0]},removeHook:function(o,r,t,n){var e;null!=gform.hooks[o][r]&&(e=(e=gform.hooks[o][r]).filter(function(o,r,e){return!!(null!=n&&n!=o.tag||null!=t&&t!=o.priority)}),gform.hooks[o][r]=e)}});\n<\/script>\n\n                <div class='gf_browser_gecko gform_wrapper gform_legacy_markup_wrapper gform-theme--no-framework' data-form-theme='legacy' data-form-index='0' id='gform_wrapper_1' ><form method='post' enctype='multipart\/form-data'  id='gform_1'  action='\/es\/wp-json\/wp\/v2\/pages\/7645' data-formid='1' novalidate>\n                        <div class='gform-body gform_body'><ul id='gform_fields_1' class='gform_fields top_label form_sublabel_below description_below validation_below'><li id=\"field_1_6\" class=\"gfield gfield--type-honeypot gform_validation_container field_sublabel_below gfield--has-description field_description_below field_validation_below gfield_visibility_visible\"  ><label class='gfield_label gform-field-label' for='input_1_6'>Facebook<\/label><div class='ginput_container'><input name='input_6' id='input_1_6' type='text' value='' autocomplete='new-password'\/><\/div><div class='gfield_description' id='gfield_description_1_6'>Este campo es un campo de validaci\u00f3n y debe quedar sin cambios.<\/div><\/li><li id=\"field_1_5\" class=\"gfield gfield--type-name gfield_contains_required field_sublabel_below gfield--no-description field_description_below field_validation_below gfield_visibility_visible\"  ><label class='gfield_label gform-field-label gfield_label_before_complex' >Name<span class=\"gfield_required\"><span class=\"gfield_required gfield_required_asterisk\">*<\/span><\/span><\/label><div class='ginput_complex ginput_container ginput_container--name no_prefix has_first_name no_middle_name has_last_name no_suffix gf_name_has_2 ginput_container_name gform-grid-row' id='input_1_5'>\n                            \n                            <span id='input_1_5_3_container' class='name_first gform-grid-col gform-grid-col--size-auto' >\n                                                    <input type='text' name='input_5.3' id='input_1_5_3' value=''   aria-required='true'     \/>\n                                                    <label for='input_1_5_3' class='gform-field-label gform-field-label--type-sub '>Nombre<\/label>\n                                                <\/span>\n                            \n                            <span id='input_1_5_6_container' class='name_last gform-grid-col gform-grid-col--size-auto' >\n                                                    <input type='text' name='input_5.6' id='input_1_5_6' value=''   aria-required='true'     \/>\n                                                    <label for='input_1_5_6' class='gform-field-label gform-field-label--type-sub '>Apellidos<\/label>\n                                                <\/span>\n                            \n                        <\/div><\/li><li id=\"field_1_4\" class=\"gfield gfield--type-email gfield_contains_required field_sublabel_below gfield--no-description field_description_below field_validation_below gfield_visibility_visible\"  ><label class='gfield_label gform-field-label' for='input_1_4'>Email<span class=\"gfield_required\"><span class=\"gfield_required gfield_required_asterisk\">*<\/span><\/span><\/label><div class='ginput_container ginput_container_email'>\n                            <input name='input_4' id='input_1_4' type='email' value='' class='medium'    aria-required=\"true\" aria-invalid=\"false\"  \/>\n                        <\/div><\/li><li id=\"field_1_3\" class=\"gfield gfield--type-textarea gfield_contains_required field_sublabel_below gfield--no-description field_description_below field_validation_below gfield_visibility_visible\"  ><label class='gfield_label gform-field-label' for='input_1_3'>Message<span class=\"gfield_required\"><span class=\"gfield_required gfield_required_asterisk\">*<\/span><\/span><\/label><div class='ginput_container ginput_container_textarea'><textarea name='input_3' id='input_1_3' class='textarea medium'     aria-required=\"true\" aria-invalid=\"false\"   rows='10' cols='50'><\/textarea><\/div><\/li><\/ul><\/div>\n        <div class='gform-footer gform_footer top_label'> <input type='submit' id='gform_submit_button_1' class='gform_button button' onclick='gform.submission.handleButtonClick(this);' data-submission-type='submit' value='Enviar'  \/> \n            <input type='hidden' class='gform_hidden' name='gform_submission_method' data-js='gform_submission_method_1' value='postback' \/>\n            <input type='hidden' class='gform_hidden' name='gform_theme' data-js='gform_theme_1' id='gform_theme_1' value='legacy' \/>\n            <input type='hidden' class='gform_hidden' name='gform_style_settings' data-js='gform_style_settings_1' id='gform_style_settings_1' value='[]' \/>\n            <input type='hidden' class='gform_hidden' name='is_submit_1' value='1' \/>\n            <input type='hidden' class='gform_hidden' name='gform_submit' value='1' \/>\n            \n            <input type='hidden' class='gform_hidden' name='gform_currency' data-currency='EUR' value='\/zqAAD4WUhS8k2bXNqaH9BK9fPIQ9bBm2rvRknIss9C1yZes27ttHsAkiTe7tVSNHuaYisvgRifoCeMMb1e3uemObrLqeD6I8SIWVUvcO+EWBs4=' \/>\n            <input type='hidden' class='gform_hidden' name='gform_unique_id' value='' \/>\n            <input type='hidden' class='gform_hidden' name='state_1' value='WyJbXSIsIjkwNTVkMGE1OWNmN2Q5YWE0OGVlNmViZmFjYjg0ZWYxIl0=' \/>\n            <input type='hidden' autocomplete='off' class='gform_hidden' name='gform_target_page_number_1' id='gform_target_page_number_1' value='0' \/>\n            <input type='hidden' autocomplete='off' class='gform_hidden' name='gform_source_page_number_1' id='gform_source_page_number_1' value='1' \/>\n            <input type='hidden' name='gform_field_values' value='' \/>\n            \n        <\/div>\n                        <p style=\"display: none !important;\" class=\"akismet-fields-container\" data-prefix=\"ak_\"><label>&#916;<textarea name=\"ak_hp_textarea\" cols=\"45\" rows=\"8\" maxlength=\"100\"><\/textarea><\/label><input type=\"hidden\" id=\"ak_js_1\" name=\"ak_js\" value=\"167\"\/><script>document.getElementById( \"ak_js_1\" ).setAttribute( \"value\", ( new Date() ).getTime() );<\/script><\/p><\/form>\n                        <\/div><script>\ngform.initializeOnLoaded( function() {gformInitSpinner( 1, 'https:\/\/dekasvitamins.com\/wp-content\/plugins\/gravityforms\/images\/spinner.svg', true );jQuery('#gform_ajax_frame_1').on('load',function(){var contents = jQuery(this).contents().find('*').html();var is_postback = contents.indexOf('GF_AJAX_POSTBACK') >= 0;if(!is_postback){return;}var form_content = jQuery(this).contents().find('#gform_wrapper_1');var is_confirmation = jQuery(this).contents().find('#gform_confirmation_wrapper_1').length > 0;var is_redirect = contents.indexOf('gformRedirect(){') >= 0;var is_form = form_content.length > 0 && ! is_redirect && ! is_confirmation;var mt = parseInt(jQuery('html').css('margin-top'), 10) + parseInt(jQuery('body').css('margin-top'), 10) + 100;if(is_form){jQuery('#gform_wrapper_1').html(form_content.html());if(form_content.hasClass('gform_validation_error')){jQuery('#gform_wrapper_1').addClass('gform_validation_error');} else {jQuery('#gform_wrapper_1').removeClass('gform_validation_error');}setTimeout( function() { \/* delay the scroll by 50 milliseconds to fix a bug in chrome *\/  }, 50 );if(window['gformInitDatepicker']) {gformInitDatepicker();}if(window['gformInitPriceFields']) {gformInitPriceFields();}var current_page = jQuery('#gform_source_page_number_1').val();gformInitSpinner( 1, 'https:\/\/dekasvitamins.com\/wp-content\/plugins\/gravityforms\/images\/spinner.svg', true );jQuery(document).trigger('gform_page_loaded', [1, current_page]);window['gf_submitting_1'] = false;}else if(!is_redirect){var confirmation_content = jQuery(this).contents().find('.GF_AJAX_POSTBACK').html();if(!confirmation_content){confirmation_content = contents;}jQuery('#gform_wrapper_1').replaceWith(confirmation_content);jQuery(document).trigger('gform_confirmation_loaded', [1]);window['gf_submitting_1'] = false;wp.a11y.speak(jQuery('#gform_confirmation_message_1').text());}else{jQuery('#gform_1').append(contents);if(window['gformRedirect']) {gformRedirect();}}jQuery(document).trigger(\"gform_pre_post_render\", [{ formId: \"1\", currentPage: \"current_page\", abort: function() { this.preventDefault(); } }]);        if (event && event.defaultPrevented) {                return;        }        const gformWrapperDiv = document.getElementById( \"gform_wrapper_1\" );        if ( gformWrapperDiv ) {            const visibilitySpan = document.createElement( \"span\" );            visibilitySpan.id = \"gform_visibility_test_1\";            gformWrapperDiv.insertAdjacentElement( \"afterend\", visibilitySpan );        }        const visibilityTestDiv = document.getElementById( \"gform_visibility_test_1\" );        let postRenderFired = false;        function triggerPostRender() {            if ( postRenderFired ) {                return;            }            postRenderFired = true;            gform.core.triggerPostRenderEvents( 1, current_page );            if ( visibilityTestDiv ) {                visibilityTestDiv.parentNode.removeChild( visibilityTestDiv );            }        }        function debounce( func, wait, immediate ) {            var timeout;            return function() {                var context = this, args = arguments;                var later = function() {                    timeout = null;                    if ( !immediate ) func.apply( context, args );                };                var callNow = immediate && !timeout;                clearTimeout( timeout );                timeout = setTimeout( later, wait );                if ( callNow ) func.apply( context, args );            };        }        const debouncedTriggerPostRender = debounce( function() {            triggerPostRender();        }, 200 );        if ( visibilityTestDiv && visibilityTestDiv.offsetParent === null ) {            const observer = new MutationObserver( ( mutations ) => {                mutations.forEach( ( mutation ) => {                    if ( mutation.type === 'attributes' && visibilityTestDiv.offsetParent !== null ) {                        debouncedTriggerPostRender();                        observer.disconnect();                    }                });            });            observer.observe( document.body, {                attributes: true,                childList: false,                subtree: true,                attributeFilter: [ 'style', 'class' ],            });        } else {            triggerPostRender();        }    } );} );\n<\/script>\n\n<h2>Nuestro socio Callion Pharma<\/h2>\n<p>El equipo <strong>Callion Pharma<\/strong> cuenta con una vasta experiencia en la formulaci\u00f3n de preparaciones vitam\u00ednicas para enfermedades que provocan mala absorci\u00f3n, como la fibrosis qu\u00edstica y la enfermedad hep\u00e1tica colest\u00e1sica, as\u00ed como para pacientes que se han sometido a cirug\u00eda bari\u00e1trica. El equipo est\u00e1 formado por los directores de Yasoo Health que dise\u00f1aron \u00a0AquADEKs.<\/p>\n<h2><img loading=\"lazy\" decoding=\"async\" class=\"alignleft size-full wp-image-6603\" src=\"http:\/\/dekasvitamins.com\/wp-content\/uploads\/2018\/02\/Gus-Papas.jpg\" alt=\"\" width=\"199\" height=\"199\" \/><\/h2>\n<h3>Dr. Konstantinos (Gus) Papas,\u00a0M\u00e9dico y\u00a0M\u00e1ster en Sanidad P\u00fablica<\/h3>\n<p>El Dr. Papas es el director de <strong>Callion Pharma<\/strong>. Es un m\u00e9dico colegiado que se dedica a la medicina cl\u00ednica y que siente un gran inter\u00e9s por las deficiencias de absorci\u00f3n de vitaminas liposolubles. Obtuvo su diploma en la Universidad de North Carolina at Chapel Hill (EE.UU.) y llev\u00f3 a cabo su residencia en Stanford. Como Vicepresidente de Asuntos M\u00e9dicos en Yasoo Health, ha desarrollado productos nutricionales para combatir las deficiencias vitam\u00ednicas. Ha dise\u00f1ado, ejecutado y supervisado ensayos cl\u00ednicos que han apoyado la validaci\u00f3n de la eficacia cl\u00ednica de dichos productos y que han llegado a ser publicados. Ha presentado sus hallazgos a la North American Society for Pediatric Gastroenterology, Hepatology and Nutrition (Sociedad Estadounidense de Gastroenterolog\u00eda Pedi\u00e1trica, Hepatolog\u00eda y Nutrici\u00f3n), la North American Cystic Fibrosis Conference (Conferencia Estadounidense de Fibrosis Qu\u00edstica), la American Society for Metabolic &amp; Bariatric Surgery (Sociedad Estadounidenses de Cirug\u00eda Bari\u00e1trica y Metab\u00f3lica) y a una gran cantidad de cl\u00ednicas especializadas en el tratamiento de fibrosis qu\u00edstica.<\/p>\n<p><img loading=\"lazy\" decoding=\"async\" class=\"alignleft size-medium wp-image-3765\" src=\"http:\/\/dekasvitamins.com\/wp-content\/uploads\/2016\/04\/callion-pharma-300x92.png\" alt=\"\" width=\"300\" height=\"92\" srcset=\"https:\/\/dekasvitamins.com\/wp-content\/uploads\/2016\/04\/callion-pharma-300x92.png 300w, https:\/\/dekasvitamins.com\/wp-content\/uploads\/2016\/04\/callion-pharma-510x156.png 510w, https:\/\/dekasvitamins.com\/wp-content\/uploads\/2016\/04\/callion-pharma.png 562w\" sizes=\"auto, (max-width: 300px) 100vw, 300px\" \/>Los esfuerzos reguladores y de garant\u00eda de calidad forman parte de la asociaci\u00f3n entre <strong>Callion Pharma<\/strong> y <strong>DEKAs Vitamins<\/strong>. Todos los productos se fabrican en los Estados Unidos, en laboratorios de gran reputaci\u00f3n y siguiendo los est\u00e1ndares de Buenas Pr\u00e1cticas de Fabricaci\u00f3n (BPF). El lanzamiento final de los productos DEKAs, que incluye la revisi\u00f3n del producto y la prueba de lanzamiento, se llevan a cabo en los laboratorios de <strong>Callion Pharma<\/strong>. <strong>Callion Pharma<\/strong> y <strong>DEKAs Vitamins<\/strong> tambi\u00e9n se encargan de obtener los registros necesarios para los productos DEKAs en muchos pa\u00edses. Todo ello requiere un gran compromiso e inversi\u00f3n significativa, pero vale la pena con tal de facilitar el acceso a estos productos a muchos m\u00e1s pacientes de todo el mundo. \u00a1Ese es exactamente nuestro objetivo!<\/p>\n","protected":false},"excerpt":{"rendered":"<div class=\"entry-summary\">\n<div class=\"entry-summary\">\nQueremos que las vitaminas m\u00e9dicas est\u00e9n ampliamente disponibles para quien realmente las necesite. Tambi\u00e9n queremos que sea mas f\u00e1cil para los pacientes tomar sus vitaminas cada d\u00eda. DEKAsvitamins.com fabrica las vitam\u00ednas m\u00e9dicas DEKAs todo-en-uno basadas en una tecnolog\u00eda de absorci\u00f3n&hellip;\n<\/div>\n<div class=\"link-more\"><a href=\"https:\/\/dekasvitamins.com\/es\/sobre-nosostros\/\" class=\"more-link\">Continuar leyendo<span class=\"screen-reader-text\"> &ldquo;Quienes somos&rdquo;<\/span>&hellip;<\/a><\/div>\n<\/div>\n<div class=\"link-more\"><a href=\"https:\/\/dekasvitamins.com\/es\/sobre-nosostros\/\" class=\"more-link\">Continuar leyendo<span class=\"screen-reader-text\"> &ldquo;Quienes somos&rdquo;<\/span>&hellip;<\/a><\/div>\n","protected":false},"author":2,"featured_media":0,"parent":0,"menu_order":1,"comment_status":"closed","ping_status":"closed","template":"templates\/no-intro.php","meta":{"footnotes":""},"class_list":["post-7645","page","type-page","status-publish","hentry","entry"],"_links":{"self":[{"href":"https:\/\/dekasvitamins.com\/es\/wp-json\/wp\/v2\/pages\/7645","targetHints":{"allow":["GET"]}}],"collection":[{"href":"https:\/\/dekasvitamins.com\/es\/wp-json\/wp\/v2\/pages"}],"about":[{"href":"https:\/\/dekasvitamins.com\/es\/wp-json\/wp\/v2\/types\/page"}],"author":[{"embeddable":true,"href":"https:\/\/dekasvitamins.com\/es\/wp-json\/wp\/v2\/users\/2"}],"replies":[{"embeddable":true,"href":"https:\/\/dekasvitamins.com\/es\/wp-json\/wp\/v2\/comments?post=7645"}],"version-history":[{"count":13,"href":"https:\/\/dekasvitamins.com\/es\/wp-json\/wp\/v2\/pages\/7645\/revisions"}],"predecessor-version":[{"id":15883,"href":"https:\/\/dekasvitamins.com\/es\/wp-json\/wp\/v2\/pages\/7645\/revisions\/15883"}],"wp:attachment":[{"href":"https:\/\/dekasvitamins.com\/es\/wp-json\/wp\/v2\/media?parent=7645"}],"curies":[{"name":"wp","href":"https:\/\/api.w.org\/{rel}","templated":true}]}}