{"id":13874,"date":"2021-10-02T17:09:05","date_gmt":"2021-10-02T15:09:05","guid":{"rendered":"https:\/\/dekasvitamins.com\/vitamina-tecnologia\/cf-new-sp\/"},"modified":"2025-05-15T17:01:30","modified_gmt":"2025-05-15T15:01:30","slug":"dekas-en-fibrosis-quistica","status":"publish","type":"page","link":"https:\/\/dekasvitamins.com\/es\/vitamina-tecnologia\/dekas-en-fibrosis-quistica\/","title":{"rendered":"DEKAs en fibrosis qu\u00edstica"},"content":{"rendered":"\n\n\t<h2>DEKA para pacientes con <strong>Fibrosis Qu\u00edstica<\/strong>. Una l\u00ednea de <strong>vitaminas m\u00e9dicas todo-en-uno<\/strong> para diferentes grupos de edad.<\/h2>\n<p>&nbsp;<\/p>\n\t\t\t<a href=\"#offer\" target=\"_self\">\n\t\t\t\t\t\tElija su <b> mejor oferta <\/b>\n\t\t\t\t\t<\/a>\n\t\t\t\t<img loading=\"lazy\" decoding=\"async\" src=\"https:\/\/dekasvitamins.com\/wp-content\/uploads\/2021\/09\/DEKAs-CFallandersom-1-1024x1024.png\" alt=\"DEKAs CFallandersom\" itemprop=\"image\" height=\"1024\" width=\"1024\" title=\"DEKAs CFallandersom\" onerror=\"this.style.display='none'\"  \/>\n\t<h3>Cl\u00ednicamente probado<\/h3>\n<p>DEKAs y AquADEKs se basan en una tecnolog\u00eda de absorci\u00f3n cl\u00ednicamente probada para aumentar la absorci\u00f3n de vitamina D, E, K y A.<\/p>\n<p>DEKA se ha optimizado para <a href=\"https:\/\/dekasvitamins.com\/wp-content\/uploads\/2018\/01\/Hyperlink-1-CF-ECFS-Guidelines.pdf\" target=\"_ blank\" rel=\"noopener\"> Directrices de la UE para la fibrosis qu\u00edstica <\/a>, por lo que contiene m\u00e1s vitaminas D y K.<\/p>\n<ul>\n<li>\n<p>Registrados en la UE como \u00abAlimentos Para Usos M\u00e9dicos Especiales\u00bb<\/p>\n<\/li>\n<\/ul>\n\t<iframe loading=\"lazy\" width=\"560\" height=\"315\" src=\"https:\/\/www.youtube.com\/embed\/tE3aajUcaF8\" frameborder=\"0\" allow=\"accelerometer; autoplay; clipboard-write; encrypted-media; gyroscope; picture-in-picture\" allowfullscreen><\/iframe>\n\t\t\t\t<img loading=\"lazy\" decoding=\"async\" src=\"https:\/\/dekasvitamins.com\/wp-content\/uploads\/2020\/09\/clinically-tested-SP.png\" alt=\"clinically tested SP\" itemprop=\"image\" height=\"452\" width=\"1006\" title=\"clinically tested SP\" onerror=\"this.style.display='none'\"  \/>\n\t<h2>Elija su <b> mejor oferta <\/b>\n<\/h2><h2>\n\t<h3><b>Descuentos<\/b> para clientes habituales<\/h3>\n<p><em><strong>M\u00ednimo tres paquetes por pedido.<\/strong> Todas las combinaciones permitidas.<\/em><\/p>\n<p>Ofrecemos descuentos al pedir varios paquetes al mismo tiempo:<\/p>\n<ul>\n<li>5% de descuento total para 4 paquetes<\/li>\n<li>10% por 5 o m\u00e1s paquetes<\/li>\n<\/ul>\n<p><em> Precios regulares sin IVA, env\u00edo y aranceles. <\/em><\/p>\n\t\t\t\t<a href=\"https:\/\/dekasvitamins.com\/es\/producto\/dekas-plus-liquido-fq\/\"  target=\"_self\" itemprop=\"url\">\n\t\t\t\t<img loading=\"lazy\" decoding=\"async\" src=\"https:\/\/dekasvitamins.com\/wp-content\/uploads\/2023\/08\/DEKAsPlusLiquid_Bottle-155x300.png\" alt=\"DEKAsPlusLiquid_Bottle\" itemprop=\"image\" height=\"300\" width=\"155\" title=\"DEKAsPlusLiquid_Bottle\" onerror=\"this.style.display='none'\"  \/>\n\t\t\t\t<\/a>\n\t<h4><strong> DEKAs Plus L\u00edquido <\/strong><\/h4>\n<p>El l\u00edquido no aceitoso con sabor a naranja-mango-melocot\u00f3n o es agradable de tomar para beb\u00e9s y ni\u00f1os de 0 a 3 a\u00f1os y para cualquier persona a la que no le guste tomar comprimidos o c\u00e1psulas. Tambi\u00e9n contiene minerales, antioxidantes y vitaminas B &amp; amp; C.<\/p>\n\t\t\t\t<a href=\"https:\/\/dekasvitamins.com\/es\/producto\/dekas-plus-capsulas-blandas-fq\/\"  target=\"_self\" itemprop=\"url\">\n\t\t\t\t<img loading=\"lazy\" decoding=\"async\" src=\"https:\/\/dekasvitamins.com\/wp-content\/uploads\/2023\/08\/DEKAsPlusSoftgels_Bottle-236x300.png\" alt=\"DEKAsPlusSoftgels_Bottle\" itemprop=\"image\" height=\"300\" width=\"236\" title=\"DEKAsPlusSoftgels_Bottle\" onerror=\"this.style.display='none'\"  \/>\n\t\t\t\t<\/a>\n\t<h4><strong> DEKAs Plus C\u00e1psulas blandas <\/strong><\/h4>\n<p>C\u00e1psulas blandas de color chocolate adecuadas para pacientes a partir de los 10 a\u00f1os. Alto contenido de vitamina D <sub> 3 <\/sub>. Tambi\u00e9n contienen minerales, antioxidantes y vitaminas B &amp; amp; C.<\/p>\n\t\t\t\t<a href=\"https:\/\/dekasvitamins.com\/es\/producto\/dekas-essential-capsulas-fq\/\"  target=\"_self\" itemprop=\"url\">\n\t\t\t\t<img loading=\"lazy\" decoding=\"async\" src=\"https:\/\/dekasvitamins.com\/wp-content\/uploads\/2023\/08\/DEKAsEssentialCapsules_Bottle-236x300.png\" alt=\"DEKAsEssentialCapsules_Bottle\" itemprop=\"image\" height=\"300\" width=\"236\" title=\"DEKAsEssentialCapsules_Bottle\" onerror=\"this.style.display='none'\"  \/>\n\t\t\t\t<\/a>\n\t<h4> <strong>DEKAs Essential c\u00e1psulas<\/strong> <\/h4>\n<p> C\u00e1psulas peque\u00f1as que contienen solo las vitaminas liposolubles A, D, E y amp; K. No contiene minerales, antioxidantes ni vitaminas B &#038; amp; C. <\/p>\n\t\t\t\t<a href=\"https:\/\/dekasvitamins.com\/es\/producto\/dekas-plus-masticables-fq\/\"  target=\"_self\" itemprop=\"url\">\n\t\t\t\t<img loading=\"lazy\" decoding=\"async\" src=\"https:\/\/dekasvitamins.com\/wp-content\/uploads\/2023\/08\/DEKAsPlusChewable_Bottle-236x300.png\" alt=\"DEKAsPlusChewable_Bottle\" itemprop=\"image\" height=\"300\" width=\"236\" title=\"DEKAsPlusChewable_Bottle\" onerror=\"this.style.display='none'\"  \/>\n\t\t\t\t<\/a>\n\t<h4> <strong>DEKAs Plus masticables DEKAs Plus <\/strong> <\/h4>\n<p> Comprimidos masticables con sabor a melocot\u00f3n para pacientes a partir de los 4 a\u00f1os. Tambi\u00e9n contienen minerales, antioxidantes y vitaminas B &#038; amp; C. <\/p>\n\t<p>DEKAs fue dise\u00f1ado por el <a href=\"https:\/\/dekasvitamins.com\/es\/sobre-nosostros\/\">equipo de expertos de DEKAsvitamins.com<\/a> y se basa en una <a href=\"https:\/\/dekasvitamins.com\/wp-content\/uploads\/2018\/01\/Hyperlink-5-CF-Papas-1.pdf\">tecnolog\u00eda de absorci\u00f3n cl\u00ednicamente probada<\/a>.<\/p>\n<p>Las <strong>vitaminas todo-en-uno DEKAs<\/strong> para pacientes con Fibrosis Qu\u00edstica (FQ) facilitan que usted verdaderamente tome todas las vitaminas y minerales que necesita. Las vitaminas DEKAs para FQ se presentan en 4 formas diferentes adaptadas a su edad, a sus preferencias y a las \u00faltimas <a href=\"https:\/\/dekasvitamins.com\/wp-content\/uploads\/2018\/01\/Hyperlink-1-CF-ECFS-Guidelines.pdf\">directrices diet\u00e9ticas europeas sobre la FQ<\/a>.<\/p>\n\t\t\t\t<a href=\"https:\/\/dekasvitamins.com\/wp-content\/uploads\/2025\/03\/DEKAs_brochure_CF_V6_Nov2023_turnpage_light.pdf\"  target=\"_blank\" rel=\"noopener\"  itemprop=\"url\">\n\t\t\t\t<img loading=\"lazy\" decoding=\"async\" src=\"https:\/\/dekasvitamins.com\/wp-content\/uploads\/2025\/03\/CF-brochure-2023.png\" alt=\"CF brochure 2023\" itemprop=\"image\" height=\"908\" width=\"641\" title=\"CF brochure 2023\" onerror=\"this.style.display='none'\"  \/>\n\t\t\t\t<\/a>\n<\/h2>\n","protected":false},"excerpt":{"rendered":"<div class=\"entry-summary\">\n<div class=\"entry-summary\">\nDEKA para pacientes con Fibrosis Qu\u00edstica. Una l\u00ednea de vitaminas m\u00e9dicas todo-en-uno para diferentes grupos de edad. &nbsp; Elija su mejor oferta Cl\u00ednicamente probado DEKAs y AquADEKs se basan en una tecnolog\u00eda de absorci\u00f3n cl\u00ednicamente probada para aumentar la absorci\u00f3n&hellip;\n<\/div>\n<div class=\"link-more\"><a href=\"https:\/\/dekasvitamins.com\/es\/vitamina-tecnologia\/dekas-en-fibrosis-quistica\/\" class=\"more-link\">Continuar leyendo<span class=\"screen-reader-text\"> &ldquo;DEKAs en fibrosis qu\u00edstica&rdquo;<\/span>&hellip;<\/a><\/div>\n<\/div>\n<div class=\"link-more\"><a href=\"https:\/\/dekasvitamins.com\/es\/vitamina-tecnologia\/dekas-en-fibrosis-quistica\/\" class=\"more-link\">Continuar leyendo<span class=\"screen-reader-text\"> &ldquo;DEKAs en fibrosis qu\u00edstica&rdquo;<\/span>&hellip;<\/a><\/div>\n","protected":false},"author":1545,"featured_media":0,"parent":7688,"menu_order":0,"comment_status":"closed","ping_status":"closed","template":"templates\/no-intro.php","meta":{"footnotes":""},"class_list":["post-13874","page","type-page","status-publish","hentry","entry"],"_links":{"self":[{"href":"https:\/\/dekasvitamins.com\/es\/wp-json\/wp\/v2\/pages\/13874","targetHints":{"allow":["GET"]}}],"collection":[{"href":"https:\/\/dekasvitamins.com\/es\/wp-json\/wp\/v2\/pages"}],"about":[{"href":"https:\/\/dekasvitamins.com\/es\/wp-json\/wp\/v2\/types\/page"}],"author":[{"embeddable":true,"href":"https:\/\/dekasvitamins.com\/es\/wp-json\/wp\/v2\/users\/1545"}],"replies":[{"embeddable":true,"href":"https:\/\/dekasvitamins.com\/es\/wp-json\/wp\/v2\/comments?post=13874"}],"version-history":[{"count":21,"href":"https:\/\/dekasvitamins.com\/es\/wp-json\/wp\/v2\/pages\/13874\/revisions"}],"predecessor-version":[{"id":17848,"href":"https:\/\/dekasvitamins.com\/es\/wp-json\/wp\/v2\/pages\/13874\/revisions\/17848"}],"up":[{"embeddable":true,"href":"https:\/\/dekasvitamins.com\/es\/wp-json\/wp\/v2\/pages\/7688"}],"wp:attachment":[{"href":"https:\/\/dekasvitamins.com\/es\/wp-json\/wp\/v2\/media?parent=13874"}],"curies":[{"name":"wp","href":"https:\/\/api.w.org\/{rel}","templated":true}]}}