{"id":13867,"date":"2021-10-02T16:27:44","date_gmt":"2021-10-02T14:27:44","guid":{"rendered":"https:\/\/dekasvitamins.com\/vitamina-tecnologia\/cld-new-sp\/"},"modified":"2026-01-07T10:36:54","modified_gmt":"2026-01-07T09:36:54","slug":"dekas-colestasis","status":"publish","type":"page","link":"https:\/\/dekasvitamins.com\/es\/vitamina-tecnologia\/dekas-colestasis\/","title":{"rendered":"DEKAs en enfermedad hep\u00e1tica colest\u00e1sica"},"content":{"rendered":"\n\n\t<h2>Cobertura completa de las 4 vitaminas liposolubles en la <strong>enfermedad hep\u00e1tica colest\u00e1sica<\/strong> a trav\u00e9s de una absorci\u00f3n mejorada con TPGS (tocofersolan).<\/h2>\n<p>&nbsp;<\/p>\n\t\t\t<a href=\"#offer\" target=\"_blank\" rel=\"noopener\">\n\t\t\t\t\t\tElija su <b> mejor oferta <\/b>\n\t\t\t\t\t<\/a>\n\t\t\t\t<img decoding=\"async\" src=\"https:\/\/dekasvitamins.com\/wp-content\/uploads\/2020\/12\/DEKAsCholestatic-Ess-E.png\" alt=\"DEKAsCholestatic Ess E\" itemprop=\"image\" height=\"600\" width=\"600\" title=\"DEKAsCholestatic Ess E\" onerror=\"this.style.display='none'\" loading=\"lazy\" \/>\n\t<h3>Probado cl\u00ednicamente<\/h3>\n<p>DEKAs Essential Liquid y DEKAs Aqua E est\u00e1n formulados con TPGS (tocofersolan) para una mejor absorci\u00f3n incluso en la (casi) ausencia de bilis. Puede combinar <strong> DEKAs Essential Liquid <\/strong> y <strong> DEKAs Aqua-E <\/strong> seg\u00fan sus necesidades espec\u00edficas.<\/p>\n<em> Las vitaminas DEKA son considerablemente m\u00e1s econ\u00f3micas que otras vitaminas para la enfermedad hep\u00e1tica colest\u00e1sica. <br \/>\n<\/em>\n<ul>\n<li>Registrado en la UE como \u00abAlimentos para fines m\u00e9dicos especiales\u00bb<\/li>\n<\/ul>\n\t\t<iframe loading=\"lazy\" width=\"560\" height=\"315\" src=\"https:\/\/www.youtube.com\/embed\/tE3aajUcaF8\" frameborder=\"0\" allow=\"accelerometer; autoplay; clipboard-write; encrypted-media; gyroscope; picture-in-picture\" allowfullscreen><\/iframe>\t\n\t\t\t\t<img decoding=\"async\" src=\"https:\/\/dekasvitamins.com\/wp-content\/uploads\/2020\/09\/clinically-tested-SP.png\" alt=\"clinically tested SP\" itemprop=\"image\" height=\"452\" width=\"1006\" title=\"clinically tested SP\" onerror=\"this.style.display='none'\" loading=\"lazy\" \/>\n\t<h2>Elija su <b> mejor oferta <\/b><\/h2>\n\t<h3>Descuentos para clientes habituales<\/h3>\n<p><em><strong>M\u00ednimo tres paquetes por pedido.<\/strong> Todas las combinaciones permitidas.<\/em><\/p>\n<p>Ofrecemos descuentos al pedir varios paquetes al mismo tiempo:<\/p>\n<ul>\n<li>20% de descuento total para 3 paquetes<\/li>\n<li>22,5% por 4 paquetes<\/li>\n<li>25% por 5 o m\u00e1s paquetes<\/li>\n<\/ul>\n<p>Para DEKAs Essential Liquid, la cantidad m\u00e1xima por pedido es de 3 paquetes porque en el momento de la compra generalmente debe usar este producto dentro de los 6 meses.<\/p>\n<em> Precios regulares sin IVA, env\u00edo y aranceles.<br \/>\n<\/em>\n\t\t\t\t<a href=\"https:\/\/dekasvitamins.com\/es\/producto\/dekas-aqua-e-liquido-colestasis\/\"  target=\"_self\" itemprop=\"url\">\n\t\t\t\t<img decoding=\"async\" src=\"https:\/\/dekasvitamins.com\/wp-content\/uploads\/2023\/08\/DEKAsAqua-E_Bottle-155x300.png\" alt=\"DEKAsAqua-E_Bottle\" itemprop=\"image\" height=\"300\" width=\"155\" title=\"DEKAsAqua-E_Bottle\" onerror=\"this.style.display='none'\" loading=\"lazy\" \/>\n\t\t\t\t<\/a>\n\t<h4> <strong> DEKAs Aqua-E liquido<\/strong> <\/h4>\n<p> L\u00edquido no graso de sabor neutro. Contiene vitamina E soluble en agua altamente absorbible (como tocofersolan o TPGS). <\/p>\n\t\t\t<a href=\"https:\/\/dekasvitamins.com\/es\/?add-to-cart=7683&#038;quantity=3\" target=\"_blank\" rel=\"noopener\">\n\t\t\t\t\t\t<b>Tres<\/b> por <del>220,95 \u20ac <\/del><br \/> <b>176,76\u20ac<\/b>\n\t\t\t\t\t<\/a>\n\t\t\t<a href=\"https:\/\/dekasvitamins.com\/es\/?add-to-cart=7683&#038;quantity=4\" target=\"_blank\" rel=\"noopener\">\n\t\t\t\t\t\t<b>Cuatro<\/b> por <del>294,60 \u20ac <\/del><br \/> <b>228,32 \u20ac<\/b>\n\t\t\t\t\t<\/a>\n\t\t\t<a href=\"https:\/\/dekasvitamins.com\/es\/?add-to-cart=7683&#038;quantity=5\" target=\"_blank\" rel=\"noopener\">\n\t\t\t\t\t\t<b>Cinco<\/b> por <del> 368,25 \u20ac <\/del> <b> 276,20 \u20ac <\/b>\n\t\t\t\t\t<\/a>\n\t\t\t\t<a href=\"https:\/\/dekasvitamins.com\/es\/producto\/dekas-essential-liquido-colestasis\/\"  target=\"_self\" itemprop=\"url\">\n\t\t\t\t<img decoding=\"async\" src=\"https:\/\/dekasvitamins.com\/wp-content\/uploads\/2023\/08\/DEKAsEssentialLiquid_Bottle-155x300.png\" alt=\"DEKAsEssentialLiquid_Bottle\" itemprop=\"image\" height=\"300\" width=\"155\" title=\"DEKAsEssentialLiquid_Bottle\" onerror=\"this.style.display='none'\" loading=\"lazy\" \/>\n\t\t\t\t<\/a>\n\t<h4> <strong> DEKAs Essential L\u00edquido <\/strong> <\/h4>\n<p> L\u00edquido con sabor a frutos rojos. Combinaci\u00f3n todo en uno altamente concentrada de vitaminas D, E (como tocofersolan o TPGS), K y A. <\/p>\n\t\t\t<a href=\"https:\/\/dekasvitamins.com\/es\/?add-to-cart=7676&#038;quantity=3\" target=\"_blank\" rel=\"noopener\">\n\t\t\t\t\t\t<b>Tres<\/b> por <del> 239,85 \u20ac <\/del><br \/> <b>191,88 \u20ac<\/b>\n\t\t\t\t\t<\/a>\n\t<p> <strong> DEKAs Essential l\u00edquido <\/strong> y <strong> DEKAs Aqua-E <\/strong> son vitaminas especialmente compuestas para pacientes con enfermedad hep\u00e1tica colest\u00e1sica. Contienen tocofersolan, la forma especial soluble en agua de vitamina E * recomendada por <a href = \"https:\/\/dekasvitamins.com\/wp-content\/uploads\/2018\/01\/Hyperlink-3-ESPEN-CLD-Guidelines.pdf \"target =\" _ blank \"rel =\" noreferrer noopener \"> directrices nutricionales europeas <\/a>. <\/p>\n<p> <em> *) tocofersolan tambi\u00e9n se conoce como vitamina E-TPGS o TPGS <\/em> <\/p>\n\t\t\t\t<a href=\"https:\/\/dekasvitamins.com\/wp-content\/uploads\/2025\/03\/DEKAs_brochure_CLD_v5_Nov2023_turnpage_light-gecomprimeerd.pdf\"  target=\"_blank\" rel=\"noopener\"  itemprop=\"url\">\n\t\t\t\t<img decoding=\"async\" src=\"https:\/\/dekasvitamins.com\/wp-content\/uploads\/2025\/03\/CLD-brochure-2023-722x1024.png\" alt=\"CLD brochure 2023\" itemprop=\"image\" height=\"1024\" width=\"722\" title=\"CLD brochure 2023\" onerror=\"this.style.display='none'\" loading=\"lazy\" \/>\n\t\t\t\t<\/a>\n\n","protected":false},"excerpt":{"rendered":"<div class=\"entry-summary\">\n<div class=\"entry-summary\">\nCobertura completa de las 4 vitaminas liposolubles en la enfermedad hep\u00e1tica colest\u00e1sica a trav\u00e9s de una absorci\u00f3n mejorada con TPGS (tocofersolan). &nbsp; Elija su mejor oferta Probado cl\u00ednicamente DEKAs Essential Liquid y DEKAs Aqua E est\u00e1n formulados con TPGS (tocofersolan)&hellip;\n<\/div>\n<div class=\"link-more\"><a href=\"https:\/\/dekasvitamins.com\/es\/vitamina-tecnologia\/dekas-colestasis\/\" class=\"more-link\">Continuar leyendo<span class=\"screen-reader-text\"> &ldquo;DEKAs en enfermedad hep\u00e1tica colest\u00e1sica&rdquo;<\/span>&hellip;<\/a><\/div>\n<\/div>\n<div class=\"link-more\"><a href=\"https:\/\/dekasvitamins.com\/es\/vitamina-tecnologia\/dekas-colestasis\/\" class=\"more-link\">Continuar leyendo<span class=\"screen-reader-text\"> &ldquo;DEKAs en enfermedad hep\u00e1tica colest\u00e1sica&rdquo;<\/span>&hellip;<\/a><\/div>\n","protected":false},"author":1545,"featured_media":0,"parent":7688,"menu_order":0,"comment_status":"closed","ping_status":"closed","template":"templates\/no-intro.php","meta":{"footnotes":""},"class_list":["post-13867","page","type-page","status-publish","hentry","entry"],"_links":{"self":[{"href":"https:\/\/dekasvitamins.com\/es\/wp-json\/wp\/v2\/pages\/13867","targetHints":{"allow":["GET"]}}],"collection":[{"href":"https:\/\/dekasvitamins.com\/es\/wp-json\/wp\/v2\/pages"}],"about":[{"href":"https:\/\/dekasvitamins.com\/es\/wp-json\/wp\/v2\/types\/page"}],"author":[{"embeddable":true,"href":"https:\/\/dekasvitamins.com\/es\/wp-json\/wp\/v2\/users\/1545"}],"replies":[{"embeddable":true,"href":"https:\/\/dekasvitamins.com\/es\/wp-json\/wp\/v2\/comments?post=13867"}],"version-history":[{"count":11,"href":"https:\/\/dekasvitamins.com\/es\/wp-json\/wp\/v2\/pages\/13867\/revisions"}],"predecessor-version":[{"id":18305,"href":"https:\/\/dekasvitamins.com\/es\/wp-json\/wp\/v2\/pages\/13867\/revisions\/18305"}],"up":[{"embeddable":true,"href":"https:\/\/dekasvitamins.com\/es\/wp-json\/wp\/v2\/pages\/7688"}],"wp:attachment":[{"href":"https:\/\/dekasvitamins.com\/es\/wp-json\/wp\/v2\/media?parent=13867"}],"curies":[{"name":"wp","href":"https:\/\/api.w.org\/{rel}","templated":true}]}}