{"id":13366,"date":"2021-07-16T12:00:27","date_gmt":"2021-07-16T10:00:27","guid":{"rendered":"https:\/\/dekasvitamins.com\/dekas-vitamins\/aquadeks\/"},"modified":"2021-09-08T13:29:13","modified_gmt":"2021-09-08T11:29:13","slug":"aquadeks","status":"publish","type":"page","link":"https:\/\/dekasvitamins.com\/es\/dekas-vitamins\/aquadeks\/","title":{"rendered":"AquADEKs"},"content":{"rendered":"\n\n\t\t\t\t<a href=\"http:\/\/dekasvitamins.vandalencommunicatie.com\/es\/\" target=\"_self\" rel=\"nofollow noopener\" itemprop=\"url\">\n\t\t\t\t<img loading=\"lazy\" decoding=\"async\" src=\"http:\/\/dekasvitamins.vandalencommunicatie.com\/wp-content\/uploads\/2019\/01\/Untitled-1-e1574071653998.png\" alt=\"dekas vitamins full logo\" itemprop=\"image\" height=\"171\" width=\"1000\" title=\"dekas vitamins full logo\" onerror=\"this.style.display='none'\"  \/>\n\t\t\t\t<\/a>\n\t<h2><strong>DEKAs vitam\u00ednas m\u00e9dicas todo-en-uno<\/strong><\/h2>\n\t<h2><strong>AquADEKs <\/strong> ya no est\u00e1 disponible en Europa. Los dise\u00f1adores de AquADEKs han creado la alternativa: <strong> DEKAs<\/strong>.<\/h2>\n\t\t\t\t<img loading=\"lazy\" decoding=\"async\" src=\"http:\/\/dekasvitamins.vandalencommunicatie.com\/wp-content\/uploads\/2020\/03\/DEKAsCF-all-e1586429110656.png\" alt=\"DEKAsCF-all\" itemprop=\"image\" height=\"400\" width=\"600\" title=\"DEKAsCF-all\" onerror=\"this.style.display='none'\"  \/>\n\t<h3>Probado cl\u00ednicamente<\/h3>\n<p><a href=\"http:\/\/dekasvitamins.vandalencommunicatie.com\/es\/vitamina-tecnologia\/\"> <img decoding=\"async\" src=\"http:\/\/dekasvitamins.vandalencommunicatie.com\/wp-content\/uploads\/2020\/09\/clinically-tested-SP.png\" alt=\" \" width=\" 177 \" height=\" 100 \" \/> <\/a> DEKA y AquADEK se basan en la misma tecnolog\u00eda de absorci\u00f3n cl\u00ednicamente probada para aumentar la absorci\u00f3n de vitamina D, E, K y A.<\/p>\n<p>DEKA se ha optimizado para cumplir con <a href=\"http:\/\/dekasvitamins.vandalencommunicatie.com\/wp-content\/uploads\/2018\/01\/Hyperlink-1-CF-ECFS-Guidelines.pdf\" target=\"_ blank\" rel=\"noopener\"> las directrices Europeas<\/a> m\u00e1s recientes para fibrosis qu\u00edstica, por lo que contiene m\u00e1s vitaminas D y K.<\/p>\n<ul>\n<li>Registrado en la UE como \u00abAlimentos para fines m\u00e9dicos especiales\u00bb<\/li>\n<\/ul>\n\t<meta itemprop=\"url\" content=\"http:\/\/dekasvitamins.vandalencommunicatie.com\/wp-content\/uploads\/2019\/07\/DEKAsAbsorptionTechnologySpanishsubtitles.mp4\" \/><div style=\"width: 640px;\" class=\"wp-video\"><video class=\"wp-video-shortcode\" id=\"video-13366-1\" width=\"640\" height=\"360\" preload=\"metadata\" controls=\"controls\"><source type=\"video\/mp4\" src=\"http:\/\/dekasvitamins.vandalencommunicatie.com\/wp-content\/uploads\/2019\/07\/DEKAsAbsorptionTechnologySpanishsubtitles.mp4?_=1\" \/><a href=\"http:\/\/dekasvitamins.vandalencommunicatie.com\/wp-content\/uploads\/2019\/07\/DEKAsAbsorptionTechnologySpanishsubtitles.mp4\">http:\/\/dekasvitamins.vandalencommunicatie.com\/wp-content\/uploads\/2019\/07\/DEKAsAbsorptionTechnologySpanishsubtitles.mp4<\/a><\/video><\/div>\n\t<h2 style = \"text-align: left;\"> Elija su <strong> mejor oferta <br \/>\n<\/strong> <\/h2>\n\t\t\t\t<a href=\"http:\/\/dekasvitamins.vandalencommunicatie.com\/?add-to-cart=7687\" target=\"_self\" itemprop=\"url\" rel=\"noopener\">\n\t\t\t\t<img loading=\"lazy\" decoding=\"async\" src=\"http:\/\/dekasvitamins.vandalencommunicatie.com\/wp-content\/uploads\/2016\/03\/DEKAsPlus-softgels-e1586429218714.png\" alt=\"DEKAsPlus softgels\" itemprop=\"image\" height=\"600\" width=\"600\" title=\"DEKAsPlus softgels\" onerror=\"this.style.display='none'\"  \/>\n\t\t\t\t<\/a>\n\t<h4>C\u00e1psulas blandas<\/h4>\n<p>C\u00e1psulas blandas de color chocolate para pacientes a partir de los 4 a\u00f1os. Alto contenido de vitamina D3.<\/p>\n<h4><a href=\"http:\/\/dekasvitamins.vandalencommunicatie.com\/?add-to-cart=7687\">A\u00f1adir al carrito<br \/>\n\u20ac 54,95<\/a><\/h4>\n\t\t\t\t<a href=\"http:\/\/dekasvitamins.vandalencommunicatie.com\/?add-to-cart=163\" target=\"_self\" itemprop=\"url\" rel=\"noopener\">\n\t\t\t\t<img loading=\"lazy\" decoding=\"async\" src=\"http:\/\/dekasvitamins.vandalencommunicatie.com\/wp-content\/uploads\/2016\/03\/DEKAsPlus-liquid-e1586429236977.png\" alt=\"DEKAsPlus liquid\" itemprop=\"image\" height=\"600\" width=\"600\" title=\"DEKAsPlus liquid\" onerror=\"this.style.display='none'\"  \/>\n\t\t\t\t<\/a>\n\t<h4>L\u00edquido<\/h4>\n<p>El l\u00edquido no aceitoso con sabor a durazno y mango es agradable de tomar para beb\u00e9s y ni\u00f1os de 0 a 3 a\u00f1os.<\/p>\n<h4><a href=\"http:\/\/dekasvitamins.vandalencommunicatie.com\/?add-to-cart=163\">A\u00f1adir al carrito<br \/>\n\u20ac 44,95<\/a><\/h4>\n\t\t\t\t<a href=\"http:\/\/dekasvitamins.vandalencommunicatie.com\/?add-to-cart=2766\" target=\"_self\" itemprop=\"url\" rel=\"noopener\">\n\t\t\t\t<img loading=\"lazy\" decoding=\"async\" src=\"http:\/\/dekasvitamins.vandalencommunicatie.com\/wp-content\/uploads\/2017\/01\/DEKAsPlus-tablets-1-e1586427981294.png\" alt=\"DEKAsPlus tablets\" itemprop=\"image\" height=\"600\" width=\"600\" title=\"DEKAsPlus tablets\" onerror=\"this.style.display='none'\"  \/>\n\t\t\t\t<\/a>\n\t<h4> Masticables <\/h4>\n<p>Comprimidos masticables con sabor a melocot\u00f3n para pacientes a partir de los 4 a\u00f1os.<\/p>\n<h4><a href=\"http:\/\/dekasvitamins.vandalencommunicatie.com\/?add-to-cart=2766\">A\u00f1adir al carrito<br \/>\n\u20ac 54,95<\/a><\/h4>\n\t\t\t\t<img loading=\"lazy\" decoding=\"async\" src=\"http:\/\/dekasvitamins.vandalencommunicatie.com\/wp-content\/uploads\/2019\/01\/Untitled-1-e1574071653998.png\" alt=\"dekas vitamins full logo\" itemprop=\"image\" height=\"171\" width=\"1000\" title=\"dekas vitamins full logo\" onerror=\"this.style.display='none'\"  \/>\n\n","protected":false},"excerpt":{"rendered":"<div class=\"entry-summary\">\n<div class=\"entry-summary\">\nDEKAs vitam\u00ednas m\u00e9dicas todo-en-uno AquADEKs ya no est\u00e1 disponible en Europa. Los dise\u00f1adores de AquADEKs han creado la alternativa: DEKAs. Probado cl\u00ednicamente DEKA y AquADEK se basan en la misma tecnolog\u00eda de absorci\u00f3n cl\u00ednicamente probada para aumentar la absorci\u00f3n de&hellip;\n<\/div>\n<div class=\"link-more\"><a href=\"https:\/\/dekasvitamins.com\/es\/dekas-vitamins\/aquadeks\/\" class=\"more-link\">Continuar leyendo<span class=\"screen-reader-text\"> &ldquo;AquADEKs&rdquo;<\/span>&hellip;<\/a><\/div>\n<\/div>\n<div class=\"link-more\"><a href=\"https:\/\/dekasvitamins.com\/es\/dekas-vitamins\/aquadeks\/\" class=\"more-link\">Continuar leyendo<span class=\"screen-reader-text\"> &ldquo;AquADEKs&rdquo;<\/span>&hellip;<\/a><\/div>\n","protected":false},"author":1545,"featured_media":0,"parent":7715,"menu_order":0,"comment_status":"closed","ping_status":"closed","template":"templates\/blank.php","meta":{"footnotes":""},"class_list":["post-13366","page","type-page","status-publish","hentry","entry"],"_links":{"self":[{"href":"https:\/\/dekasvitamins.com\/es\/wp-json\/wp\/v2\/pages\/13366","targetHints":{"allow":["GET"]}}],"collection":[{"href":"https:\/\/dekasvitamins.com\/es\/wp-json\/wp\/v2\/pages"}],"about":[{"href":"https:\/\/dekasvitamins.com\/es\/wp-json\/wp\/v2\/types\/page"}],"author":[{"embeddable":true,"href":"https:\/\/dekasvitamins.com\/es\/wp-json\/wp\/v2\/users\/1545"}],"replies":[{"embeddable":true,"href":"https:\/\/dekasvitamins.com\/es\/wp-json\/wp\/v2\/comments?post=13366"}],"version-history":[{"count":6,"href":"https:\/\/dekasvitamins.com\/es\/wp-json\/wp\/v2\/pages\/13366\/revisions"}],"predecessor-version":[{"id":13560,"href":"https:\/\/dekasvitamins.com\/es\/wp-json\/wp\/v2\/pages\/13366\/revisions\/13560"}],"up":[{"embeddable":true,"href":"https:\/\/dekasvitamins.com\/es\/wp-json\/wp\/v2\/pages\/7715"}],"wp:attachment":[{"href":"https:\/\/dekasvitamins.com\/es\/wp-json\/wp\/v2\/media?parent=13366"}],"curies":[{"name":"wp","href":"https:\/\/api.w.org\/{rel}","templated":true}]}}