{"id":7037,"date":"2018-01-02T14:37:44","date_gmt":"2018-01-02T13:37:44","guid":{"rendered":"https:\/\/dekasvitamins.com\/product\/dekas-aqua-e-cholestase-lebererkrankung-vitamine\/"},"modified":"2026-04-16T13:18:21","modified_gmt":"2026-04-16T11:18:21","slug":"dekas-aqua-e-cholestase-lebererkrankung-vitamine","status":"publish","type":"product","link":"https:\/\/dekasvitamins.com\/de\/produkt\/dekas-aqua-e-cholestase-lebererkrankung-vitamine\/","title":{"rendered":"DEKAs Aqua-E Fl\u00fcssig (Cholestase)"},"content":{"rendered":"<ul>\n<li>Lebensmittel f\u00fcr besondere medizinische Zwecke (bilanzierte Di\u00e4t) bei cholestatischer Lebererkrankung. Geeignet f\u00fcr Patienten aller Altersgruppen.<\/li>\n<li>DEKAs Aqua-E Liquid kann skalierbar den Patientenbed\u00fcrfnissen entsprechend dosiert werden.<\/li>\n<li><a href=\"https:\/\/dekasvitamins.com\/wp-content\/uploads\/2018\/01\/Hyperlink-3-ESPEN-CLD-Guidelines.pdf\">Klinische Tests<\/a> haben bewiesen, dass DEKAs Aqua-E die Aufnahme von Vitamin E bei Patienten mit Malabsorption von Vitaminen und Mineralien, wie bei Patienten mit cholestatischer Lebererkrankung, verbessert.<\/li>\n<li>Nicht \u00f6liger wei\u00dfer Saft mit neutralem Geschmack, der sich mit den meisten Getr\u00e4nken, Milch und Wasser einfach mischen l\u00e4sst.<\/li>\n<li>Enth\u00e4lt keine S\u00fc\u00dfungsmittel. Keine Geschmacks- oder Farbzus\u00e4tze. Glutenfrei und f\u00fcr Vegetarier geeignet.<\/li>\n<\/ul>\n<p>F\u00fcr weitere Informationen laden Sie sich die untenstehende Produktpr\u00e4sentation und\/oder Packungsbeilage von DEKAs Cholestatic Liver Disease herunter. Siehe <a href=\"https:\/\/dekasvitamins.com\/de\/vitamine\/dekas-bei-cholestatischer-lebererkraenkung\/\">DEKAs Cholestatic<\/a><\/p>\n<p>Haltbarkeit bei Auslieferung: mindestens 12 Monate<\/p>\n<p>&nbsp;<\/p>\n<p><a href=\"https:\/\/dekasvitamins.com\/wp-content\/uploads\/2025\/03\/DEKAs_brochure_CLD_v5_Nov2023_turnpage_light-gecomprimeerd.pdf\" target=\"_blank\" rel=\"noopener noreferrer\">DEKAs Aqua-E Fl\u00fcssig Produktbrosch\u00fcre und Packungsbeilage<\/a><\/p>\n","protected":false},"excerpt":{"rendered":"<div class=\"entry-summary\">\n<div class=\"entry-summary\">\n<p>60 ml nicht \u00f6liger Saft mit neutralem Geschmack pro Flasche. F\u00fcr cholestatischer Lebererkrankung. 75 IE (50 mg) hochabsorbierbares wasserl\u00f6sliches Vitamin E (tocofersolan, TPGS) pro ml.<\/p>\n<p><em>Bestellen Sie mindestens drei Packungen Vitamine Cholestase auf einmal. Alle Kombinationen erlaubt.<\/em><\/p>\n<p><b>Preis ohne Versand, lokaler Mehrwertsteuer und Zoll<\/b><\/p>\n<\/div>\n<\/div>\n","protected":false},"featured_media":18018,"comment_status":"closed","ping_status":"closed","template":"","meta":[],"product_brand":[],"product_cat":[883],"product_tag":[],"class_list":{"0":"post-7037","1":"product","2":"type-product","3":"status-publish","4":"has-post-thumbnail","6":"product_cat-cholestatischer-lebererkrankung-de","7":"product_shipping_class-cholestatic-de-7","9":"first","10":"instock","11":"taxable","12":"shipping-taxable","13":"purchasable","14":"product-type-simple","15":"entry"},"group_of_quantity":0,"min_quantity":3,"max_quantity":"","exclude_order_quantity_value_rules":"no","exclude_category_quantity_rules":"no","combine_variations":"no","_links":{"self":[{"href":"https:\/\/dekasvitamins.com\/de\/wp-json\/wp\/v2\/product\/7037","targetHints":{"allow":["GET"]}}],"collection":[{"href":"https:\/\/dekasvitamins.com\/de\/wp-json\/wp\/v2\/product"}],"about":[{"href":"https:\/\/dekasvitamins.com\/de\/wp-json\/wp\/v2\/types\/product"}],"replies":[{"embeddable":true,"href":"https:\/\/dekasvitamins.com\/de\/wp-json\/wp\/v2\/comments?post=7037"}],"wp:featuredmedia":[{"embeddable":true,"href":"https:\/\/dekasvitamins.com\/de\/wp-json\/wp\/v2\/media\/18018"}],"wp:attachment":[{"href":"https:\/\/dekasvitamins.com\/de\/wp-json\/wp\/v2\/media?parent=7037"}],"wp:term":[{"taxonomy":"product_brand","embeddable":true,"href":"https:\/\/dekasvitamins.com\/de\/wp-json\/wp\/v2\/product_brand?post=7037"},{"taxonomy":"product_cat","embeddable":true,"href":"https:\/\/dekasvitamins.com\/de\/wp-json\/wp\/v2\/product_cat?post=7037"},{"taxonomy":"product_tag","embeddable":true,"href":"https:\/\/dekasvitamins.com\/de\/wp-json\/wp\/v2\/product_tag?post=7037"}],"curies":[{"name":"wp","href":"https:\/\/api.w.org\/{rel}","templated":true}]}}