{"id":7035,"date":"2018-01-10T14:03:56","date_gmt":"2018-03-21T19:42:50","guid":{"rendered":"https:\/\/dekasvitamins.com\/product\/dekas-essential-cholestatische-lebererkrankung-vitamine\/"},"modified":"2025-03-27T20:16:40","modified_gmt":"2025-03-27T19:16:40","slug":"dekas-essential-flussig-cholestase","status":"publish","type":"product","link":"https:\/\/dekasvitamins.com\/de\/produkt\/dekas-essential-flussig-cholestase\/","title":{"rendered":"DEKAs Essential Fl\u00fcssig (Cholestase)"},"content":{"rendered":"<ul>\n<li>Lebensmittel f\u00fcr besondere medizinische Zwecke (bilanzierte Di\u00e4t) bei cholestatischer Lebererkrankung.<\/li>\n<li><strong>Anwendungsempfehlungen: 0,5 &#8211; 1 ml pro Tag oder gem\u00e4\u00df \u00e4rztlicher Empfehlung.<\/strong><\/li>\n<li>Das Produkt kann skalierbar dosiert werden, um den individuellen Anforderungen der Patienten in Bezug auf eine erh\u00f6hte Einnahme der Vitamine D, E, K und A gerecht zu werden.<\/li>\n<li>DEKAs Essential Liquid greift auf ein <a href=\"https:\/\/dekasvitamins.com\/wp-content\/uploads\/2018\/01\/Hyperlink-3-ESPEN-CLD-Guidelines.pdf\">klinisch getestetes<\/a> Abgabesystem auf, wodurch die Aufnahme von fettl\u00f6slichen Vitaminen verbessert wird.<\/li>\n<li>Der Saft mit Beerengeschmack macht die Einnahme schmackhaft.<\/li>\n<li>Lass sich leicht mit den meisten Getr\u00e4nken, Milch und Wasser mischen.<\/li>\n<li>DEKAs Essential Liquid ist gluten- und caseinfrei, gentechnikfrei und enth\u00e4lt keine k\u00fcnstlichen Farben. F\u00fcr Vegetarier geeignet.<\/li>\n<\/ul>\n<p>F\u00fcr weitere Informationen laden Sie sich die untenstehende Produktpr\u00e4sentation und\/oder Packungsbeilage von DEKAs Cholestatic Liver Disease herunter. Siehe <a href=\"https:\/\/dekasvitamins.com\/de\/vitamine\/dekas-bei-cholestatischer-lebererkraenkung\/\">DEKAs Cholestatic<\/a><\/p>\n<p>Haltbarkeit bei Auslieferung: mindestens 12 Monate<\/p>\n<p><a href=\"https:\/\/dekasvitamins.com\/wp-content\/uploads\/2025\/03\/DEKAs_brochure_CLD_v5_Nov2023_turnpage_light-gecomprimeerd.pdf\" target=\"_blank\" rel=\"noopener noreferrer\">DEKAs Essential Fl\u00fcssig Produktbrosch\u00fcre und Packungsbeilage<\/a><br \/>\n<u><\/u><\/p>\n","protected":false},"excerpt":{"rendered":"<div class=\"entry-summary\">\n<div class=\"entry-summary\">\n<p>60 ml Saft mit Beerengeschmack pro Flasche. Vitamine f\u00fcr Cholestase bei cholestatischer Lebererkrankung. Hochkonzentrierte All-in-One-Kombination von Vitamine D, E (als tocofersolan), K und A. Hochresorbierbar.<\/p>\n<p>Die <u>maximale Menge pro Bestellung<\/u> f\u00fcr dieses Produkt betr\u00e4gt 3 Packungen, da Sie es beim Kauf normalerweise innerhalb von 6 Monaten verbrauchen m\u00fcssen.<\/p>\n<p><em>Bestellen Sie mindestens drei Packungen Vitamine Cholestase auf einmal. Alle Kombinationen erlaubt.<\/em><\/p>\n<p><strong>Preis ohne Versand, lokaler Mehrwertsteuer und Zoll<\/strong><\/p>\n<\/div>\n<\/div>\n","protected":false},"featured_media":16708,"comment_status":"closed","ping_status":"closed","template":"","meta":[],"product_brand":[],"product_cat":[883],"product_tag":[],"class_list":{"0":"post-7035","1":"product","2":"type-product","3":"status-publish","4":"has-post-thumbnail","6":"product_cat-cholestatischer-lebererkrankung-de","7":"product_shipping_class-cholestatic-de-7","9":"first","10":"instock","11":"taxable","12":"shipping-taxable","13":"purchasable","14":"product-type-simple","15":"entry"},"group_of_quantity":0,"min_quantity":0,"max_quantity":"","exclude_order_quantity_value_rules":"no","exclude_category_quantity_rules":"no","combine_variations":"no","_links":{"self":[{"href":"https:\/\/dekasvitamins.com\/de\/wp-json\/wp\/v2\/product\/7035","targetHints":{"allow":["GET"]}}],"collection":[{"href":"https:\/\/dekasvitamins.com\/de\/wp-json\/wp\/v2\/product"}],"about":[{"href":"https:\/\/dekasvitamins.com\/de\/wp-json\/wp\/v2\/types\/product"}],"replies":[{"embeddable":true,"href":"https:\/\/dekasvitamins.com\/de\/wp-json\/wp\/v2\/comments?post=7035"}],"wp:featuredmedia":[{"embeddable":true,"href":"https:\/\/dekasvitamins.com\/de\/wp-json\/wp\/v2\/media\/16708"}],"wp:attachment":[{"href":"https:\/\/dekasvitamins.com\/de\/wp-json\/wp\/v2\/media?parent=7035"}],"wp:term":[{"taxonomy":"product_brand","embeddable":true,"href":"https:\/\/dekasvitamins.com\/de\/wp-json\/wp\/v2\/product_brand?post=7035"},{"taxonomy":"product_cat","embeddable":true,"href":"https:\/\/dekasvitamins.com\/de\/wp-json\/wp\/v2\/product_cat?post=7035"},{"taxonomy":"product_tag","embeddable":true,"href":"https:\/\/dekasvitamins.com\/de\/wp-json\/wp\/v2\/product_tag?post=7035"}],"curies":[{"name":"wp","href":"https:\/\/api.w.org\/{rel}","templated":true}]}}