{"id":2877,"date":"2017-01-30T19:16:32","date_gmt":"2017-01-30T18:16:32","guid":{"rendered":"https:\/\/dekasvitamins.com\/product\/dekas-plus-kautabletten-zystische-fibrose-vitamine\/"},"modified":"2025-03-27T20:14:47","modified_gmt":"2025-03-27T19:14:47","slug":"dekas-plus-kautabletten-vitamine-fur-mukoviszidose","status":"publish","type":"product","link":"https:\/\/dekasvitamins.com\/de\/produkt\/dekas-plus-kautabletten-vitamine-fur-mukoviszidose\/","title":{"rendered":"DEKAs Plus Kautabletten (Muko)"},"content":{"rendered":"<ul>\n<li>Lebensmittel f\u00fcr besondere medizinische Zwecke (bilanzierte Di\u00e4t) f\u00fcr Patienten ab 4 Jahren mit Mukoviszidose.<\/li>\n<li>DEKAs Plus Kautabletten enthalten keine k\u00fcnstlichen Farbstoffe. Sie sind gluten- und caseinfrei.<\/li>\n<li>DEKAs Plus Kautabletten sind reich an Antioxidantien.<\/li>\n<li>Die Prototyp-Formulierung der DEKAs Plus Kautabletten wurde <a href=\"https:\/\/dekasvitamins.com\/wp-content\/uploads\/2018\/01\/Hyperlink-5-CF-Papas-1.pdf\">klinisch untersucht<\/a>.<\/li>\n<li>DEKAs erf\u00fcllt die neusten Richtlinien der <a href=\"https:\/\/dekasvitamins.com\/wp-content\/uploads\/2018\/01\/Hyperlink-1-CF-ECFS-Guidelines.pdf\">European Cystic Fibrosis Society (ECFS)<\/a> und Leitlinien zur <a href=\"https:\/\/dekasvitamins.com\/wp-content\/uploads\/2018\/01\/Hyperlink-4-Bone-Min-Guidleines.pdf\">Knochenmineralisierung<\/a> bei Mukoviszidose.<\/li>\n<\/ul>\n<p>F\u00fcr weitere Informationen laden Sie sich die untenstehende Produktbrosch\u00fcre von DEKAs bei Mukoviszidose und\/oder die Packungsbeilage herunter. Siehe <a href=\"https:\/\/dekasvitamins.com\/de\/vitamine\/dekas-mukoviszidose\/\">Mukoviszidose<\/a><\/p>\n<p>Haltbarkeit bei Auslieferung: mindestens 12 Monate<\/p>\n<p>&nbsp;<\/p>\n<p><u><a href=\"https:\/\/dekasvitamins.com\/wp-content\/uploads\/2025\/03\/DEKAs_brochure_CF_V6_Nov2023_turnpage_light.pdf\" target=\"_blank\" rel=\"noopener noreferrer\">DEKAs Plus Kautabletten Produktbrosch\u00fcre und Packungbeilage<\/a><\/u><\/p>\n","protected":false},"excerpt":{"rendered":"<div class=\"entry-summary\">\n<div class=\"entry-summary\">\n<p>60 Pfirsich-Orange aromatisierte Kautabletten pro Flasche. F\u00fcr Mukoviszidose. Enth\u00e4lt alle Vitamine A, B, C, D, E, K, Zink, Selen und Coenzym Q10. Mit klinisch gepr\u00fcfte Abgabetechnologie, die die Vitaminaufnahme verbessert.<\/p>\n<p><em>Bestellen Sie mindestens drei Packungen Vitamine gegen Mukoviszidose auf einmal. Alle Kombinationen erlaubt.<\/em><\/p>\n<p><b>Preis ohne Versand, lokaler Mehrwertsteuer und Zoll<\/b><\/p>\n<\/div>\n<\/div>\n","protected":false},"featured_media":16772,"comment_status":"closed","ping_status":"closed","template":"","meta":[],"product_brand":[],"product_cat":[805],"product_tag":[],"class_list":{"0":"post-2877","1":"product","2":"type-product","3":"status-publish","4":"has-post-thumbnail","6":"product_cat-mukoviszidose","7":"product_shipping_class-cf-de","9":"first","10":"instock","11":"featured","12":"taxable","13":"shipping-taxable","14":"purchasable","15":"product-type-simple","16":"entry"},"group_of_quantity":0,"min_quantity":0,"max_quantity":"","exclude_order_quantity_value_rules":"no","exclude_category_quantity_rules":"no","combine_variations":"no","_links":{"self":[{"href":"https:\/\/dekasvitamins.com\/de\/wp-json\/wp\/v2\/product\/2877","targetHints":{"allow":["GET"]}}],"collection":[{"href":"https:\/\/dekasvitamins.com\/de\/wp-json\/wp\/v2\/product"}],"about":[{"href":"https:\/\/dekasvitamins.com\/de\/wp-json\/wp\/v2\/types\/product"}],"replies":[{"embeddable":true,"href":"https:\/\/dekasvitamins.com\/de\/wp-json\/wp\/v2\/comments?post=2877"}],"wp:featuredmedia":[{"embeddable":true,"href":"https:\/\/dekasvitamins.com\/de\/wp-json\/wp\/v2\/media\/16772"}],"wp:attachment":[{"href":"https:\/\/dekasvitamins.com\/de\/wp-json\/wp\/v2\/media?parent=2877"}],"wp:term":[{"taxonomy":"product_brand","embeddable":true,"href":"https:\/\/dekasvitamins.com\/de\/wp-json\/wp\/v2\/product_brand?post=2877"},{"taxonomy":"product_cat","embeddable":true,"href":"https:\/\/dekasvitamins.com\/de\/wp-json\/wp\/v2\/product_cat?post=2877"},{"taxonomy":"product_tag","embeddable":true,"href":"https:\/\/dekasvitamins.com\/de\/wp-json\/wp\/v2\/product_tag?post=2877"}],"curies":[{"name":"wp","href":"https:\/\/api.w.org\/{rel}","templated":true}]}}