{"id":2551,"date":"2016-03-05T01:25:59","date_gmt":"2016-03-05T00:25:59","guid":{"rendered":"https:\/\/dekasvitamins.com\/de\/?post_type=product&#038;p=2551"},"modified":"2025-11-13T14:44:17","modified_gmt":"2025-11-13T13:44:17","slug":"dekas-plus-fluessig-vitamine-fuer-mukoviszidose","status":"publish","type":"product","link":"https:\/\/dekasvitamins.com\/de\/produkt\/dekas-plus-fluessig-vitamine-fuer-mukoviszidose\/","title":{"rendered":"DEKAs Plus Fl\u00fcssig (Muko)"},"content":{"rendered":"<ul>\n<li>Lebensmittel f\u00fcr besondere medizinische Zwecke (bilanzierte Di\u00e4t) f\u00fcr Patienten mit Mukoviszidose.<\/li>\n<li><strong>Anwendungsempfehlungen: 1 ml pro Tag oder gem\u00e4\u00df \u00e4rztlicher Empfehlung.<\/strong><\/li>\n<li>Der nicht\u00f6lige Saft mit Orange-Pfirsich-Mango-Geschmack macht die Einnahme schmackhaft.<\/li>\n<li>DEKAs Plus Fl\u00fcssig enth\u00e4lt keine k\u00fcnstlichen Farbstoffe, ist gluten-, casein- und gentechnikfrei.<\/li>\n<li>DEKAs Plus Fl\u00fcssig ist reich an Antioxidantien.<\/li>\n<li>Die Prototyp-Formulierung des DEKAs Plus Fl\u00fcssig wurde <a href=\"https:\/\/dekasvitamins.com\/wp-content\/uploads\/2018\/01\/Hyperlink-5-CF-Papas-1.pdf\">klinisch untersucht<\/a>.<\/li>\n<li>DEKAs erf\u00fcllt die neusten Richtlinien der <a href=\"https:\/\/dekasvitamins.com\/wp-content\/uploads\/2018\/01\/Hyperlink-1-CF-ECFS-Guidelines.pdf\">European Cystic Fibrosis Society (ECFS)<\/a> und Leitlinien zur <a href=\"https:\/\/dekasvitamins.com\/wp-content\/uploads\/2018\/01\/Hyperlink-4-Bone-Min-Guidleines.pdf\">Knochenmineralisierung<\/a><u> bei Mukoviszidose<\/u>.<\/li>\n<\/ul>\n<p>F\u00fcr weitere Informationen laden Sie sich die untenstehende Produktbrosch\u00fcre von DEKAs bei Mukoviszidose und\/oder die Packungsbeilage herunter. Siehe <a href=\"https:\/\/dekasvitamins.com\/de\/vitamine\/dekas-mukoviszidose\/\">Mukoviszidose<\/a><\/p>\n<p>Haltbarkeit bei Auslieferung: mindestens 12 Monate<\/p>\n<p>&nbsp;<\/p>\n<p><u><a href=\"https:\/\/dekasvitamins.com\/wp-content\/uploads\/2025\/03\/DEKAs_brochure_CF_V6_Nov2023_turnpage_light.pdf\" target=\"_blank\" rel=\"noopener noreferrer\">DEKAs Plus Fl\u00fcssig Produktbrosch\u00fcre und Packungsbeilage<\/a><\/u><\/p>\n","protected":false},"excerpt":{"rendered":"<div class=\"entry-summary\">\n<div class=\"entry-summary\">\n<p>60 ml Pfirsich-Mango-aromatisierte Fl\u00fcssigkeit pro Flasche. F\u00fcr Mukoviszidose. Enth\u00e4lt alle Vitamine A, B, C, D, E, K, au\u00dfer Fols\u00e4ure und Vitamin B12. Auch Zink, Selen und Coenzym Q10. Mit klinisch gepr\u00fcfte Abgabetechnologie, die die Vitaminaufnahme verbessert.<\/p>\n<p><em>Bestellen Sie mindestens drei Packungen Vitamine gegen Mukoviszidose auf einmal. Alle Kombinationen erlaubt.<\/em><\/p>\n<p><b>Preis ohne Versand, lokaler Mehrwertsteuer und Zoll<\/b><\/p>\n<\/div>\n<\/div>\n","protected":false},"featured_media":16792,"comment_status":"closed","ping_status":"closed","template":"","meta":[],"product_brand":[],"product_cat":[805],"product_tag":[],"class_list":{"0":"post-2551","1":"product","2":"type-product","3":"status-publish","4":"has-post-thumbnail","6":"product_cat-mukoviszidose","7":"product_shipping_class-cf-de","9":"first","10":"instock","11":"featured","12":"taxable","13":"shipping-taxable","14":"purchasable","15":"product-type-simple","16":"entry"},"group_of_quantity":0,"min_quantity":0,"max_quantity":"","exclude_order_quantity_value_rules":"no","exclude_category_quantity_rules":"no","combine_variations":"no","_links":{"self":[{"href":"https:\/\/dekasvitamins.com\/de\/wp-json\/wp\/v2\/product\/2551","targetHints":{"allow":["GET"]}}],"collection":[{"href":"https:\/\/dekasvitamins.com\/de\/wp-json\/wp\/v2\/product"}],"about":[{"href":"https:\/\/dekasvitamins.com\/de\/wp-json\/wp\/v2\/types\/product"}],"replies":[{"embeddable":true,"href":"https:\/\/dekasvitamins.com\/de\/wp-json\/wp\/v2\/comments?post=2551"}],"wp:featuredmedia":[{"embeddable":true,"href":"https:\/\/dekasvitamins.com\/de\/wp-json\/wp\/v2\/media\/16792"}],"wp:attachment":[{"href":"https:\/\/dekasvitamins.com\/de\/wp-json\/wp\/v2\/media?parent=2551"}],"wp:term":[{"taxonomy":"product_brand","embeddable":true,"href":"https:\/\/dekasvitamins.com\/de\/wp-json\/wp\/v2\/product_brand?post=2551"},{"taxonomy":"product_cat","embeddable":true,"href":"https:\/\/dekasvitamins.com\/de\/wp-json\/wp\/v2\/product_cat?post=2551"},{"taxonomy":"product_tag","embeddable":true,"href":"https:\/\/dekasvitamins.com\/de\/wp-json\/wp\/v2\/product_tag?post=2551"}],"curies":[{"name":"wp","href":"https:\/\/api.w.org\/{rel}","templated":true}]}}