{"id":2549,"date":"2016-03-05T01:41:58","date_gmt":"2016-08-28T05:48:12","guid":{"rendered":"https:\/\/dekasvitamins.com\/de\/?post_type=product&#038;p=2549"},"modified":"2025-03-27T20:12:31","modified_gmt":"2025-03-27T19:12:31","slug":"dekas-essential-kapseln-vitamine","status":"publish","type":"product","link":"https:\/\/dekasvitamins.com\/de\/produkt\/dekas-essential-kapseln-vitamine\/","title":{"rendered":"DEKAs Essential Kapseln (Muko)"},"content":{"rendered":"<ul>\n<li>Lebensmittel f\u00fcr besondere medizinische Zwecke (bilanzierte Di\u00e4t) f\u00fcr Patienten ab 4 Jahren mit Mukoviszidose.<\/li>\n<li>DEKAs Essential Kapseln k\u00f6nnen alleine oder in Kombination mit DEKAs Plus Weichkapseln eingenommen werden, um die Dosierung fettl\u00f6slicher Vitamine zu erh\u00f6hen.<\/li>\n<li>DEKAs Essential Kapseln sind rot-orangefarbene kleine Kapseln, die geruchs- und geschmacksneutral, gluten-, caseinfrei und gentechnikfrei sowie frei von k\u00fcnstlichen Farb- und Konservierungsstoffen sind.<\/li>\n<li>Allergene: enth\u00e4lt Tilapia-<strong>Fischgelatine<\/strong>.<\/li>\n<li>DEKAs erf\u00fcllt die neusten Richtlinien der <a href=\"https:\/\/dekasvitamins.com\/wp-content\/uploads\/2018\/01\/Hyperlink-1-CF-ECFS-Guidelines.pdf\">European Cystic Fibrosis Society (ECFS)<\/a> und Leitlinien zur <a href=\"https:\/\/dekasvitamins.com\/wp-content\/uploads\/2018\/01\/Hyperlink-4-Bone-Min-Guidleines.pdf\">Knochenmineralisierung<\/a><u> bei Mukoviszidose<\/u>.<\/li>\n<\/ul>\n<p>F\u00fcr weitere Informationen laden Sie sich die untenstehende Produktbrosch\u00fcre von DEKAs bei Mukoviszidose und\/oder die Packungsbeilage herunter. Siehe <a href=\"https:\/\/dekasvitamins.com\/de\/vitamine\/dekas-mukoviszidose\/\">Mukoviszidose<\/a><\/p>\n<p>Haltbarkeit bei Auslieferung: mindestens 12 Monate<\/p>\n<p>&nbsp;<\/p>\n<p><u><a href=\"https:\/\/dekasvitamins.com\/wp-content\/uploads\/2025\/03\/DEKAs_brochure_CF_V6_Nov2023_turnpage_light.pdf\" target=\"_blank\" rel=\"noopener noreferrer\">DEKAs Essential Kapseln Produktbrosch\u00fcre und Packungsbeilage<\/a><\/u><\/p>\n","protected":false},"excerpt":{"rendered":"<div class=\"entry-summary\">\n<div class=\"entry-summary\">\n<p>60 Kapseln pro Flasche. F\u00fcr Mukoviszidose. Enth\u00e4lt alle fettl\u00f6slichen Vitamine D, E, K und A. Skalierbar auf die individuellen Bed\u00fcrfnisse des Patienten.\u00a0Mit klinisch gepr\u00fcfte Abgabetechnologie, die die Vitaminaufnahme verbessert.<\/p>\n<p><em>Bestellen Sie mindestens drei Packungen Vitamine gegen Mukoviszidose auf einmal. Alle Kombinationen erlaubt.<\/em><\/p>\n<p><strong>Preis ohne Versand, lokaler Mehrwertsteuer und Zoll.<\/strong><\/p>\n<\/div>\n<\/div>\n","protected":false},"featured_media":16824,"comment_status":"closed","ping_status":"closed","template":"","meta":[],"product_brand":[],"product_cat":[805],"product_tag":[],"class_list":{"0":"post-2549","1":"product","2":"type-product","3":"status-publish","4":"has-post-thumbnail","6":"product_cat-mukoviszidose","7":"product_shipping_class-cf-de","9":"first","10":"instock","11":"featured","12":"taxable","13":"shipping-taxable","14":"purchasable","15":"product-type-simple","16":"entry"},"group_of_quantity":0,"min_quantity":0,"max_quantity":"","exclude_order_quantity_value_rules":"no","exclude_category_quantity_rules":"no","combine_variations":"no","_links":{"self":[{"href":"https:\/\/dekasvitamins.com\/de\/wp-json\/wp\/v2\/product\/2549","targetHints":{"allow":["GET"]}}],"collection":[{"href":"https:\/\/dekasvitamins.com\/de\/wp-json\/wp\/v2\/product"}],"about":[{"href":"https:\/\/dekasvitamins.com\/de\/wp-json\/wp\/v2\/types\/product"}],"replies":[{"embeddable":true,"href":"https:\/\/dekasvitamins.com\/de\/wp-json\/wp\/v2\/comments?post=2549"}],"wp:featuredmedia":[{"embeddable":true,"href":"https:\/\/dekasvitamins.com\/de\/wp-json\/wp\/v2\/media\/16824"}],"wp:attachment":[{"href":"https:\/\/dekasvitamins.com\/de\/wp-json\/wp\/v2\/media?parent=2549"}],"wp:term":[{"taxonomy":"product_brand","embeddable":true,"href":"https:\/\/dekasvitamins.com\/de\/wp-json\/wp\/v2\/product_brand?post=2549"},{"taxonomy":"product_cat","embeddable":true,"href":"https:\/\/dekasvitamins.com\/de\/wp-json\/wp\/v2\/product_cat?post=2549"},{"taxonomy":"product_tag","embeddable":true,"href":"https:\/\/dekasvitamins.com\/de\/wp-json\/wp\/v2\/product_tag?post=2549"}],"curies":[{"name":"wp","href":"https:\/\/api.w.org\/{rel}","templated":true}]}}