{"id":6985,"date":"2018-03-21T15:48:50","date_gmt":"2018-03-21T14:48:50","guid":{"rendered":"https:\/\/dekasvitamins.com\/haufig-gestellte-fragen\/bedingungen-und-bestimmungen\/"},"modified":"2026-04-16T15:28:31","modified_gmt":"2026-04-16T13:28:31","slug":"bedingungen-und-bestimmungen","status":"publish","type":"page","link":"https:\/\/dekasvitamins.com\/de\/fragen\/bedingungen-und-bestimmungen\/","title":{"rendered":"Bedingungen und Bestimmungen"},"content":{"rendered":"<h2>UNTERNEHMEN<\/h2>\n<table style=\"width: 700px;\">\n<tbody>\n<tr>\n<td style=\"width: 350px;\">DEKAsvitamins.com<br \/>\nAlveolus Biomedical BV<br \/>\nEntrepotdok 177<br \/>\n1018 AD\u00a0 AMSTERDAM<br \/>\nNiederlande<\/td>\n<td style=\"width: 350px;\"><\/td>\n<\/tr>\n<\/tbody>\n<\/table>\n<h2>ALLGEMEINE GESCH\u00c4FTSBEDINGUNGEN DEKAVITAMINS.COM<\/h2>\n<p>1. AGBs<br \/>\nNachfolgend werden die Allgemeinen Gesch\u00e4ftsbedingungen (AGBs) von Alveolus Biomedical BV (\u201eAlveolus Biomedical\u201d), einer privaten Gesellschaft mit beschr\u00e4nkter Haftung nach niederl\u00e4ndischem Recht, bekannt unter dem Handelsnamen DEKAsvitamins.com, aufgef\u00fchrt. Der Gesch\u00e4ftssitz von Alveolus Biomedical BV befindet sich in Entrepotdok 1071, 1018 AD Amsterdam, Niederlande. E-Mail-Adresse: <a href=\"mailto:info@alveolus.nl\">info@alveolus.nl<\/a>. Telefon: +31 621 255 794. Eingetragen bei der Handelskammer unter Nummer 62529560. Steueridentifikationsnummer (Umsatzsteuernummer): NL 854854083B01. Diese AGBs gelten f\u00fcr s\u00e4mtliche Kauf- und Verkaufsvereinbarungen, die zwischen Alveolus Biomedical und seinen Kunden \u00fcber die Website von Alveolus Biomedical <a href=\"https:\/\/dekasvitamins.com\/de\/\">www.dekasvitamins.com<\/a> (\u201edie Website\u201d) eingegangen werden. Durch Anklicken des K\u00e4stchens \u201eIch habe die Allgemeinen Gesch\u00e4ftsbedingungen gelesen und akzeptiere sie\u201c stimmen Sie den Inhalten und der Anwendbarkeit auf die Vereinbarung zu, die Sie mit Alveolus Biomedical geschlossen haben. Es k\u00f6nnen keine K\u00e4ufe oder Bestellungen get\u00e4tigt werden, ohne vorab den Allgemeinen Gesch\u00e4ftsbedingungen zu zustimmen.<\/p>\n<p>2. K\u00c4UFE<\/p>\n<p style=\"padding-left: 30px;\"><strong>2.1 Kaufvorgang<\/strong><br \/>\nSie k\u00f6nnen auf unserer Webseite durch Anklicken die gew\u00fcnschten Artikel bestellen und diese Ihrem Warenkorb hinzuf\u00fcgen. Sie k\u00f6nnen Ihren Warenkorb jederzeit ansehen und gew\u00fcnschte \u00c4nderungen durchf\u00fchren. Pro Bestellung kann nur ein Code oder Voucher eingel\u00f6st werden. Wenn Sie die Inhalte des Warenkorbs best\u00e4tigen m\u00f6chten, klicken Sie auf \u201eZum Checkout\u201c. Es wird ein elektronisches Checkout-Formular erstellt, auf dem s\u00e4mtliche Artikel, die Sie kaufen m\u00f6chten, erscheinen. Nach Pr\u00fcfung des Checkout-Formulars, einschlie\u00dflich Zahlungsdetails, klicken Sie auf die Schaltfl\u00e4che \u201eBestellung platzieren\u201c. Sie werden dann auf eine sichere Webseite umgeleitet, um Ihre Bestellung zu bezahlen. Nach der Zahlung ist Ihre Bestellung abgeschlossen.<\/p>\n<p style=\"padding-left: 30px;\"><strong>2.2 Kaufvertrag<\/strong><br \/>\nNach Bezahlung der bestellten Artikel erhalten Sie eine automatische Best\u00e4tigungs-E-Mail von der Website. Der Kaufvertrag tritt nach Versenden der Best\u00e4tigungs-E-Mail in Kraft. Da Alveolus Biomedical in den Niederlanden ans\u00e4ssig ist, gilt der Kaufvertrag als in den Niederlanden abgeschlossen.<\/p>\n<p style=\"padding-left: 30px;\"><strong>2.3 Ablehnung einer Transaktion<\/strong><br \/>\nDie Website h\u00e4lt sich das Recht vor, die Bearbeitung eines Vorgangs aus beliebigem Grund und\/oder Serviceleistungen gegen\u00fcber Nutzern zu jeder Zeit nach freiem Ermessen abzulehnen.<\/p>\n<p style=\"padding-left: 30px;\"><strong>2.4 Versand<\/strong><br \/>\nAuf der Webseite erscheinen alle L\u00e4nder, in die die Produkte geliefert werden. Bei Fragen zu Lieferungen in L\u00e4nder, die nicht auf der Website erscheinen, kontaktieren Sie uns bitte \u00fcber das Kontaktformular.<\/p>\n<p>3. PREISE UND INFORMATIONEN AUF DER WEBSEITE<\/p>\n<p style=\"padding-left: 30px;\"><strong>3.1 Aufgef\u00fchrte Preise<\/strong><br \/>\nDie auf der Website aufgef\u00fchrten Preise sind ohne MwSt. und ohne Versandkosten. Der auf der Bestellliste und auf dem elektronischen Bestellformular aufgef\u00fchrte Gesamtpreis umfasst MwSt. und Versandkosten. Die Preise k\u00f6nnen jederzeit ge\u00e4ndert werden. Produkte werden DAP (delivered at place) (Incoterms 2010) verkauft. M\u00f6glicherweise m\u00fcssen Sie Einfuhrzoll oder eine offizielle Zollanmeldungsgeb\u00fchr vor und\/oder bei Lieferung der Bestellung au\u00dferhalb der EU bezahlen. Ggf. finden auch gem\u00e4\u00df \u00f6rtlicher Gesetzgebung zus\u00e4tzliche Kosten, Steuern, Abgaben oder Geb\u00fchren Anwendung. Aus diesem Grunde sind Sie dazu aufgefordert, diese Einzelheiten vor einer Bestellung aus dem Nicht-EU-Ausland zu \u00fcberpr\u00fcfen. Die Versandkosten h\u00e4ngen vom Wohnsitzland ab. Die Versand- und Lieferkosten werden beim Checkout im Onlineshop angezeigt.<\/p>\n<p style=\"padding-left: 30px;\"><strong>3.2 Preis\u00e4nderungen nach Abschluss des Kaufvertrags<\/strong><br \/>\nPreis\u00e4nderungen wirken sich nicht auf die Preise von Produkten aus, die Teil eines bereits geschlossenen Kaufvertrags sind. Die f\u00fcr die jeweilige Bestellung geltende Preise sind der von Alveolus Biomedical versendeten Best\u00e4tigungs-E-Mail zu entnehmen.<\/p>\n<p style=\"padding-left: 30px;\"><strong>3.3 Informationen in Bezug auf Preise, Spezifikationen, etc.<\/strong><br \/>\nObwohl s\u00e4mtliche Informationen in Bezug auf Preise, Spezifikationen, etc. auf der Webseite mit gr\u00f6\u00dfter Vorsicht ver\u00f6ffentlicht werden, kann Alveolus Biomedical keine Garantie f\u00fcr Vollst\u00e4ndigkeit \u00fcbernehmen.<\/p>\n<p style=\"padding-left: 30px;\"><strong>3.4 Keine Verpflichtung zur Lieferung bei Angabe falscher Informationen<\/strong><br \/>\nAlveolus Biomedical ist nicht zur Lieferung von Bestellungen verpflichtet, die aufgrund falscher Informationen auf der Webseite get\u00e4tigt wurden.<\/p>\n<p style=\"padding-left: 30px;\"><strong>3.5 Informationen auf externen Webseiten<\/strong><br \/>\nBestimmte Inhalte auf dieser Webseite k\u00f6nnen m\u00f6glicherweise mit anderen Websites und Informationsquellen verlinkt sein, die von Dritten bereitgestellt und gepflegt werden. Alveolus Biomedical kontrolliert diese Webseiten nicht und \u00fcbernimmt in Bezug auf die Inhalte keinerlei Verantwortung.<\/p>\n<p>4. ZAHLUNG<br \/>\nDie Bezahlung kann per Kreditkarte oder \u00fcber andere alternative Wege (siehe elektronisches Bestellformular) erfolgen. Durch die Verwendung einer bestimmten Kreditkarte(nnummer) best\u00e4tigen Sie, dass die von Ihnen verwendete Kreditkarte auch Ihnen geh\u00f6rt. Ihr Konto wird mit dem zu zahlenden Betrag bei Annahme des Auftrags seitens Alveolus Biomedical belastet. S\u00e4mtliche Kreditkarten werden vom Kartenausgabeunternehmen gepr\u00fcft, validiert und genehmigt. Sollte Ihr Kreditkartenunternehmen die Zahlung an Alveolus Biomedical ablehnen, verschieben wir die Lieferung und setzen uns mit Ihnen in Verbindung. In diesem Fall ist Alveolus Biomedical weder f\u00fcr Verzug noch f\u00fcr versp\u00e4tete Lieferungen verantwortlich. Die Kreditkartendaten werden SSL-verschl\u00fcsselt \u00fcbertragen. Alveolus Biomedical macht sich nicht f\u00fcr Missbrauch dieser Daten durch Dritte verantwortlich.<\/p>\n<p>5. LIEFERUNG<\/p>\n<p style=\"padding-left: 30px;\"><strong>5.1 Lieferzeit<\/strong><br \/>\nAlveolus Biomedical ist darum bem\u00fcht, s\u00e4mtliche Bestellungen innerhalb der Europ\u00e4ischen Union innerhalb von 1 bis 4 Werktagen zu liefern. Die effektive Lieferzeit h\u00e4ngt vom Versandland ab. Bei Versand au\u00dferhalb der EU k\u00f6nnen je nach Zollabfertigung bis zur Zustellung 6 Werktagen vergehen. Alveolus Biomedical ist jedoch diesbez\u00fcglich von den Anbietern\/Zustellern abh\u00e4ngig. Aus diesem Grunde k\u00f6nnen nur ungef\u00e4hre Lieferzeiten angegeben werden. Alveolus Biomedical \u00fcbernimmt keinerlei Verantwortung f\u00fcr eine ggf. l\u00e4ngere Lieferzeit. Auch wenn die angegebene maximale Lieferfrist von drei\u00dfig Tagen nach der Bestellung \u00fcberschritten werden sollte, setzt Alveolus Biomedical nicht automatisch in Verzug.<\/p>\n<p style=\"padding-left: 30px;\"><strong>5.2 Versand Ihrer Bestellung<\/strong><br \/>\nAlveolus Biomedical versendet seine Produkte \u00a0mit UPS. Dadurch werden zwei Lieferversuche, Online Track &amp; Trace und f\u00fcr Gesch\u00e4fte, Unternehmen oder Institutionen eine Unterschrift bei Lieferung verlangt. Sollten Sie beim ersten Lieferversuch nicht zu Hause sein, werden Sie eine Karte mit weiteren Anweisungen in Ihrem Briefkasten finden. Der Kurierdienst wird versuchen, Ihnen das Paket am n\u00e4chsten Werktag ein zweites Mal zu zustellen, au\u00dfer Sie w\u00e4hlen online unter Eingabe des Liefercodes auf Ihrer Benachrichtungskarte und Ihrer PLZ eine andere Option an. Sollte auch der zweite Lieferversuch fehlschlagen, finden Sie eine weitere Karte in Ihrem Briefkasten, auf welcher darauf verwiesen wird, dass Sie Ihre Bestellung an einem UPS Service Point abholen k\u00f6nnen. Sie m\u00fcssen dann Ihre Lieferung innerhalb von 7-14 Tagen abholen. Sollte Ihre Lieferung nicht abgeholt werden, wird sie zu Alveolus Biomedical zur\u00fcckgesendet. Sollten Sie bei Lieferung die Annahme verweigern, sendet UPS die Lieferung zu Alveolus Biomedical zur\u00fcck.<\/p>\n<p style=\"padding-left: 30px;\"><strong>5.3 Versandversicherung<br \/>\n<\/strong>S\u00e4mtliche Lieferungen unterliegen der Haftung von Alveolus Biomedical, bis Sie zu Ihrer Adresse oder einem UPS Service Point geliefert wurden. S\u00e4mtliche Beanstandungen in Bezug auf den Zustand der Waren bei Empfang sind Alveolus Biomedical innerhalb von zwei Werktagen nach Erhalt der Waren entweder telefonisch oder per E-Mail (siehe aufgef\u00fchrte Telefonnummer\/E-Mail-Adresse).<br \/>\nSollte Ihre Lieferung nicht innerhalb von 14 Tagen erfolgen, fordert Alveolus Biomedical oder sein Vertriebspartner den Kurierdienst dazu auf, den Status Ihrer Bestellung zu pr\u00fcfen. Erst nach Pr\u00fcfung des Versandstatus kann Alveolus Biomedical Ihnen den f\u00fcr Ihre Bestellung bezahlten Betrag zur\u00fcckerstatten. Betr\u00e4ge werden dann zur\u00fcckerstattet, wenn f\u00fcr die Nichtlieferung Ihrer Bestellung entweder Alveolus Biomedical oder der Kurierdienst verantwortlich sind.<\/p>\n<p>6. R\u00dcCKSENDUNGEN<\/p>\n<p style=\"padding-left: 30px;\"><strong>6.1 Stornierung, R\u00fccksendung und Umtausch<\/strong><br \/>\nS\u00e4mtliche Bestellungen k\u00f6nnen storniert werden, solange sie noch nicht bezahlt wurden. Eine bezahlte Bestellung zu stornieren, ist nur dann m\u00f6glich, wenn die Bestellung unser Lager noch nicht verlassen hat. Bitte kontaktieren Sie Alveolus Biomedical per E-Mail oder telefonisch unter der angegebenen Telefonnummer\/E-Mail-Adresse, um die Bestellung zu stornieren.<br \/>\nIn diesem Fall erstattet Ihnen Alveolus den gesamten Betrag der Bestellung zur\u00fcck. In s\u00e4mtlichen anderen F\u00e4llen sind R\u00fccknahmen nur unter folgenden Bedingungen m\u00f6glich:<\/p>\n<ol style=\"list-style-type: lower-alpha;\">\n<li style=\"padding-left: 30px;\">Waren sollten innerhalb von 14 Kalendertagen nach Erhalt seitens des Kunden zur\u00fcckgesendet werden.<\/li>\n<li style=\"padding-left: 30px;\">Das Produkt muss unge\u00f6ffnet (originalversiegelt) und unbesch\u00e4digt sein.<\/li>\n<\/ol>\n<p style=\"padding-left: 30px;\">Kunden haben die Kosten f\u00fcr den R\u00fcckversand der Ware zu bezahlen, au\u00dfer Alveolus Biomedical ist bei der Bearbeitung des Auftrags ein Fehler unterlaufen oder das Produkt ist fehlerhaft. Bitte setzen Sie sich in allen F\u00e4llen mit Alveolus Biomedical per E-Mail oder telefonisch (siehe angegebene Telefonnummer oder E-Mail-Adresse), um sich die R\u00fccknahme der bestellten Ware genehmigen zu lassen. Je nach Situation werden wir einer R\u00fcckerstattung oder einer R\u00fccknahme zustimmen.<\/p>\n<p style=\"padding-left: 30px;\"><strong>6.2 Erstattungszeitraum<\/strong><br \/>\nNach Erhalt der Waren seitens Alveolus Biomedical oder nach Genehmigung der Erstattung wird das Geld Ihrem Konto, Ihrer Kreditkarte oder Ihrem PayPal-Konto innerhalb von maximal f\u00fcnf Werktagen wieder gutgeschrieben. Banken, Kreditkartenunternehmen und Paypal verf\u00fcgen \u00fcber eigene Bedingungen bzgl. Zahlungsabwicklung und R\u00fcckerstattung.<br \/>\nAus diesem Grunde kann es l\u00e4nger dauern, bis das Geld Ihrem Konto wieder gutgeschrieben wird. Daf\u00fcr kann Alveolus Biomedical nicht verantwortlich gemacht werden.<\/p>\n<p style=\"padding-left: 30px;\"><strong>6.3 Haftung f\u00fcr R\u00fcckversand<br \/>\n<\/strong>Alveolus Biomedical haftet nicht f\u00fcr den R\u00fcckversand zu uns. Als Auftraggeber des R\u00fcckversands sind Sie f\u00fcr die tats\u00e4chliche Lieferung an unsere R\u00fcckversandadresse verantwortlich. Sie m\u00fcssen das Paket zum R\u00fcckversand ordnungsm\u00e4\u00dfig verpackt und etikettiert am Servicepunkt des Kurierdienstleisters abgeben. Sollte nicht nachvollzogen werden k\u00f6nnen, dass eine verloren gegangene Sendung am Servicepunkt des Kurierdienstleisters ordnungsgem\u00e4\u00df \u00fcbergeben wurde, ist Alveolus Biomedical zu keiner R\u00fcckerstattung verpflichtet.<\/p>\n<p>7. DATENSCHUTZRICHTLINIE<br \/>\nAlveolus Biomedical sch\u00fctzt Ihre personenbezogenen Daten. Die von Ihnen auf unserer Website bereitgestellten Daten werden nur zur Bearbeitung Ihres Auftrags und zur Bereitstellung von Informationen \u00fcber Alveolus Biomedical und seine Produkte verwendet. Sie k\u00f6nnen Ihre Anfragen zu unseren Richtlinien und Ihren Daten an privacy@alveolus.nl richten.<\/p>\n<p>8. HAFTUNG<br \/>\nAlveolus Biomedical kann gegen\u00fcber dem K\u00e4ufer nur in H\u00f6he des Kaufpreises haftbar gemacht werden. Alveolus Biomedical ist unter keinen Umst\u00e4nden haftbar f\u00fcr entgangene Gewinne oder Goodwill oder andere Folgesch\u00e4den.<\/p>\n<p>9. SPRACHE, ANWENDBARES RECHT UND GERICHTSSTAND<br \/>\nWenn Sie Alveolus Biomedical schreiben m\u00f6chten, k\u00f6nnen Sie dies in Englisch, Franz\u00f6sisch, Deutsch, Spanisch oder Niederl\u00e4ndisch tun. Bei Alveolus Biomedical ist die Korrespondenzsprache Englisch. S\u00e4mtliche Transaktionen unterliegen den niederl\u00e4ndischen Gesetzen. S\u00e4mtliche Streitigkeiten in Bezug auf einen Kaufvertrag, f\u00fcr welchen dieser AGBs gelten, sind dem Gerichtsbezirk Utrecht vorzulegen, sofern Alveolus Biomedical nicht beschlie\u00dfen sollte, diesen Streitfall am Gerichtsstandort des K\u00e4ufers beizulegen.<\/p>\n<h2>ALVEOLUS WEBSITE TERMS OF USE<\/h2>\n<p>Folgende Nutzungsbedingungen gelten f\u00fcr die Webseite (www.dekasvitamins.com)\u00a0im Eigentum von Alveolus Biomedical B.V. (<strong>Alveolus<\/strong>), einschlie\u00dflich s\u00e4mtlicher Informationen, Materialien, Abbildungen und Empfehlungen (die <strong>Informationen<\/strong>).<\/p>\n<p><strong>Beschr\u00e4nkte Haftung<\/strong><br \/>\nDie Inhalte der zuvor genannten Website werden so aktuell und so hochwertig wie m\u00f6glich gehalten. Alveolus kann jedoch die Rechtm\u00e4\u00dfigkeit der Inhalte der Webseite nicht jederzeit garantieren. Alveolus kann nicht gew\u00e4hrleisten, dass die bereitgestellten Informationen weder gegen die geistigen Eigentumsrechte Dritter versto\u00dfen noch in anderer Weise fehlerhaft sind. Diese Informationen m\u00f6chten nur allgemeine Erkenntnisse vermitteln und stellen keine Empfehlung dar. Alveolus macht sich nicht f\u00fcr Entscheidungen verantwortlich, die von Benutzer aufgrund dieser Informationen gefasst wurden.<br \/>\nAlveolus ist nicht f\u00fcr Sch\u00e4den infolge von oder in Bezug auf die Nutzung oder den Zugriff auf die Website oder die Informationen verantwortlich (einschlie\u00dflich Nichtverf\u00fcgbarkeit der Webseite oder von Informationen), soweit der betroffene Schaden durch Vorsatz oder bewusste Fahrl\u00e4ssigkeit von Alveolus verursacht wurde.<\/p>\n<p><strong>Viren<\/strong><br \/>\nAlveolus kann nicht gew\u00e4hrleisten, dass die Webseite, die Informationen oder die Hyperlinks, auf die \u00fcber die Webseite zugegriffen werden kann, nicht von Viren oder \u00e4hnlicher Malware infiziert sind.<\/p>\n<p><strong>Von Dritten bereitgestellte Informationen<\/strong><br \/>\nHyperlinks auf der Website zu externen Websites Dritter werden nur zur Bereitstellung zus\u00e4tzlicher Informationen eingef\u00fcgt. Alveolus ist weder f\u00fcr die Inhalte oder die Performance dieser Websites noch f\u00fcr die Qualit\u00e4t der dar\u00fcber angebotenen Waren und Dienstleistungen verantwortlich. Auf den Websites Dritter erscheinende Informationen bringen nur die privaten Meinungen der jeweiligen Drittunternehmen zum Ausdruck. Alveolus kann nicht f\u00fcr die Vollst\u00e4ndigkeit und Richtigkeit derartiger Informationen verantwortlich gemacht werden.<\/p>\n<p><strong>Geistige Eigentumsrechte<\/strong><br \/>\nS\u00e4mtliche geistigen Eigentumsrechte in Verbindung mit der Website und den darin erfassten Informationen geh\u00f6ren Alveolus. Die Website und Informationen k\u00f6nnen konsultiert werden; Kopien f\u00fcr den pers\u00f6nlichen Gebrauch k\u00f6nnen ausgedruckt oder gespeichert werden. Es ist streng verboten, die Webseite oder die bereitgestellten Informationen ohne vorherige schriftliche Genehmigung seitens Alveolus f\u00fcr andere Zwecke zu nutzen.<\/p>\n<p><strong>Durch Benutzer erzeugte Inhalte auf der Website<\/strong><br \/>\nAlveolus h\u00e4lt sich das Recht vor, s\u00e4mtliche auf der Website gepostete Informationen (einschlie\u00dflich, aber nicht beschr\u00e4nkt auf Texte, Bilder, Tondateien und Software) ohne finanzielle Verg\u00fctung zu nutzen oder zu kopieren. Alveolus ist in diesem Fall nicht dazu angehalten, die genannten Informationen oder Materialien zu speichern.<br \/>\nDer Benutzer sch\u00fctzt Alveolus vor s\u00e4mtlichen Anspr\u00fcchen Dritter in Bezug auf Nutzung oder Verwertung ihres geistigen Eigentums durch diese Informationen.<\/p>\n<p><strong>Geltende Rechtsprechung und Gerichtsstand<\/strong><br \/>\nDie oben dargelegten Nutzungsbedingungen unterliegen niederl\u00e4ndischem Gesetz. Streitigkeiten in Verbindung mit diesen AGBs sind dem zust\u00e4ndigen Gericht in Utrecht vorzulegen.<\/p>\n<p><strong>\u00c4nderungen an den Nutzungsbedingungen<\/strong><br \/>\nAlveolus h\u00e4lt sich das Recht vor, die Nutzungsbedingungen jederzeit zu \u00e4ndern. Die \u00c4nderungen treten in Kraft, sobald sie auf dieser Webseite ver\u00f6ffentlicht wurden.<\/p>\n<p><strong>Kontakt:<\/strong><br \/>\nBei Fragen kontaktieren Sie Alveolus unter <a href=\"mailto:info@alveolus.nl\">info@alveolus.nl<\/a><\/p>\n","protected":false},"excerpt":{"rendered":"<div class=\"entry-summary\">\n<div class=\"entry-summary\">\nUNTERNEHMEN DEKAsvitamins.com Alveolus Biomedical BV Entrepotdok 177 1018 AD\u00a0 AMSTERDAM Niederlande ALLGEMEINE GESCH\u00c4FTSBEDINGUNGEN DEKAVITAMINS.COM 1. AGBs Nachfolgend werden die Allgemeinen Gesch\u00e4ftsbedingungen (AGBs) von Alveolus Biomedical BV (\u201eAlveolus Biomedical\u201d), einer privaten Gesellschaft mit beschr\u00e4nkter Haftung nach niederl\u00e4ndischem Recht, bekannt unter dem&hellip;\n<\/div>\n<div class=\"link-more\"><a href=\"https:\/\/dekasvitamins.com\/de\/fragen\/bedingungen-und-bestimmungen\/\" class=\"more-link\"><span class=\"screen-reader-text\"> &ldquo;Bedingungen und Bestimmungen&rdquo;<\/span> weiterlesen\u00a0&hellip;<\/a><\/div>\n<\/div>\n<div class=\"link-more\"><a href=\"https:\/\/dekasvitamins.com\/de\/fragen\/bedingungen-und-bestimmungen\/\" class=\"more-link\"><span class=\"screen-reader-text\"> &ldquo;Bedingungen und Bestimmungen&rdquo;<\/span> weiterlesen\u00a0&hellip;<\/a><\/div>\n","protected":false},"author":2,"featured_media":0,"parent":6982,"menu_order":1,"comment_status":"closed","ping_status":"closed","template":"templates\/no-intro.php","meta":{"footnotes":""},"class_list":["post-6985","page","type-page","status-publish","hentry","entry"],"_links":{"self":[{"href":"https:\/\/dekasvitamins.com\/de\/wp-json\/wp\/v2\/pages\/6985","targetHints":{"allow":["GET"]}}],"collection":[{"href":"https:\/\/dekasvitamins.com\/de\/wp-json\/wp\/v2\/pages"}],"about":[{"href":"https:\/\/dekasvitamins.com\/de\/wp-json\/wp\/v2\/types\/page"}],"author":[{"embeddable":true,"href":"https:\/\/dekasvitamins.com\/de\/wp-json\/wp\/v2\/users\/2"}],"replies":[{"embeddable":true,"href":"https:\/\/dekasvitamins.com\/de\/wp-json\/wp\/v2\/comments?post=6985"}],"version-history":[{"count":14,"href":"https:\/\/dekasvitamins.com\/de\/wp-json\/wp\/v2\/pages\/6985\/revisions"}],"predecessor-version":[{"id":18442,"href":"https:\/\/dekasvitamins.com\/de\/wp-json\/wp\/v2\/pages\/6985\/revisions\/18442"}],"up":[{"embeddable":true,"href":"https:\/\/dekasvitamins.com\/de\/wp-json\/wp\/v2\/pages\/6982"}],"wp:attachment":[{"href":"https:\/\/dekasvitamins.com\/de\/wp-json\/wp\/v2\/media?parent=6985"}],"curies":[{"name":"wp","href":"https:\/\/api.w.org\/{rel}","templated":true}]}}