{"id":6982,"date":"2018-03-21T15:43:47","date_gmt":"2018-03-21T14:43:47","guid":{"rendered":"https:\/\/dekasvitamins.com\/haufig-gestellte-fragen\/"},"modified":"2025-05-27T17:24:13","modified_gmt":"2025-05-27T15:24:13","slug":"fragen","status":"publish","type":"page","link":"https:\/\/dekasvitamins.com\/de\/fragen\/","title":{"rendered":"Fragen"},"content":{"rendered":"<p><a href=\"#where\">Wie und wo kann ich DEKAs vitamine kaufen?<\/a><br \/>\n<a href=\"#upc\">Was sind die UPC-codes von DEKAs vitamins?<\/a><br \/>\n<a href=\"#shipping\">DEKAs Vitamine Versandkosten<\/a><br \/>\n<a href=\"#discount\">Welche Mengenrabatte bietet DEKAsvitamins?<\/a><br \/>\n<a href=\"#VAT\">Wie viel Mehrwertsteuer und \u00d6rtliche Pflichten berechnet DEKAsvitamins.com?<\/a><br \/>\n<a href=\"#returns\">Akzeptiert DEKAsvitamins.com R\u00fccksendungen?<\/a><br \/>\n<a href=\"#insurance\">Bezahlt die Krankenversicherung DEKAs Vitamine?<\/a><br \/>\n<a href=\"#otherconditions\">Kann ich DEKAs f\u00fcr andere Erkrankungen verwenden?<\/a><br \/>\n<a href=\"#supervision\">Kann ich DEKAs ohne \u00e4rztliche Aufsicht verwenden?<\/a><br \/>\n<a href=\"#prescription\">Kann ich DEKAs Vitamine rezeptfrei bestellen?<\/a><\/p>\n<h2><a id=\"where\"><\/a>Wie und wo kann ich DEKAs Vitamine kaufen?<\/h2>\n<p>Bitte sehen Sie unten die alphabetische Liste der L\u00e4nder, die derzeit von dieser Website bedient werden, nach Kontinenten. In den Vereinigten Staaten und Kanada besuchen Sie bitte <a href=\"http:\/\/www.callionpharma.com\" target=\"_blank\" rel=\"noopener\">www.callionpharma.com<\/a>.<\/p>\n<p>DEKAs Produkte sind weit verbreitet. \u00c4rzte, Apotheken, private oder \u00f6ffentliche Einrichtungen, potenzielle Vertriebspartner und andere: Bitte senden Sie uns eine E-Mail an <a href=\"mailto:info@dekasvitamins.com\" target=\"_blank\" rel=\"noopener noreferrer\">info@dekasvitamins.com<\/a> bei Fragen zum Vertrieb in einem bestimmten Land.<\/p>\n<p>L\u00e4nder, in die dekasvitamins.com derzeit versendet:<\/p>\n<table style=\"width: 104.444%;\" width=\"580\">\n<tbody>\n<tr>\n<td style=\"width: 25.2778%;\" width=\"145\"><strong>Europa<\/strong><\/td>\n<td style=\"width: 29.1223%;\">Ungarn<\/td>\n<td style=\"width: 22.7394%;\">Slowakei<\/td>\n<td style=\"width: 22.7394%;\">Libanon<\/td>\n<\/tr>\n<tr>\n<td style=\"width: 25.2778%;\">Albanien<\/td>\n<td style=\"width: 29.1223%;\">Island<\/td>\n<td style=\"width: 22.7394%;\">Slowenien<\/td>\n<td style=\"width: 22.7394%;\">Malaysia<\/td>\n<\/tr>\n<tr>\n<td style=\"width: 25.2778%;\">Andorra<\/td>\n<td style=\"width: 29.1223%;\">Irland<\/td>\n<td style=\"width: 22.7394%;\">Spanien<\/td>\n<td style=\"width: 22.7394%;\">Oman<\/td>\n<\/tr>\n<tr>\n<td style=\"width: 25.2778%;\">Armenien<\/td>\n<td style=\"width: 29.1223%;\">Italien<\/td>\n<td style=\"width: 22.7394%;\">Schweden<\/td>\n<td style=\"width: 22.7394%;\" width=\"145\">Philippinen<\/td>\n<\/tr>\n<tr>\n<td style=\"width: 25.2778%;\">\u00d6sterreich<\/td>\n<td style=\"width: 29.1223%;\">Kosovo<\/td>\n<td style=\"width: 22.7394%;\">Schweiz<\/td>\n<td style=\"width: 22.7394%;\" width=\"145\">Katar<\/td>\n<\/tr>\n<tr>\n<td style=\"width: 25.2778%;\">Aserbaidschan<\/td>\n<td style=\"width: 29.1223%;\">Lettland<\/td>\n<td style=\"width: 22.7394%;\">Vereinigtes K\u00f6nigreich (UK)<\/td>\n<td style=\"width: 22.7394%;\" width=\"145\">Saudi Arabien<\/td>\n<\/tr>\n<tr>\n<td style=\"width: 25.2778%;\">Belgien<\/td>\n<td style=\"width: 29.1223%;\">Liechtenstein<\/td>\n<td style=\"width: 22.7394%;\"><\/td>\n<td style=\"width: 22.7394%;\" width=\"145\">Singapur<\/td>\n<\/tr>\n<tr>\n<td style=\"width: 25.2778%;\">Bosnien und Herzegowina<\/td>\n<td style=\"width: 29.1223%;\">Litauen<\/td>\n<td style=\"width: 22.7394%;\"><strong>Afrika<\/strong><\/td>\n<td style=\"width: 22.7394%;\" width=\"145\">Sri Lanka<\/td>\n<\/tr>\n<tr>\n<td style=\"width: 25.2778%;\" width=\"145\">Bulgarien<\/td>\n<td style=\"width: 29.1223%;\">Luxemburg<\/td>\n<td style=\"width: 22.7394%;\">Algerien<\/td>\n<td style=\"width: 22.7394%;\" width=\"145\">S\u00fcdkorea<\/td>\n<\/tr>\n<tr>\n<td style=\"width: 25.2778%;\">Kroatien<\/td>\n<td style=\"width: 29.1223%;\">Malta<\/td>\n<td style=\"width: 22.7394%;\">\u00c4gypten<\/td>\n<td style=\"width: 22.7394%;\" width=\"145\">Taiwan<\/td>\n<\/tr>\n<tr>\n<td style=\"width: 25.2778%;\">Zypern<\/td>\n<td style=\"width: 29.1223%;\">Moldawien<\/td>\n<td style=\"width: 22.7394%;\"><\/td>\n<td style=\"width: 22.7394%;\" width=\"145\">Thailand<\/td>\n<\/tr>\n<tr>\n<td style=\"width: 25.2778%;\">Tschechien<\/td>\n<td style=\"width: 29.1223%;\">Monaco<\/td>\n<td style=\"width: 22.7394%;\"><strong>Asien<\/strong><\/td>\n<td style=\"width: 22.7394%;\" width=\"145\">Vereinigte Arabische Emirate<\/td>\n<\/tr>\n<tr>\n<td style=\"width: 25.2778%;\">D\u00e4nemark<\/td>\n<td style=\"width: 29.1223%;\" width=\"145\">Montenegro<\/td>\n<td style=\"width: 22.7394%;\">Bahrain<\/td>\n<td style=\"width: 22.7394%;\">Usbekistan<\/td>\n<\/tr>\n<tr>\n<td style=\"width: 25.2778%;\">Estland<\/td>\n<td style=\"width: 29.1223%;\">Niederlande<\/td>\n<td style=\"width: 22.7394%;\" width=\"145\">China<\/td>\n<td style=\"width: 22.7394%;\" width=\"145\"><\/td>\n<\/tr>\n<tr>\n<td style=\"width: 25.2778%;\">Finnland<\/td>\n<td style=\"width: 29.1223%;\">Nordmakedonien<\/td>\n<td style=\"width: 22.7394%;\">Indonesien<\/td>\n<td style=\"width: 22.7394%;\" width=\"145\"><strong>Ozeanien<\/strong><\/td>\n<\/tr>\n<tr>\n<td style=\"width: 25.2778%;\" width=\"145\">Frankreich<\/td>\n<td style=\"width: 29.1223%;\">Polen<\/td>\n<td style=\"width: 22.7394%;\" width=\"145\">Jordanien<\/td>\n<td style=\"width: 22.7394%;\" width=\"145\">Australien<\/td>\n<\/tr>\n<tr>\n<td style=\"width: 25.2778%;\">Georgia<\/td>\n<td style=\"width: 29.1223%;\" width=\"145\">Portugal<\/td>\n<td style=\"width: 22.7394%;\">Kasachstan<\/td>\n<td style=\"width: 22.7394%;\" width=\"145\">Neuseeland<\/td>\n<\/tr>\n<tr>\n<td style=\"width: 25.2778%;\">Deutschland<\/td>\n<td style=\"width: 29.1223%;\">San Marino<\/td>\n<td style=\"width: 22.7394%;\">Kuwait<\/td>\n<td style=\"width: 22.7394%;\" width=\"145\"><\/td>\n<\/tr>\n<tr>\n<td style=\"width: 25.2778%;\" width=\"145\">Gibraltar<\/td>\n<td style=\"width: 29.1223%;\">Serbien<\/td>\n<td style=\"width: 22.7394%;\">Kirgisistan<\/td>\n<td style=\"width: 22.7394%;\"><\/td>\n<\/tr>\n<\/tbody>\n<\/table>\n<h2><a id=\"upc\"><\/a>Was sind die UPC-Codes von DEKAs vitamins?<\/h2>\n<p>Der Universal Product Code (UPC) ist eine 13- oder 12-stellige Zahl (ohne die 0), die verwendet wird, um einzelnen Produkten f\u00fcr den Einzelhandelsverkauf einen eindeutigen Barcode zuzuweisen.<\/p>\n<table style=\"width: 103.922%;\" width=\"704\">\n<tbody>\n<tr>\n<td style=\"width: 50.1634%;\" width=\"361\">DEKAs Plus Weichkapseln<\/td>\n<td style=\"width: 53.5948%;\" width=\"343\">UPC: 0868176000114<\/td>\n<\/tr>\n<tr>\n<td style=\"width: 50.1634%;\" width=\"361\">DEKAs Plus Kautabletten<\/td>\n<td style=\"width: 53.5948%;\" width=\"343\">UPC: 0868176000152<\/td>\n<\/tr>\n<tr>\n<td style=\"width: 50.1634%;\" width=\"361\">DEKAs Plus Fl\u00fcssig<\/td>\n<td style=\"width: 53.5948%;\" width=\"343\">UPC: 0868176000107<\/td>\n<\/tr>\n<tr>\n<td style=\"width: 50.1634%;\" width=\"361\">DEKAs Essential Kapseln<\/td>\n<td style=\"width: 53.5948%;\" width=\"343\">UPC: 0868176000121<\/td>\n<\/tr>\n<tr>\n<td style=\"width: 50.1634%;\" width=\"361\">DEKAs Bariatric Kautabletten<\/td>\n<td style=\"width: 53.5948%;\" width=\"343\">UPC: 0868176000169<\/td>\n<\/tr>\n<tr>\n<td style=\"width: 50.1634%;\" width=\"361\">DEKAs Essential Fl\u00fcssig<\/td>\n<td style=\"width: 53.5948%;\" width=\"343\">UPC: 0868176000138<\/td>\n<\/tr>\n<tr>\n<td style=\"width: 50.1634%;\" width=\"361\">DEKAs Aqua-E Fl\u00fcssig<\/td>\n<td style=\"width: 53.5948%;\" width=\"343\">UPC: 0868176000176<\/td>\n<\/tr>\n<\/tbody>\n<\/table>\n<h2><a id=\"shipping\"><\/a>DEKAs Vitamine Versandkosten<\/h2>\n<p>F\u00fcr den Versand nutzen wir UPS, das pauschale Versandkosten anbietet. Die Versandkosten variieren NICHT mit der Anzahl der von Ihnen bestellten Produkte. Die Versandkosten betragen wie folgt:<\/p>\n<table style=\"width: 100%; height: 412px;\">\n<tbody>\n<tr style=\"height: 72px;\">\n<td style=\"width: 82.7778%; height: 72px;\" width=\"519\">\u00d6sterreich, Belgien, Tschechische Republik, D\u00e4nemark, Finnland, Frankreich, Deutschland, Irland, Italien, Luxemburg, Monaco, Niederlande, Polen, Portugal, Spanien und Schweden<\/td>\n<td style=\"width: 17.0833%; height: 72px;\" width=\"66\">\u20ac 10,50<\/td>\n<\/tr>\n<tr style=\"height: 55px;\">\n<td style=\"width: 82.7778%; height: 55px;\" width=\"519\">Bulgarien, Kroatien, Estland, Griechenland, Ungarn, Lettland, Litauen, Rum\u00e4nien, Slowakei, Slowenien und Vereinigtes K\u00f6nigreich<\/td>\n<td style=\"width: 17.0833%; height: 55px;\" width=\"66\">\u20ac 12,50<\/td>\n<\/tr>\n<tr style=\"height: 18px;\">\n<td style=\"width: 82.7778%; height: 18px;\" width=\"519\">Schweiz, Andorra, San Marino und Liechtenstein<\/td>\n<td style=\"width: 17.0833%; height: 18px;\" width=\"66\">\u20ac 15<\/td>\n<\/tr>\n<tr style=\"height: 10px;\">\n<td style=\"width: 82.7778%; height: 10px;\" width=\"519\">Zypern und Malta<\/td>\n<td style=\"width: 17.0833%; height: 10px;\" width=\"66\">\u20ac 20<\/td>\n<\/tr>\n<tr style=\"height: 133px;\">\n<td style=\"width: 82.7778%; height: 133px;\" width=\"519\">Albanien, Bosnien und Herzegowina, Gibraltar, Island, Kosovo, Montenegro, Nordmazedonien, Serbien, Ukraine, Moldawien, Australien, Bahrain, \u00c4gypten, Jordanien, Kuwait, Neuseeland, Oman, Philippinen, Katar, Malaysia, Singapur, S\u00fcdkorea, Taiwan und Vereinigte Arabische Emirate<\/td>\n<td style=\"width: 17.0833%; height: 133px;\" width=\"66\">\u20ac 25<\/td>\n<\/tr>\n<tr style=\"height: 44px;\">\n<td style=\"width: 82.7778%; height: 44px;\" width=\"519\">Armenien, Aserbaidschan, Georgien, Kasachstan, Kirgisistan, Saudi-Arabien und Usbekistan<\/td>\n<td style=\"width: 17.0833%; height: 44px;\" width=\"66\">\u20ac 35<\/td>\n<\/tr>\n<tr style=\"height: 80px;\">\n<td style=\"width: 82.7778%; height: 80px;\" width=\"519\">Algerien, Libanon und Marokko<\/td>\n<td style=\"width: 17.0833%; height: 80px;\" width=\"66\">\u20ac 45<\/td>\n<\/tr>\n<\/tbody>\n<\/table>\n<p>Die Versandkosten werden im Warenkorb des Webshops berechnet. Um sie korrekt zu berechnen, klicken Sie im Warenkorb auf die Schaltfl\u00e4che \u201eVERSAND BERECHNEN\u201c oder \u201eADRESSE \u00c4NDERN\u201c. Geben Sie dann Ihr Land als Ziel ein und klicken Sie auf \u201eAKTUALISIEREN\u201c. Der Shop berechnet dann die anfallenden Versandkosten.<\/p>\n<h2><a id=\"discount\"><\/a>Welche Mengenrabatte bietet DEKAsvitamins an?<\/h2>\n<p>Bei gleichzeitiger Bestellung mehrerer Pakete gew\u00e4hren wir Rabatte. Der Rabatt wird auf den Gesamtbetrag des Warenkorbs (vor Mehrwertsteuer und Versandkosten) angewendet. Folgenderma\u00dfen:<\/p>\n<table>\n<tbody>\n<tr>\n<td width=\"315\"><strong>Packungen oder Flaschen<\/strong><\/td>\n<td width=\"44\"><strong>3<\/strong><\/td>\n<td width=\"50\"><strong>4<\/strong><\/td>\n<td width=\"46\"><strong>5 und mehr<\/strong><\/td>\n<\/tr>\n<tr>\n<td width=\"315\">DEKAs Bariatric Kautabletten<\/td>\n<td width=\"44\"><\/td>\n<td width=\"50\">2,5%<\/td>\n<td width=\"46\">5%<\/td>\n<\/tr>\n<tr>\n<td width=\"315\">DEKAs Plus Fl\u00fcssig, DEKAs Plus Weichkapseln, DEKAs Plus Kautabletten, DEKAs Essential Kapseln<br \/>\n<em>oder Kombinationen davon<\/em><\/td>\n<td width=\"44\"><\/td>\n<td width=\"50\">5%<\/td>\n<td width=\"46\">10%<\/td>\n<\/tr>\n<tr>\n<td width=\"315\">DEKAs Essential Fl\u00fcssig, DEKAs Aqua-E Fl\u00fcssig<br \/>\n<em>oder Kombinationen davon<\/em><\/td>\n<td width=\"44\">20%<\/td>\n<td width=\"50\">22,5%<\/td>\n<td width=\"46\">25%<\/td>\n<\/tr>\n<\/tbody>\n<\/table>\n<h2><a id=\"VAT\"><\/a>Wie viel Mehrwertsteuer berechnet DEKAsvitamins.com?<\/h2>\n<p>Bei Lieferungen innerhalb der EU berechnet DEKAsvitamins die jeweils g\u00fcltige Mehrwertsteuer wie folgt auf den Preis:<\/p>\n<table style=\"width: 100%; height: 691px;\" width=\"454\">\n<tbody>\n<tr style=\"height: 109px;\">\n<td style=\"height: 10px; width: 27.451%;\" width=\"108\">\u00d6sterreich<\/td>\n<td style=\"height: 10px; width: 20.4248%;\" width=\"108\">\n<p style=\"text-align: center;\">10%<\/p>\n<\/td>\n<td style=\"height: 10px; width: 6.69935%;\" width=\"29\"><\/td>\n<td style=\"height: 10px; width: 27.451%;\" width=\"113\">Italien<\/td>\n<td style=\"height: 10px; width: 17.8105%;\" width=\"94\">\n<p style=\"text-align: center;\">10%<\/p>\n<\/td>\n<\/tr>\n<tr style=\"height: 108px;\">\n<td style=\"height: 33px; width: 27.451%;\" width=\"108\">Belgien<\/td>\n<td style=\"height: 33px; width: 20.4248%;\" width=\"108\">\n<p style=\"text-align: center;\">6%<\/p>\n<\/td>\n<td style=\"height: 33px; width: 6.69935%;\" width=\"29\"><\/td>\n<td style=\"height: 33px; width: 27.451%;\" width=\"113\">Lettland<\/td>\n<td style=\"height: 33px; width: 17.8105%;\" width=\"94\">\n<p style=\"text-align: center;\">12%<\/p>\n<\/td>\n<\/tr>\n<tr style=\"height: 108px;\">\n<td style=\"height: 10px; width: 27.451%;\" width=\"108\">Bulgarien<\/td>\n<td style=\"height: 10px; width: 20.4248%;\" width=\"108\">\n<p style=\"text-align: center;\">20%<\/p>\n<\/td>\n<td style=\"height: 10px; width: 6.69935%;\" width=\"29\"><\/td>\n<td style=\"height: 10px; width: 27.451%;\" width=\"113\">Litauen<\/td>\n<td style=\"height: 10px; width: 17.8105%;\" width=\"94\">\n<p style=\"text-align: center;\">5%<\/p>\n<\/td>\n<\/tr>\n<tr style=\"height: 108px;\">\n<td style=\"height: 32px; width: 27.451%;\" width=\"108\">Kroatien<\/td>\n<td style=\"height: 32px; width: 20.4248%;\" width=\"108\">\n<p style=\"text-align: center;\">5%<\/p>\n<\/td>\n<td style=\"height: 32px; width: 6.69935%;\" width=\"29\"><\/td>\n<td style=\"height: 32px; width: 27.451%;\" width=\"113\">Luxembourg<\/td>\n<td style=\"height: 32px; width: 17.8105%;\" width=\"94\">\n<p style=\"text-align: center;\">3%<\/p>\n<\/td>\n<\/tr>\n<tr style=\"height: 108px;\">\n<td style=\"height: 50px; width: 27.451%;\" width=\"108\">Zypern<\/td>\n<td style=\"height: 50px; width: 20.4248%;\" width=\"108\">\n<p style=\"text-align: center;\">5%<\/p>\n<\/td>\n<td style=\"height: 50px; width: 6.69935%;\" width=\"29\"><\/td>\n<td style=\"height: 50px; width: 27.451%;\" width=\"113\">Malta<\/td>\n<td style=\"height: 50px; width: 17.8105%;\" width=\"94\">\n<p style=\"text-align: center;\">0%<\/p>\n<\/td>\n<\/tr>\n<tr style=\"height: 80px;\">\n<td style=\"width: 27.451%; height: 80px;\" width=\"145\">Tschechien<\/td>\n<td style=\"height: 80px; width: 20.4248%;\" width=\"108\">\n<p style=\"text-align: center;\">12%<\/p>\n<\/td>\n<td style=\"height: 80px; width: 6.69935%;\" width=\"29\"><\/td>\n<td style=\"width: 27.451%; height: 80px;\" width=\"145\">Niederlande<\/td>\n<td style=\"height: 80px; width: 17.8105%;\" width=\"94\">\n<p style=\"text-align: center;\">9%<\/p>\n<\/td>\n<\/tr>\n<tr style=\"height: 80px;\">\n<td style=\"width: 27.451%; height: 80px;\" width=\"145\">D\u00e4nemark<\/td>\n<td style=\"height: 80px; width: 20.4248%;\" width=\"108\">\n<p style=\"text-align: center;\">25%<\/p>\n<\/td>\n<td style=\"height: 80px; width: 6.69935%;\" width=\"29\"><\/td>\n<td style=\"height: 80px; width: 27.451%;\" width=\"113\">Polen<\/td>\n<td style=\"height: 80px; width: 17.8105%;\" width=\"94\">\n<p style=\"text-align: center;\">8%<\/p>\n<\/td>\n<\/tr>\n<tr style=\"height: 80px;\">\n<td style=\"width: 27.451%; height: 80px;\" width=\"145\">Estland<\/td>\n<td style=\"height: 80px; width: 20.4248%;\" width=\"108\">\n<p style=\"text-align: center;\">9%<\/p>\n<\/td>\n<td style=\"height: 80px; width: 6.69935%;\" width=\"29\"><\/td>\n<td style=\"height: 80px; width: 27.451%;\" width=\"113\">Portugal<\/td>\n<td style=\"height: 80px; width: 17.8105%;\" width=\"94\">\n<p style=\"text-align: center;\">6%<\/p>\n<\/td>\n<\/tr>\n<tr style=\"height: 108px;\">\n<td style=\"height: 49px; width: 27.451%;\" width=\"108\">Finnland<\/td>\n<td style=\"height: 49px; width: 20.4248%;\" width=\"108\">\n<p style=\"text-align: center;\">10%<\/p>\n<\/td>\n<td style=\"height: 49px; width: 6.69935%;\" width=\"29\"><\/td>\n<td style=\"height: 49px; width: 27.451%;\" width=\"113\">Romanien<\/td>\n<td style=\"height: 49px; width: 17.8105%;\" width=\"94\">\n<p style=\"text-align: center;\">9%<\/p>\n<\/td>\n<\/tr>\n<tr style=\"height: 80px;\">\n<td style=\"width: 27.451%; height: 80px;\" width=\"145\">Frankreich<\/td>\n<td style=\"height: 80px; width: 20.4248%;\" width=\"108\">\n<p style=\"text-align: center;\">5,5%<\/p>\n<\/td>\n<td style=\"height: 80px; width: 6.69935%;\" width=\"29\"><\/td>\n<td style=\"width: 27.451%; height: 80px;\" width=\"145\">Slowakei<\/td>\n<td style=\"height: 80px; width: 17.8105%;\" width=\"94\">\n<p style=\"text-align: center;\">5%<\/p>\n<\/td>\n<\/tr>\n<tr style=\"height: 108px;\">\n<td style=\"height: 48px; width: 27.451%;\" width=\"108\">Deutschland<\/td>\n<td style=\"height: 48px; width: 20.4248%;\" width=\"108\">\n<p style=\"text-align: center;\">19%<\/p>\n<\/td>\n<td style=\"height: 48px; width: 6.69935%;\" width=\"29\"><\/td>\n<td style=\"height: 48px; width: 27.451%;\" width=\"113\">Slovenien<\/td>\n<td style=\"height: 48px; width: 17.8105%;\" width=\"94\">\n<p style=\"text-align: center;\">10%<\/p>\n<\/td>\n<\/tr>\n<tr style=\"height: 80px;\">\n<td style=\"width: 27.451%; height: 80px;\" width=\"145\">Griechenland<\/td>\n<td style=\"height: 80px; width: 20.4248%;\" width=\"108\">\n<p style=\"text-align: center;\">6%<\/p>\n<\/td>\n<td style=\"height: 80px; width: 6.69935%;\" width=\"29\"><\/td>\n<td style=\"height: 80px; width: 27.451%;\" width=\"113\">Spanien<\/td>\n<td style=\"height: 80px; width: 17.8105%;\" width=\"94\">\n<p style=\"text-align: center;\">4%<\/p>\n<\/td>\n<\/tr>\n<tr style=\"height: 108px;\">\n<td style=\"height: 10px; width: 27.451%;\" width=\"108\">Hungarn<\/td>\n<td style=\"height: 10px; width: 20.4248%;\" width=\"108\">\n<p style=\"text-align: center;\">5%<\/p>\n<\/td>\n<td style=\"height: 10px; width: 6.69935%;\" width=\"29\"><\/td>\n<td style=\"width: 27.451%; height: 10px;\" width=\"145\">Schweden<\/td>\n<td style=\"height: 10px; width: 17.8105%;\" width=\"94\">\n<p style=\"text-align: center;\">0%<\/p>\n<\/td>\n<\/tr>\n<tr style=\"height: 108px;\">\n<td style=\"height: 49px; width: 27.451%;\" width=\"108\">Irland<\/td>\n<td style=\"height: 49px; width: 20.4248%;\" width=\"108\">\n<p style=\"text-align: center;\">0%<\/p>\n<\/td>\n<td style=\"height: 49px; width: 6.69935%;\" width=\"29\"><\/td>\n<td style=\"height: 49px; width: 27.451%;\" width=\"113\"><\/td>\n<td style=\"height: 49px; width: 17.8105%;\" width=\"94\"><\/td>\n<\/tr>\n<\/tbody>\n<\/table>\n<p>Institutionen oder Unternehmen mit einer g\u00fcltigen Umsatzsteuer-Identifikationsnummer k\u00f6nnen die an uns gezahlte Umsatzsteuer in ihren lokalen Umsatzsteuererkl\u00e4rungen zur\u00fcckfordern.<\/p>\n<p>K\u00e4ufer aus dem Vereinigten K\u00f6nigreich zahlen bei der Einfuhr 20 % Mehrwertsteuer zuz\u00fcglich einer Bearbeitungsgeb\u00fchr von 6,60 \u20ac an UPS. F\u00fcr Bestellungen aus dem Vereinigten K\u00f6nigreich gilt ein Mindestbestellwert von 135 \u00a3 \/ 150 \u20ac.<\/p>\n<p>Bei Bestellungen au\u00dferhalb der EU wird keine Mehrwertsteuer erhoben. Bei Lieferungen au\u00dferhalb der EU k\u00f6nnen durch unseren Versandpartner UPS Mehrwertsteuer und Einfuhrz\u00f6lle zur Lieferung hinzukommen. UPS oder sein Vertreter wird den Kunden kontaktieren. Nach unserer Erfahrung variieren die Z\u00f6lle zwischen 3 % und 25 %, manchmal aber auch mehr, je nach Land. Oft wird zus\u00e4tzlich zu den Einfuhrz\u00f6llen eine feste Bearbeitungsgeb\u00fchr erhoben.<strong> Diese feste Bearbeitungsgeb\u00fchr macht die Bestellung mehrerer Flaschen attraktiv, da diese festen Kosten dann auf die verschiedenen Flaschen aufgeteilt werden k\u00f6nnen.<\/strong><\/p>\n<h2><a id=\"returns\"><\/a>Akzeptiert DEKAsvitamins.com R\u00fccksendungen?<\/h2>\n<p>Ja, unter einigen Bedingungen:<\/p>\n<ul>\n<li>R\u00fccksendungen sollten innerhalb von 14 Kalendertagen nach Erhalt beim Kunden eingehen.<\/li>\n<li>Das Produkt muss unge\u00f6ffnet (Siegel intakt) und unbesch\u00e4digt sein.<\/li>\n<\/ul>\n<p>Kunden sind f\u00fcr die R\u00fccksendekosten verantwortlich, es sei denn, DEKAsvitamins.com hat einen Fehler in Ihrer Bestellung gemacht oder das Produkt ist defekt. Kontaktieren Sie uns unter <a href=\"mailto:info@dekasvitamins.com\" target=\"_blank\" rel=\"noopener noreferrer\">info@dekasvitamins.com<\/a> oder per Telefon und wir werden eine R\u00fccksendung oder R\u00fcckerstattung je nach Situation autorisieren.<\/p>\n<h2><a id=\"insurance\"><\/a>Bezahlt die Krankenversicherung DEKAs Vitamine?<\/h2>\n<p>Die Versicherung kann die Kosten f\u00fcr DEKAs Vitamine \u00fcbernehmen. Bitte fragen Sie Ihren Arzt oder Ern\u00e4hrungsberater. Wenn DEKAs nicht abgedeckt ist, kann es hilfreich sein, wenn Ihr Arzt oder eine andere medizinische Fachkraft Ihrer Versicherungsgesellschaft ein Schreiben \u00fcber die medizinische Notwendigkeit vorlegt. Dieses Schreiben sollte den Zustand des Patienten (der zu einer Malabsorption f\u00fchrt) und die Notwendigkeit der Verabreichungstechnologie erl\u00e4utern, die in den DEKAs Multivitaminen verwendet wird, um die Malabsorption von Mikron\u00e4hrstoffen zu \u00fcberwinden.<\/p>\n<p>Bitte kontaktieren Sie uns bei weiteren Fragen unter <a href=\"mailto:info@dekasvitamins.com\">info@dekasvitamins.com<\/a>.<\/p>\n<h2><a id=\"otherconditions\"><\/a>Kann ich DEKAs f\u00fcr andere Erkrankungen verwenden?<\/h2>\n<p>Ein Arzt kann entscheiden, dass DEKAs-Vitamine f\u00fcr andere Erkrankungen als Mukoviszidose, cholestatische Lebererkrankung oder bariatrische Chirurgie indiziert sind. Bitte konsultieren Sie Ihren Arzt, da DEKAs Vitamine unter \u00e4rztlicher Aufsicht eingenommen werden sollten.<\/p>\n<h2><a id=\"supervision\"><\/a>Kann ich DEKAs ohne \u00e4rztliche Aufsicht verwenden?<\/h2>\n<p>Nein. Beim Kauf von DEKAs bitten wir Sie zu erkl\u00e4ren, dass Sie DEKAs nur unter \u00e4rztlicher Aufsicht einnehmen.<\/p>\n<h2><a id=\"prescription\"><\/a>Kann ich DEKAs Vitamine rezeptfrei bestellen?<\/h2>\n<p>Jawohl. Im Webshop k\u00f6nnen Sie rezeptfrei bestellen, aber DEKAs sollten unter \u00e4rztlicher Aufsicht eingenommen werden, daher sollten Sie Ihren Arzt und\/oder Ern\u00e4hrungsberater informieren.<\/p>\n","protected":false},"excerpt":{"rendered":"<div class=\"entry-summary\">\n<div class=\"entry-summary\">\nWie und wo kann ich DEKAs vitamine kaufen? Was sind die UPC-codes von DEKAs vitamins? DEKAs Vitamine Versandkosten Welche Mengenrabatte bietet DEKAsvitamins? Wie viel Mehrwertsteuer und \u00d6rtliche Pflichten berechnet DEKAsvitamins.com? Akzeptiert DEKAsvitamins.com R\u00fccksendungen? Bezahlt die Krankenversicherung DEKAs Vitamine? Kann ich&hellip;\n<\/div>\n<div class=\"link-more\"><a href=\"https:\/\/dekasvitamins.com\/de\/fragen\/\" class=\"more-link\"><span class=\"screen-reader-text\"> &ldquo;Fragen&rdquo;<\/span> weiterlesen\u00a0&hellip;<\/a><\/div>\n<\/div>\n<div class=\"link-more\"><a href=\"https:\/\/dekasvitamins.com\/de\/fragen\/\" class=\"more-link\"><span class=\"screen-reader-text\"> &ldquo;Fragen&rdquo;<\/span> weiterlesen\u00a0&hellip;<\/a><\/div>\n","protected":false},"author":2,"featured_media":0,"parent":0,"menu_order":3,"comment_status":"closed","ping_status":"closed","template":"templates\/no-intro.php","meta":{"footnotes":""},"class_list":["post-6982","page","type-page","status-publish","hentry","entry"],"_links":{"self":[{"href":"https:\/\/dekasvitamins.com\/de\/wp-json\/wp\/v2\/pages\/6982","targetHints":{"allow":["GET"]}}],"collection":[{"href":"https:\/\/dekasvitamins.com\/de\/wp-json\/wp\/v2\/pages"}],"about":[{"href":"https:\/\/dekasvitamins.com\/de\/wp-json\/wp\/v2\/types\/page"}],"author":[{"embeddable":true,"href":"https:\/\/dekasvitamins.com\/de\/wp-json\/wp\/v2\/users\/2"}],"replies":[{"embeddable":true,"href":"https:\/\/dekasvitamins.com\/de\/wp-json\/wp\/v2\/comments?post=6982"}],"version-history":[{"count":39,"href":"https:\/\/dekasvitamins.com\/de\/wp-json\/wp\/v2\/pages\/6982\/revisions"}],"predecessor-version":[{"id":17865,"href":"https:\/\/dekasvitamins.com\/de\/wp-json\/wp\/v2\/pages\/6982\/revisions\/17865"}],"wp:attachment":[{"href":"https:\/\/dekasvitamins.com\/de\/wp-json\/wp\/v2\/media?parent=6982"}],"curies":[{"name":"wp","href":"https:\/\/api.w.org\/{rel}","templated":true}]}}