{"id":6981,"date":"2018-03-21T15:41:22","date_gmt":"2018-03-21T14:41:22","guid":{"rendered":"https:\/\/dekasvitamins.com\/uber\/"},"modified":"2022-12-05T11:44:22","modified_gmt":"2022-12-05T10:44:22","slug":"uber","status":"publish","type":"page","link":"https:\/\/dekasvitamins.com\/de\/uber\/","title":{"rendered":"Wer wir sind"},"content":{"rendered":"<blockquote><p>Wir m\u00f6chten medizinische Vitamine weitfl\u00e4chig den Menschen bereitstellen, die sie wirklich ben\u00f6tigen. Wir m\u00f6chten auch Patienten die t\u00e4gliche Einnahme Ihrer Vitamine erleichtern.<\/p><\/blockquote>\n<p><strong>DEKAsvitamins.com<\/strong> entwickelt DEKAs all-in-one Vitamine. DEKAs all-in-one Vitamine basieren auf einem klinisch getesteten Abgabesystem, das die Absorption von fettl\u00f6slichen Vitaminen verbessert. DEKAs all-in-one fettl\u00f6sliche Vitaminen wurde speziell f\u00fcr Patienten entwickelt, die Probleme mit der Aufnahme von fettl\u00f6slichen Vitaminen haben, wie Patienten mit Mukoviszidose, cholestatischer Lebererkrankung oder Personen nach einer bariatrische Adipositasoperation.<\/p>\n<p>DEKAs wird in den USA von <strong>Callion Pharma<\/strong> hergestellt. DEKAs Vitamine sind in Amerika und Europa weitfl\u00e4chig erh\u00e4ltlich.<\/p>\n<p>In Europa gelten die DEKAs Produkte als <em>Lebensmittel f\u00fcr medizinische Zwecke<\/em> <em>(bilanzierte Di\u00e4t<\/em>) und sollten nur unter \u00e4rztlicher Aufsicht eingenommen werden.<\/p>\n<h2><strong>Das Team von DEKAsvitamins.com<\/strong><\/h2>\n<p>Wie viele gute Dinge ist <strong>DEKAsvitamins.com<\/strong> eine Teamleistung. Das Team von <strong>DEKAsvitamins.com<\/strong> besteht aus erfahrenen Fachleuten, die seit vielen Jahren f\u00fcr Mukoviszidose t\u00e4tig sind.<\/p>\n<h2><img loading=\"lazy\" decoding=\"async\" class=\"alignleft size-medium wp-image-4768\" src=\"http:\/\/dekasvitamins.com\/wp-content\/uploads\/2018\/01\/14bewerkt-200x300.jpg\" alt=\"\" width=\"200\" height=\"300\" \/><\/h2>\n<p class=\"h3\"><strong>Roberto Jongejan, MD, PhD<\/strong><\/p>\n<p>Roberto Jongejan studierte Medizin in Amsterdam (Niederlande) und promovierte an der Fakult\u00e4t f\u00fcr p\u00e4diatrische Pneumologie und Pharmakologie der Universit\u00e4t Rotterdam (Niederlande) in Lungenpharmakologie. Er widmet seine Karriere innovativen pharmazeutischen Ans\u00e4tzen im Gesundheitswesen und der Neuerfindung von Medikamenten. Er ist seit 13 Jahren im Bereich Mukoviszidose t\u00e4tig und war \u00fcberrascht, dass <strong>AquADEKs<\/strong>\u00a0in Europa nicht l\u00e4nger erh\u00e4ltlich war.<\/p>\n<p><em>\u201eEine gute Ern\u00e4hrung ist bei Patienten mit Malabsorption von Vitaminen entscheidend. Die Behandlungsleitlinien stimmen darin \u00fcberein. Der Therapieaufwand ist f\u00fcr Patienten mit Mukoviszidose und cholestatischer LebererkRankung hoch. Und die Einhaltung der Behandlung und Medikamenteneinnahme ist nach einer bariatrische Adipositas-Operation ohnehin eine t\u00e4gliche Herausforderung. Es ist sehr wichtig, Patienten die t\u00e4gliche Einnahme ihrer Vitamine zu erleichtern.\u201c<\/em><\/p>\n<h2><img loading=\"lazy\" decoding=\"async\" src=\"http:\/\/dekasvitamins.com\/wp-content\/uploads\/2020\/03\/Simon-Deck-uitsnede.jpg\" alt=\"\" width=\"200\" height=\"292\" \/><\/h2>\n<p class=\"h3\"><strong>Simon Deck<br \/>\n<\/strong><\/p>\n<p>Simon Deck studierte in Edinburgh, gefolgt von einer fr\u00fchen Karriere in der Lebensmittelindustrie und in der Landwirtschaft. Er war \u00fcber 30 Jahre in der Pharmabranche in den Bereichen Vertrieb, Marketing und Management t\u00e4tig. Seit 2001 ist er in den Bereichen Atemwegs- und Mukoviszidose t\u00e4tig. Im Bereich Lebensmittel f\u00fcr besondere medizinische Zwecke, stellt er die begrenzte Verf\u00fcgbarkeit klinisch referenzierter Vitamine und die akzeptierte Praxis der Einnahme mehrerer einzelner Vitamine und Mineralpr\u00e4parate in Frage. Es besteht ein klarer unerf\u00fcllter Bedarf, die t\u00e4gliche Zufuhr zu reduzieren und zu vereinfachen, um die Einhaltung der Behandlung zu verbessern, um damit auch den Gesundheitszustand zu verbessern.<\/p>\n<p><em>&#8222;Ich finde die Komplexit\u00e4t des di\u00e4tetischen Managements von Mukoviszidose, postbariatrischer Versorgung und cholestatischer Lebererkrankung faszinierend. Die Wichtigkeit der Einhaltung und eines angemessenen Vitamin- und Mineralstoffregimes kann nicht genug betont werden. Die richtlinienkonformen, klinisch erprobten, All-in-One-Multivitamine und DEKAs sind von entscheidender Bedeutung f\u00fcr die Erzielung verbesserter Ern\u00e4hrungsergebnisse, die zu einem verbesserten Gesundheitszustand f\u00fchren.&#8220; <\/em><\/p>\n<h2><strong><img loading=\"lazy\" decoding=\"async\" class=\"alignleft size-medium wp-image-4785\" src=\"http:\/\/dekasvitamins.com\/wp-content\/uploads\/2018\/01\/MD-9587-200x300.jpg\" alt=\"\" width=\"200\" height=\"300\" \/><\/strong><\/h2>\n<p class=\"h3\"><strong>Dirk Krause, MD, PharmD<\/strong><\/p>\n<p>Dirk Krause studierte Medizin in Berlin und Pharmazie in Mainz (Deutschland). Er arbeitete im Bereich Klinische Onkologie und versp\u00fcrt in sich eine starke Verpflichtung, Patienten in Not zu helfen. Nach fast 10 Jahren, die er Patienten mit Mukoviszidose in Deutschland und \u00d6sterreich betreut hat, ist er immer noch \u00fcberrascht, wie unzureichend Kostentr\u00e4ger \u00fcber die Bedeutung der Vitaminzufuhr bei Mukoviszidose-Patienten informiert sind, obwohl dies in der medizinischen Gemeinschaft allseits bekannt ist.<\/p>\n<p><em>\u201eDank ihrer speziellen Mizellen-Technologie tragen <strong>DEKAs vitamine<\/strong> entscheidend zu einem richtlinienkonformen Vitaminstatus bei Patienten bei, die unter Malabsorption von Vitaminen leiden. Etwas, was es voll und ganz zu unterst\u00fctzen gilt!\u201c<\/em><\/p>\n<script>\nvar gform;gform||(document.addEventListener(\"gform_main_scripts_loaded\",function(){gform.scriptsLoaded=!0}),document.addEventListener(\"gform\/theme\/scripts_loaded\",function(){gform.themeScriptsLoaded=!0}),window.addEventListener(\"DOMContentLoaded\",function(){gform.domLoaded=!0}),gform={domLoaded:!1,scriptsLoaded:!1,themeScriptsLoaded:!1,isFormEditor:()=>\"function\"==typeof InitializeEditor,callIfLoaded:function(o){return!(!gform.domLoaded||!gform.scriptsLoaded||!gform.themeScriptsLoaded&&!gform.isFormEditor()||(gform.isFormEditor()&&console.warn(\"The use of gform.initializeOnLoaded() is deprecated in the form editor context and will be removed in Gravity Forms 3.1.\"),o(),0))},initializeOnLoaded:function(o){gform.callIfLoaded(o)||(document.addEventListener(\"gform_main_scripts_loaded\",()=>{gform.scriptsLoaded=!0,gform.callIfLoaded(o)}),document.addEventListener(\"gform\/theme\/scripts_loaded\",()=>{gform.themeScriptsLoaded=!0,gform.callIfLoaded(o)}),window.addEventListener(\"DOMContentLoaded\",()=>{gform.domLoaded=!0,gform.callIfLoaded(o)}))},hooks:{action:{},filter:{}},addAction:function(o,r,e,t){gform.addHook(\"action\",o,r,e,t)},addFilter:function(o,r,e,t){gform.addHook(\"filter\",o,r,e,t)},doAction:function(o){gform.doHook(\"action\",o,arguments)},applyFilters:function(o){return gform.doHook(\"filter\",o,arguments)},removeAction:function(o,r){gform.removeHook(\"action\",o,r)},removeFilter:function(o,r,e){gform.removeHook(\"filter\",o,r,e)},addHook:function(o,r,e,t,n){null==gform.hooks[o][r]&&(gform.hooks[o][r]=[]);var d=gform.hooks[o][r];null==n&&(n=r+\"_\"+d.length),gform.hooks[o][r].push({tag:n,callable:e,priority:t=null==t?10:t})},doHook:function(r,o,e){var t;if(e=Array.prototype.slice.call(e,1),null!=gform.hooks[r][o]&&((o=gform.hooks[r][o]).sort(function(o,r){return o.priority-r.priority}),o.forEach(function(o){\"function\"!=typeof(t=o.callable)&&(t=window[t]),\"action\"==r?t.apply(null,e):e[0]=t.apply(null,e)})),\"filter\"==r)return e[0]},removeHook:function(o,r,t,n){var e;null!=gform.hooks[o][r]&&(e=(e=gform.hooks[o][r]).filter(function(o,r,e){return!!(null!=n&&n!=o.tag||null!=t&&t!=o.priority)}),gform.hooks[o][r]=e)}});\n<\/script>\n\n                <div class='gf_browser_gecko gform_wrapper gform_legacy_markup_wrapper gform-theme--no-framework' data-form-theme='legacy' data-form-index='0' id='gform_wrapper_1' >\n                        <div class='gform_heading'>\n                            <h3 class=\"gform_title\">Kontaktiere uns<\/h3>\n                            <p class='gform_description'><\/p>\n                        <\/div><form method='post' enctype='multipart\/form-data'  id='gform_1'  action='\/de\/wp-json\/wp\/v2\/pages\/6981' data-formid='1' novalidate>\n                        <div class='gform-body gform_body'><ul id='gform_fields_1' class='gform_fields top_label form_sublabel_below description_below validation_below'><li id=\"field_1_6\" class=\"gfield gfield--type-honeypot gform_validation_container field_sublabel_below gfield--has-description field_description_below field_validation_below gfield_visibility_visible\"  ><label class='gfield_label gform-field-label' for='input_1_6'>Comments<\/label><div class='ginput_container'><input name='input_6' id='input_1_6' type='text' value='' autocomplete='new-password'\/><\/div><div class='gfield_description' id='gfield_description_1_6'>Dieses Feld dient zur Validierung und sollte nicht ver\u00e4ndert werden.<\/div><\/li><li id=\"field_1_5\" class=\"gfield gfield--type-name gfield_contains_required field_sublabel_below gfield--no-description field_description_below field_validation_below gfield_visibility_visible\"  ><label class='gfield_label gform-field-label gfield_label_before_complex' >Name<span class=\"gfield_required\"><span class=\"gfield_required gfield_required_asterisk\">*<\/span><\/span><\/label><div class='ginput_complex ginput_container ginput_container--name no_prefix has_first_name no_middle_name has_last_name no_suffix gf_name_has_2 ginput_container_name gform-grid-row' id='input_1_5'>\n                            \n                            <span id='input_1_5_3_container' class='name_first gform-grid-col gform-grid-col--size-auto' >\n                                                    <input type='text' name='input_5.3' id='input_1_5_3' value=''   aria-required='true'     \/>\n                                                    <label for='input_1_5_3' class='gform-field-label gform-field-label--type-sub '>Vorname<\/label>\n                                                <\/span>\n                            \n                            <span id='input_1_5_6_container' class='name_last gform-grid-col gform-grid-col--size-auto' >\n                                                    <input type='text' name='input_5.6' id='input_1_5_6' value=''   aria-required='true'     \/>\n                                                    <label for='input_1_5_6' class='gform-field-label gform-field-label--type-sub '>Nachname<\/label>\n                                                <\/span>\n                            \n                        <\/div><\/li><li id=\"field_1_4\" class=\"gfield gfield--type-email gfield_contains_required field_sublabel_below gfield--no-description field_description_below field_validation_below gfield_visibility_visible\"  ><label class='gfield_label gform-field-label' for='input_1_4'>Email<span class=\"gfield_required\"><span class=\"gfield_required gfield_required_asterisk\">*<\/span><\/span><\/label><div class='ginput_container ginput_container_email'>\n                            <input name='input_4' id='input_1_4' type='email' value='' class='medium'    aria-required=\"true\" aria-invalid=\"false\"  \/>\n                        <\/div><\/li><li id=\"field_1_3\" class=\"gfield gfield--type-textarea gfield_contains_required field_sublabel_below gfield--no-description field_description_below field_validation_below gfield_visibility_visible\"  ><label class='gfield_label gform-field-label' for='input_1_3'>Nachricht<span class=\"gfield_required\"><span class=\"gfield_required gfield_required_asterisk\">*<\/span><\/span><\/label><div class='ginput_container ginput_container_textarea'><textarea name='input_3' id='input_1_3' class='textarea medium'     aria-required=\"true\" aria-invalid=\"false\"   rows='10' cols='50'><\/textarea><\/div><\/li><\/ul><\/div>\n        <div class='gform-footer gform_footer top_label'> <input type='submit' id='gform_submit_button_1' class='gform_button button' onclick='gform.submission.handleButtonClick(this);' data-submission-type='submit' value='Senden'  \/> \n            <input type='hidden' class='gform_hidden' name='gform_submission_method' data-js='gform_submission_method_1' value='postback' \/>\n            <input type='hidden' class='gform_hidden' name='gform_theme' data-js='gform_theme_1' id='gform_theme_1' value='legacy' \/>\n            <input type='hidden' class='gform_hidden' name='gform_style_settings' data-js='gform_style_settings_1' id='gform_style_settings_1' value='[]' \/>\n            <input type='hidden' class='gform_hidden' name='is_submit_1' value='1' \/>\n            <input type='hidden' class='gform_hidden' name='gform_submit' value='1' \/>\n            \n            <input type='hidden' class='gform_hidden' name='gform_currency' data-currency='EUR' value='q2VX1I+HwKZa2rqZd0p3Hya+ALZ3oH\/WqqxyYIFmu0zdm2e\/ZqZuyhazV+lCYaykUKf4j5Wnceoy9SMmy3\/5z6maAwLKMOANjbDDZdSaIXB92I4=' \/>\n            <input type='hidden' class='gform_hidden' name='gform_unique_id' value='' \/>\n            <input type='hidden' class='gform_hidden' name='state_1' value='WyJbXSIsIjkwNTVkMGE1OWNmN2Q5YWE0OGVlNmViZmFjYjg0ZWYxIl0=' \/>\n            <input type='hidden' autocomplete='off' class='gform_hidden' name='gform_target_page_number_1' id='gform_target_page_number_1' value='0' \/>\n            <input type='hidden' autocomplete='off' class='gform_hidden' name='gform_source_page_number_1' id='gform_source_page_number_1' value='1' \/>\n            <input type='hidden' name='gform_field_values' value='' \/>\n            \n        <\/div>\n                        <p style=\"display: none !important;\" class=\"akismet-fields-container\" data-prefix=\"ak_\"><label>&#916;<textarea name=\"ak_hp_textarea\" cols=\"45\" rows=\"8\" maxlength=\"100\"><\/textarea><\/label><input type=\"hidden\" id=\"ak_js_1\" name=\"ak_js\" value=\"38\"\/><script>document.getElementById( \"ak_js_1\" ).setAttribute( \"value\", ( new Date() ).getTime() );<\/script><\/p><\/form>\n                        <\/div><script>\ngform.initializeOnLoaded( function() {gformInitSpinner( 1, 'https:\/\/dekasvitamins.com\/wp-content\/plugins\/gravityforms\/images\/spinner.svg', true );jQuery('#gform_ajax_frame_1').on('load',function(){var contents = jQuery(this).contents().find('*').html();var is_postback = contents.indexOf('GF_AJAX_POSTBACK') >= 0;if(!is_postback){return;}var form_content = jQuery(this).contents().find('#gform_wrapper_1');var is_confirmation = jQuery(this).contents().find('#gform_confirmation_wrapper_1').length > 0;var is_redirect = contents.indexOf('gformRedirect(){') >= 0;var is_form = form_content.length > 0 && ! is_redirect && ! is_confirmation;var mt = parseInt(jQuery('html').css('margin-top'), 10) + parseInt(jQuery('body').css('margin-top'), 10) + 100;if(is_form){jQuery('#gform_wrapper_1').html(form_content.html());if(form_content.hasClass('gform_validation_error')){jQuery('#gform_wrapper_1').addClass('gform_validation_error');} else {jQuery('#gform_wrapper_1').removeClass('gform_validation_error');}setTimeout( function() { \/* delay the scroll by 50 milliseconds to fix a bug in chrome *\/  }, 50 );if(window['gformInitDatepicker']) {gformInitDatepicker();}if(window['gformInitPriceFields']) {gformInitPriceFields();}var current_page = jQuery('#gform_source_page_number_1').val();gformInitSpinner( 1, 'https:\/\/dekasvitamins.com\/wp-content\/plugins\/gravityforms\/images\/spinner.svg', true );jQuery(document).trigger('gform_page_loaded', [1, current_page]);window['gf_submitting_1'] = false;}else if(!is_redirect){var confirmation_content = jQuery(this).contents().find('.GF_AJAX_POSTBACK').html();if(!confirmation_content){confirmation_content = contents;}jQuery('#gform_wrapper_1').replaceWith(confirmation_content);jQuery(document).trigger('gform_confirmation_loaded', [1]);window['gf_submitting_1'] = false;wp.a11y.speak(jQuery('#gform_confirmation_message_1').text());}else{jQuery('#gform_1').append(contents);if(window['gformRedirect']) {gformRedirect();}}jQuery(document).trigger(\"gform_pre_post_render\", [{ formId: \"1\", currentPage: \"current_page\", abort: function() { this.preventDefault(); } }]);        if (event && event.defaultPrevented) {                return;        }        const gformWrapperDiv = document.getElementById( \"gform_wrapper_1\" );        if ( gformWrapperDiv ) {            const visibilitySpan = document.createElement( \"span\" );            visibilitySpan.id = \"gform_visibility_test_1\";            gformWrapperDiv.insertAdjacentElement( \"afterend\", visibilitySpan );        }        const visibilityTestDiv = document.getElementById( \"gform_visibility_test_1\" );        let postRenderFired = false;        function triggerPostRender() {            if ( postRenderFired ) {                return;            }            postRenderFired = true;            gform.core.triggerPostRenderEvents( 1, current_page );            if ( visibilityTestDiv ) {                visibilityTestDiv.parentNode.removeChild( visibilityTestDiv );            }        }        function debounce( func, wait, immediate ) {            var timeout;            return function() {                var context = this, args = arguments;                var later = function() {                    timeout = null;                    if ( !immediate ) func.apply( context, args );                };                var callNow = immediate && !timeout;                clearTimeout( timeout );                timeout = setTimeout( later, wait );                if ( callNow ) func.apply( context, args );            };        }        const debouncedTriggerPostRender = debounce( function() {            triggerPostRender();        }, 200 );        if ( visibilityTestDiv && visibilityTestDiv.offsetParent === null ) {            const observer = new MutationObserver( ( mutations ) => {                mutations.forEach( ( mutation ) => {                    if ( mutation.type === 'attributes' && visibilityTestDiv.offsetParent !== null ) {                        debouncedTriggerPostRender();                        observer.disconnect();                    }                });            });            observer.observe( document.body, {                attributes: true,                childList: false,                subtree: true,                attributeFilter: [ 'style', 'class' ],            });        } else {            triggerPostRender();        }    } );} );\n<\/script>\n\n<h2><strong>Unser Partner Callion Pharma<\/strong><\/h2>\n<p>Das Team von <strong>Callion Pharma<\/strong> ist in Bezug auf die Formulierung von Vitaminpr\u00e4paraten f\u00fcr Krankheiten, die mit Malabsorption von Mineralien und Vitaminen einhergehen, wie Mukoviszidose, cholestatischer Lebererkrankung und Adipositasoperationen, sehr erfahren. Zum Team geh\u00f6ren die Direktoren von Yasoo Health, die <strong>AquADEKs<\/strong> erfunden haben.<\/p>\n<h2><img loading=\"lazy\" decoding=\"async\" class=\"alignleft size-full wp-image-6601\" src=\"http:\/\/dekasvitamins.com\/wp-content\/uploads\/2018\/02\/Gus-Papas.jpg\" alt=\"\" width=\"199\" height=\"199\" \/><\/h2>\n<p class=\"h3\"><strong>Konstantinos (Gus) Papas MD, MPH<\/strong><\/p>\n<p>Dr. Papas ist Pr\u00e4sident von <strong>Callion Pharma<\/strong>. Er ist Facharzt f\u00fcr Innere Medizin mit gro\u00dfem Interesse f\u00fcr die Malabsorption von fettl\u00f6slichen Vitaminen. Er schloss sein Studium in Medizin an der University of North Carolina in Chapel Hill (USA) erfolgreich ab und machte seine Facharztausbildung in Stanford. Als Vice President of Medical Affairs bei Yasoo Health entwickelte er Ern\u00e4hrungsprodukte, um dem Mangel bestimmter Vitamine entgegen zu wirken. Er entwarf, realisierte und \u00fcberwachte klinische Studien, die die klinische Effizienz dieser Produkte nachwiesen und zu folgenden Ver\u00f6ffentlichungen f\u00fchrte. Er hat seine Forschungsergebnisse der North American Society for Pediatric Gastroenterology, Hepatology and Nutrition, der North American Cystic Fibrosis Conference, American Society for Metabolic &amp; Bariatric Surgery und verschiedenen Kliniken, die auf Mukoviszidose spezialisiert sind, vorgelegt.<\/p>\n<p><img loading=\"lazy\" decoding=\"async\" class=\"alignleft size-medium wp-image-3766\" src=\"http:\/\/dekasvitamins.com\/wp-content\/uploads\/2016\/04\/callion-pharma-300x92.png\" alt=\"\" width=\"300\" height=\"92\" srcset=\"https:\/\/dekasvitamins.com\/wp-content\/uploads\/2016\/04\/callion-pharma-300x92.png 300w, https:\/\/dekasvitamins.com\/wp-content\/uploads\/2016\/04\/callion-pharma-510x156.png 510w, https:\/\/dekasvitamins.com\/wp-content\/uploads\/2016\/04\/callion-pharma.png 562w\" sizes=\"auto, (max-width: 300px) 100vw, 300px\" \/>Die Qualit\u00e4ts und Regulatorische Bestrebungen sind integraler Bestandteile der Partnerschaft zwischen <strong>Callion Pharma<\/strong> und <strong>DEKAsvitamins.com<\/strong>. Die Produkte werden in sehr renommierten Fertigungseinrichtungen in den USA gem\u00e4\u00df guten Fertigungspraktiken (Good Manufacturing Practice, GMP) hergestellt. Die Endfreigabe von DEKAs Produkte, einschlie\u00dflich \u00dcberpr\u00fcfung der Herstellungsvoraussetzungen und Freigabetests wird von <strong>Callion Pharma<\/strong> durchgef\u00fchrt. <strong>Callion Pharma<\/strong> und <strong>DEKAsvitamins.com<\/strong> stellen auch die notwendigen Registrierungen der DEKAs Produkte in vielen L\u00e4ndern sicher. Daf\u00fcr sind viel Engagement und bedeutende Investitionen erforderlich, was aber letztendlich diese Produkte weltweit viel mehr Patienten zur Verf\u00fcgung stellen wird. Und genau das wollen wir!<\/p>\n","protected":false},"excerpt":{"rendered":"<div class=\"entry-summary\">\n<div class=\"entry-summary\">\nWir m\u00f6chten medizinische Vitamine weitfl\u00e4chig den Menschen bereitstellen, die sie wirklich ben\u00f6tigen. Wir m\u00f6chten auch Patienten die t\u00e4gliche Einnahme Ihrer Vitamine erleichtern. DEKAsvitamins.com entwickelt DEKAs all-in-one Vitamine. DEKAs all-in-one Vitamine basieren auf einem klinisch getesteten Abgabesystem, das die Absorption von&hellip;\n<\/div>\n<div class=\"link-more\"><a href=\"https:\/\/dekasvitamins.com\/de\/uber\/\" class=\"more-link\"><span class=\"screen-reader-text\"> &ldquo;Wer wir sind&rdquo;<\/span> weiterlesen\u00a0&hellip;<\/a><\/div>\n<\/div>\n<div class=\"link-more\"><a href=\"https:\/\/dekasvitamins.com\/de\/uber\/\" class=\"more-link\"><span class=\"screen-reader-text\"> &ldquo;Wer wir sind&rdquo;<\/span> weiterlesen\u00a0&hellip;<\/a><\/div>\n","protected":false},"author":2,"featured_media":0,"parent":0,"menu_order":1,"comment_status":"closed","ping_status":"closed","template":"templates\/no-intro.php","meta":{"footnotes":""},"class_list":["post-6981","page","type-page","status-publish","hentry","entry"],"_links":{"self":[{"href":"https:\/\/dekasvitamins.com\/de\/wp-json\/wp\/v2\/pages\/6981","targetHints":{"allow":["GET"]}}],"collection":[{"href":"https:\/\/dekasvitamins.com\/de\/wp-json\/wp\/v2\/pages"}],"about":[{"href":"https:\/\/dekasvitamins.com\/de\/wp-json\/wp\/v2\/types\/page"}],"author":[{"embeddable":true,"href":"https:\/\/dekasvitamins.com\/de\/wp-json\/wp\/v2\/users\/2"}],"replies":[{"embeddable":true,"href":"https:\/\/dekasvitamins.com\/de\/wp-json\/wp\/v2\/comments?post=6981"}],"version-history":[{"count":5,"href":"https:\/\/dekasvitamins.com\/de\/wp-json\/wp\/v2\/pages\/6981\/revisions"}],"predecessor-version":[{"id":15889,"href":"https:\/\/dekasvitamins.com\/de\/wp-json\/wp\/v2\/pages\/6981\/revisions\/15889"}],"wp:attachment":[{"href":"https:\/\/dekasvitamins.com\/de\/wp-json\/wp\/v2\/media?parent=6981"}],"curies":[{"name":"wp","href":"https:\/\/api.w.org\/{rel}","templated":true}]}}