{"id":6934,"date":"2018-03-21T14:48:14","date_gmt":"2018-03-21T13:48:14","guid":{"rendered":"https:\/\/dekasvitamins.com\/dekas-vitamine\/"},"modified":"2023-06-23T10:09:30","modified_gmt":"2023-06-23T08:09:30","slug":"dekas-vitamine","status":"publish","type":"page","link":"https:\/\/dekasvitamins.com\/de\/","title":{"rendered":"DEKAs Vitamine"},"content":{"rendered":"\n\n\t<strong>DEKAs All-in-One medizinische Multivitamine. Verbesserte Aufnahme von Vitaminen.<br \/>\n<\/strong>\n\t<p><a href=\"http:\/\/dekasvitamins.com\/de\/vitamine\/dekas-mukoviszidose\/\" target=\"_blank\" rel=\"noopener\">Mukoviszidose \u00bb<\/a><\/p>\n\t<h5><a href=\"http:\/\/dekasvitamins.com\/de\/vitamine\/dekas-bei-cholestatischer-lebererkraenkung\/\" target=\"_blank\" rel=\"noopener\">CHOLESTATISCHE LEBERERKRANKUNG \u00bb<\/a><\/h5>\n\t<h5><a href=\"http:\/\/dekasvitamins.com\/de\/shop\/\" target=\"_blank\" rel=\"noopener\">Zum webshop \u00bb<\/a><\/h5>\n\t<p><strong>DEKAs vitamins<\/strong> sind reich an Vitaminen und Mineralien. Diese Vitaminpr\u00e4parate sind als Nahrungserg\u00e4nzungsmittel f\u00fcr medizinische Zwecke eingetragen und verf\u00fcgen \u00fcber eine klinisch gepr\u00fcfte Absorptionstechnologie, die die Vitaminaufnahme verbessert.<\/p>\n<p>Diese Technologie wurde speziell f\u00fcr Patienten mit Erkrankungen oder Gesundheitsproblemen konzipiert, die eine Malabsorption der fettl\u00f6slichen Vitamine D, E, K und A bewirken. Das Abgabesystem von DEKAs verpackt die fettl\u00f6slichen Vitamine und Mikron\u00e4hrstoffe in kleine wasserl\u00f6sliche Pakete (Mizellen).<\/p>\n<p>Das Abgabesystem von DEKAs wurde klinisch bei <strong>Mukoviszidose<\/strong>, <strong>cholestatischer Lebererkr\u00e4nkung<\/strong>, und <strong>nach Magenbypassoperationen<\/strong> getestet.<\/p>\n\t<iframe loading=\"lazy\" width=\"560\" height=\"315\" src=\"https:\/\/www.youtube.com\/embed\/T6WLAf9IqIM\" frameborder=\"0\" allow=\"accelerometer; autoplay; clipboard-write; encrypted-media; gyroscope; picture-in-picture\" allowfullscreen><\/iframe>\n\t\t\t\t<img loading=\"lazy\" decoding=\"async\" src=\"https:\/\/dekasvitamins.com\/wp-content\/uploads\/2020\/08\/clinically-tested-DU.png\" alt=\"clinically tested DU\" itemprop=\"image\" height=\"452\" width=\"1006\" title=\"clinically tested DU\" onerror=\"this.style.display='none'\"  \/>\n\t<p>Im April 2023 \u00fcbergaben <strong>DEKAsvitamins.com<\/strong> und <strong>Callion Pharma<\/strong> eine zweite Spende vo DEKAs Plus Liquid an Ukraine, um 500 Menschen mit Mukoviszidose zu unterst\u00fctzen.<\/p>\n<p>In Zusammenarbeit mit <a href=\"https:\/\/www.cf-europe.eu\/\" target=\"_blank\" rel=\"noopener\">CF Europe<\/a> und ECFS werden die Vitamine an ukrainische Fl\u00fcchtlinge und in der Ukraine verbliebene Menschen mit Mukoviszidose verteilt.<\/p>\n<p>Wenn Sie diese Initiative unterst\u00fctzen m\u00f6chten, senden Sie bitte Geld an CF Europe, Bankkonto BE28 0016 6533 6820 (Swift: GEBABEBB). Bitte erw\u00e4hnen Sie in Ihrem \u00dcberweisungsbescheid \u201eSupport Ukraine&#8220;.<\/p>\n<p><em>Bei Bedarf ziehen wir weitere Spenden in Betracht.<\/em><\/p>\n\t\t\t\t<img loading=\"lazy\" decoding=\"async\" src=\"https:\/\/dekasvitamins.com\/wp-content\/uploads\/2022\/03\/Flag_of_Ukraine.png\" alt=\"Flag_of_Ukraine\" itemprop=\"image\" height=\"533\" width=\"800\" title=\"Flag_of_Ukraine\" onerror=\"this.style.display='none'\"  \/>\n\t<h2><img loading=\"lazy\" decoding=\"async\" src=\"http:\/\/dekasvitamins.com\/wp-content\/uploads\/2020\/03\/DEKAsCF-all-e1586427658779.png\" alt=\"\" width=\"300\" height=\"200\" \/>Neu!<br \/>\n<strong>Rabatte<\/strong> f\u00fcr regelm\u00e4\u00dfige Kunden<\/h2>\n<p>10% Rabatt auf s\u00e4mtliche Bestellungen von mehr als 5 Einheiten. S\u00e4mtliche Kombinationen erlaubt.<\/p>\n\t<h5><a href=\"http:\/\/dekasvitamins.com\/de\/shop\/\" target=\"_blank\" rel=\"noopener\">Zum webshop \u00bb<\/a><\/h5>\n\t<h3>Was spricht f\u00fcr DEKAs All-IN-One Multivitamine?<\/h3>\n\t<ul>\n<li><strong>Klinisch erprobtes Abgabesystem<\/strong> &#8211; sorgt f\u00fcr eine verbesserte Absorption von fettl\u00f6slichen Vitaminen, wie <a href=\"https:\/\/dekasvitamins.com\/de\/vitamine\/\" target=\"_blank\" rel=\"noopener\">klinische Studien<\/a> gezeigt haben<\/li>\n<li><strong>Richtlinienkonform<\/strong> &#8211; an die aktuellen Ern\u00e4hrungsrichtlinien angepasst<\/li>\n<li><strong>All-in-One<\/strong> &#8211; Kombination von Vitaminen, die normalerweise getrennt eingenommen werden. Dadurch kann der Behandlung leichter gefolgt werden.<\/li>\n<li><strong>Einfach<\/strong> &#8211; eine einmalige t\u00e4gliche Einnahme macht die Einhaltung der Einnahme leichter<\/li>\n<li><strong>Angenehm<\/strong> &#8211; angenehmer Geschmack durch sorgsame Zusammensetzung<\/li>\n<li><strong>Hochwertig<\/strong> &#8211; in den USA gem\u00e4\u00df \u201eguten Fertigungspraktiken&#8220; hergestellt<\/li>\n<li><strong>Rein<\/strong> &#8211; ohne Schweinefleisch, Gluten, Casein, k\u00fcnstlichen Farbstoffen oder genetisch ver\u00e4nderte Organismen.<\/li>\n<li><strong>G\u00fcnstig<\/strong> &#8211; ein Beh\u00e4lter reicht f\u00fcr bis zu 60 Tage.<\/li>\n<\/ul>\n\t\t\t\t<img loading=\"lazy\" decoding=\"async\" src=\"https:\/\/dekasvitamins.com\/wp-content\/uploads\/2019\/11\/DEKAS-haus-1011x1024.png\" alt=\"DEKAS-haus\" itemprop=\"image\" height=\"1024\" width=\"1011\" title=\"DEKAS-haus\" onerror=\"this.style.display='none'\"  \/>\n\t<p><a href=\"http:\/\/dekasvitamins.com\/de\/vitamine\/dekas-mukoviszidose\/\" target=\"_blank\" rel=\"noopener\">Mukoviszidose \u00bb<\/a><\/p>\n\t<h5><a href=\"http:\/\/dekasvitamins.com\/de\/vitamine\/dekas-bei-cholestatischer-lebererkraenkung\/\" target=\"_blank\" rel=\"noopener\">CHOLESTATISCHE LEBERERKRANKUNG \u00bb<\/a><\/h5>\n\t\t\t\t<img loading=\"lazy\" decoding=\"async\" src=\"https:\/\/dekasvitamins.com\/wp-content\/uploads\/2018\/01\/MD-9587-e1573572034454.jpg\" alt=\"dekas vitamins Dirk Krause\" itemprop=\"image\" height=\"400\" width=\"266\" title=\"dekas vitamins Dirk Krause\" onerror=\"this.style.display='none'\"  \/>\n\t\t\t\t<img loading=\"lazy\" decoding=\"async\" src=\"https:\/\/dekasvitamins.com\/wp-content\/uploads\/2020\/03\/Simon-Deck-uitsnede-1.jpg\" alt=\"Simon Deck uitsnede\" itemprop=\"image\" height=\"522\" width=\"348\" title=\"Simon Deck uitsnede\" onerror=\"this.style.display='none'\"  \/>\n\t\t\t\t<img loading=\"lazy\" decoding=\"async\" src=\"https:\/\/dekasvitamins.com\/wp-content\/uploads\/2018\/01\/14bewerkt-e1573572063212.jpg\" alt=\"dekas vitamins Roberto Jongejan\" itemprop=\"image\" height=\"400\" width=\"267\" title=\"dekas vitamins Roberto Jongejan\" onerror=\"this.style.display='none'\"  \/>\n\t<h1><strong>Wir sind kein gro\u00dfes Unternehmen. Deswegen schenken wir Ihnen unsere volle Aufmerksamkeit.<\/strong><\/h1>\n<p><strong><a href=\"http:\/\/dekasvitamins.com\/de\/uber\/\">Lernen Sie das Team kennen<\/a><\/strong><\/p>\n\n","protected":false},"excerpt":{"rendered":"<div class=\"entry-summary\">\n<div class=\"entry-summary\">\nDEKAs Vitamins bietet eine Reihe von Multivitamin- und Mineralpr\u00e4paraten, die speziell f\u00fcr eine verbesserte Absorption bei Patienten mit Mukoviszidose, Patienten mit Adipositaschirurgie und Patienten mit cholestatischer Lebererkrankung entwickelt wurden.\n<\/div>\n<div class=\"link-more\"><a href=\"https:\/\/dekasvitamins.com\/de\/\" class=\"more-link\"><span class=\"screen-reader-text\"> &ldquo;DEKAs Vitamine&rdquo;<\/span> weiterlesen\u00a0&hellip;<\/a><\/div>\n<\/div>\n<div class=\"link-more\"><a href=\"https:\/\/dekasvitamins.com\/de\/\" class=\"more-link\"><span class=\"screen-reader-text\"> &ldquo;DEKAs Vitamine&rdquo;<\/span> weiterlesen\u00a0&hellip;<\/a><\/div>\n","protected":false},"author":1545,"featured_media":0,"parent":0,"menu_order":0,"comment_status":"closed","ping_status":"closed","template":"templates\/no-intro.php","meta":{"footnotes":""},"class_list":["post-6934","page","type-page","status-publish","hentry","entry"],"_links":{"self":[{"href":"https:\/\/dekasvitamins.com\/de\/wp-json\/wp\/v2\/pages\/6934","targetHints":{"allow":["GET"]}}],"collection":[{"href":"https:\/\/dekasvitamins.com\/de\/wp-json\/wp\/v2\/pages"}],"about":[{"href":"https:\/\/dekasvitamins.com\/de\/wp-json\/wp\/v2\/types\/page"}],"author":[{"embeddable":true,"href":"https:\/\/dekasvitamins.com\/de\/wp-json\/wp\/v2\/users\/1545"}],"replies":[{"embeddable":true,"href":"https:\/\/dekasvitamins.com\/de\/wp-json\/wp\/v2\/comments?post=6934"}],"version-history":[{"count":54,"href":"https:\/\/dekasvitamins.com\/de\/wp-json\/wp\/v2\/pages\/6934\/revisions"}],"predecessor-version":[{"id":16591,"href":"https:\/\/dekasvitamins.com\/de\/wp-json\/wp\/v2\/pages\/6934\/revisions\/16591"}],"wp:attachment":[{"href":"https:\/\/dekasvitamins.com\/de\/wp-json\/wp\/v2\/media?parent=6934"}],"curies":[{"name":"wp","href":"https:\/\/api.w.org\/{rel}","templated":true}]}}