{"id":6513,"date":"2018-02-15T20:27:46","date_gmt":"2018-02-15T19:27:46","guid":{"rendered":"http:\/\/dekas.alveolus.nl\/vitamine\/"},"modified":"2026-04-16T16:05:10","modified_gmt":"2026-04-16T14:05:10","slug":"vitamine","status":"publish","type":"page","link":"https:\/\/dekasvitamins.com\/de\/vitamine\/","title":{"rendered":"Die DEKAs Technologie"},"content":{"rendered":"<h2 class=\"block-editor-rich-text__editable editor-rich-text__editable\" role=\"textbox\" contenteditable=\"true\" aria-multiline=\"true\" data-is-placeholder-visible=\"false\" aria-label=\"Write heading\u2026\" aria-autocomplete=\"list\">All-in-One Multivitamin- und Mineralpr\u00e4parate<\/h2>\n<figure><strong>DEKAs Vitamins bietet eine Reihe von Multivitamin- und Mineralpr\u00e4paraten mit verbesserter Vitaminabsorption f\u00fcr Patienten mit Mukoviszidose, Patienten, die sich einer bariatrische Adipositaschirurgie unterzogen haben, und f\u00fcr Patienten mit cholestatischer Lebererkrankung.<\/strong><\/figure>\n<figure><strong>Das Abgabesystem von DEKAs verpackt die fettl\u00f6slichen Vitamine und Mikron\u00e4hrstoffe in kleine wasserl\u00f6sliche Pakete (Mizellen<\/strong>). <strong>Unser Abgabesystem ist richtlinienkonform und klinisch getestet.<\/strong><iframe loading=\"lazy\" src=\"\/\/www.youtube.com\/embed\/T6WLAf9IqIM\" width=\"560\" height=\"315\" frameborder=\"0\" allowfullscreen=\"allowfullscreen\"><\/iframe><\/figure>\n<h2 class=\"block-editor-rich-text__editable editor-rich-text__editable\" role=\"textbox\" contenteditable=\"true\" aria-multiline=\"true\" data-is-placeholder-visible=\"false\" aria-label=\"Write heading\u2026\" aria-autocomplete=\"list\">DEKAs Abgabesystem f\u00fcr fettl\u00f6sliche Vitamine<\/h2>\n<p><a href=\"http:\/\/dekasvitamins.com\/wp-content\/uploads\/2017\/10\/absorption-micelle-1.jpg\"><img loading=\"lazy\" decoding=\"async\" class=\"wp-image-3546 size-medium alignright\" src=\"http:\/\/dekasvitamins.com\/wp-content\/uploads\/2017\/10\/absorption-micelle-1-300x241.jpg\" alt=\"\" width=\"300\" height=\"241\" srcset=\"https:\/\/dekasvitamins.com\/wp-content\/uploads\/2017\/10\/absorption-micelle-1-300x241.jpg 300w, https:\/\/dekasvitamins.com\/wp-content\/uploads\/2017\/10\/absorption-micelle-1.jpg 378w\" sizes=\"auto, (max-width: 300px) 100vw, 300px\" \/><\/a>Bestimmte N\u00e4hrstoffe, wie die Vitamine D, E, K und A, sind \u00d6le, die auch in der Natur vorkommen. Auf sie wird oftmals als \u00f6ll\u00f6sliche oder fettl\u00f6sliche N\u00e4hrstoffe Bezug genommen. Fettl\u00f6sliche N\u00e4hrstoffe k\u00f6nnen vom K\u00f6rper nicht direkt aufgenommen werden. Zuerst m\u00fcssen sie so aufbereitet werden, dass sich mit Wasser im Verdauungssystem emulgieren k\u00f6nnen. Normalerweise f\u00fchrt das Verdauungssystem die Emulgierung mit Enzymen aus der Bauchspeicheldr\u00fcse und Gallensalzen aus der Leber durch. Manchmal funktioniert das Verdauungssystem aber nicht so richtig und es kommt zu einem Mangel an Enzymen und\/oder Gallensalzen, die zur Emulgierung dieser N\u00e4hrstoffe notwendig sind. Diese Erkrankung hei\u00dft Malabsorption.<\/p>\n<p><img loading=\"lazy\" decoding=\"async\" class=\"alignright wp-image-3480 size-medium\" src=\"http:\/\/dekasvitamins.com\/wp-content\/uploads\/2017\/10\/absorption-micelle-2-300x282.jpg\" alt=\"\" width=\"300\" height=\"282\" srcset=\"https:\/\/dekasvitamins.com\/wp-content\/uploads\/2017\/10\/absorption-micelle-2-300x282.jpg 300w, https:\/\/dekasvitamins.com\/wp-content\/uploads\/2017\/10\/absorption-micelle-2.jpg 357w\" sizes=\"auto, (max-width: 300px) 100vw, 300px\" \/><\/p>\n<p>Malabsorption bedeutet eine verringerte Aufnahme der Vitamine D, E, K und A. Dabei kann oft ein Mangel dieser N\u00e4hrstoffe auftreten. Dies kann letztendlich negativen Einfl\u00fcsse auf die Gesundheit zur Folge haben. DEKAs Produkte verf\u00fcgen \u00fcber ein Abgabesystem, das einem Mangel an Gallensalzen und Pankreasenzymen entgegenwirkt. Dieses klinisch erprobte System hilft dabei, die fettl\u00f6slichen N\u00e4hrstoffe im Darm zu emulgieren, so dass sie trotz eines Mangels an Gallensalzen und\/oder Pankreasenzymen aufgenommen werden k\u00f6nnen.<\/p>\n<h2 class=\"block-editor-rich-text__editable editor-rich-text__editable\" role=\"textbox\" contenteditable=\"true\" aria-multiline=\"true\" data-is-placeholder-visible=\"false\" aria-label=\"Write heading\u2026\" aria-autocomplete=\"list\">Quellenangaben zur DEKAs Abgabesystem<\/h2>\n<ol>\n<li>Papas K, Kalbfleisch J, Mohon R. <a href=\"http:\/\/www.ncbi.nlm.nih.gov\/pubmed\/17216337\" target=\"_blank\" rel=\"noopener noreferrer\">Bioavailability of a novel, water-soluble vitamin E formulation in malabsorbing patients<\/a>. Dig Dis Sci. 2007 Feb;52(2):347-52.<\/li>\n<li>Papas KA, Sontag MK, Pardee C, Sokol RJ, <em>et al.<\/em> <a href=\"http:\/\/www.ncbi.nlm.nih.gov\/pubmed\/17569601\" target=\"_blank\" rel=\"noopener noreferrer\">A pilot study on the safety and efficacy of a novel antioxidant rich formulation in patients with cystic fibrosis<\/a>. J Cyst Fibros. 2007 Jun 12.<\/li>\n<li>Sagel, SD, Sontag MK, Anthony MM, Emmett P, Papas KA. <a href=\"http:\/\/www.ncbi.nlm.nih.gov\/pubmed\/20961818\" target=\"_blank\" rel=\"noopener noreferrer\">Effect of an antioxidant-rich multivitamin supplement in cystic fibrosis<\/a>. J Cyst Fibros. 2011;10:31-36.<\/li>\n<li>Perin J, Prokopowicz G, Furtado M, <em>et al.<\/em> <a href=\"https:\/\/doi.org\/10.1007\/s11695-018-3177-0\" target=\"_blank\" rel=\"noopener noreferrer\">A Randomized Trial of a Novel Chewable Multivitamin and Mineral Supplement Following Roux en-Y Gastric Bypass.<\/a> <em>Obesity Surgery <\/em>2018<\/li>\n<\/ol>\n","protected":false},"excerpt":{"rendered":"<div class=\"entry-summary\">\n<div class=\"entry-summary\">\nAll-in-One Multivitamin- und Mineralpr\u00e4parate DEKAs Vitamins bietet eine Reihe von Multivitamin- und Mineralpr\u00e4paraten mit verbesserter Vitaminabsorption f\u00fcr Patienten mit Mukoviszidose, Patienten, die sich einer bariatrische Adipositaschirurgie unterzogen haben, und f\u00fcr Patienten mit cholestatischer Lebererkrankung. Das Abgabesystem von DEKAs verpackt die&hellip;\n<\/div>\n<div class=\"link-more\"><a href=\"https:\/\/dekasvitamins.com\/de\/vitamine\/\" class=\"more-link\"><span class=\"screen-reader-text\"> &ldquo;Die DEKAs Technologie&rdquo;<\/span> weiterlesen\u00a0&hellip;<\/a><\/div>\n<\/div>\n<div class=\"link-more\"><a href=\"https:\/\/dekasvitamins.com\/de\/vitamine\/\" class=\"more-link\"><span class=\"screen-reader-text\"> &ldquo;Die DEKAs Technologie&rdquo;<\/span> weiterlesen\u00a0&hellip;<\/a><\/div>\n","protected":false},"author":1545,"featured_media":0,"parent":0,"menu_order":0,"comment_status":"closed","ping_status":"closed","template":"templates\/no-intro.php","meta":{"footnotes":""},"class_list":["post-6513","page","type-page","status-publish","hentry","entry"],"_links":{"self":[{"href":"https:\/\/dekasvitamins.com\/de\/wp-json\/wp\/v2\/pages\/6513","targetHints":{"allow":["GET"]}}],"collection":[{"href":"https:\/\/dekasvitamins.com\/de\/wp-json\/wp\/v2\/pages"}],"about":[{"href":"https:\/\/dekasvitamins.com\/de\/wp-json\/wp\/v2\/types\/page"}],"author":[{"embeddable":true,"href":"https:\/\/dekasvitamins.com\/de\/wp-json\/wp\/v2\/users\/1545"}],"replies":[{"embeddable":true,"href":"https:\/\/dekasvitamins.com\/de\/wp-json\/wp\/v2\/comments?post=6513"}],"version-history":[{"count":5,"href":"https:\/\/dekasvitamins.com\/de\/wp-json\/wp\/v2\/pages\/6513\/revisions"}],"predecessor-version":[{"id":18453,"href":"https:\/\/dekasvitamins.com\/de\/wp-json\/wp\/v2\/pages\/6513\/revisions\/18453"}],"wp:attachment":[{"href":"https:\/\/dekasvitamins.com\/de\/wp-json\/wp\/v2\/media?parent=6513"}],"curies":[{"name":"wp","href":"https:\/\/api.w.org\/{rel}","templated":true}]}}