{"id":6512,"date":"2018-02-15T20:25:51","date_gmt":"2018-02-15T19:25:51","guid":{"rendered":"http:\/\/dekas.alveolus.nl\/bestellungen-aus-anderen-landern\/"},"modified":"2021-08-31T09:13:19","modified_gmt":"2021-08-31T07:13:19","slug":"bestellungen-aus-anderen-landern","status":"publish","type":"page","link":"https:\/\/dekasvitamins.com\/de\/shop\/bestellungen-aus-anderen-landern\/","title":{"rendered":"Bestellungen aus anderen L\u00e4ndern"},"content":{"rendered":"\n<h2>Sollten Sie NICHT in einem der folgenden L\u00e4ndern leben, k\u00f6nnen Sie das Formular f\u00fcr Ihre Direktbestellungen verwenden.<\/h2>\n<table style=\"width: 99.7791%; height: 854px;\" width=\"384\">\n<tbody>\n<tr>\n<td style=\"width: 24.6933%;\" width=\"96\">Albanien<\/td>\n<td style=\"width: 23.0061%;\" width=\"96\">Griechenland<\/td>\n<td style=\"width: 22.2393%;\" width=\"96\">Moldavien<\/td>\n<td style=\"width: 22.8527%;\" width=\"96\">Slowakei<\/td>\n<\/tr>\n<tr>\n<td style=\"width: 24.6933%;\">\u00c4gypten<\/td>\n<td style=\"width: 23.0061%;\">Hong Kong<\/td>\n<td style=\"width: 22.2393%;\">Montenegro<\/td>\n<td style=\"width: 22.8527%;\" width=\"96\">Slowenien<\/td>\n<\/tr>\n<tr>\n<td style=\"width: 24.6933%;\">Algerien<\/td>\n<td style=\"width: 23.0061%;\">Irland<\/td>\n<td style=\"width: 22.2393%;\">Neuseeland<\/td>\n<td style=\"width: 22.8527%;\" width=\"96\">Spanien<\/td>\n<\/tr>\n<tr>\n<td style=\"width: 24.6933%;\">Armenien<\/td>\n<td style=\"width: 23.0061%;\">Island<\/td>\n<td style=\"width: 22.2393%;\">Niederlande<\/td>\n<td style=\"width: 22.8527%;\" width=\"96\">S\u00fcdafrika<\/td>\n<\/tr>\n<tr>\n<td style=\"width: 24.6933%;\">Aserbaidschan<\/td>\n<td style=\"width: 23.0061%;\">Italien<\/td>\n<td style=\"width: 22.2393%;\" width=\"96\">Nordmakedonien<\/td>\n<td style=\"width: 22.8527%;\" width=\"96\">S\u00fcdkorea<\/td>\n<\/tr>\n<tr>\n<td style=\"width: 24.6933%;\">Australien<\/td>\n<td style=\"width: 23.0061%;\">Japan<\/td>\n<td style=\"width: 22.2393%;\">Oman<\/td>\n<td style=\"width: 22.8527%;\" width=\"96\">Tadschikistan<\/td>\n<\/tr>\n<tr>\n<td style=\"width: 24.6933%;\">Bahrain<\/td>\n<td style=\"width: 23.0061%;\" width=\"96\">Jordan<\/td>\n<td style=\"width: 22.2393%;\" width=\"96\">\u00d6sterreich<\/td>\n<td style=\"width: 22.8527%;\" width=\"96\">Taiwan<\/td>\n<\/tr>\n<tr>\n<td style=\"width: 24.6933%;\">Belgien<\/td>\n<td style=\"width: 23.0061%;\">Kasachstan<\/td>\n<td style=\"width: 22.2393%;\">Polen<\/td>\n<td style=\"width: 22.8527%;\" width=\"96\">Thailand<\/td>\n<\/tr>\n<tr>\n<td style=\"width: 24.6933%;\" width=\"96\">Bosnien und Herzegowina<\/td>\n<td style=\"width: 23.0061%;\">Kirgisistan<\/td>\n<td style=\"width: 22.2393%;\">Portugal<\/td>\n<td style=\"width: 22.8527%;\" width=\"96\">Tschechische Republik<\/td>\n<\/tr>\n<tr>\n<td style=\"width: 24.6933%;\">Bulgarien<\/td>\n<td style=\"width: 23.0061%;\">Kroatien<\/td>\n<td style=\"width: 22.2393%;\">Qatar<\/td>\n<td style=\"width: 22.8527%;\" width=\"96\">Turkmenistan<\/td>\n<\/tr>\n<tr>\n<td style=\"width: 24.6933%;\">Chile<\/td>\n<td style=\"width: 23.0061%;\">Kuwait<\/td>\n<td style=\"width: 22.2393%;\" width=\"96\">Rum\u00e4nien<\/td>\n<td style=\"width: 22.8527%;\" width=\"96\">Ukraine<\/td>\n<\/tr>\n<tr>\n<td style=\"width: 24.6933%;\">D\u00e4nemark\u00a0<\/td>\n<td style=\"width: 23.0061%;\">Lettland<\/td>\n<td style=\"width: 22.2393%;\">Russland<\/td>\n<td style=\"width: 22.8527%;\" width=\"96\">Ungarn<\/td>\n<\/tr>\n<tr>\n<td style=\"width: 24.6933%;\">Deutschland<\/td>\n<td style=\"width: 23.0061%;\" width=\"96\">Libanon<\/td>\n<td style=\"width: 22.2393%;\">San Marino<\/td>\n<td style=\"width: 22.8527%;\" width=\"96\">Usbekistan<\/td>\n<\/tr>\n<tr>\n<td style=\"width: 24.6933%;\">Estland<\/td>\n<td style=\"width: 23.0061%;\">Liechtenstein<\/td>\n<td style=\"width: 22.2393%;\">Saudi Arabien<\/td>\n<td style=\"width: 22.8527%;\" width=\"96\">Vereinigte Arabische Emiraten<\/td>\n<\/tr>\n<tr>\n<td style=\"width: 24.6933%;\">Finnland\u00a0<\/td>\n<td style=\"width: 23.0061%;\">Litauen<\/td>\n<td style=\"width: 22.2393%;\">Schweden<\/td>\n<td style=\"width: 22.8527%;\" width=\"96\">Vereinigtes K\u00f6nigreich<\/td>\n<\/tr>\n<tr>\n<td style=\"width: 24.6933%;\" width=\"96\">Frankreich<\/td>\n<td style=\"width: 23.0061%;\">Luxemburg<\/td>\n<td style=\"width: 22.2393%;\">Schweiz<\/td>\n<td style=\"width: 22.8527%;\" width=\"96\">Vietnam<\/td>\n<\/tr>\n<tr>\n<td style=\"width: 24.6933%;\">Georgien\u00a0<\/td>\n<td style=\"width: 23.0061%;\">Malta<\/td>\n<td style=\"width: 22.2393%;\">Serbien<\/td>\n<td style=\"width: 22.8527%;\" width=\"96\">Wei\u00dfrussland<\/td>\n<\/tr>\n<tr>\n<td style=\"width: 24.6933%;\">Gibraltar<\/td>\n<td style=\"width: 23.0061%;\">Marokko<\/td>\n<td style=\"width: 22.2393%;\" width=\"96\">Singapore<\/td>\n<td style=\"width: 22.8527%;\" width=\"96\">Zypern<\/td>\n<\/tr>\n<\/tbody>\n<\/table>\n<script>\nvar gform;gform||(document.addEventListener(\"gform_main_scripts_loaded\",function(){gform.scriptsLoaded=!0}),document.addEventListener(\"gform\/theme\/scripts_loaded\",function(){gform.themeScriptsLoaded=!0}),window.addEventListener(\"DOMContentLoaded\",function(){gform.domLoaded=!0}),gform={domLoaded:!1,scriptsLoaded:!1,themeScriptsLoaded:!1,isFormEditor:()=>\"function\"==typeof InitializeEditor,callIfLoaded:function(o){return!(!gform.domLoaded||!gform.scriptsLoaded||!gform.themeScriptsLoaded&&!gform.isFormEditor()||(gform.isFormEditor()&&console.warn(\"The use of gform.initializeOnLoaded() is deprecated in the form editor context and will be removed in Gravity Forms 3.1.\"),o(),0))},initializeOnLoaded:function(o){gform.callIfLoaded(o)||(document.addEventListener(\"gform_main_scripts_loaded\",()=>{gform.scriptsLoaded=!0,gform.callIfLoaded(o)}),document.addEventListener(\"gform\/theme\/scripts_loaded\",()=>{gform.themeScriptsLoaded=!0,gform.callIfLoaded(o)}),window.addEventListener(\"DOMContentLoaded\",()=>{gform.domLoaded=!0,gform.callIfLoaded(o)}))},hooks:{action:{},filter:{}},addAction:function(o,r,e,t){gform.addHook(\"action\",o,r,e,t)},addFilter:function(o,r,e,t){gform.addHook(\"filter\",o,r,e,t)},doAction:function(o){gform.doHook(\"action\",o,arguments)},applyFilters:function(o){return gform.doHook(\"filter\",o,arguments)},removeAction:function(o,r){gform.removeHook(\"action\",o,r)},removeFilter:function(o,r,e){gform.removeHook(\"filter\",o,r,e)},addHook:function(o,r,e,t,n){null==gform.hooks[o][r]&&(gform.hooks[o][r]=[]);var d=gform.hooks[o][r];null==n&&(n=r+\"_\"+d.length),gform.hooks[o][r].push({tag:n,callable:e,priority:t=null==t?10:t})},doHook:function(r,o,e){var t;if(e=Array.prototype.slice.call(e,1),null!=gform.hooks[r][o]&&((o=gform.hooks[r][o]).sort(function(o,r){return o.priority-r.priority}),o.forEach(function(o){\"function\"!=typeof(t=o.callable)&&(t=window[t]),\"action\"==r?t.apply(null,e):e[0]=t.apply(null,e)})),\"filter\"==r)return e[0]},removeHook:function(o,r,t,n){var e;null!=gform.hooks[o][r]&&(e=(e=gform.hooks[o][r]).filter(function(o,r,e){return!!(null!=n&&n!=o.tag||null!=t&&t!=o.priority)}),gform.hooks[o][r]=e)}});\n<\/script>\n\n                <div class='gf_browser_gecko gform_wrapper gform_legacy_markup_wrapper gform-theme--no-framework' data-form-theme='legacy' data-form-index='0' id='gform_wrapper_4' >\n                        <div class='gform_heading'>\n                            <h3 class=\"gform_title\">Andere L\u00e4nder<\/h3>\n                            <p class='gform_description'><\/p>\n                        <\/div><form method='post' enctype='multipart\/form-data'  id='gform_4'  action='\/de\/wp-json\/wp\/v2\/pages\/6512' data-formid='4' novalidate>\n                        <div class='gform-body gform_body'><ul id='gform_fields_4' class='gform_fields top_label form_sublabel_below description_below validation_below'><li id=\"field_4_16\" class=\"gfield gfield--type-honeypot gform_validation_container field_sublabel_below gfield--has-description field_description_below field_validation_below gfield_visibility_visible\"  ><label class='gfield_label gform-field-label' for='input_4_16'>Comments<\/label><div class='ginput_container'><input name='input_16' id='input_4_16' type='text' value='' autocomplete='new-password'\/><\/div><div class='gfield_description' id='gfield_description_4_16'>Dieses Feld dient zur Validierung und sollte nicht ver\u00e4ndert werden.<\/div><\/li><li id=\"field_4_13\" class=\"gfield gfield--type-name field_sublabel_below gfield--no-description field_description_below field_validation_below gfield_visibility_visible\"  ><label class='gfield_label gform-field-label gfield_label_before_complex' >Name<\/label><div class='ginput_complex ginput_container ginput_container--name no_prefix has_first_name no_middle_name has_last_name no_suffix gf_name_has_2 ginput_container_name gform-grid-row' id='input_4_13'>\n                            \n                            <span id='input_4_13_3_container' class='name_first gform-grid-col gform-grid-col--size-auto' >\n                                                    <input type='text' name='input_13.3' id='input_4_13_3' value=''   aria-required='false'     \/>\n                                                    <label for='input_4_13_3' class='gform-field-label gform-field-label--type-sub '>Vorname<\/label>\n                                                <\/span>\n                            \n                            <span id='input_4_13_6_container' class='name_last gform-grid-col gform-grid-col--size-auto' >\n                                                    <input type='text' name='input_13.6' id='input_4_13_6' value=''   aria-required='false'     \/>\n                                                    <label for='input_4_13_6' class='gform-field-label gform-field-label--type-sub '>Nachname<\/label>\n                                                <\/span>\n                            \n                        <\/div><\/li><li id=\"field_4_14\" class=\"gfield gfield--type-text field_sublabel_below gfield--no-description field_description_below field_validation_below gfield_visibility_visible\"  ><label class='gfield_label gform-field-label' for='input_4_14'>Land<\/label><div class='ginput_container ginput_container_text'><input name='input_14' id='input_4_14' type='text' value='' class='medium'      aria-invalid=\"false\"   \/><\/div><\/li><li id=\"field_4_15\" class=\"gfield gfield--type-email gfield_contains_required field_sublabel_below gfield--no-description field_description_below field_validation_below gfield_visibility_visible\"  ><label class='gfield_label gform-field-label' for='input_4_15'>Email for ordering<span class=\"gfield_required\"><span class=\"gfield_required gfield_required_asterisk\">*<\/span><\/span><\/label><div class='ginput_container ginput_container_email'>\n                            <input name='input_15' id='input_4_15' type='email' value='' class='medium'    aria-required=\"true\" aria-invalid=\"false\"  \/>\n                        <\/div><\/li><li id=\"field_4_11\" class=\"gfield gfield--type-phone field_sublabel_below gfield--no-description field_description_below field_validation_below gfield_visibility_visible\"  ><label class='gfield_label gform-field-label' for='input_4_11'>Telefon<\/label><div class='ginput_container ginput_container_phone'><input name='input_11' id='input_4_11' type='tel' value='' class='medium'    aria-invalid=\"false\"   \/><\/div><\/li><li id=\"field_4_12\" class=\"gfield gfield--type-textarea field_sublabel_below gfield--has-description field_description_below field_validation_below gfield_visibility_visible\"  ><label class='gfield_label gform-field-label' for='input_4_12'>Produkte &amp; Mengen<\/label><div class='ginput_container ginput_container_textarea'><textarea name='input_12' id='input_4_12' class='textarea medium'  aria-describedby=\"gfield_description_4_12\"    aria-invalid=\"false\"   rows='10' cols='50'><\/textarea><\/div><div class='gfield_description' id='gfield_description_4_12'>Bitte, beachten Sie das Minimum von  24 Flaschen f\u00fcr Gro\u00dfhandelsauftr\u00e4ge<\/div><\/li><\/ul><\/div>\n        <div class='gform-footer gform_footer top_label'> <input type='submit' id='gform_submit_button_4' class='gform_button button' onclick='gform.submission.handleButtonClick(this);' data-submission-type='submit' value='einreichen'  \/> \n            <input type='hidden' class='gform_hidden' name='gform_submission_method' data-js='gform_submission_method_4' value='postback' \/>\n            <input type='hidden' class='gform_hidden' name='gform_theme' data-js='gform_theme_4' id='gform_theme_4' value='legacy' \/>\n            <input type='hidden' class='gform_hidden' name='gform_style_settings' data-js='gform_style_settings_4' id='gform_style_settings_4' value='[]' \/>\n            <input type='hidden' class='gform_hidden' name='is_submit_4' value='1' \/>\n            <input type='hidden' class='gform_hidden' name='gform_submit' value='4' \/>\n            \n            <input type='hidden' class='gform_hidden' name='gform_currency' data-currency='EUR' value='BrXAqnH0+BfNSqhUbvEHAc6K\/EJskpnZ9mlKHWBSe1xXHKYrvRt7V3kz30BwuCfbpvNTdYRL2txUO\/ftks5MUw7jkbsGlVCN2oYSfr0PAbFXkuA=' \/>\n            <input type='hidden' class='gform_hidden' name='gform_unique_id' value='' \/>\n            <input type='hidden' class='gform_hidden' name='state_4' value='WyJbXSIsIjkwNTVkMGE1OWNmN2Q5YWE0OGVlNmViZmFjYjg0ZWYxIl0=' \/>\n            <input type='hidden' autocomplete='off' class='gform_hidden' name='gform_target_page_number_4' id='gform_target_page_number_4' value='0' \/>\n            <input type='hidden' autocomplete='off' class='gform_hidden' name='gform_source_page_number_4' id='gform_source_page_number_4' value='1' \/>\n            <input type='hidden' name='gform_field_values' value='' \/>\n            \n        <\/div>\n                        <p style=\"display: none !important;\" class=\"akismet-fields-container\" data-prefix=\"ak_\"><label>&#916;<textarea name=\"ak_hp_textarea\" cols=\"45\" rows=\"8\" maxlength=\"100\"><\/textarea><\/label><input type=\"hidden\" id=\"ak_js_1\" name=\"ak_js\" value=\"79\"\/><script>document.getElementById( \"ak_js_1\" ).setAttribute( \"value\", ( new Date() ).getTime() );<\/script><\/p><\/form>\n                        <\/div><script>\ngform.initializeOnLoaded( function() {gformInitSpinner( 4, 'https:\/\/dekasvitamins.com\/wp-content\/plugins\/gravityforms\/images\/spinner.svg', true );jQuery('#gform_ajax_frame_4').on('load',function(){var contents = jQuery(this).contents().find('*').html();var is_postback = contents.indexOf('GF_AJAX_POSTBACK') >= 0;if(!is_postback){return;}var form_content = jQuery(this).contents().find('#gform_wrapper_4');var is_confirmation = jQuery(this).contents().find('#gform_confirmation_wrapper_4').length > 0;var is_redirect = contents.indexOf('gformRedirect(){') >= 0;var is_form = form_content.length > 0 && ! is_redirect && ! is_confirmation;var mt = parseInt(jQuery('html').css('margin-top'), 10) + parseInt(jQuery('body').css('margin-top'), 10) + 100;if(is_form){jQuery('#gform_wrapper_4').html(form_content.html());if(form_content.hasClass('gform_validation_error')){jQuery('#gform_wrapper_4').addClass('gform_validation_error');} else {jQuery('#gform_wrapper_4').removeClass('gform_validation_error');}setTimeout( function() { \/* delay the scroll by 50 milliseconds to fix a bug in chrome *\/  }, 50 );if(window['gformInitDatepicker']) {gformInitDatepicker();}if(window['gformInitPriceFields']) {gformInitPriceFields();}var current_page = jQuery('#gform_source_page_number_4').val();gformInitSpinner( 4, 'https:\/\/dekasvitamins.com\/wp-content\/plugins\/gravityforms\/images\/spinner.svg', true );jQuery(document).trigger('gform_page_loaded', [4, current_page]);window['gf_submitting_4'] = false;}else if(!is_redirect){var confirmation_content = jQuery(this).contents().find('.GF_AJAX_POSTBACK').html();if(!confirmation_content){confirmation_content = contents;}jQuery('#gform_wrapper_4').replaceWith(confirmation_content);jQuery(document).trigger('gform_confirmation_loaded', [4]);window['gf_submitting_4'] = false;wp.a11y.speak(jQuery('#gform_confirmation_message_4').text());}else{jQuery('#gform_4').append(contents);if(window['gformRedirect']) {gformRedirect();}}jQuery(document).trigger(\"gform_pre_post_render\", [{ formId: \"4\", currentPage: \"current_page\", abort: function() { this.preventDefault(); } }]);        if (event && event.defaultPrevented) {                return;        }        const gformWrapperDiv = document.getElementById( \"gform_wrapper_4\" );        if ( gformWrapperDiv ) {            const visibilitySpan = document.createElement( \"span\" );            visibilitySpan.id = \"gform_visibility_test_4\";            gformWrapperDiv.insertAdjacentElement( \"afterend\", visibilitySpan );        }        const visibilityTestDiv = document.getElementById( \"gform_visibility_test_4\" );        let postRenderFired = false;        function triggerPostRender() {            if ( postRenderFired ) {                return;            }            postRenderFired = true;            gform.core.triggerPostRenderEvents( 4, current_page );            if ( visibilityTestDiv ) {                visibilityTestDiv.parentNode.removeChild( visibilityTestDiv );            }        }        function debounce( func, wait, immediate ) {            var timeout;            return function() {                var context = this, args = arguments;                var later = function() {                    timeout = null;                    if ( !immediate ) func.apply( context, args );                };                var callNow = immediate && !timeout;                clearTimeout( timeout );                timeout = setTimeout( later, wait );                if ( callNow ) func.apply( context, args );            };        }        const debouncedTriggerPostRender = debounce( function() {            triggerPostRender();        }, 200 );        if ( visibilityTestDiv && visibilityTestDiv.offsetParent === null ) {            const observer = new MutationObserver( ( mutations ) => {                mutations.forEach( ( mutation ) => {                    if ( mutation.type === 'attributes' && visibilityTestDiv.offsetParent !== null ) {                        debouncedTriggerPostRender();                        observer.disconnect();                    }                });            });            observer.observe( document.body, {                attributes: true,                childList: false,                subtree: true,                attributeFilter: [ 'style', 'class' ],            });        } else {            triggerPostRender();        }    } );} );\n<\/script>\n\n\n\n","protected":false},"excerpt":{"rendered":"<div class=\"entry-summary\">\n<div class=\"entry-summary\">\nSollten Sie NICHT in einem der folgenden L\u00e4ndern leben, k\u00f6nnen Sie das Formular f\u00fcr Ihre Direktbestellungen verwenden. Albanien Griechenland Moldavien Slowakei \u00c4gypten Hong Kong Montenegro Slowenien Algerien Irland Neuseeland Spanien Armenien Island Niederlande S\u00fcdafrika Aserbaidschan Italien Nordmakedonien S\u00fcdkorea Australien Japan&hellip;\n<\/div>\n<div class=\"link-more\"><a href=\"https:\/\/dekasvitamins.com\/de\/shop\/bestellungen-aus-anderen-landern\/\" class=\"more-link\"><span class=\"screen-reader-text\"> &ldquo;Bestellungen aus anderen L\u00e4ndern&rdquo;<\/span> weiterlesen\u00a0&hellip;<\/a><\/div>\n<\/div>\n<div class=\"link-more\"><a href=\"https:\/\/dekasvitamins.com\/de\/shop\/bestellungen-aus-anderen-landern\/\" class=\"more-link\"><span class=\"screen-reader-text\"> &ldquo;Bestellungen aus anderen L\u00e4ndern&rdquo;<\/span> weiterlesen\u00a0&hellip;<\/a><\/div>\n","protected":false},"author":2,"featured_media":0,"parent":7046,"menu_order":2,"comment_status":"closed","ping_status":"closed","template":"templates\/no-intro.php","meta":{"footnotes":""},"class_list":["post-6512","page","type-page","status-publish","hentry","entry"],"_links":{"self":[{"href":"https:\/\/dekasvitamins.com\/de\/wp-json\/wp\/v2\/pages\/6512","targetHints":{"allow":["GET"]}}],"collection":[{"href":"https:\/\/dekasvitamins.com\/de\/wp-json\/wp\/v2\/pages"}],"about":[{"href":"https:\/\/dekasvitamins.com\/de\/wp-json\/wp\/v2\/types\/page"}],"author":[{"embeddable":true,"href":"https:\/\/dekasvitamins.com\/de\/wp-json\/wp\/v2\/users\/2"}],"replies":[{"embeddable":true,"href":"https:\/\/dekasvitamins.com\/de\/wp-json\/wp\/v2\/comments?post=6512"}],"version-history":[{"count":2,"href":"https:\/\/dekasvitamins.com\/de\/wp-json\/wp\/v2\/pages\/6512\/revisions"}],"predecessor-version":[{"id":10082,"href":"https:\/\/dekasvitamins.com\/de\/wp-json\/wp\/v2\/pages\/6512\/revisions\/10082"}],"up":[{"embeddable":true,"href":"https:\/\/dekasvitamins.com\/de\/wp-json\/wp\/v2\/pages\/7046"}],"wp:attachment":[{"href":"https:\/\/dekasvitamins.com\/de\/wp-json\/wp\/v2\/media?parent=6512"}],"curies":[{"name":"wp","href":"https:\/\/api.w.org\/{rel}","templated":true}]}}