{"id":6508,"date":"2018-02-15T20:17:30","date_gmt":"2018-02-15T19:17:30","guid":{"rendered":"http:\/\/dekas.alveolus.nl\/professionals\/"},"modified":"2021-08-30T17:56:31","modified_gmt":"2021-08-30T15:56:31","slug":"kontakt","status":"publish","type":"page","link":"https:\/\/dekasvitamins.com\/de\/dekas-vitamine\/kontakt\/","title":{"rendered":"Kontakt"},"content":{"rendered":"<h2>DEKAs Produkte:<br \/>\nKlinisch erprobt.<br \/>\nRichtlinienkonform.<br \/>\nSehr absorbierbar.<br \/>\nGeschmacksoptimiert<span style=\"font-size: 10pt;\">.<\/span><br \/>\nG\u00fcnstig.<\/h2>\n<p>Patienten und besch\u00e4ftigte im Gesundheitswesen, d. h. Vertreter von <strong>Krankenh\u00e4usern<\/strong>, <strong>Apotheken<\/strong>, <strong>Vertriebspartner<\/strong>, <strong>Gro\u00dfh\u00e4ndler<\/strong> und <strong>\u00c4rzte<\/strong>, <strong>Ern\u00e4hrungsberater<\/strong> oder andere <strong>Besch\u00e4ftigte im Gesundheitswesen<\/strong> k\u00f6nnen uns gerne direkt kontaktieren.<\/p>\n<p>Wir stehen Ihnen f\u00fcr all Ihre Fragen oder Kommentare von 09:00 bis 21:00 Uhr CET unter der Telefonnummer +31 621 255 794 zur Verf\u00fcgung.<\/p>\n<p>Oder senden Sie uns eine E-Mail \u00fcber das untenstehende Formular:<\/p>\n<\/p>\n<script>\nvar gform;gform||(document.addEventListener(\"gform_main_scripts_loaded\",function(){gform.scriptsLoaded=!0}),document.addEventListener(\"gform\/theme\/scripts_loaded\",function(){gform.themeScriptsLoaded=!0}),window.addEventListener(\"DOMContentLoaded\",function(){gform.domLoaded=!0}),gform={domLoaded:!1,scriptsLoaded:!1,themeScriptsLoaded:!1,isFormEditor:()=>\"function\"==typeof InitializeEditor,callIfLoaded:function(o){return!(!gform.domLoaded||!gform.scriptsLoaded||!gform.themeScriptsLoaded&&!gform.isFormEditor()||(gform.isFormEditor()&&console.warn(\"The use of gform.initializeOnLoaded() is deprecated in the form editor context and will be removed in Gravity Forms 3.1.\"),o(),0))},initializeOnLoaded:function(o){gform.callIfLoaded(o)||(document.addEventListener(\"gform_main_scripts_loaded\",()=>{gform.scriptsLoaded=!0,gform.callIfLoaded(o)}),document.addEventListener(\"gform\/theme\/scripts_loaded\",()=>{gform.themeScriptsLoaded=!0,gform.callIfLoaded(o)}),window.addEventListener(\"DOMContentLoaded\",()=>{gform.domLoaded=!0,gform.callIfLoaded(o)}))},hooks:{action:{},filter:{}},addAction:function(o,r,e,t){gform.addHook(\"action\",o,r,e,t)},addFilter:function(o,r,e,t){gform.addHook(\"filter\",o,r,e,t)},doAction:function(o){gform.doHook(\"action\",o,arguments)},applyFilters:function(o){return gform.doHook(\"filter\",o,arguments)},removeAction:function(o,r){gform.removeHook(\"action\",o,r)},removeFilter:function(o,r,e){gform.removeHook(\"filter\",o,r,e)},addHook:function(o,r,e,t,n){null==gform.hooks[o][r]&&(gform.hooks[o][r]=[]);var d=gform.hooks[o][r];null==n&&(n=r+\"_\"+d.length),gform.hooks[o][r].push({tag:n,callable:e,priority:t=null==t?10:t})},doHook:function(r,o,e){var t;if(e=Array.prototype.slice.call(e,1),null!=gform.hooks[r][o]&&((o=gform.hooks[r][o]).sort(function(o,r){return o.priority-r.priority}),o.forEach(function(o){\"function\"!=typeof(t=o.callable)&&(t=window[t]),\"action\"==r?t.apply(null,e):e[0]=t.apply(null,e)})),\"filter\"==r)return e[0]},removeHook:function(o,r,t,n){var e;null!=gform.hooks[o][r]&&(e=(e=gform.hooks[o][r]).filter(function(o,r,e){return!!(null!=n&&n!=o.tag||null!=t&&t!=o.priority)}),gform.hooks[o][r]=e)}});\n<\/script>\n\n                <div class='gf_browser_gecko gform_wrapper gform_legacy_markup_wrapper gform-theme--no-framework' data-form-theme='legacy' data-form-index='0' id='gform_wrapper_9' >\n                        <div class='gform_heading'>\n                            <h3 class=\"gform_title\">Kontaktiere uns<\/h3>\n                            <p class='gform_description'><\/p>\n                        <\/div><form method='post' enctype='multipart\/form-data'  id='gform_9'  action='\/de\/wp-json\/wp\/v2\/pages\/6508' data-formid='9' novalidate>\n                        <div class='gform-body gform_body'><ul id='gform_fields_9' class='gform_fields top_label form_sublabel_below description_below validation_below'><li id=\"field_9_6\" class=\"gfield gfield--type-honeypot gform_validation_container field_sublabel_below gfield--has-description field_description_below field_validation_below gfield_visibility_visible\"  ><label class='gfield_label gform-field-label' for='input_9_6'>URL<\/label><div class='ginput_container'><input name='input_6' id='input_9_6' type='text' value='' autocomplete='new-password'\/><\/div><div class='gfield_description' id='gfield_description_9_6'>Dieses Feld dient zur Validierung und sollte nicht ver\u00e4ndert werden.<\/div><\/li><li id=\"field_9_5\" class=\"gfield gfield--type-name gfield_contains_required field_sublabel_below gfield--no-description field_description_below field_validation_below gfield_visibility_visible\"  ><label class='gfield_label gform-field-label gfield_label_before_complex' >Name<span class=\"gfield_required\"><span class=\"gfield_required gfield_required_asterisk\">*<\/span><\/span><\/label><div class='ginput_complex ginput_container ginput_container--name no_prefix has_first_name no_middle_name has_last_name no_suffix gf_name_has_2 ginput_container_name gform-grid-row' id='input_9_5'>\n                            \n                            <span id='input_9_5_3_container' class='name_first gform-grid-col gform-grid-col--size-auto' >\n                                                    <input type='text' name='input_5.3' id='input_9_5_3' value=''   aria-required='true'     \/>\n                                                    <label for='input_9_5_3' class='gform-field-label gform-field-label--type-sub '>Vorname<\/label>\n                                                <\/span>\n                            \n                            <span id='input_9_5_6_container' class='name_last gform-grid-col gform-grid-col--size-auto' >\n                                                    <input type='text' name='input_5.6' id='input_9_5_6' value=''   aria-required='true'     \/>\n                                                    <label for='input_9_5_6' class='gform-field-label gform-field-label--type-sub '>Nachname<\/label>\n                                                <\/span>\n                            \n                        <\/div><\/li><li id=\"field_9_4\" class=\"gfield gfield--type-email gfield_contains_required field_sublabel_below gfield--no-description field_description_below field_validation_below gfield_visibility_visible\"  ><label class='gfield_label gform-field-label' for='input_9_4'>Email<span class=\"gfield_required\"><span class=\"gfield_required gfield_required_asterisk\">*<\/span><\/span><\/label><div class='ginput_container ginput_container_email'>\n                            <input name='input_4' id='input_9_4' type='email' value='' class='medium'    aria-required=\"true\" aria-invalid=\"false\"  \/>\n                        <\/div><\/li><li id=\"field_9_3\" class=\"gfield gfield--type-textarea gfield_contains_required field_sublabel_below gfield--no-description field_description_below field_validation_below gfield_visibility_visible\"  ><label class='gfield_label gform-field-label' for='input_9_3'>Nachricht<span class=\"gfield_required\"><span class=\"gfield_required gfield_required_asterisk\">*<\/span><\/span><\/label><div class='ginput_container ginput_container_textarea'><textarea name='input_3' id='input_9_3' class='textarea medium'     aria-required=\"true\" aria-invalid=\"false\"   rows='10' cols='50'><\/textarea><\/div><\/li><\/ul><\/div>\n        <div class='gform-footer gform_footer top_label'> <input type='submit' id='gform_submit_button_9' class='gform_button button' onclick='gform.submission.handleButtonClick(this);' data-submission-type='submit' value='Senden'  \/> \n            <input type='hidden' class='gform_hidden' name='gform_submission_method' data-js='gform_submission_method_9' value='postback' \/>\n            <input type='hidden' class='gform_hidden' name='gform_theme' data-js='gform_theme_9' id='gform_theme_9' value='legacy' \/>\n            <input type='hidden' class='gform_hidden' name='gform_style_settings' data-js='gform_style_settings_9' id='gform_style_settings_9' value='[]' \/>\n            <input type='hidden' class='gform_hidden' name='is_submit_9' value='1' \/>\n            <input type='hidden' class='gform_hidden' name='gform_submit' value='9' \/>\n            \n            <input type='hidden' class='gform_hidden' name='gform_currency' data-currency='EUR' value='Y4JnP6V6Qxd7JLbZZwSVYb0lp9AMWjCEKkJkft247V8vYjhgyo8s6ifC3NteQ\/edw8I4qqdH3Yd8lgghXMry406JTwlmi1TtOAMoTDnUIEfYC4E=' \/>\n            <input type='hidden' class='gform_hidden' name='gform_unique_id' value='' \/>\n            <input type='hidden' class='gform_hidden' name='state_9' value='WyJbXSIsIjkwNTVkMGE1OWNmN2Q5YWE0OGVlNmViZmFjYjg0ZWYxIl0=' \/>\n            <input type='hidden' autocomplete='off' class='gform_hidden' name='gform_target_page_number_9' id='gform_target_page_number_9' value='0' \/>\n            <input type='hidden' autocomplete='off' class='gform_hidden' name='gform_source_page_number_9' id='gform_source_page_number_9' value='1' \/>\n            <input type='hidden' name='gform_field_values' value='' \/>\n            \n        <\/div>\n                        <p style=\"display: none !important;\" class=\"akismet-fields-container\" data-prefix=\"ak_\"><label>&#916;<textarea name=\"ak_hp_textarea\" cols=\"45\" rows=\"8\" maxlength=\"100\"><\/textarea><\/label><input type=\"hidden\" id=\"ak_js_1\" name=\"ak_js\" value=\"234\"\/><script>document.getElementById( \"ak_js_1\" ).setAttribute( \"value\", ( new Date() ).getTime() );<\/script><\/p><\/form>\n                        <\/div><script>\ngform.initializeOnLoaded( function() {gformInitSpinner( 9, 'https:\/\/dekasvitamins.com\/wp-content\/plugins\/gravityforms\/images\/spinner.svg', true );jQuery('#gform_ajax_frame_9').on('load',function(){var contents = jQuery(this).contents().find('*').html();var is_postback = contents.indexOf('GF_AJAX_POSTBACK') >= 0;if(!is_postback){return;}var form_content = jQuery(this).contents().find('#gform_wrapper_9');var is_confirmation = jQuery(this).contents().find('#gform_confirmation_wrapper_9').length > 0;var is_redirect = contents.indexOf('gformRedirect(){') >= 0;var is_form = form_content.length > 0 && ! is_redirect && ! is_confirmation;var mt = parseInt(jQuery('html').css('margin-top'), 10) + parseInt(jQuery('body').css('margin-top'), 10) + 100;if(is_form){jQuery('#gform_wrapper_9').html(form_content.html());if(form_content.hasClass('gform_validation_error')){jQuery('#gform_wrapper_9').addClass('gform_validation_error');} else {jQuery('#gform_wrapper_9').removeClass('gform_validation_error');}setTimeout( function() { \/* delay the scroll by 50 milliseconds to fix a bug in chrome *\/  }, 50 );if(window['gformInitDatepicker']) {gformInitDatepicker();}if(window['gformInitPriceFields']) {gformInitPriceFields();}var current_page = jQuery('#gform_source_page_number_9').val();gformInitSpinner( 9, 'https:\/\/dekasvitamins.com\/wp-content\/plugins\/gravityforms\/images\/spinner.svg', true );jQuery(document).trigger('gform_page_loaded', [9, current_page]);window['gf_submitting_9'] = false;}else if(!is_redirect){var confirmation_content = jQuery(this).contents().find('.GF_AJAX_POSTBACK').html();if(!confirmation_content){confirmation_content = contents;}jQuery('#gform_wrapper_9').replaceWith(confirmation_content);jQuery(document).trigger('gform_confirmation_loaded', [9]);window['gf_submitting_9'] = false;wp.a11y.speak(jQuery('#gform_confirmation_message_9').text());}else{jQuery('#gform_9').append(contents);if(window['gformRedirect']) {gformRedirect();}}jQuery(document).trigger(\"gform_pre_post_render\", [{ formId: \"9\", currentPage: \"current_page\", abort: function() { this.preventDefault(); } }]);        if (event && event.defaultPrevented) {                return;        }        const gformWrapperDiv = document.getElementById( \"gform_wrapper_9\" );        if ( gformWrapperDiv ) {            const visibilitySpan = document.createElement( \"span\" );            visibilitySpan.id = \"gform_visibility_test_9\";            gformWrapperDiv.insertAdjacentElement( \"afterend\", visibilitySpan );        }        const visibilityTestDiv = document.getElementById( \"gform_visibility_test_9\" );        let postRenderFired = false;        function triggerPostRender() {            if ( postRenderFired ) {                return;            }            postRenderFired = true;            gform.core.triggerPostRenderEvents( 9, current_page );            if ( visibilityTestDiv ) {                visibilityTestDiv.parentNode.removeChild( visibilityTestDiv );            }        }        function debounce( func, wait, immediate ) {            var timeout;            return function() {                var context = this, args = arguments;                var later = function() {                    timeout = null;                    if ( !immediate ) func.apply( context, args );                };                var callNow = immediate && !timeout;                clearTimeout( timeout );                timeout = setTimeout( later, wait );                if ( callNow ) func.apply( context, args );            };        }        const debouncedTriggerPostRender = debounce( function() {            triggerPostRender();        }, 200 );        if ( visibilityTestDiv && visibilityTestDiv.offsetParent === null ) {            const observer = new MutationObserver( ( mutations ) => {                mutations.forEach( ( mutation ) => {                    if ( mutation.type === 'attributes' && visibilityTestDiv.offsetParent !== null ) {                        debouncedTriggerPostRender();                        observer.disconnect();                    }                });            });            observer.observe( document.body, {                attributes: true,                childList: false,                subtree: true,                attributeFilter: [ 'style', 'class' ],            });        } else {            triggerPostRender();        }    } );} );\n<\/script>\n\n<\/p>\n<p>DEKAs All-in-One Vitamine sind Lebensmittel f\u00fcr besondere medizinische Zwecke (bilanzierte Di\u00e4t) und sollten nur unter \u00e4rztlicher Aufsicht verwendet werden.<\/p>\n","protected":false},"excerpt":{"rendered":"<div class=\"entry-summary\">\n<div class=\"entry-summary\">\nDEKAs Produkte: Klinisch erprobt. Richtlinienkonform. Sehr absorbierbar. Geschmacksoptimiert. G\u00fcnstig. Patienten und besch\u00e4ftigte im Gesundheitswesen, d. h. Vertreter von Krankenh\u00e4usern, Apotheken, Vertriebspartner, Gro\u00dfh\u00e4ndler und \u00c4rzte, Ern\u00e4hrungsberater oder andere Besch\u00e4ftigte im Gesundheitswesen k\u00f6nnen uns gerne direkt kontaktieren. Wir stehen Ihnen f\u00fcr all&hellip;\n<\/div>\n<div class=\"link-more\"><a href=\"https:\/\/dekasvitamins.com\/de\/dekas-vitamine\/kontakt\/\" class=\"more-link\"><span class=\"screen-reader-text\"> &ldquo;Kontakt&rdquo;<\/span> weiterlesen\u00a0&hellip;<\/a><\/div>\n<\/div>\n<div class=\"link-more\"><a href=\"https:\/\/dekasvitamins.com\/de\/dekas-vitamine\/kontakt\/\" class=\"more-link\"><span class=\"screen-reader-text\"> &ldquo;Kontakt&rdquo;<\/span> weiterlesen\u00a0&hellip;<\/a><\/div>\n","protected":false},"author":2,"featured_media":0,"parent":6934,"menu_order":0,"comment_status":"closed","ping_status":"closed","template":"templates\/no-intro.php","meta":{"footnotes":""},"class_list":["post-6508","page","type-page","status-publish","hentry","entry"],"_links":{"self":[{"href":"https:\/\/dekasvitamins.com\/de\/wp-json\/wp\/v2\/pages\/6508","targetHints":{"allow":["GET"]}}],"collection":[{"href":"https:\/\/dekasvitamins.com\/de\/wp-json\/wp\/v2\/pages"}],"about":[{"href":"https:\/\/dekasvitamins.com\/de\/wp-json\/wp\/v2\/types\/page"}],"author":[{"embeddable":true,"href":"https:\/\/dekasvitamins.com\/de\/wp-json\/wp\/v2\/users\/2"}],"replies":[{"embeddable":true,"href":"https:\/\/dekasvitamins.com\/de\/wp-json\/wp\/v2\/comments?post=6508"}],"version-history":[{"count":8,"href":"https:\/\/dekasvitamins.com\/de\/wp-json\/wp\/v2\/pages\/6508\/revisions"}],"predecessor-version":[{"id":11260,"href":"https:\/\/dekasvitamins.com\/de\/wp-json\/wp\/v2\/pages\/6508\/revisions\/11260"}],"up":[{"embeddable":true,"href":"https:\/\/dekasvitamins.com\/de\/wp-json\/wp\/v2\/pages\/6934"}],"wp:attachment":[{"href":"https:\/\/dekasvitamins.com\/de\/wp-json\/wp\/v2\/media?parent=6508"}],"curies":[{"name":"wp","href":"https:\/\/api.w.org\/{rel}","templated":true}]}}