{"id":13881,"date":"2021-10-02T18:07:52","date_gmt":"2021-10-02T16:07:52","guid":{"rendered":"https:\/\/dekasvitamins.com\/vitamine\/cf-new-de\/"},"modified":"2025-05-09T15:22:05","modified_gmt":"2025-05-09T13:22:05","slug":"dekas-mukoviszidose","status":"publish","type":"page","link":"https:\/\/dekasvitamins.com\/de\/vitamine\/dekas-mukoviszidose\/","title":{"rendered":"DEKAs bei Mukoviszidose"},"content":{"rendered":"\n\n\t<h2>DEKAs f\u00fcr Patienten mit <strong> Mukoviszidose. <\/strong>Eine Auswahl von <strong>medizinischen All-in-One-Vitaminen <\/strong>f\u00fcr verschiedene Altersgruppen.<strong><br \/>\n<\/strong><\/h2>\n<p>&nbsp;<\/p>\n\t\t\t<a href=\"#offer\" target=\"_self\">\n\t\t\t\t\t\tW\u00e4hlen Sie Ihr <b>bestes Angebot<\/b>\n\t\t\t\t\t<\/a>\n\t\t\t\t<img loading=\"lazy\" decoding=\"async\" src=\"https:\/\/dekasvitamins.com\/wp-content\/uploads\/2021\/09\/DEKAs-CFallandersom-1-1024x1024.png\" alt=\"DEKAs CFallandersom\" itemprop=\"image\" height=\"1024\" width=\"1024\" title=\"DEKAs CFallandersom\" onerror=\"this.style.display='none'\"  \/>\n\t<h3>Klinisch gepr\u00fcft<\/h3>\n<p>DEKAs und AquADEKs basieren beide auf einer klinisch gepr\u00fcften Freisetzungs-Technologie, die die Aufnahme von Vitamin D, E, K und A verbessert.<\/p>\n<p>DEKAs wurde optimiert f\u00fcr die <a href=\"https:\/\/dekasvitamins.com\/wp-content\/uploads\/2018\/01\/Hyperlink-1-CF-ECFS-Guidelines.pdf\" target=\"_blank\" rel=\"noopener\">EU-Richtlinien f\u00fcr Mukoviszidose<\/a>, daher enth\u00e4lt es mehr Vitamin D und K.<\/p>\n<ul>\n<li>In der EU als \u201eLebensmittel f\u00fcr besondere medizinische Zwecke&#8220; registriert<\/li>\n<\/ul>\n\t<iframe loading=\"lazy\" width=\"560\" height=\"315\" src=\"https:\/\/www.youtube.com\/embed\/T6WLAf9IqIM\" frameborder=\"0\" allow=\"accelerometer; autoplay; clipboard-write; encrypted-media; gyroscope; picture-in-picture\" allowfullscreen><\/iframe>\n\t\t\t\t<img loading=\"lazy\" decoding=\"async\" src=\"https:\/\/dekasvitamins.com\/wp-content\/uploads\/2020\/08\/clinically-tested-DU.png\" alt=\"clinically tested DU\" itemprop=\"image\" height=\"452\" width=\"1006\" title=\"clinically tested DU\" onerror=\"this.style.display='none'\"  \/>\n\t<h2>W\u00e4hlen Sie Ihr <b>bestes Angebot<\/b><\/h2>\n\t\t\t\t<a href=\"https:\/\/dekasvitamins.com\/de\/produkt\/dekas-plus-fluessig-vitamine-fuer-mukoviszidose\/\"  target=\"_self\" itemprop=\"url\">\n\t\t\t\t<img loading=\"lazy\" decoding=\"async\" src=\"https:\/\/dekasvitamins.com\/wp-content\/uploads\/2023\/08\/DEKAsPlusLiquid_Bottle-155x300.png\" alt=\"DEKAsPlusLiquid_Bottle\" itemprop=\"image\" height=\"300\" width=\"155\" title=\"DEKAsPlusLiquid_Bottle\" onerror=\"this.style.display='none'\"  \/>\n\t\t\t\t<\/a>\n\t<h4><strong>DEKAs Plus Fl\u00fcssig<\/strong><\/h4>\n<p>Die nicht \u00f6lige Fl\u00fcssigkeit mit Orange-Pfirsich-Mango-Geschmack ist angenehm f\u00fcr Babys und Kinder von 0 &#8211; 3 Jahren und alle, die keine Tabletten oder Kapseln einnehmen m\u00f6chten. Enth\u00e4lt auch Mineralien, Antioxidantien und Vitamine B &amp; C.<\/p>\n\t\t\t\t<a href=\"https:\/\/dekasvitamins.com\/de\/produkt\/dekas-plus-weichkapseln-vitamine-fuer-mukoviszidose\/\"  target=\"_self\" itemprop=\"url\">\n\t\t\t\t<img loading=\"lazy\" decoding=\"async\" src=\"https:\/\/dekasvitamins.com\/wp-content\/uploads\/2023\/08\/DEKAsPlusSoftgels_Bottle-236x300.png\" alt=\"DEKAsPlusSoftgels_Bottle\" itemprop=\"image\" height=\"300\" width=\"236\" title=\"DEKAsPlusSoftgels_Bottle\" onerror=\"this.style.display='none'\"  \/>\n\t\t\t\t<\/a>\n\t<h4><strong>DEKAs Plus Weichkapseln<\/strong><\/h4>\n<p>Schokoladenfarbene Weichkapseln, geeignet f\u00fcr Patienten ab 10 Jahren. Reich an Vitamin D<sub>3<\/sub>. Enth\u00e4lt auch Mineralien, Antioxidantien und Vitamine B &amp; C.<\/p>\n\t\t\t\t<a href=\"https:\/\/dekasvitamins.com\/de\/produkt\/dekas-essential-kapseln-vitamine\/\"  target=\"_self\" itemprop=\"url\">\n\t\t\t\t<img loading=\"lazy\" decoding=\"async\" src=\"https:\/\/dekasvitamins.com\/wp-content\/uploads\/2023\/08\/DEKAsEssentialCapsules_Bottle-236x300.png\" alt=\"DEKAsEssentialCapsules_Bottle\" itemprop=\"image\" height=\"300\" width=\"236\" title=\"DEKAsEssentialCapsules_Bottle\" onerror=\"this.style.display='none'\"  \/>\n\t\t\t\t<\/a>\n\t<h4><strong>DEKAs Essential Kapseln<\/strong><\/h4>\n<p>Kleine Kapseln, die nur die fettl\u00f6slichen Vitamine A, D, E &amp; K. Enthalten keine Mineralien, Antioxidantien oder Vitamine B &amp; C.<\/p>\n\t\t\t\t<a href=\"https:\/\/dekasvitamins.com\/de\/produkt\/dekas-essential-kapseln-vitamine\/\"  target=\"_self\" itemprop=\"url\">\n\t\t\t\t<img loading=\"lazy\" decoding=\"async\" src=\"https:\/\/dekasvitamins.com\/wp-content\/uploads\/2023\/08\/DEKAsPlusChewable_Bottle.png\" alt=\"DEKAsPlusChewable_Bottle\" itemprop=\"image\" height=\"1699\" width=\"1338\" title=\"DEKAsPlusChewable_Bottle\" onerror=\"this.style.display='none'\"  \/>\n\t\t\t\t<\/a>\n\t<h4><strong>DEKAs Plus Kautabletten<\/strong><\/h4>\n<p>Kautabletten mit Pfirsichgeschmack f\u00fcr Patienten ab 4 Jahren. Enth\u00e4lt auch Mineralien, Antioxidantien und Vitamine B &amp; C.<\/p>\n\t<p>DEKAs wurde von <a href=\"https:\/\/dekasvitamins.com\/de\/uber\/\" target=\"_blank\" rel=\"noreferrer noopener\">dem Expertenteam von DEKAsvitamins.com<\/a> entwickelt und ist basierend auf einem <a href=\"https:\/\/dekasvitamins.com\/wp-content\/uploads\/2018\/01\/Hyperlink-5-CF-Papas-1.pdf\" target=\"_blank\" rel=\"noreferrer noopener\"> klinisch getestete Absorptionstechnologie<\/a>.<\/p>\n<p><strong>DEKAs All-in-One-Vitamine<\/strong> f\u00fcr Patienten mit Mukoviszidose machen es sehr einfach, alle Vitamine und Mineralstoffe zu sich zu nehmen, die Sie brauchen. DEKAs CF-Vitamine gibt es in 4 verschiedenen Formen, angepasst an Ihr Alter, Ihre Vorlieben und die neuesten <a href=\"https:\/\/dekasvitamins.com\/wp-content\/uploads\/2018\/01\/Hyperlink-1-CF-ECFS-Guidelines.pdf\" target=\"_blank\" rel=\"noreferrer noopener\">Europ\u00e4ische CF-Ern\u00e4hrungsrichtlinien<\/a>.<\/p>\n\t\t\t\t<a href=\"https:\/\/dekasvitamins.com\/wp-content\/uploads\/2025\/03\/DEKAs_brochure_CF_V6_Nov2023_turnpage_light.pdf\"  target=\"_blank\" rel=\"noopener\"  itemprop=\"url\">\n\t\t\t\t<img loading=\"lazy\" decoding=\"async\" src=\"https:\/\/dekasvitamins.com\/wp-content\/uploads\/2025\/03\/CF-brochure-2023.png\" alt=\"CF brochure 2023\" itemprop=\"image\" height=\"908\" width=\"641\" title=\"CF brochure 2023\" onerror=\"this.style.display='none'\"  \/>\n\t\t\t\t<\/a>\n\n","protected":false},"excerpt":{"rendered":"<div class=\"entry-summary\">\n<div class=\"entry-summary\">\nDEKAs f\u00fcr Patienten mit Mukoviszidose. Eine Auswahl von medizinischen All-in-One-Vitaminen f\u00fcr verschiedene Altersgruppen. &nbsp; W\u00e4hlen Sie Ihr bestes Angebot Klinisch gepr\u00fcft DEKAs und AquADEKs basieren beide auf einer klinisch gepr\u00fcften Freisetzungs-Technologie, die die Aufnahme von Vitamin D, E, K und&hellip;\n<\/div>\n<div class=\"link-more\"><a href=\"https:\/\/dekasvitamins.com\/de\/vitamine\/dekas-mukoviszidose\/\" class=\"more-link\"><span class=\"screen-reader-text\"> &ldquo;DEKAs bei Mukoviszidose&rdquo;<\/span> weiterlesen\u00a0&hellip;<\/a><\/div>\n<\/div>\n<div class=\"link-more\"><a href=\"https:\/\/dekasvitamins.com\/de\/vitamine\/dekas-mukoviszidose\/\" class=\"more-link\"><span class=\"screen-reader-text\"> &ldquo;DEKAs bei Mukoviszidose&rdquo;<\/span> weiterlesen\u00a0&hellip;<\/a><\/div>\n","protected":false},"author":1545,"featured_media":0,"parent":6513,"menu_order":0,"comment_status":"closed","ping_status":"closed","template":"templates\/no-intro.php","meta":{"footnotes":""},"class_list":["post-13881","page","type-page","status-publish","hentry","entry"],"_links":{"self":[{"href":"https:\/\/dekasvitamins.com\/de\/wp-json\/wp\/v2\/pages\/13881","targetHints":{"allow":["GET"]}}],"collection":[{"href":"https:\/\/dekasvitamins.com\/de\/wp-json\/wp\/v2\/pages"}],"about":[{"href":"https:\/\/dekasvitamins.com\/de\/wp-json\/wp\/v2\/types\/page"}],"author":[{"embeddable":true,"href":"https:\/\/dekasvitamins.com\/de\/wp-json\/wp\/v2\/users\/1545"}],"replies":[{"embeddable":true,"href":"https:\/\/dekasvitamins.com\/de\/wp-json\/wp\/v2\/comments?post=13881"}],"version-history":[{"count":22,"href":"https:\/\/dekasvitamins.com\/de\/wp-json\/wp\/v2\/pages\/13881\/revisions"}],"predecessor-version":[{"id":17832,"href":"https:\/\/dekasvitamins.com\/de\/wp-json\/wp\/v2\/pages\/13881\/revisions\/17832"}],"up":[{"embeddable":true,"href":"https:\/\/dekasvitamins.com\/de\/wp-json\/wp\/v2\/pages\/6513"}],"wp:attachment":[{"href":"https:\/\/dekasvitamins.com\/de\/wp-json\/wp\/v2\/media?parent=13881"}],"curies":[{"name":"wp","href":"https:\/\/api.w.org\/{rel}","templated":true}]}}