{"id":13863,"date":"2021-10-02T16:13:35","date_gmt":"2021-10-02T14:13:35","guid":{"rendered":"https:\/\/dekasvitamins.com\/vitamine\/cld-new-de\/"},"modified":"2025-03-27T19:46:27","modified_gmt":"2025-03-27T18:46:27","slug":"dekas-bei-cholestatischer-lebererkraenkung","status":"publish","type":"page","link":"https:\/\/dekasvitamins.com\/de\/vitamine\/dekas-bei-cholestatischer-lebererkraenkung\/","title":{"rendered":"DEKAs bei Cholestatischer Lebererkr\u00e4nkung"},"content":{"rendered":"\n\n\t<h2>Vollst\u00e4ndige Supplementierung aller 4 fettl\u00f6slichen Vitamine bei <strong>Cholestatischer Lebererkrankung <\/strong>durch verbesserte Absorption mit TPGS (Tocofersolan).<\/h2>\n<p>&nbsp;<\/p>\n\t\t\t<a href=\"#offer\" target=\"_blank\" rel=\"noopener\">\n\t\t\t\t\t\tW\u00e4hlen Sie Ihr <b>bestes Angebot<\/b>\n\t\t\t\t\t<\/a>\n\t\t\t\t<img loading=\"lazy\" decoding=\"async\" src=\"https:\/\/dekasvitamins.com\/wp-content\/uploads\/2020\/12\/DEKAsCholestatic-Ess-E.png\" alt=\"DEKAsCholestatic Ess E\" itemprop=\"image\" height=\"600\" width=\"600\" title=\"DEKAsCholestatic Ess E\" onerror=\"this.style.display='none'\"  \/>\n\t<h3>Klinisch gepr\u00fcft<\/h3>\n<p>DEKAs Essential Liquid und DEKAs Aqua E basieren beide auf TPGS (Tocofersolan) f\u00fcr eine verbesserte Aufnahme bei Cholestase, wenn es kein, oder kaum, Galle gibt. Sie k\u00f6nnen <strong>DEKAs Essential Liquid<\/strong> und <strong>DEKAs Aqua-E<\/strong> nach Ihren spezifischen Bed\u00fcrfnissen kombinieren.<\/p>\n<p><em>DEKAs Vitamine sind bei cholestatischer Lebererkrankung erheblich g\u00fcnstiger als andere Vitamine mit TPGS (Tocofersolan).<\/em><\/p>\n<ul>\n<li>In der EU als \u201eLebensmittel f\u00fcr besondere medizinische Zwecke&#8220; registriert<\/li>\n<\/ul>\n\t<iframe loading=\"lazy\" width=\"560\" height=\"315\" src=\"https:\/\/www.youtube.com\/embed\/T6WLAf9IqIM\" frameborder=\"0\" allow=\"accelerometer; autoplay; clipboard-write; encrypted-media; gyroscope; picture-in-picture\" allowfullscreen><\/iframe>\n\t\t\t\t<img loading=\"lazy\" decoding=\"async\" src=\"https:\/\/dekasvitamins.com\/wp-content\/uploads\/2020\/08\/clinically-tested-DU.png\" alt=\"clinically tested DU\" itemprop=\"image\" height=\"452\" width=\"1006\" title=\"clinically tested DU\" onerror=\"this.style.display='none'\"  \/>\n\t<h2>W\u00e4hlen Sie Ihr<b>bestes Angebot<\/b><\/h2>\n\t<h3>Rabatte f\u00fcr regelm\u00e4\u00dfige Kunden<\/h3>\n<p><em><strong>Mindestens drei Pakete pro Bestellung.<\/strong> Alle Kombinationen erlaubt.<\/em><\/p>\n<p>Bei gleichzeitiger Bestellung mehrerer Pakete gew\u00e4hren wir Rabatte:<\/p>\n<ul>\n<li>20% Gesamtrabatt f\u00fcr 3 Pakete<\/li>\n<li>22,5% f\u00fcr 4 Pakete<\/li>\n<li>2% f\u00fcr 5 oder mehr Pakete<\/li>\n<\/ul>\n<p>F\u00fcr DEKAs Essential Liquid betr\u00e4gt die maximale Bestellmenge 3 Pakete, da Sie dieses Produkt beim Kauf in der Regel innerhalb von 6 Monaten verbrauchen m\u00fcssen.<\/p>\n<em>Preise sind Nettopreise zzgl. MwSt., Versand und Zoll.<br \/>\n<\/em>\n\t\t\t\t<a href=\"https:\/\/dekasvitamins.com\/de\/produkt\/dekas-aqua-e-cholestase-lebererkrankung-vitamine\/\"  target=\"_self\" itemprop=\"url\">\n\t\t\t\t<img loading=\"lazy\" decoding=\"async\" src=\"https:\/\/dekasvitamins.com\/wp-content\/uploads\/2023\/08\/DEKAsAqua-E_Bottle-155x300.png\" alt=\"DEKAsAqua-E_Bottle\" itemprop=\"image\" height=\"300\" width=\"155\" title=\"DEKAsAqua-E_Bottle\" onerror=\"this.style.display='none'\"  \/>\n\t\t\t\t<\/a>\n\t<h4><strong>DEKAs Aqua-E Fl\u00fcssig<\/strong><\/h4>\n<p>Neutral schmeckende, nicht \u00f6lige Fl\u00fcssigkeit. Enth\u00e4lt hoch resorbierbares wasserl\u00f6sliches Vitamin E (als Tocofersolan oder TPGS).<\/p>\n\t\t\t<a href=\"https:\/\/dekasvitamins.com\/de\/?add-to-cart=7037&#038;quantity=3\" target=\"_blank\" rel=\"noopener\">\n\t\t\t\t\t\t<b>Drei<\/b> f\u00fcr <del>220,95\u20ac<\/del> <b>176,76\u20ac<\/b>\n\t\t\t\t\t<\/a>\n\t\t\t<a href=\"https:\/\/dekasvitamins.com\/de\/?add-to-cart=7037&#038;quantity=4\" target=\"_blank\" rel=\"noopener\">\n\t\t\t\t\t\t<b>Vier<\/b> f\u00fcr <del>294,60\u20ac<\/del> <b>228,32\u20ac<\/b>\n\t\t\t\t\t<\/a>\n\t\t\t<a href=\"https:\/\/dekasvitamins.com\/de\/?add-to-cart=7037&#038;quantity=5\" target=\"_blank\" rel=\"noopener\">\n\t\t\t\t\t\t<b>F\u00fcnf<\/b> f\u00fcr <del>368,25\u20ac<\/del> <b>276,20\u20ac<\/b>\n\t\t\t\t\t<\/a>\n\t\t\t\t<a href=\"https:\/\/dekasvitamins.com\/de\/produkt\/dekas-essential-flussig-cholestase\/\"  target=\"_self\" itemprop=\"url\">\n\t\t\t\t<img loading=\"lazy\" decoding=\"async\" src=\"https:\/\/dekasvitamins.com\/wp-content\/uploads\/2023\/08\/DEKAsEssentialLiquid_Bottle-155x300.png\" alt=\"DEKAsEssentialLiquid_Bottle\" itemprop=\"image\" height=\"300\" width=\"155\" title=\"DEKAsEssentialLiquid_Bottle\" onerror=\"this.style.display='none'\"  \/>\n\t\t\t\t<\/a>\n\t<h4><strong>DEKAs Essential Fl\u00fcssig<\/strong><\/h4>\n<p>Fl\u00fcssigkeit mit angenehmes Beerengeschmack. Hochkonzentrierte All-in-One-Kombination von Vitamine D, E (als Tocofersolan oder TPGS), K und A. Hochresorbierbar.<\/p>\n\t\t\t<a href=\"https:\/\/dekasvitamins.com\/de\/?add-to-cart=7035&#038;quantity=3\" target=\"_blank\" rel=\"noopener\">\n\t\t\t\t\t\t<b>Drei<\/b> f\u00fcr <del>239,85\u20ac<\/del> <b>191,88\u20ac<\/b>\n\t\t\t\t\t<\/a>\n\t<p><strong>DEKAs Essential liquid <\/strong>und <strong>DEKAs Aqua-E<\/strong> sind Vitamine, die speziell f\u00fcr Patienten mit cholestatischer Lebererkrankung zusammengestellt wurden. Sie enthalten Tocofersolan, die spezielle wasserl\u00f6sliche Form von Vitamin E*, die von den <a href=\"https:\/\/dekasvitamins.com\/wp-content\/uploads\/2018\/01\/Hyperlink-3-ESPEN-CLD-Guidelines.pdf\" target=\"_blank\" rel=\"noreferrer noopener\">Europ\u00e4ische Ern\u00e4hrungsrichtlinien<\/a>.<\/p>\n<p><em>*) Tocofersolan ist auch als Vitamin E-TPGS oder TPGS bekannt<\/em><\/p>\n\t\t\t\t<a href=\"https:\/\/dekasvitamins.com\/wp-content\/uploads\/2025\/03\/DEKAs_brochure_CLD_v5_Nov2023_turnpage_light-gecomprimeerd.pdf\"  target=\"_blank\" rel=\"noopener\"  itemprop=\"url\">\n\t\t\t\t<img loading=\"lazy\" decoding=\"async\" src=\"https:\/\/dekasvitamins.com\/wp-content\/uploads\/2025\/03\/CLD-brochure-2023-722x1024.png\" alt=\"CLD brochure 2023\" itemprop=\"image\" height=\"1024\" width=\"722\" title=\"CLD brochure 2023\" onerror=\"this.style.display='none'\"  \/>\n\t\t\t\t<\/a>\n\n","protected":false},"excerpt":{"rendered":"<div class=\"entry-summary\">\n<div class=\"entry-summary\">\nVollst\u00e4ndige Supplementierung aller 4 fettl\u00f6slichen Vitamine bei Cholestatischer Lebererkrankung durch verbesserte Absorption mit TPGS (Tocofersolan). &nbsp; W\u00e4hlen Sie Ihr bestes Angebot Klinisch gepr\u00fcft DEKAs Essential Liquid und DEKAs Aqua E basieren beide auf TPGS (Tocofersolan) f\u00fcr eine verbesserte Aufnahme bei&hellip;\n<\/div>\n<div class=\"link-more\"><a href=\"https:\/\/dekasvitamins.com\/de\/vitamine\/dekas-bei-cholestatischer-lebererkraenkung\/\" class=\"more-link\"><span class=\"screen-reader-text\"> &ldquo;DEKAs bei Cholestatischer Lebererkr\u00e4nkung&rdquo;<\/span> weiterlesen\u00a0&hellip;<\/a><\/div>\n<\/div>\n<div class=\"link-more\"><a href=\"https:\/\/dekasvitamins.com\/de\/vitamine\/dekas-bei-cholestatischer-lebererkraenkung\/\" class=\"more-link\"><span class=\"screen-reader-text\"> &ldquo;DEKAs bei Cholestatischer Lebererkr\u00e4nkung&rdquo;<\/span> weiterlesen\u00a0&hellip;<\/a><\/div>\n","protected":false},"author":1545,"featured_media":0,"parent":6513,"menu_order":0,"comment_status":"closed","ping_status":"closed","template":"templates\/no-intro.php","meta":{"footnotes":""},"class_list":["post-13863","page","type-page","status-publish","hentry","entry"],"_links":{"self":[{"href":"https:\/\/dekasvitamins.com\/de\/wp-json\/wp\/v2\/pages\/13863","targetHints":{"allow":["GET"]}}],"collection":[{"href":"https:\/\/dekasvitamins.com\/de\/wp-json\/wp\/v2\/pages"}],"about":[{"href":"https:\/\/dekasvitamins.com\/de\/wp-json\/wp\/v2\/types\/page"}],"author":[{"embeddable":true,"href":"https:\/\/dekasvitamins.com\/de\/wp-json\/wp\/v2\/users\/1545"}],"replies":[{"embeddable":true,"href":"https:\/\/dekasvitamins.com\/de\/wp-json\/wp\/v2\/comments?post=13863"}],"version-history":[{"count":26,"href":"https:\/\/dekasvitamins.com\/de\/wp-json\/wp\/v2\/pages\/13863\/revisions"}],"predecessor-version":[{"id":17761,"href":"https:\/\/dekasvitamins.com\/de\/wp-json\/wp\/v2\/pages\/13863\/revisions\/17761"}],"up":[{"embeddable":true,"href":"https:\/\/dekasvitamins.com\/de\/wp-json\/wp\/v2\/pages\/6513"}],"wp:attachment":[{"href":"https:\/\/dekasvitamins.com\/de\/wp-json\/wp\/v2\/media?parent=13863"}],"curies":[{"name":"wp","href":"https:\/\/api.w.org\/{rel}","templated":true}]}}