{"id":13362,"date":"2021-07-16T11:39:12","date_gmt":"2021-07-16T09:39:12","guid":{"rendered":"https:\/\/dekasvitamins.com\/dekas-vitamine\/aquadeks\/"},"modified":"2021-09-08T13:26:38","modified_gmt":"2021-09-08T11:26:38","slug":"aquadeks","status":"publish","type":"page","link":"https:\/\/dekasvitamins.com\/de\/dekas-vitamine\/aquadeks\/","title":{"rendered":"AquADEKs"},"content":{"rendered":"\n\n\t\t\t\t<a href=\"http:\/\/dekasvitamins.vandalencommunicatie.com\/de\/\" target=\"_self\" rel=\"nofollow noopener\" itemprop=\"url\">\n\t\t\t\t<img loading=\"lazy\" decoding=\"async\" src=\"http:\/\/dekasvitamins.vandalencommunicatie.com\/wp-content\/uploads\/2019\/01\/Untitled-1-e1573569573352.png\" alt=\"dekas vitamins full logo\" itemprop=\"image\" height=\"171\" width=\"1003\" title=\"dekas vitamins full logo\" onerror=\"this.style.display='none'\"  \/>\n\t\t\t\t<\/a>\n\t<h2><strong>DEKAs All-in-One medizinische Multivitamine<\/strong><\/h2>\n\t<h2><strong>AquADEKs<\/strong> ist in Europa nicht mehr erh\u00e4ltlich. Die Designer von AquADEKs haben die Alternative geschaffen:  <strong>DEKAs<\/strong>.<\/h2>\n\t\t\t\t<img loading=\"lazy\" decoding=\"async\" src=\"http:\/\/dekasvitamins.vandalencommunicatie.com\/wp-content\/uploads\/2020\/03\/DEKAsCF-all-e1586428396845.png\" alt=\"DEKAsCF-all\" itemprop=\"image\" height=\"400\" width=\"600\" title=\"DEKAsCF-all\" onerror=\"this.style.display='none'\"  \/>\n\t<h3>Klinisch getestet<\/h3>\n<p><a href=\"http:\/\/dekasvitamins.vandalencommunicatie.com\/de\/vitamine\/\"><img loading=\"lazy\" decoding=\"async\" src=\"http:\/\/dekasvitamins.vandalencommunicatie.com\/wp-content\/uploads\/2020\/08\/clinically-tested-DU.png\" alt=\"\" width=\"177\" height=\"80\" \/><\/a> DEKAs und AquADEKs basieren auf das gleiche klinisch getestete Absorptionssystem, um die Aufnahme von Vitamin D, E, K und A zu erh\u00f6hen.<\/p>\n<p>DEKAs wurde f\u00fcr die <a href=\"http:\/\/dekasvitamins.vandalencommunicatie.com\/wp-content\/uploads\/2018\/01\/Hyperlink-1-CF-ECFS-Guidelines.pdf\" target=\"_blank\" rel=\"noopener\">EU-Richtlinien<\/a> f\u00fcr Mukoviszidose optimiert, daher enth\u00e4lt es mehr Vitamin D und K.<\/p>\n<ul>\n<li>EU-registriert als \u201eLebensmittel f\u00fcr besondere medizinische Zwecke&#8220;<\/li>\n<\/ul>\n\t<meta itemprop=\"url\" content=\"http:\/\/dekasvitamins.vandalencommunicatie.com\/wp-content\/uploads\/2019\/07\/DEKAsAbsorptionTechnologyGermansubtitles.mp4\" \/><div style=\"width: 640px;\" class=\"wp-video\"><video class=\"wp-video-shortcode\" id=\"video-13362-1\" width=\"640\" height=\"360\" preload=\"metadata\" controls=\"controls\"><source type=\"video\/mp4\" src=\"http:\/\/dekasvitamins.vandalencommunicatie.com\/wp-content\/uploads\/2019\/07\/DEKAsAbsorptionTechnologyGermansubtitles.mp4?_=1\" \/><a href=\"http:\/\/dekasvitamins.vandalencommunicatie.com\/wp-content\/uploads\/2019\/07\/DEKAsAbsorptionTechnologyGermansubtitles.mp4\">http:\/\/dekasvitamins.vandalencommunicatie.com\/wp-content\/uploads\/2019\/07\/DEKAsAbsorptionTechnologyGermansubtitles.mp4<\/a><\/video><\/div>\n\t<h2>W\u00e4hlen Sie Ihr <strong>bestes Angebot<br \/>\n<\/strong><\/h2>\n\t\t\t\t<a href=\"http:\/\/dekasvitamins.vandalencommunicatie.com\/?add-to-cart=2552\" target=\"_self\" itemprop=\"url\" rel=\"noopener\">\n\t\t\t\t<img loading=\"lazy\" decoding=\"async\" src=\"http:\/\/dekasvitamins.vandalencommunicatie.com\/wp-content\/uploads\/2016\/03\/DEKAsPlus-softgels-e1586428793790.png\" alt=\"DEKAsPlus softgels\" itemprop=\"image\" height=\"600\" width=\"600\" title=\"DEKAsPlus softgels\" onerror=\"this.style.display='none'\"  \/>\n\t\t\t\t<\/a>\n\t<h4>Weichkapseln<\/h4>\n<p>Schokoladenfarbene Softgels f\u00fcr Patienten ab 4 Jahren. Reich an Vitamin D3.<\/p>\n<h4><a href=\"http:\/\/dekasvitamins.vandalencommunicatie.com\/?add-to-cart=2552\">In den warenkorb<br \/>\n\u20ac 54,95<\/a><\/h4>\n\t\t\t\t<a href=\"http:\/\/dekasvitamins.vandalencommunicatie.com\/?add-to-cart=163\" target=\"_self\" itemprop=\"url\" rel=\"noopener\">\n\t\t\t\t<img loading=\"lazy\" decoding=\"async\" src=\"http:\/\/dekasvitamins.vandalencommunicatie.com\/wp-content\/uploads\/2016\/03\/DEKAsPlus-liquid-e1586428815612.png\" alt=\"DEKAsPlus liquid\" itemprop=\"image\" height=\"600\" width=\"600\" title=\"DEKAsPlus liquid\" onerror=\"this.style.display='none'\"  \/>\n\t\t\t\t<\/a>\n\t<h4>Fl\u00fcssig<\/h4>\n<p>Die nicht \u00f6lige Fl\u00fcssig mit Pfirsich-Mango-Geschmack ist f\u00fcr Babys und Kinder von 0 &#8211; 3 Jahren angenehm einzunehmen.<\/p>\n<h4><a href=\"http:\/\/dekasvitamins.vandalencommunicatie.com\/?add-to-cart=163\">In den warenkorb<br \/>\n\u20ac 44,95<\/a><\/h4>\n\t\t\t\t<a href=\"http:\/\/dekasvitamins.vandalencommunicatie.com\/?add-to-cart=2766\" target=\"_self\" itemprop=\"url\" rel=\"noopener\">\n\t\t\t\t<img loading=\"lazy\" decoding=\"async\" src=\"http:\/\/dekasvitamins.vandalencommunicatie.com\/wp-content\/uploads\/2017\/01\/DEKAsPlus-tablets-1-e1586427981294.png\" alt=\"DEKAsPlus tablets\" itemprop=\"image\" height=\"600\" width=\"600\" title=\"DEKAsPlus tablets\" onerror=\"this.style.display='none'\"  \/>\n\t\t\t\t<\/a>\n\t<h4>Kautabletten<\/h4>\n<p>Kautabletten mit Pfirsichgeschmack f\u00fcr Patienten ab 4 Jahren.<\/p>\n<h4><a href=\"http:\/\/dekasvitamins.vandalencommunicatie.com\/?add-to-cart=2766\">In den warenkorb<br \/>\n\u20ac 54,95<\/a><\/h4>\n\t\t\t\t<img loading=\"lazy\" decoding=\"async\" src=\"http:\/\/dekasvitamins.vandalencommunicatie.com\/wp-content\/uploads\/2019\/01\/Untitled-1-e1573569573352.png\" alt=\"dekas vitamins full logo\" itemprop=\"image\" height=\"171\" width=\"1003\" title=\"dekas vitamins full logo\" onerror=\"this.style.display='none'\"  \/>\n\n","protected":false},"excerpt":{"rendered":"<div class=\"entry-summary\">\n<div class=\"entry-summary\">\nDEKAs All-in-One medizinische Multivitamine AquADEKs ist in Europa nicht mehr erh\u00e4ltlich. Die Designer von AquADEKs haben die Alternative geschaffen: DEKAs. Klinisch getestet DEKAs und AquADEKs basieren auf das gleiche klinisch getestete Absorptionssystem, um die Aufnahme von Vitamin D, E, K&hellip;\n<\/div>\n<div class=\"link-more\"><a href=\"https:\/\/dekasvitamins.com\/de\/dekas-vitamine\/aquadeks\/\" class=\"more-link\"><span class=\"screen-reader-text\"> &ldquo;AquADEKs&rdquo;<\/span> weiterlesen\u00a0&hellip;<\/a><\/div>\n<\/div>\n<div class=\"link-more\"><a href=\"https:\/\/dekasvitamins.com\/de\/dekas-vitamine\/aquadeks\/\" class=\"more-link\"><span class=\"screen-reader-text\"> &ldquo;AquADEKs&rdquo;<\/span> weiterlesen\u00a0&hellip;<\/a><\/div>\n","protected":false},"author":1545,"featured_media":0,"parent":6934,"menu_order":0,"comment_status":"closed","ping_status":"closed","template":"templates\/blank.php","meta":{"footnotes":""},"class_list":["post-13362","page","type-page","status-publish","hentry","entry"],"_links":{"self":[{"href":"https:\/\/dekasvitamins.com\/de\/wp-json\/wp\/v2\/pages\/13362","targetHints":{"allow":["GET"]}}],"collection":[{"href":"https:\/\/dekasvitamins.com\/de\/wp-json\/wp\/v2\/pages"}],"about":[{"href":"https:\/\/dekasvitamins.com\/de\/wp-json\/wp\/v2\/types\/page"}],"author":[{"embeddable":true,"href":"https:\/\/dekasvitamins.com\/de\/wp-json\/wp\/v2\/users\/1545"}],"replies":[{"embeddable":true,"href":"https:\/\/dekasvitamins.com\/de\/wp-json\/wp\/v2\/comments?post=13362"}],"version-history":[{"count":6,"href":"https:\/\/dekasvitamins.com\/de\/wp-json\/wp\/v2\/pages\/13362\/revisions"}],"predecessor-version":[{"id":13558,"href":"https:\/\/dekasvitamins.com\/de\/wp-json\/wp\/v2\/pages\/13362\/revisions\/13558"}],"up":[{"embeddable":true,"href":"https:\/\/dekasvitamins.com\/de\/wp-json\/wp\/v2\/pages\/6934"}],"wp:attachment":[{"href":"https:\/\/dekasvitamins.com\/de\/wp-json\/wp\/v2\/media?parent=13362"}],"curies":[{"name":"wp","href":"https:\/\/api.w.org\/{rel}","templated":true}]}}