{"id":12938,"date":"2021-05-31T11:10:42","date_gmt":"2021-05-31T09:10:42","guid":{"rendered":"https:\/\/dekasvitamins.com\/?page_id=12938"},"modified":"2021-06-08T15:13:44","modified_gmt":"2021-06-08T13:13:44","slug":"welche-vitamine-nach-magenbypass","status":"publish","type":"page","link":"https:\/\/dekasvitamins.com\/de\/dekas-vitamine\/welche-vitamine-nach-magenbypass\/","title":{"rendered":"Welche vitamine nach Magenbypass?"},"content":{"rendered":"\n\n\t\t\t\t<a href=\"http:\/\/dekasvitamins.vandalencommunicatie.com\/all-in-one-medical-vitamins\/dekas-bariatric\/\" target=\"_self\" rel=\"nofollow noopener\" itemprop=\"url\">\n\t\t\t\t<img loading=\"lazy\" decoding=\"async\" src=\"http:\/\/dekasvitamins.vandalencommunicatie.com\/wp-content\/uploads\/2019\/01\/Untitled-1-e1573569573352.png\" alt=\"dekas vitamins full logo\" itemprop=\"image\" height=\"171\" width=\"1003\" title=\"dekas vitamins full logo\" onerror=\"this.style.display='none'\"  \/>\n\t\t\t\t<\/a>\n\t<h2><strong>Welche Vitamine nach Magenbypass?<br \/>\n<\/strong><\/h2>\n\t<h2>Nach einer Magenbypass Operation ben\u00f6tigen Sie zus\u00e4tzliche Vitamine und Mineralien.<br \/>\n<strong>Welche und wie?<br \/>\n<\/strong><\/h2>\n\t<figure><video controls src=\"http:\/\/dekasvitamins.vandalencommunicatie.com\/wp-content\/uploads\/2019\/07\/DEKAsBariatricVideoGermansubtitles.mp4\"><\/video><\/figure>\n\t\n<p>Ihr K\u00f6rper braucht eine gesunde Tagesdosis verschiedener Vitamine und Mineralstoffe. Nach einer Magenbypass-Operation ist die F\u00e4higkeit Ihres Magens, diese aus Ihrer Nahrung aufzunehmen, ver\u00e4ndert.<\/p>\nSupplemente mit Vitaminen und Mineralstoffen m\u00fcssen auch diese H\u00fcrde nehmen. <strong>Die Wahl des richtigen Magenbypass Multivitamins ist daher sehr wichtig. <\/strong>Welche vitamine nach Magenbypass brauchen Sie?<strong><br \/>\n<\/strong>\n\t<h2>Ihre Di\u00e4t nach Magenbypass bleibt wichtig.<\/h2>\n\t<h3><a id=\"ingredients\"><\/a> Die Vitamine und Mineralien, die Sie ben\u00f6tigen<\/h3>\n<p>An verschiedenen Instituten wurde geforscht, welche Vitamine Sie nach einem Magenbypass ben\u00f6tigen. Diese auswahl wurde von den ASMBS (Amerikanische Gesellschaft f\u00fcr metabolische und bariatrische Chirurgie) getroffen. Jetzt sehen Sie sofort\u00a0 sofort wie vollst\u00e4ndig diese in DEKAs Bariatric verarbeitet sind.<\/p>\n<table>\n<tbody>\n<tr>\n<td><strong>Zutat<\/strong><\/td>\n<td><strong><em>DEKAs Bariatric<\/em> <br \/>\n<\/strong><\/td>\n<td><strong>Minimum empfohlen<\/strong><\/td>\n<\/tr>\n<tr>\n<td>Vitamin D3<\/td>\n<td><em>3.000 IU<\/em><\/td>\n<td>3.000 IU<\/td>\n<\/tr>\n<tr>\n<td>Vitamin E<\/td>\n<td><em>75 IU<\/em><\/td>\n<td>22,5 IU<\/td>\n<\/tr>\n<tr>\n<td>Vitamin K1<\/td>\n<td><em>500 mcg<\/em><\/td>\n<td>90 mcg<\/td>\n<\/tr>\n<tr>\n<td>Vitamin A<\/td>\n<td><em>5.000 IU<\/em><\/td>\n<td>5.000 IU<\/td>\n<\/tr>\n<tr>\n<td>Vitamin B1<\/td>\n<td><em>12,5 mg<\/em><\/td>\n<td>12 mg<\/td>\n<\/tr>\n<tr>\n<td>Vitamin B12<\/td>\n<td><em>500 mcg<\/em><\/td>\n<td>350 mcg<\/td>\n<\/tr>\n<tr>\n<td>Fols\u00e4ure<\/td>\n<td><em>400 mcg<\/em><\/td>\n<td>400 mcg<\/td>\n<\/tr>\n<tr>\n<td>Eisen<\/td>\n<td><em>45 mg<\/em><\/td>\n<td>18 mg<\/td>\n<\/tr>\n<tr>\n<td>Zink<\/td>\n<td><em>11 mg<\/em><\/td>\n<td>8 mg<\/td>\n<\/tr>\n<tr>\n<td>Kupfer<\/td>\n<td><em>2 mg<\/em><\/td>\n<td>1 mg<\/td>\n<\/tr>\n<\/tbody>\n<\/table>\n\t\n\n<em>Calcium sollte nicht zusammen mit Eisen eingenommen werden und ist daher nicht enthalten.<\/em>\n\t<h3>Einfach, g\u00fcnstig und lecker<\/h3>\n\n<ul>\n<li>Eine Tablette pro Tag ist einfach.<\/li>\n<li>F\u00fcr alle Arten bariatrischer Eingriffe: H\u00fclsengastrektomie, Magenbypass, BPD \/ DS-Verfahren usw.<\/li>\n<li>Erschwinglich ab 0,45 \u20ac pro Tag<\/li>\n<li>Ein angenehmer Orangen-Pfirsich-Geschmack<\/li>\n<\/ul>\n\t\t\t\t<a href=\"http:\/\/dekasvitamins.vandalencommunicatie.com\/product\/dekas-bariatric-chewable-tablets\/\" target=\"_self\" itemprop=\"url\" rel=\"noopener\">\n\t\t\t\t<img decoding=\"async\" src=\"http:\/\/dekasvitamins.vandalencommunicatie.com\/wp-content\/uploads\/2020\/03\/DEKAsBariatric-1-1024x900.png\" alt=\"DEKAsBariatric\" itemprop=\"image\" title=\"DEKAsBariatric\" onerror=\"this.style.display='none'\"  \/>\n\t\t\t\t<\/a>\n\t<h2>[maxbutton id=&#8220;11&#8243;]<br \/>\n<a href=\"http:\/\/dekasvitamins.vandalencommunicatie.com\/de\/produkt\/dekas-bariatric\/\"><del>\u20ac 39,95<\/del> \u20ac 26,95<\/a><\/h2>\n<h3>ab 0,45 \u20ac pro Tag<\/h3>\n\t<h2><strong>Einfach, vollst\u00e4ndig und klinisch getestet <\/strong> bei Johns Hopkins<\/h2>\n\t<h3>Klinisch getestet bei Johns Hopkins<\/h3>\n<p><img loading=\"lazy\" decoding=\"async\" src=\"http:\/\/dekasvitamins.vandalencommunicatie.com\/wp-content\/uploads\/2020\/08\/clinically-tested-DU.png\" alt=\"\" width=\"200\" height=\"90\" \/>DEKAs All-in-One-Tablets wurden von Fachleuten entwickelt, die Ihre Situation verstehen. DEKAs wurde klinisch in Johns Hopkins, Baltimore (USA) getestet.<\/p>\n<ul>\n<li>In der EU registriert als &#8218;Lebensmittel fur besondere medizinische Zwecke (bilanzierte Diat)&#8216;.<\/li>\n<li>DEKAs Bariatric nur unter Aufsicht von ihrem Arzt oder Ern\u00e4hrungsberater verwenden.<\/li>\n<\/ul>\n\t<h2>Klinisch erprobte Vitamine-abgabe<\/h2>\n\n\t<h3>Einfach und bezahlbar<\/h3>\n<p>DEKAs Bariatric bietet eine einfachere L\u00f6sung als die meisten Mitbewerber. Nur ein Produkt f\u00fcr alle Arten bariatrischer Eingriffe.<\/p>\n<p>In der EU (einschlie\u00dflich der Schweiz und Gro\u00dfbritannien) gew\u00e4hren wir 10% Rabatt bei Bestellung von 5 Packungen oder mehr. Das entspricht nur 0,45 \u20ac pro Tag.<\/p>\n<ul>\n<li>M\u00f6chten Sie zuerst DEKAs Bariatric kosten?<\/li>\n<\/ul>\n\t<h2>Probieren Sie Es aus<\/h2>\n<h5><img loading=\"lazy\" decoding=\"async\" src=\"http:\/\/dekasvitamins.vandalencommunicatie.com\/wp-content\/uploads\/2020\/03\/DEKAsBariatric-1-e1586428536268-300x300.png\" alt=\"\" width=\"101\" height=\"101\" \/><a href=\"http:\/\/dekasvitamins.vandalencommunicatie.com\/de\/bariatrische-probe\/\" target=\"_blank\" rel=\"noopener noreferrer\">Bestellen Sie hier eine kostenlose probe von DEKAs Bariatric \u00bb<\/a><\/h5>\n\t<h3>Was unsere Benutzer sagen<\/h3>\n\n\n\n\n\n\n\n\n\n\n\n\n\n\t<h2>Schlie\u00dfen Sie sich einer wachsenden Gruppe zufriedener Benutzer an<\/h2>\n\t<h3>Wir m\u00f6chten medizinische Vitamine weitfl\u00e4chig den Menschen bereitstellen, die sie wirklich ben\u00f6tigen. Wir m\u00f6chten auch Patienten die t\u00e4gliche Einnahme Ihrer Vitamine erleichtern.<\/h3>\n\t<h2>Profis, die Ihre Situation verstehen<\/h2>\n\t\t\t\t<img loading=\"lazy\" decoding=\"async\" src=\"http:\/\/dekasvitamins.vandalencommunicatie.com\/wp-content\/uploads\/2018\/01\/14bewerkt-e1573572063212.jpg\" alt=\"dekas vitamins Roberto Jongejan\" itemprop=\"image\" height=\"400\" width=\"267\" title=\"dekas vitamins Roberto Jongejan\" onerror=\"this.style.display='none'\"  \/>\n<strong>Roberto Jongejan<br \/>\n<\/strong>MD, PhD\n<p>Europa<\/p>\n\t\t\t\t<img loading=\"lazy\" decoding=\"async\" src=\"http:\/\/dekasvitamins.vandalencommunicatie.com\/wp-content\/uploads\/2020\/03\/Simon-Deck-uitsnede-1.jpg\" alt=\"Simon Deck uitsnede\" itemprop=\"image\" height=\"522\" width=\"348\" title=\"Simon Deck uitsnede\" onerror=\"this.style.display='none'\"  \/>\n<strong>Simon Deck<br \/>\n\u00a0<br \/>\n<\/strong>\n<p>Grossbrittanien<\/p>\n\t\t\t\t<img loading=\"lazy\" decoding=\"async\" src=\"http:\/\/dekasvitamins.vandalencommunicatie.com\/wp-content\/uploads\/2018\/01\/MD-9587-e1573572034454.jpg\" alt=\"dekas vitamins Dirk Krause\" itemprop=\"image\" height=\"400\" width=\"266\" title=\"dekas vitamins Dirk Krause\" onerror=\"this.style.display='none'\"  \/>\n<strong>Dirk Krause<\/strong><br \/>\nMD, PharmD\n<p>Deutschland und \u00d6sterreich<\/p>\n\t\t\t\t<img loading=\"lazy\" decoding=\"async\" src=\"http:\/\/dekasvitamins.vandalencommunicatie.com\/wp-content\/uploads\/2019\/01\/Untitled-1-e1573569573352.png\" alt=\"dekas vitamins full logo\" itemprop=\"image\" height=\"171\" width=\"1003\" title=\"dekas vitamins full logo\" onerror=\"this.style.display='none'\"  \/>\n\n","protected":false},"excerpt":{"rendered":"<div class=\"entry-summary\">\n<div class=\"entry-summary\">\nWelche Vitamine nach Magenbypass? Nach einer Magenbypass Operation ben\u00f6tigen Sie zus\u00e4tzliche Vitamine und Mineralien. Welche und wie? Ihr K\u00f6rper braucht eine gesunde Tagesdosis verschiedener Vitamine und Mineralstoffe. Nach einer Magenbypass-Operation ist die F\u00e4higkeit Ihres Magens, diese aus Ihrer Nahrung aufzunehmen,&hellip;\n<\/div>\n<div class=\"link-more\"><a href=\"https:\/\/dekasvitamins.com\/de\/dekas-vitamine\/welche-vitamine-nach-magenbypass\/\" class=\"more-link\"><span class=\"screen-reader-text\"> &ldquo;Welche vitamine nach Magenbypass?&rdquo;<\/span> weiterlesen\u00a0&hellip;<\/a><\/div>\n<\/div>\n<div class=\"link-more\"><a href=\"https:\/\/dekasvitamins.com\/de\/dekas-vitamine\/welche-vitamine-nach-magenbypass\/\" class=\"more-link\"><span class=\"screen-reader-text\"> &ldquo;Welche vitamine nach Magenbypass?&rdquo;<\/span> weiterlesen\u00a0&hellip;<\/a><\/div>\n","protected":false},"author":1545,"featured_media":0,"parent":6934,"menu_order":0,"comment_status":"closed","ping_status":"closed","template":"templates\/blank.php","meta":{"footnotes":""},"class_list":["post-12938","page","type-page","status-publish","hentry","entry"],"_links":{"self":[{"href":"https:\/\/dekasvitamins.com\/de\/wp-json\/wp\/v2\/pages\/12938","targetHints":{"allow":["GET"]}}],"collection":[{"href":"https:\/\/dekasvitamins.com\/de\/wp-json\/wp\/v2\/pages"}],"about":[{"href":"https:\/\/dekasvitamins.com\/de\/wp-json\/wp\/v2\/types\/page"}],"author":[{"embeddable":true,"href":"https:\/\/dekasvitamins.com\/de\/wp-json\/wp\/v2\/users\/1545"}],"replies":[{"embeddable":true,"href":"https:\/\/dekasvitamins.com\/de\/wp-json\/wp\/v2\/comments?post=12938"}],"version-history":[{"count":8,"href":"https:\/\/dekasvitamins.com\/de\/wp-json\/wp\/v2\/pages\/12938\/revisions"}],"predecessor-version":[{"id":12979,"href":"https:\/\/dekasvitamins.com\/de\/wp-json\/wp\/v2\/pages\/12938\/revisions\/12979"}],"up":[{"embeddable":true,"href":"https:\/\/dekasvitamins.com\/de\/wp-json\/wp\/v2\/pages\/6934"}],"wp:attachment":[{"href":"https:\/\/dekasvitamins.com\/de\/wp-json\/wp\/v2\/media?parent=12938"}],"curies":[{"name":"wp","href":"https:\/\/api.w.org\/{rel}","templated":true}]}}