{"id":12217,"date":"2020-11-26T12:11:53","date_gmt":"2020-11-26T11:11:53","guid":{"rendered":"https:\/\/dekasvitamins.com\/dekas-vitamine\/dekas-bariatric-125\/"},"modified":"2021-08-30T17:53:40","modified_gmt":"2021-08-30T15:53:40","slug":"dekas-bariatric-125","status":"publish","type":"page","link":"https:\/\/dekasvitamins.com\/de\/dekas-vitamine\/dekas-bariatric-125\/","title":{"rendered":"DEKAs Bariatric 125"},"content":{"rendered":"\n\n\t\t\t\t<a href=\"http:\/\/dekasvitamins.vandalencommunicatie.com\/de\/dekas-vitamine\/dekas-adipositas\/\" target=\"_self\" rel=\"nofollow noopener\" itemprop=\"url\">\n\t\t\t\t<img loading=\"lazy\" decoding=\"async\" src=\"http:\/\/dekasvitamins.vandalencommunicatie.com\/wp-content\/uploads\/2019\/01\/Untitled-1-e1573569573352.png\" alt=\"dekas vitamins full logo\" itemprop=\"image\" height=\"171\" width=\"1003\" title=\"dekas vitamins full logo\" onerror=\"this.style.display='none'\"  \/>\n\t\t\t\t<\/a>\n\t<h2><strong>DEKAs Bariatric All-in-One medizinische Multivitamine<\/strong><\/h2>\n\t<h2>Nach einer bariatrischen Operation ben\u00f6tigen Sie zus\u00e4tzliche Vitamine und Mineralien. <strong>DEKAs Bariatric liefert<\/strong> sie in nur eine Tablette pro Tag.<\/h2>\n\t<h2><strong>Einfach, vollst\u00e4ndig und klinisch getestet <\/strong> bei Johns Hopkins<\/h2>\n\t<h2><strong>W\u00e4hlen Sie Ihr bestes Angebot<\/strong><\/h2>\n\t\t\t\t<a href=\"http:\/\/dekasvitamins.vandalencommunicatie.com\/?add-to-cart=3991\" target=\"_self\" itemprop=\"url\" rel=\"noopener\">\n\t\t\t\t<img loading=\"lazy\" decoding=\"async\" src=\"http:\/\/dekasvitamins.vandalencommunicatie.com\/wp-content\/uploads\/2020\/03\/DEKAs-Bariatric2020groen-e1586429002680.png\" alt=\"DEKAs Bariatric2020groen\" itemprop=\"image\" height=\"600\" width=\"600\" title=\"DEKAs Bariatric2020groen\" onerror=\"this.style.display='none'\"  \/>\n\t\t\t\t<\/a>\n\t<h4><em>beinhaltet<br \/>\nVersand <br \/>\nund 19% MwSt<\/em><\/h4>\n<h2><a href=\"http:\/\/dekasvitamins.vandalencommunicatie.com\/?add-to-cart=3991\"><del>\u20ac 51,71<\/del> \u20ac 36,24<\/a><\/h2>\n\t<h5><a href=\"http:\/\/dekasvitamins.vandalencommunicatie.com\/?add-to-cart=3991\" rel=\"noopener\">1 kaufen<br \/>\n\u20ac 15,47 sparen<\/a><\/h5>\n\t\t\t\t<a href=\"http:\/\/dekasvitamins.vandalencommunicatie.com\/?add-to-cart=3991&#038;quantity=2\" target=\"_self\" itemprop=\"url\" rel=\"noopener\">\n\t\t\t\t<img loading=\"lazy\" decoding=\"async\" src=\"http:\/\/dekasvitamins.vandalencommunicatie.com\/wp-content\/uploads\/2020\/11\/DEKAs-Bariatric-2-1-e1606387329439.png\" alt=\"DEKAs Bariatric 2\" itemprop=\"image\" height=\"612\" width=\"612\" title=\"DEKAs Bariatric 2\" onerror=\"this.style.display='none'\"  \/>\n\t\t\t\t<\/a>\n\t<h4><em>beinhaltet<br \/>\nkostenlosen Versand<br \/>\n<\/em><em>und 19% MwSt<\/em><\/h4>\n<h2><a href=\"http:\/\/dekasvitamins.vandalencommunicatie.com\/?add-to-cart=3991&amp;quantity=2\"><del>\u20ac 95,08<\/del> \u20ac 64,14<\/a><\/h2>\n\t<h5><a href=\"http:\/\/dekasvitamins.vandalencommunicatie.com\/?add-to-cart=3991&amp;quantity=2\" rel=\"noopener\">2 kaufen<br \/>\n\u20ac 30,94 sparen<\/a><\/h5>\n\t\t\t\t<a href=\"http:\/\/dekasvitamins.vandalencommunicatie.com\/?add-to-cart=3991&#038;quantity=5\" target=\"_self\" itemprop=\"url\" rel=\"noopener\">\n\t\t\t\t<img loading=\"lazy\" decoding=\"async\" src=\"http:\/\/dekasvitamins.vandalencommunicatie.com\/wp-content\/uploads\/2020\/11\/DEKAs-Bariatric-5-1-e1606387353474.png\" alt=\"DEKAs Bariatric 5\" itemprop=\"image\" height=\"611\" width=\"612\" title=\"DEKAs Bariatric 5\" onerror=\"this.style.display='none'\"  \/>\n\t\t\t\t<\/a>\n\t<h4><em>beinhaltet<br \/>\nzus\u00e4tzliche 10% Rabatt<br \/>\nkostenloser Versand und 19% MwSt<\/em><\/h4>\n<h2><a href=\"http:\/\/dekasvitamins.vandalencommunicatie.com\/?add-to-cart=3991&amp;quantity=5\"><del>\u20ac 237,70<\/del> \u20ac 144,32<\/a><\/h2>\n\t<h5><a href=\"http:\/\/dekasvitamins.vandalencommunicatie.com\/?add-to-cart=3991&amp;quantity=5\" rel=\"noopener\">5 kaufen<br \/>\n\u20ac 93,39 sparen<\/a><\/h5>\n\t<h3>Klinisch getestet bei Johns Hopkins<\/h3>\n<p><img loading=\"lazy\" decoding=\"async\" src=\"http:\/\/dekasvitamins.vandalencommunicatie.com\/wp-content\/uploads\/2020\/08\/clinically-tested-DU.png\" alt=\"\" width=\"200\" height=\"90\" \/>DEKAs All-in-One-Tablets wurden von Fachleuten entwickelt, die Ihre Situation verstehen. DEKAs wurde klinisch in Johns Hopkins, Baltimore (USA) getestet.<\/p>\n<ul>\n<li>In der EU registriert als &#8218;Lebensmittel fur besondere medizinische Zwecke (bilanzierte Diat)&#8216;.<\/li>\n<li>DEKAs Bariatric nur unter Aufsicht von ihrem Arzt oder Ern\u00e4hrungsberater verwenden.<\/li>\n<\/ul>\n\t<iframe loading=\"lazy\" width=\"560\" height=\"315\" src=\"https:\/\/www.youtube.com\/embed\/EnO-B7ZN3ws\" frameborder=\"0\" allow=\"accelerometer; autoplay; clipboard-write; encrypted-media; gyroscope; picture-in-picture\" allowfullscreen><\/iframe>\n<h2>Klinisch erprobte Vitamine-abgabe<\/h2>\n\n\t<h3>Einfach, g\u00fcnstig und lecker<\/h3>\n<ul>\n<li>Eine Tablette pro Tag ist einfach.<\/li>\n<li>F\u00fcr alle Arten bariatrischer Eingriffe: H\u00fclsengastrektomie, Magenbypass, BPD \/ DS-Verfahren usw.<\/li>\n<li>Erschwinglich ab 0,45 \u20ac pro Tag<\/li>\n<li>Ein angenehmer Orangen-Pfirsich-Geschmack<\/li>\n<\/ul>\n\t<h2>Befolgen Sie einfach Ihre Di\u00e4t<\/h2>\n\t\n\n\n\n\n\n\n\t<h3>Komplett<\/h3>\n<p>Die Mikron\u00e4hrstoffkonzentration in DEKAs Bariatric Tabletten erf\u00fcllt die Anforderungen der Leitlinien der American Society for Metabolic and Bariatric Surgery, der European Association for the Study of Adipositas und der British Obesity &amp; Metabolic Surgery Society f\u00fcr verschiedene Arten von bariatrischer Eingriffe.<\/p>\n\n\t<h2>Erf\u00fcllt die ASMBS-, EASO- und BOMSS-Richtlinien<\/h2>\n\t\n\n\n\n\t<h3>Einfach und bezahlbar<\/h3>\n<p>DEKAs Bariatric bietet eine einfachere L\u00f6sung als die meisten Mitbewerber. Nur ein Produkt f\u00fcr alle Arten bariatrischer Eingriffe.<\/p>\n<p>In der EU (einschlie\u00dflich der Schweiz und Gro\u00dfbritannien) gew\u00e4hren wir 10% Rabatt bei Bestellung von 5 Packungen oder mehr. Das entspricht nur 0,45 \u20ac pro Tag.<\/p>\n\t<h5><a href=\"#order 1 2 or 5\" rel=\"noopener\">jetzt bestellen \u00bb<\/a><\/h5>\n\t<h3><a id=\"ingredients\"><\/a>Die Vitamine und Mineralien, die Sie ben\u00f6tigen<\/h3>\n<p>Die ASMBS-Richtlinien empfehlen t\u00e4gliche Mindestdosen der folgenden Vitamine und Mineralien nach einem bariatrischen Eingriff. DEKAs bietet diese Dosen und manchmal mehr.<\/p>\n<table>\n<tbody>\n<tr>\n<td><strong>Zutat<\/strong><\/td>\n<td><strong>DEKAs Bariatric <br \/>\n<\/strong><\/td>\n<td><strong>Minimum empfohlen<\/strong><\/td>\n<\/tr>\n<tr>\n<td>Vitamin D3<\/td>\n<td>3.000 IU<\/td>\n<td>3.000 IU<\/td>\n<\/tr>\n<tr>\n<td>Vitamin E<\/td>\n<td>75 IU<\/td>\n<td>22,5 IU<\/td>\n<\/tr>\n<tr>\n<td>Vitamin K1<\/td>\n<td>500 mcg<\/td>\n<td>90 mcg<\/td>\n<\/tr>\n<tr>\n<td>Vitamin A<\/td>\n<td>5.000 IU<\/td>\n<td>5.000 IU<\/td>\n<\/tr>\n<tr>\n<td>Vitamin B1<\/td>\n<td>12,5 mg<\/td>\n<td>12 mg<\/td>\n<\/tr>\n<tr>\n<td>Vitamin B12<\/td>\n<td>500 mcg<\/td>\n<td>350 mcg<\/td>\n<\/tr>\n<tr>\n<td>Fols\u00e4ure<\/td>\n<td>400 mcg<\/td>\n<td>400 mcg<\/td>\n<\/tr>\n<tr>\n<td>Eisen<\/td>\n<td>45 mg<\/td>\n<td>18 mg<\/td>\n<\/tr>\n<tr>\n<td>Zink<\/td>\n<td>11 mg<\/td>\n<td>8 mg<\/td>\n<\/tr>\n<tr>\n<td>Kupfer<\/td>\n<td>2 mg<\/td>\n<td>1 mg<\/td>\n<\/tr>\n<\/tbody>\n<\/table>\n\n\n\t<h2><a href=\"http:\/\/dekasvitamins.vandalencommunicatie.com\/wp-content\/uploads\/2020\/07\/DEKAs-brochure-Dr-BAR_ALL-LANGUAGE_turnpage.pdf\">Alles was es braucht ist ein ausgezeichnetes Produkt<\/a><\/h2>\n\t\t\t\t<a href=\"http:\/\/dekasvitamins.vandalencommunicatie.com\/de\/produkt\/dekas-bariatric\/\" target=\"_self\" itemprop=\"url\" rel=\"noopener\">\n\t\t\t\t<img loading=\"lazy\" decoding=\"async\" src=\"http:\/\/dekasvitamins.vandalencommunicatie.com\/wp-content\/uploads\/2020\/03\/DEKAsBariatric-1-e1586428536268-300x300.png\" alt=\"DEKAsBariatric\" itemprop=\"image\" height=\"300\" width=\"300\" title=\"DEKAsBariatric\" onerror=\"this.style.display='none'\"  \/>\n\t\t\t\t<\/a>\n\t<h3>Wir m\u00f6chten medizinische Vitamine weitfl\u00e4chig den Menschen bereitstellen, die sie wirklich ben\u00f6tigen. Wir m\u00f6chten auch Patienten die t\u00e4gliche Einnahme Ihrer Vitamine erleichtern.<\/h3>\n\t<h2>Profis, die Ihre Situation verstehen<\/h2>\n\t\t\t\t<img loading=\"lazy\" decoding=\"async\" src=\"http:\/\/dekasvitamins.vandalencommunicatie.com\/wp-content\/uploads\/2018\/01\/14bewerkt-e1573572063212.jpg\" alt=\"dekas vitamins Roberto Jongejan\" itemprop=\"image\" height=\"400\" width=\"267\" title=\"dekas vitamins Roberto Jongejan\" onerror=\"this.style.display='none'\"  \/>\n<strong>Roberto Jongejan<br \/>\n<\/strong>MD, PhD\n<p>Europa<\/p>\n\t\t\t\t<img loading=\"lazy\" decoding=\"async\" src=\"http:\/\/dekasvitamins.vandalencommunicatie.com\/wp-content\/uploads\/2020\/03\/Simon-Deck-uitsnede-1.jpg\" alt=\"Simon Deck uitsnede\" itemprop=\"image\" height=\"522\" width=\"348\" title=\"Simon Deck uitsnede\" onerror=\"this.style.display='none'\"  \/>\n<strong>Simon Deck<br \/>\n\u00a0<br \/>\n<\/strong>\n<p>Grossbrittanien<\/p>\n\t\t\t\t<img loading=\"lazy\" decoding=\"async\" src=\"http:\/\/dekasvitamins.vandalencommunicatie.com\/wp-content\/uploads\/2018\/01\/MD-9587-e1573572034454.jpg\" alt=\"dekas vitamins Dirk Krause\" itemprop=\"image\" height=\"400\" width=\"266\" title=\"dekas vitamins Dirk Krause\" onerror=\"this.style.display='none'\"  \/>\n<strong>Dirk Krause<\/strong><br \/>\nMD, PharmD\n<p>Deutschland und \u00d6sterreich<\/p>\n\t\t\t\t<img loading=\"lazy\" decoding=\"async\" src=\"http:\/\/dekasvitamins.vandalencommunicatie.com\/wp-content\/uploads\/2019\/01\/Untitled-1-e1573569573352.png\" alt=\"dekas vitamins full logo\" itemprop=\"image\" height=\"171\" width=\"1003\" title=\"dekas vitamins full logo\" onerror=\"this.style.display='none'\"  \/>\n\n","protected":false},"excerpt":{"rendered":"<div class=\"entry-summary\">\n<div class=\"entry-summary\">\nDEKAs Bariatric All-in-One medizinische Multivitamine Nach einer bariatrischen Operation ben\u00f6tigen Sie zus\u00e4tzliche Vitamine und Mineralien. DEKAs Bariatric liefert sie in nur eine Tablette pro Tag. Einfach, vollst\u00e4ndig und klinisch getestet bei Johns Hopkins W\u00e4hlen Sie Ihr bestes Angebot beinhaltet Versand&hellip;\n<\/div>\n<div class=\"link-more\"><a href=\"https:\/\/dekasvitamins.com\/de\/dekas-vitamine\/dekas-bariatric-125\/\" class=\"more-link\"><span class=\"screen-reader-text\"> &ldquo;DEKAs Bariatric 125&rdquo;<\/span> weiterlesen\u00a0&hellip;<\/a><\/div>\n<\/div>\n<div class=\"link-more\"><a href=\"https:\/\/dekasvitamins.com\/de\/dekas-vitamine\/dekas-bariatric-125\/\" class=\"more-link\"><span class=\"screen-reader-text\"> &ldquo;DEKAs Bariatric 125&rdquo;<\/span> weiterlesen\u00a0&hellip;<\/a><\/div>\n","protected":false},"author":1545,"featured_media":0,"parent":6934,"menu_order":0,"comment_status":"closed","ping_status":"closed","template":"templates\/blank.php","meta":{"footnotes":""},"class_list":["post-12217","page","type-page","status-publish","hentry","entry"],"_links":{"self":[{"href":"https:\/\/dekasvitamins.com\/de\/wp-json\/wp\/v2\/pages\/12217","targetHints":{"allow":["GET"]}}],"collection":[{"href":"https:\/\/dekasvitamins.com\/de\/wp-json\/wp\/v2\/pages"}],"about":[{"href":"https:\/\/dekasvitamins.com\/de\/wp-json\/wp\/v2\/types\/page"}],"author":[{"embeddable":true,"href":"https:\/\/dekasvitamins.com\/de\/wp-json\/wp\/v2\/users\/1545"}],"replies":[{"embeddable":true,"href":"https:\/\/dekasvitamins.com\/de\/wp-json\/wp\/v2\/comments?post=12217"}],"version-history":[{"count":11,"href":"https:\/\/dekasvitamins.com\/de\/wp-json\/wp\/v2\/pages\/12217\/revisions"}],"predecessor-version":[{"id":13392,"href":"https:\/\/dekasvitamins.com\/de\/wp-json\/wp\/v2\/pages\/12217\/revisions\/13392"}],"up":[{"embeddable":true,"href":"https:\/\/dekasvitamins.com\/de\/wp-json\/wp\/v2\/pages\/6934"}],"wp:attachment":[{"href":"https:\/\/dekasvitamins.com\/de\/wp-json\/wp\/v2\/media?parent=12217"}],"curies":[{"name":"wp","href":"https:\/\/api.w.org\/{rel}","templated":true}]}}